{"id":45,"date":"2016-11-24T10:18:44","date_gmt":"2016-11-24T12:18:44","guid":{"rendered":"http:\/\/extensao.ifg.edu.br\/properc\/?page_id=45"},"modified":"2017-07-10T11:09:23","modified_gmt":"2017-07-10T14:09:23","slug":"difusao","status":"publish","type":"page","link":"https:\/\/extensao.ifg.edu.br\/properc\/difusao\/","title":{"rendered":"Difus\u00e3o"},"content":{"rendered":"<div class=\"m_-6284801135392036531gmail-m_-6698355082458108084gmail-page\" title=\"Page 20\">\n<div class=\"m_-6284801135392036531gmail-m_-6698355082458108084gmail-layoutArea\">\n<div class=\"m_-6284801135392036531gmail-m_-6698355082458108084gmail-column\">\n<div class=\"m_-6284801135392036531gmail-m_-6698355082458108084gmail-page\" title=\"Page 23\">\n<div class=\"m_-6284801135392036531gmail-m_-6698355082458108084gmail-layoutArea\">\n<div class=\"m_-6284801135392036531gmail-m_-6698355082458108084gmail-column\">\n<p><span style=\"font-family: tahoma, sans-serif\">A seque\u0302ncia de atividades para esse eixo ac\u0327a\u0303o gira em torno pre\u0301-produc\u0327a\u0303o, produc\u0327a\u0303o e po\u0301s produc\u0327a\u0303o de concerto e conversa po\u0301s-concerto.\u00a0Procura-se com esta introduzir o pu\u0301blico a uma discuss\u00e3o em torno dos to\u0301picos: importa\u0302ncia da construc\u0327a\u0303o social de manifestac\u0327o\u0303es arti\u0301sticas e culturais, a mu\u0301sica e a construc\u0327a\u0303o social da po\u0301s-contemporaneidade, a mu\u0301sica contempora\u0302nea e manifestac\u0327o\u0303es arti\u0301sticas atuais, histo\u0301ria da percussa\u0303o, breve ana\u0301lise do reperto\u0301rio escolhido.<\/span><\/p>\n<p><span style=\"font-family: tahoma, sans-serif\">O concerto tem no mi\u0301nimo 1 hora de durac\u0327a\u0303o, com reperto\u0301rio variado e representativo\u00a0das diferentes vertentes da percussa\u0303o contempora\u0302nea e atual. A escolha do reperto\u0301rio \u00e9 pautada na diversidade de compositores, linhas de criac\u0327a\u0303o e instrumentos possi\u0301veis ao percussionista atualmente.\u00a0A discussa\u0303o po\u0301s-concerto procura abrir uma rodada de interrogac\u0327o\u0303es do pu\u0301blico para os integrantes dos grupos, colocando em relevo perguntas e colocac\u0327o\u0303es da plateia e incentivando assim a discussa\u0303o sobre o reperto\u0301rio e sobre a formac\u0327a\u0303o apresentada.\u00a0<\/span><\/p>\n<p><span style=\"font-family: tahoma, sans-serif\">As cidades pelas quais essa ac\u0327a\u0303o passa, e consequentemente cuja populac\u0327a\u0303o do entorno esta\u0301\u00a0em foco, sa\u0303o aquelas que possuem ca\u0302mpus do IFG. \u00a0<\/span><\/p>\n<p><span style=\"font-family: tahoma, sans-serif\">O grupo que apresenta as obras \u00e9 o GruLaPe (ver maiores informa\u00e7\u00f5es abaixo).<\/span><\/p>\n<p><span style=\"font-family: tahoma, sans-serif\">Veja imagens em:\u00a0<a href=\"https:\/\/www.facebook.com\/ProPerc\/media_set?set=a.170930410034917.1073741828.100013538778602&amp;type=3\" target=\"_blank\">https:\/\/www.facebook.com\/ProPerc\/media_set?set=a.170930410034917.1073741828.100013538778602&amp;type=3<\/a><br \/>\n<\/span><\/p>\n<\/div>\n<\/div>\n<\/div>\n<\/div>\n<\/div>\n<\/div>\n<p><b><span style=\"font-family: tahoma, sans-serif\">GruLaPe<\/span><\/b><\/p>\n<p><span style=\"font-family: tahoma, sans-serif\">Criado em 2013, o\u00a0<b>Grupo do Laborat\u00f3rio de Percuss\u00e3o<\/b>\u00a0do IFG (<b>GruLaPe<\/b>) tem como objetivo difundir o repert\u00f3rio dos s\u00e9cs. XX e XXI pr\u00f3prio para grupo de percuss\u00e3o, buscando o aprimoramento art\u00edstico-musical e t\u00e9cnico de seus integrantes. O desenvolvimento art\u00edstico \u00e9 realizado em processo pr\u00e1tico de execu\u00e7\u00e3o, cria\u00e7\u00e3o e experimenta\u00e7\u00e3o do repert\u00f3rio moderno e contempor\u00e2neo. Este repert\u00f3rio, muitas vezes, leva seus integrantes a estrear pe\u00e7as nunca escutadas e a difundir um material que sempre desafia o percussionista e seu p\u00fablico ao novo, ao descobrimento e a uma reflex\u00e3o da arte sobre a vida.<\/span><\/p>\n<p><span style=\"font-family: tahoma, sans-serif\">O grupo \u00e9 ponto de encontro convivial entre os alunos do t\u00e9cnico e da licenciatura, possibilitando a troca de experi\u00eancias e viv\u00eancias e promovendo a verticaliza\u00e7\u00e3o na transfer\u00eancia de conhecimentos. Ele vem ainda oferecer ao p\u00fablico goianiense mais uma possibilidade de contato com a m\u00fasica de vanguarda e de frui\u00e7\u00e3o do repert\u00f3rio contempor\u00e2neo.\u00a0<\/span><\/p>\n<p><span style=\"font-family: tahoma, sans-serif\">Al\u00e9m dos concertos pr\u00f3prios do grupo, este j\u00e1 participou de aberturas, encerramentos, participa\u00e7\u00f5es e apresenta\u00e7\u00f5es art\u00edsticas em eventos como: I Simp\u00f3sio Internacional de Pesquisa Investigativa do IFG,\u00a0Concerto Duo Reynaert\/S\u00e9journ\u00e9,\u00a0Simp\u00f3sio Internacional de Musicologia (UFG), Festival Cozinha Goi\u00e1s, 7\u00ba Semin\u00e1rio Local de Inicia\u00e7\u00e3o Cient\u00edfica (IFG Campus Goi\u00e2nia), II Semana de Licenciatura em Pedagogia (IFG Campus Goi\u00e2nia Oeste), VII Semana da Licenciatura em Matem\u00e1tica (IFG Campus Goi\u00e2nia), Encontro Nacional dos Editores da Rede Federal, VI Semin\u00e1rio de Inicia\u00e7\u00e3o Cient\u00edfica e Tecnol\u00f3gica (IFG Campus Goi\u00e2nia), I Semana do Curso de Letras do IFG, Projeto Quinta Justa, V Semin\u00e1rio de Inicia\u00e7\u00e3o Cient\u00edfica e Tecnol\u00f3gica do IFG (IFG Campus Goi\u00e2nia), I Semana de M\u00fasica do IFG. O GruLaPe tem feito ainda v\u00e1rias apresenta\u00e7\u00f5es nos diferentes\u00a0<i>campi<\/i>\u00a0do IFG atrav\u00e9s do Programa Interinstitucional de Extens\u00e3o em Percuss\u00e3o (PROPERC).<\/span><\/p>\n<p><span style=\"font-family: tahoma, sans-serif\">O GruLape est\u00e1 inserido dentro das atividades do\u00a0<b>N\u00facleo de Excel\u00eancia para a Pesquisa e Performance em Percuss\u00e3o\u00a0<\/b>(<b>N\u039eP\u00b3<\/b>) que\u00a0congrega pesquisadores e colaboradores do IFG, UFG e UFMG. O n\u00facleo procura fomentar a pesquisa musical e sua difus\u00e3o, o ensino, a pr\u00e1tica e a extens\u00e3o no campo da percuss\u00e3o, englobando \u00e1reas da performance, processos criativos, constru\u00e7\u00e3o de novos instrumentos e inova\u00e7\u00e3o tecnol\u00f3gica, lutheria digital e intera\u00e7\u00e3o computacional. Atrav\u00e9s de a\u00e7\u00f5es deste n\u00facleo foi aprovado um Programa de extens\u00e3o com financiamento do Governo Federal via Edital ProExt 2015. Com tal programa in\u00fameros cursos de extens\u00e3o foram criados, v\u00e1rios profissionais t\u00eam visitado as institui\u00e7\u00f5es parceiras (IFG e UFG) e v\u00e1rias a\u00e7\u00f5es art\u00edstico-culturais t\u00eam sido fomentadas. Todas as linhas de a\u00e7\u00e3o tem sido efetivadas dentro do Programa Interinstitucional de Extens\u00e3o em Percuss\u00e3o (PROPERC).\u00a0<\/span><\/p>\n<p><span style=\"font-family: tahoma, sans-serif\">Integrantes:\u00a0<b>L\u00e9ia C\u00e1ssia, Polyana Viana, C\u00e9sar Ribeiro, Dener Oliveira, Jean Gomes, Lucas Andrade, Lucas Davi, Renato Magno &amp; Ricardo de Pina.<\/b><\/span><\/p>\n<p><span style=\"font-family: tahoma, sans-serif\">Dire\u00e7\u00e3o art\u00edstica:\u00a0<b>Prof. M. Ronan Gil\u00a0<\/b>e\u00a0<b>Prof. M. Leonardo Bertolini Labrada<\/b><\/span><\/p>\n<p><span style=\"font-family: tahoma, sans-serif\">Confira mais informa\u00e7\u00f5es nos canais de comunica\u00e7\u00e3o do GruLaPe\u00a0<b>\u00a0<\/b><\/span><\/p>\n<p><span style=\"font-family: tahoma, sans-serif\">Site:\u00a0<a href=\"http:\/\/grulape.wixsite.com\/meusite\" target=\"_blank\"><b>grulape.wixsite.com\/meusite<\/b><\/a>\u00a0<\/span><\/p>\n<p><span style=\"font-family: tahoma, sans-serif\">Facebook:\u00a0<b><a href=\"http:\/\/www.facebook.com\/grulape\" target=\"_blank\">www.facebook.com\/grulape<\/a>\u00a0<\/b><\/span><\/p>\n<p><span style=\"font-family: tahoma, sans-serif\">Youtube:\u00a0<a href=\"https:\/\/www.youtube.com\/channel\/UCKHotWKZ5vp9GlOxWAx5WRA\" target=\"_blank\">https:\/\/www.youtube.com\/channel\/UCKHotWKZ5vp9GlOxWAx5WRA<\/a>\u00a0<\/span><\/p>\n<p>&nbsp;<\/p>\n<p><img loading=\"lazy\" decoding=\"async\" class=\"alignnone size-full wp-image-102\" src=\"http:\/\/extensao.ifg.edu.br\/properc\/wp-content\/uploads\/sites\/3\/2016\/11\/IMG-20170624-WA0017.jpg\" alt=\"IMG-20170624-WA0017\" width=\"1137\" height=\"640\" \/>\u00a0<img loading=\"lazy\" decoding=\"async\" class=\"alignnone size-full wp-image-103\" src=\"http:\/\/extensao.ifg.edu.br\/properc\/wp-content\/uploads\/sites\/3\/2016\/11\/IMG-20170624-WA0020.jpg\" alt=\"IMG-20170624-WA0020\" width=\"1137\" height=\"640\" \/><\/p>\n<p><img loading=\"lazy\" decoding=\"async\" class=\"alignnone size-full wp-image-104\" src=\"http:\/\/extensao.ifg.edu.br\/properc\/wp-content\/uploads\/sites\/3\/2016\/11\/IMG-20170624-WA0012.jpg\" alt=\"IMG-20170624-WA0012\" width=\"720\" height=\"1280\" \/><\/p>\n","protected":false},"excerpt":{"rendered":"<p>A seque\u0302ncia de atividades para esse eixo ac\u0327a\u0303o gira em torno pre\u0301-produc\u0327a\u0303o, produc\u0327a\u0303o e po\u0301s produc\u0327a\u0303o de concerto e conversa po\u0301s-concerto.\u00a0Procura-se com esta introduzir o pu\u0301blico a uma discuss\u00e3o em torno dos to\u0301picos: importa\u0302ncia da construc\u0327a\u0303o social de manifestac\u0327o\u0303es arti\u0301sticas e culturais, a mu\u0301sica e a construc\u0327a\u0303o social da po\u0301s-contemporaneidade, a mu\u0301sica contempora\u0302nea e manifestac\u0327o\u0303es [&hellip;]<\/p>\n","protected":false},"author":11,"featured_media":0,"parent":0,"menu_order":0,"comment_status":"closed","ping_status":"closed","template":"","meta":{"_links_to":"","_links_to_type":0,"footnotes":""},"class_list":["post-45","page","type-page","status-publish","hentry"],"_links":{"self":[{"href":"https:\/\/extensao.ifg.edu.br\/properc\/wp-json\/wp\/v2\/pages\/45"}],"collection":[{"href":"https:\/\/extensao.ifg.edu.br\/properc\/wp-json\/wp\/v2\/pages"}],"about":[{"href":"https:\/\/extensao.ifg.edu.br\/properc\/wp-json\/wp\/v2\/types\/page"}],"author":[{"embeddable":true,"href":"https:\/\/extensao.ifg.edu.br\/properc\/wp-json\/wp\/v2\/users\/11"}],"replies":[{"embeddable":true,"href":"https:\/\/extensao.ifg.edu.br\/properc\/wp-json\/wp\/v2\/comments?post=45"}],"version-history":[{"count":4,"href":"https:\/\/extensao.ifg.edu.br\/properc\/wp-json\/wp\/v2\/pages\/45\/revisions"}],"predecessor-version":[{"id":106,"href":"https:\/\/extensao.ifg.edu.br\/properc\/wp-json\/wp\/v2\/pages\/45\/revisions\/106"}],"wp:attachment":[{"href":"https:\/\/extensao.ifg.edu.br\/properc\/wp-json\/wp\/v2\/media?parent=45"}],"curies":[{"name":"wp","href":"https:\/\/api.w.org\/{rel}","templated":true}]}}