{"id":43,"date":"2016-11-24T10:18:31","date_gmt":"2016-11-24T12:18:31","guid":{"rendered":"http:\/\/extensao.ifg.edu.br\/properc\/?page_id=43"},"modified":"2017-07-18T09:04:59","modified_gmt":"2017-07-18T12:04:59","slug":"cursos","status":"publish","type":"page","link":"https:\/\/extensao.ifg.edu.br\/properc\/cursos\/","title":{"rendered":"Cursos"},"content":{"rendered":"<p><b><span style=\"font-family: tahoma, sans-serif\">CURSOS DE EXTENS\u00c3O<\/span><\/b><\/p>\n<p><span style=\"font-family: tahoma, sans-serif\">Os cursos de extens\u00e3o em m\u00fasica oferecidos pelo\u00a0IFG\/C\u00e2mpus Goi\u00e2nia est\u00e3o previstos no Programa Interinstitucional de Extens\u00e3o em Percuss\u00e3o (PROPERC). Eles s\u00e3o\u00a0<span style=\"color: #172938\">divididos em tr\u00eas tipos de curso com seis turmas ao todo e 100 vagas ofertadas para iniciar o estudo musical ou ampliar conhecimentos pr\u00e9vios e preparar um p\u00fablico das mais diversas faixas et\u00e1rias ao ingresso em n\u00edveis t\u00e9cnicos ou de gradua\u00e7\u00e3o em M\u00fasica. Todos os<\/span>\u00a0cursos s\u00e3o respaldados por um corpo docente de coordenadores e orientadores com especializa\u00e7\u00e3o e mestrado na \u00e1rea, al\u00e9m de monitores em forma\u00e7\u00e3o a n\u00edvel de gradua\u00e7\u00e3o (curso espec\u00edfico de Licenciatura em M\u00fasica).<\/span><\/p>\n<p>&nbsp;<\/p>\n<p><strong>TEMPO DE M\u00daSICA<\/strong><\/p>\n<p><span style=\"font-family: tahoma, sans-serif\">O curso de extens\u00e3o\u00a0<b>Tempo de M\u00fasica: Descobrindo e Percebendo a Escrita Musical<\/b>\u00a0tem por objetivo estimular em jovens e adultos (ingresso poss\u00edvel a partir de 16 anos) o interesse em arte e cultura e o estudo de princ\u00edpios b\u00e1sicos do conhecimento musical aplicado \u00e0 escrita, solfejo e percep\u00e7\u00e3o. O curso procura possibilitar a compreens\u00e3o dos fen\u00f4menos art\u00edstico-musicais e estimular a elabora\u00e7\u00e3o de processos cognitivos e sensoriais ligados \u00e0 m\u00fasica. Al\u00e9m de incentivar o interesse e iniciar do n\u00edvel mais b\u00e1sico, este procura capacitar os interessados para uma poss\u00edvel continuidade nos estudos musicais em n\u00edveis mais complexos.\u00a0<\/span><\/p>\n<p><span style=\"font-family: tahoma, sans-serif\">No curso, os participantes t\u00eam aulas de solfejo e percep\u00e7\u00e3o essencialmente e, atrav\u00e9s de abordagens te\u00f3ricas, conhecem um panorama de instrumentos, de forma\u00e7\u00f5es musicais, estilos e maneiras de se estudar m\u00fasica, visando o desenvolvimento da sensibilidade art\u00edstica e est\u00e9tica. Os conte\u00fados abordados s\u00e3o: introdu\u00e7\u00e3o \u00e0 leitura em clave de f\u00e1 e clave de sol (leitura m\u00e9trica e leitura de alturas);\u00a0leitura r\u00edtmica em diferentes tipos de compasso;\u00a0f\u00f3rmula de compasso, sensibiliza\u00e7\u00e3o inicial aos par\u00e2metros musicais (alturas, dura\u00e7\u00f5es, intensidades, timbre e espa\u00e7o);\u00a0escrita musical e suas possibilidades (escrita gr\u00e1fica, partitura textual e outras);\u00a0introdu\u00e7\u00e3o aos intervalos;\u00a0armadura de clave;\u00a0ciclo das quintas;\u00a0introdu\u00e7\u00e3o aos acordes de tr\u00eas sons;\u00a0clave de f\u00e1, sol e d\u00f3;\u00a0compassos simples e composto;\u00a0intervalo simples, graus conjuntos e disjuntos;\u00a0escalas;\u00a0acordes de tr\u00eas sons;\u00a0ponto de aumento;\u00a0qui\u00e1lteras;\u00a0contratempo;\u00a0articula\u00e7\u00e3o;\u00a0sinais de repeti\u00e7\u00e3o;\u00a0din\u00e2mica;\u00a0sinais de altera\u00e7\u00e3o, notas enarm\u00f4nicas;\u00a0escalas maiores e menores.\u00a0<\/span><\/p>\n<p><span style=\"font-family: tahoma, sans-serif\">O curso j\u00e1 contou com 4 turmas de 20 vagas cada, atualmente conta com 3 turmas de 20 vagas cada e com n\u00edvel iniciante, m\u00e9dio e m\u00e9dio avan\u00e7ado.<\/span><\/p>\n<div>\n<p><span style=\"font-family: tahoma, sans-serif\">Coordenador do Curso: Prof. M.\u00a0<i>Roberto Wagner Milet<\/i><br \/>\n<\/span><\/p>\n<\/div>\n<div>\n<p><span style=\"color: #000000;font-family: tahoma, sans-serif\">Monitor:\u00a0<i>Renato Magno do Esp\u00edrito Santo<\/i><\/span><\/p>\n<p><span style=\"font-family: tahoma, sans-serif\"><span style=\"color: #000000\">Veja imagens em:\u00a0<\/span><a href=\"https:\/\/www.facebook.com\/ProPerc\/media_set?set=a.170929410035017.1073741826.100013538778602&amp;type=3\" target=\"_blank\">https:\/\/www.facebook.com\/ProPerc\/media_set?set=a.170929410035017.1073741826.100013538778602&amp;type=3<\/a><\/span><\/p>\n<\/div>\n<p>&nbsp;<\/p>\n<p><strong>INICIA\u00c7\u00c3O EM PERCUSS\u00c3O<\/strong><\/p>\n<p><span style=\"font-family: tahoma, sans-serif\">O curso de\u00a0<b>Inicia\u00e7\u00e3o em Percuss\u00e3o<\/b>\u00a0foi criado dentro do PROPERC e procura estimular a pr\u00e1tica, o estudo e a cria\u00e7\u00e3o em percuss\u00e3o para alunos de 8 a 14 anos. O curso \u00e9 pensado relacionando-se a percuss\u00e3o e a cria\u00e7\u00e3o musical em claro di\u00e1logo com outras formas de express\u00e3o art\u00edstica (artes visuais, v\u00eddeo arte, literatura e v\u00eddeo game arte). Esse di\u00e1logo \u00e9 fruto de um curso com in\u00fameras pr\u00e1ticas criativas e interpretativas e mostra a versatilidade do di\u00e1logo entre m\u00fasica, novas tecnologias, artes visuais, improvisa\u00e7\u00e3o, composi\u00e7\u00e3o, literatura, amizade, empenho e dedica\u00e7\u00e3o na forma\u00e7\u00e3o de novos m\u00fasicos\/artistas.\u00a0Ele visa estimular o interesse e o estudo em percuss\u00e3o, mostrando um panorama de instrumentos percussivos com suas t\u00e9cnicas espec\u00edficas e particulares (caixa clara, tri\u00e2ngulo, marimba, pandeiro, bumbo, xilofone, entre in\u00fameros outros) e desenvolver atividades pr\u00e1ticas com eles. Al\u00e9m disso, busca-se capacitar os participantes para a poss\u00edvel continuidade dos estudos em percuss\u00e3o em n\u00edvel intermedi\u00e1rio posteriormente.\u00a0<i><span style=\"color: #000000\">\u00a0<\/span><\/i><\/span><\/p>\n<p><span style=\"font-family: tahoma, sans-serif\">O curso se baseia na integra\u00e7\u00e3o com outras artes e tamb\u00e9m com processos tecnol\u00f3gicos e artes\u00a0digitais (v\u00eddeo game arte, entre outras), sendo\u00a0dinamizado pelo emprego de novas tecnologias (fator ainda de amplo interesse e atratividade para o p\u00fablico jovem).\u00a0Bem fundamentada e pautada em uma s\u00f3lida abordagem pedag\u00f3gica esta proposta tem se tornado uma ferramenta interessante para estimular novas gera\u00e7\u00f5es ao encontro com conte\u00fados art\u00edstico-musicais e ao descobrimento do mundo da cria\u00e7\u00e3o art\u00edstica.\u00a0Os alunos se identificam com as propostas e procuram desenvolver suas habilidades e formas de compreens\u00e3o do conte\u00fado musical, buscando ainda gestos musicais pr\u00f3prios e referenciais significativos na escuta, desenvolvendo ainda amplamente o ato criativo da composi\u00e7\u00e3o musical coletiva e individual.<\/span><\/p>\n<div>\n<p><span style=\"font-family: tahoma, sans-serif\">Coordenador do Curso: Prof. M.\u00a0<i>Ronan Gil de Morais<\/i><br \/>\n<\/span><\/p>\n<\/div>\n<div>\n<p><span style=\"color: #000000;font-family: tahoma, sans-serif\">Monitores:\u00a0<i>Jean Paulo Gomes, L\u00e9ia C\u00e1ssia Paix\u00e3o,\u00a0<\/i><\/span><\/p>\n<p><i><span style=\"color: #000000;font-family: tahoma, sans-serif\">Lucas Andrade, Lucas Davi de Araujo.<\/span><\/i><\/p>\n<p><span style=\"font-family: tahoma, sans-serif\">Veja imagens em:\u00a0<a href=\"https:\/\/www.facebook.com\/ProPerc\/media_set?set=a.170929963368295.1073741827.100013538778602&amp;type=3\" target=\"_blank\">https:\/\/www.facebook.com\/ProPerc\/media_set?set=a.170929963368295.1073741827.100013538778602&amp;type=3<\/a><span style=\"color: #000000\"><br \/>\n<\/span><\/span><\/p>\n<\/div>\n<p>&nbsp;<\/p>\n<p><strong>MUSICALIZA\u00c7\u00c3O INFANTIL<\/strong><\/p>\n<p><span style=\"font-family: tahoma, sans-serif\"><span style=\"color: #000000\"><span style=\"color: #222222\">O curso\u00a0<\/span><b>Musicaliza\u00e7\u00e3o infantil<\/b><span style=\"color: #222222\">\u00a0foi pensado como uma das a\u00e7\u00f5es do PROPERC que procura estimular a inicia\u00e7\u00e3o musical e a sensibiliza\u00e7\u00e3o para as artes em crian\u00e7as de 6 a 8 anos. A proposta de musicaliza\u00e7\u00e3o desenvolvida se apoia na magia e riqueza da arte liter\u00e1ria para, com uma did\u00e1tica l\u00fadica e criativa, proporcionar viv\u00eancias est\u00e9tico-musicais diversificadas e\u00a0<\/span>enriqueceras<span style=\"color: #222222\">.<\/span><\/span><span style=\"color: #172938\">\u00a0Os participantes s\u00e3o sensibilizados e\u00a0<\/span>capacitados\u00a0<span style=\"color: #172938\">para os estudos em m\u00fasica desde a inf\u00e2ncia atrav\u00e9s da v<\/span>iv\u00eancia art\u00edstica, musical e corporal. Eles s\u00e3o levados \u00e0 incorpora\u00e7\u00e3o, atrav\u00e9s de atividades l\u00fadicas e pr\u00e1ticas, de conte\u00fados art\u00edstico-culturais e h\u00e1 integra\u00e7\u00e3o entre diversas linguagens art\u00edsticas (atrav\u00e9s de metodologia ativa e interdisciplinar). O desenvolvimento e est\u00edmulo das crian\u00e7as \u00e9 feito atrav\u00e9s da comunica\u00e7\u00e3o e express\u00e3o corporal, instrumental e vocal partindo-se da m\u00fasica em di\u00e1logo com\u00a0outras linguagem art\u00edsticas como dan\u00e7a, artes visuais, artes c\u00eanicas e literatura infantil.<\/span><\/p>\n<p><span style=\"font-family: tahoma, sans-serif\">A inicia\u00e7\u00e3o \u00e9 feita em grupo com aplica\u00e7\u00e3o de jogos e din\u00e2micas de percep\u00e7\u00e3o tendo como referencial metodol\u00f3gico a pedagogia da m\u00fasica e do movimento de Carl Orff.\u00a0Sa\u0303o assim enfatizados aspectos da imersa\u0303o image\u0301tica na qual os alunos va\u0303o descobrindo os para\u0302metros dos sons aplicados a\u0300 mu\u0301sica e, principalmente, na qual eles va\u0303o descobrindo a diversidade, a cooperac\u0327a\u0303o, o respeito ao outro, as diferenc\u0327as salutares em sociedades humanas e a formac\u0327a\u0303o para a cidadania.\u00a0<\/span><\/p>\n<p><span style=\"font-family: tahoma, sans-serif\"><span style=\"color: #000000\">Coordenadora do Curso \u201cMusicaliza\u00e7\u00e3o infantil\u201d:\u00a0<\/span>Profa. M.\u00a0<i>Rosana Ara\u00fajo Rodrigues<\/i><\/span><\/p>\n<p><span style=\"color: #000000;font-family: tahoma, sans-serif\">Monitora:\u00a0<i>Claudia Caetano de Oliveira Costa.<\/i><\/span><\/p>\n<div><span style=\"font-family: tahoma, sans-serif\">Veja imagens em:\u00a0<a href=\"https:\/\/www.facebook.com\/ProPerc\/media_set?set=a.296637727464184.1073741836.100013538778602&amp;type=3\" target=\"_blank\">https:\/\/www.facebook.com\/ProPerc\/media_set?set=a.296637727464184.1073741836.100013538778602&amp;type=3<\/a><\/span><\/div>\n<div><\/div>\n<div><\/div>\n<div><strong>Programas dos recitais de fim de semestre<\/strong><\/div>\n<div>2017\/1:<\/div>\n<div><a href=\"http:\/\/extensao.ifg.edu.br\/properc\/wp-content\/uploads\/sites\/3\/2016\/11\/Programa-Cursos-de-Extens\u00e3o-2017-1.pdf\">Programa Cursos de Extens\u00e3o 2017-1<\/a><\/div>\n<div><\/div>\n<div>2016\/2:<\/div>\n<div><a href=\"http:\/\/extensao.ifg.edu.br\/properc\/wp-content\/uploads\/sites\/3\/2016\/11\/Programa-Marcia-Fernandes.pdf\">Programa Cursos de Extens\u00e3o 2016-2<\/a><\/div>\n","protected":false},"excerpt":{"rendered":"<p>CURSOS DE EXTENS\u00c3O Os cursos de extens\u00e3o em m\u00fasica oferecidos pelo\u00a0IFG\/C\u00e2mpus Goi\u00e2nia est\u00e3o previstos no Programa Interinstitucional de Extens\u00e3o em Percuss\u00e3o (PROPERC). Eles s\u00e3o\u00a0divididos em tr\u00eas tipos de curso com seis turmas ao todo e 100 vagas ofertadas para iniciar o estudo musical ou ampliar conhecimentos pr\u00e9vios e preparar um p\u00fablico das mais diversas faixas [&hellip;]<\/p>\n","protected":false},"author":11,"featured_media":0,"parent":0,"menu_order":0,"comment_status":"closed","ping_status":"closed","template":"","meta":{"_links_to":"","_links_to_type":0,"footnotes":""},"class_list":["post-43","page","type-page","status-publish","hentry"],"_links":{"self":[{"href":"https:\/\/extensao.ifg.edu.br\/properc\/wp-json\/wp\/v2\/pages\/43"}],"collection":[{"href":"https:\/\/extensao.ifg.edu.br\/properc\/wp-json\/wp\/v2\/pages"}],"about":[{"href":"https:\/\/extensao.ifg.edu.br\/properc\/wp-json\/wp\/v2\/types\/page"}],"author":[{"embeddable":true,"href":"https:\/\/extensao.ifg.edu.br\/properc\/wp-json\/wp\/v2\/users\/11"}],"replies":[{"embeddable":true,"href":"https:\/\/extensao.ifg.edu.br\/properc\/wp-json\/wp\/v2\/comments?post=43"}],"version-history":[{"count":8,"href":"https:\/\/extensao.ifg.edu.br\/properc\/wp-json\/wp\/v2\/pages\/43\/revisions"}],"predecessor-version":[{"id":192,"href":"https:\/\/extensao.ifg.edu.br\/properc\/wp-json\/wp\/v2\/pages\/43\/revisions\/192"}],"wp:attachment":[{"href":"https:\/\/extensao.ifg.edu.br\/properc\/wp-json\/wp\/v2\/media?parent=43"}],"curies":[{"name":"wp","href":"https:\/\/api.w.org\/{rel}","templated":true}]}}