{"id":2,"date":"2016-06-27T09:52:28","date_gmt":"2016-06-27T12:52:28","guid":{"rendered":"http:\/\/extensao.ifg.edu.br\/properc\/?page_id=2"},"modified":"2017-07-10T11:27:12","modified_gmt":"2017-07-10T14:27:12","slug":"home","status":"publish","type":"page","link":"https:\/\/extensao.ifg.edu.br\/properc\/home\/","title":{"rendered":"Mestres"},"content":{"rendered":"<div class=\"text_exposed_root text_exposed\">\n<p><strong>ENCONTRO COM OS MESTRES<\/strong><\/p>\n<p><span style=\"font-family: tahoma, sans-serif\">Os Encontros com os Mestres possibilitam dois tipos de viv\u00eancia com convidados das mais diversas linhas de express\u00e3o percussiva. Uma se d\u00e1 atrav\u00e9s de master classes, workshops, ensaios abertos e oficinas que possibilitam o contato com a pr\u00e1tica do mestre atrav\u00e9s de sua experi\u00eancia de ensino. A outra se d\u00e1 atrav\u00e9s de uma s\u00e9rie de espet\u00e1culos em que os mestres se apresentam e mostram o resultado art\u00edstico de toda seu conhecimento na pr\u00e1tica.\u00a0<\/span><\/p>\n<div class=\"m_-6284801135392036531gmail-m_-6698355082458108084gmail-page\" title=\"Page 24\">\n<div class=\"m_-6284801135392036531gmail-m_-6698355082458108084gmail-layoutArea\">\n<div class=\"m_-6284801135392036531gmail-m_-6698355082458108084gmail-column\">\n<p><span style=\"font-family: tahoma, sans-serif\">Estes eventos visam a promoc\u0327a\u0303o dos saberes de diversas pra\u0301ticas percussivas, estimulando a troca de experie\u0302ncias e conhecimentos atrave\u0301s de encontros com mestres de todo o territo\u0301rio brasileiro e tamb\u00e9m de convidados internacionais. Estes encontros ocorrem no IFG e UFG e prev\u00eaem in\u00fameras atividades e a\u00e7\u00f5es em cada evento.\u00a0<\/span><\/p>\n<p><span style=\"font-family: tahoma, sans-serif\">Os Encontros com os Mestres sa\u0303o organizados em torno de masterclasses, oficinas e concertos com pessoas convidadas e especialmente escolhidas por sua iminente contribuic\u0327a\u0303o para com a comunidade local e para com todo o escopo de abrange\u0302ncia do programa. Esta\u0303o entre esses convidados representantes da percussa\u0303o orquestral, da percussa\u0303o contempora\u0302nea, das tradic\u0327o\u0303es folclo\u0301ricas, das criac\u0327o\u0303es com novas tecnologias, da mu\u0301sica instrumental e das manifestac\u0327o\u0303es tradicionais brasileiras.\u00a0<\/span><\/p>\n<\/div>\n<\/div>\n<\/div>\n<p><span style=\"font-family: tahoma, sans-serif\">Veja imagens em:\u00a0<a href=\"https:\/\/www.facebook.com\/ProPerc\/media_set?set=a.170928870035071.1073741825.100013538778602&amp;type=3\" target=\"_blank\">https:\/\/www.facebook.com\/ProPerc\/media_set?set=a.170928870035071.1073741825.100013538778602&amp;type=3<\/a><br \/>\n<\/span><\/p>\n<p><span style=\"font-family: tahoma, sans-serif\">e<\/span><\/p>\n<p><span style=\"font-family: tahoma, sans-serif\"><a href=\"https:\/\/www.facebook.com\/ProPerc\/media_set?set=a.181534875641137.1073741834.100013538778602&amp;type=3\" target=\"_blank\">https:\/\/www.facebook.com\/ProPerc\/media_set?set=a.181534875641137.1073741834.100013538778602&amp;type=3<\/a><br \/>\n<\/span><\/p>\n<\/div>\n<p>&nbsp;<\/p>\n<div class=\"text_exposed_root text_exposed\"><\/div>\n<div class=\"text_exposed_root text_exposed\"><\/div>\n<div class=\"text_exposed_root text_exposed\"><strong>DUO REYNAERT\/S\u00c9JOURN\u00c9 \u00a0 MAI\/17<\/strong><\/div>\n<div class=\"text_exposed_root text_exposed\"><\/div>\n<div class=\"text_exposed_root text_exposed\"><img loading=\"lazy\" decoding=\"async\" class=\"alignnone size-full wp-image-75\" src=\"http:\/\/extensao.ifg.edu.br\/properc\/wp-content\/uploads\/sites\/3\/2016\/06\/Reynaert-Sejourne-2016-856x600-com-LOGO.jpg\" alt=\"Reynaert-Sejourne-2016-856x600 com LOGO\" width=\"856\" height=\"600\" \/><\/div>\n<div class=\"text_exposed_root text_exposed\"><\/div>\n<div class=\"text_exposed_root text_exposed\">\n<p>Sylvie Reynaert, depois de seus estudos no Conservat\u00f3rio de Lyon na classe de Fran\u00e7ois Dupin e um pr\u00eamio de vibrafone jazz, come\u00e7ou uma carreira como camerista com o duo Pianisticks. Com este duo ela ganhou um pr\u00eamio no Concurso Europeu de M\u00fasica de C\u00e2mara da FNAPEC e um pr\u00eamio especial no Concurso Internacional de M\u00fasica de C\u00e2mara da UFAM. Ela criou o DuoDam com obras para percuss\u00e3o e acorde\u00e3o, onde m\u00fasica improvisada se mistura com m\u00fasica escrita. Ela estreiou obras de Eric Daubresse (IRCAM), Vincent Paulet, Dominique Lema\u00eetre, Alexandros Markeas, Emmanuel S\u00e9journ\u00e9, entre muitos outros. Ela criou concerto improvisado com o pintor Mattias Duhamel e espet\u00e1culos com o Centro Coreogr\u00e1fico Nacional de Carolyn Carlson e trabalhou com artistas como Louis Sclavis, Eric Truffaz, Jean-Pierre Como, Renaud Garcia Fons, Adel shams el din, Carlo Rizzo, Ravi Prasad, entre in\u00fameros outros.<br \/>\nSylvie Reynaert se dedica profundamente \u00e0 forma\u00e7\u00e3o de novos m\u00fasicos e, tendo dado aulas em in\u00fameras institui\u00e7\u00f5es francesas de ensino musical, ela \u00e9 atualmente professora de percuss\u00e3o no Conservatoire de Strasbourg.<\/p>\n<p>Emmanuel S\u00e9journ\u00e9 \u00e9 professor chefe do Departamento de Percuss\u00e3o no Conservatoire de Strasbourg e da Academia Superior de M\u00fasica da Universit\u00e9 de Strasbourg. Sua m\u00fasica tem inspira\u00e7\u00e3o em grande parte da m\u00fasica cl\u00e1ssica ocidental e da cultura popular (jazz, rock e m\u00fasica tradicional n\u00e3o europ\u00e9ia) com forte presen\u00e7a r\u00edtmica, rom\u00e2ntica e en\u00e9rgica. Muitas orquestras interpretaram suas composi\u00e7\u00f5es: Radio Sinfonie Orchester Stuttgart, Nagoya Philharmonic, Osaka Philharmonic, Sinfonia Toronto, Croatian Radio Television Symphony, Luxembourg Philharmonic, Lausanne Chamber Orchestra, Orchestre de la Suisse Italienne, Orchestre de la Suisse Romande, Camerata de Bourgogne, Orchestre d\u2019Auvergne, de Cannes, Nice, Pau, Mulhouse, Bochumer Symphoniker, Wurttembergisches Kammerorchester, al\u00e9m de in\u00fameros grupos de percuss\u00e3o, solistas, cameristas, coros e outras forma\u00e7\u00f5es. Ele \u00e9 autor de Concerto pra vibrafone, Concerto para m\u00faltipla percuss\u00e3o, dois concertos para marimba e do Concerto Duplo (este j\u00e1 apresentado na Bulg\u00e1ria, China, Alemanha, Turquia, Let\u00f3nia, Cor\u00e9ia, M\u00e9xico e Fran\u00e7a). Como instrumentista, ele obteve com o saxofonista Philippe Geiss, o pr\u00eamio da Academia Francesa de Disco pela interpreta\u00e7\u00e3o e arranjos de Debussy, Ibert e Milhaud e o pr\u00eamio de melhor m\u00fasica no Festival de Avignon. Como solista ou com o Ensemble Accroche Note ele criou mais de cem obras, incluindo concertos, m\u00fasica de c\u00e2mara e solos.<br \/>\nEmmanuel S\u00e9journ\u00e9 \u00e9 artista Adams e Resta-Jay Mallets<\/p>\n<p>&nbsp;<\/p>\n<\/div>\n<div class=\"text_exposed_root text_exposed\"><\/div>\n<div class=\"text_exposed_root text_exposed\"><strong>\u00a0GIL\u00da AMARAL \u00a0JAN\/17<\/strong><\/div>\n<div class=\"text_exposed_root text_exposed\"><\/div>\n<div class=\"text_exposed_root text_exposed\"><img loading=\"lazy\" decoding=\"async\" class=\"alignnone size-full wp-image-71\" src=\"http:\/\/extensao.ifg.edu.br\/properc\/wp-content\/uploads\/sites\/3\/2016\/06\/Gil\u00fa-Flyer-2.jpg\" alt=\"Gil\u00fa Flyer 2\" width=\"5184\" height=\"3456\" \/><\/div>\n<div id=\"id_58eeb6b69cc2a5084359303\" class=\"text_exposed_root text_exposed\"><span class=\"text_exposed_show\">Gil\u00fa Amaral \u00e9 reconhecido na cena musical pernambucana como um dos melhores percussionistas da sua gera\u00e7\u00e3o. Sua Orquestra\u00e7\u00e3o percussiva vem da inspira\u00e7\u00e3o de crian\u00e7a, de andar pelas ladeiras de Olinda e viver sua efervesc\u00eancia cultural, assim como na participa\u00e7\u00e3o em diversas oficinas, workshops e viv\u00eancias percussivas, aliado a experi\u00eancia adquirida em parcerias de trabalhos executados com artistas e bandas como Nan\u00e1 Vasconcelos, Renata Rosa, Mundo Livre S\/A, Bonsucesso Samba Clube, Ave Sangria, Marcelo Bratke, Banda de Pau e Corda, Academia da Berlinda e Orquestra Contempor\u00e2nea de Olinda, da qual \u00e9 o fundador e, trabalhos com o Grupo Instrumental Wassab, dentre outros artistas, dos quais tocou em importantes festivais de m\u00fasica no Brasil, Europa e \u00c1frica. Esse Interc\u00e2mbio colaborou para a constitui\u00e7\u00e3o dessa Aula Espet\u00e1culo que utiliza o corpo como instrumento musical, que tamb\u00e9m \u00e9 fazer m\u00fasica de certo modo, independente de qualquer conhecimento musical dos presentes, qualquer pessoa pode fazer m\u00fasica por conta da simplicidade da condu\u00e7\u00e3o desta aula espet\u00e1culo. Essa atividade visa contribuir para a facilita\u00e7\u00e3o da educa\u00e7\u00e3o musical e o seu dom\u00ednio, e Gil\u00fa vem com sua Orquestra\u00e7\u00e3o Percussiva propor mais um caminho. Olhando dentro dos olhos de seus alunos e os levando a ficar mais a vontade com esse novo, que \u00e9 o aprender sobre contratempo, din\u00e2mica e etc.<br \/>\nIniciando a oficina a partir da forma\u00e7\u00e3o de um c\u00edrculo, pois, acredita que a visualiza\u00e7\u00e3o de todos que participam desta orquestra\u00e7\u00e3o \u00e9 muito importante, j\u00e1 que assim exalta-se o senso de equipe e a compreens\u00e3o de c\u00e9lulas r\u00edtmicas. Dispondo\u2013se na maioria das vezes no centro desta circunfer\u00eancia e relacionando o corpo como elemento da m\u00fasica, assim utilizando-o para a inicia\u00e7\u00e3o musical e as no\u00e7\u00f5es de t\u00e9cnicas e c\u00e9lulas r\u00edtmicas brasileiras, al\u00e9m da tomada de uma consci\u00eancia corporal dentro do ritmo para destravar e se conhecer um pouco mais e a cada vez mais, aprender as no\u00e7\u00f5es b\u00e1sicas de musicaliza\u00e7\u00e3o. Como tempo, pr\u00e1tica em conjunto, c\u00f3digos e etc. Podendo no segundo momento, repassar junto com os alunos, ap\u00f3s a divis\u00e3o de naipes, para os instrumentos percussivos que dever\u00e3o ser levados pelos mesmos, \u00fanico pedido solicitado aos participantes. Sendo esta aula espet\u00e1culo uma forma\u00e7\u00e3o livre de no\u00e7\u00f5es de arranjo e composi\u00e7\u00e3o para instrumentos percussivos.<\/span><\/div>\n<p>&nbsp;<\/p>\n<p><strong>M\u00c1RCIA FERNANDES \u00a0DEZ\/16<\/strong><\/p>\n<p><img loading=\"lazy\" decoding=\"async\" class=\"alignnone size-full wp-image-70\" src=\"http:\/\/extensao.ifg.edu.br\/properc\/wp-content\/uploads\/sites\/3\/2016\/06\/Marcia-flyer.jpg\" alt=\"Marcia flyer\" width=\"2048\" height=\"2048\" \/>Marcia Fernandes \u00e9 tim<span class=\"text_exposed_show\">panista solista da Orquestra Sinf\u00f4nica Municipal de S\u00e3o Paulo, integrante fundadora do grupo PERCOTH e Artista ADAMS.<br \/>\nAo longo de sua carreira atuou em diversas orquestras no Brasil como: Orquestra Sinf\u00f4nica do Estado de S\u00e3o Paulo (OSESP), Orquestra Sinf\u00f4nica Brasileira (OSB) e Orquestra Sinf\u00f4nica da Universidade de S\u00e3o Paulo (OSUSP), e no exterior tais como: Orchestre d\u2019Op\u00e9ra National du Rhin , Orchestre National Philharmonique de Strasbourg (OPS), L&#8217;Orchestre symphonique de Mulhouse (OSM), L\u2019Ensemble Instrumental Strasbourg, Orchestre Baroque de Strasbourg trabalhando com os maestros Lorin Maazel, Yan Pascal Tortelier, Kurt Masur, John Neschiling, Frank Shipway, Marco Letonja, Kristjan J\u00e4rvi, Marin Alsop, Heinz Holliger, entre outros.<br \/>\nFoi marimbista do musical da broadway The Lion King e integrante de variados grupos cameristicos tais como: PIAP (Percussionistas do Instituto de Artes do Planalto), Orchestre de Percussion Strasbourgoise, Percorso Ensemble e ZETADUO.<br \/>\nNatural de S\u00e3o Paulo iniciou seus estudos na Escola Municipal de M\u00fasica de S\u00e3o Paulo. Mais tarde, ingressou na Universidade Estadual de S\u00e3o Paulo (UNESP) para estudar com John Boudler, Eduardo Gianesella e Carlos Stasi e ap\u00f3s a universidade continuou seus estudos na academia da OSESP sob orienta\u00e7\u00e3o de Ricardo Bologna e Elizabeth e Del Grande.<br \/>\nEm seguida foi \u00e0 Europa e ingressou no Conservatoire Superieur de Strasbourg (Fran\u00e7a) onde estudou com: Stephan Fougeroux , Denis Riedinger e Emmanuel S\u00e9journ\u00e9.<br \/>\nNa Alemanha ficou sob orienta\u00e7\u00e3o do timpanista solista Jesper Korneliusen da Philharmonisches Staatsorchester Hamburgo e participou do Festspiele Baden-Baden com Rainer Seegers e Franz Schindlbeck respectivamente timpanista e percussionista da Berliner Philharmoniker<\/span><\/p>\n<p>&nbsp;<\/p>\n<p><strong>DUO DESVIO \u00a0DEZ\/16<\/strong><\/p>\n<p><img loading=\"lazy\" decoding=\"async\" class=\"alignnone size-full wp-image-69\" src=\"http:\/\/extensao.ifg.edu.br\/properc\/wp-content\/uploads\/sites\/3\/2016\/06\/Desvio-Flyer.jpg\" alt=\"Desvio Flyer\" width=\"3006\" height=\"2000\" \/><\/p>\n<p>DESVIO<br \/>\nFormado pelos percussionistas Leonardo Gorosito e Rafael Alberto, DESVIO tem uma identidade caracterizada pela combina\u00e7\u00e3o dos ritmos brasileiros com o pensamento formal erudito. A fus\u00e3o desses dois elementos, somados \u00e0s diferentes forma\u00e7\u00f5es dos m\u00fasicos, comp\u00f5e uma sonoridade \u00fanica e peculiar. Cancioneiro \u00e9 um concerto composto por uma cole<span class=\"text_exposed_show\">t\u00e2nea de pe\u00e7as autorais dedicadas aos instrumentos de percuss\u00e3o. Fruto de uma constante busca por novos sons, timbres e t\u00e9cnicas, o espet\u00e1culo insere o universo particular de DESVIO no imagin\u00e1rio coletivo de sons j\u00e1 concebidos. \ufffd<br \/>\nLEONARDO GOROSITO<br \/>\nLeonardo Gorosito \u00e9 compositor e percussionista da Orquestra Sinf\u00f4nica do Esp\u00edrito Santo.<br \/>\nPossui bacharelado pela Universidade Estadual Paulista (Unesp), como aluno de John Boudler, Carlos Stasi e Eduardo Gianesella. Obteve seu Mestrado e Diploma de Artista em Percuss\u00e3o pela Yale University, sob a orienta\u00e7\u00e3o do professor Robert Van Sice.\ufffd<br \/>\nRAFAEL ALBERTO<br \/>\nRafael Alberto \u00e9 compositor e chefe de naipe da Orquestra Filarm\u00f4nica de Minas Gerais.<br \/>\nFormou-se no Conservat\u00f3rio de Tatu\u00ed sob orienta\u00e7\u00e3o de Javier Calvino e Luis Marcos Caldana e concluiu seu Bacharelado em Percuss\u00e3o pela Universidade Estadual Paulista (Unesp), tendo como professores John Boudler, Carlos Stasi e Eduardo Gianesella. Em 2011, concluiu seu Mestrado pela Stony Brook University, em Nova York, como aluno de Eduardo Leandro<\/span><\/p>\n<p>&nbsp;<\/p>\n<p><strong>NATH CALAN \u00a0NOV\/16<\/strong><\/p>\n<p><img loading=\"lazy\" decoding=\"async\" class=\"alignnone size-full wp-image-67\" src=\"http:\/\/extensao.ifg.edu.br\/properc\/wp-content\/uploads\/sites\/3\/2016\/06\/Nath-Calan.jpg\" alt=\"Nath Calan\" width=\"1358\" height=\"1216\" \/><\/p>\n<p>Nath Calan<br \/>\n-Bacharel em percuss\u00e3o pela Unesp e mestre em<span class=\"text_exposed_show\">performance pela Unicamp, Nath \u00e9 uma percussionista que realiza extensa pesquisa e divulga\u00e7\u00e3o da m\u00fasica c\u00eanica;<br \/>\n-Na \u00e1rea da m\u00fasica c\u00eanica foi respos\u00e1vel por estreias nacionais de algumas obras; produziu e atuou no espet\u00e1culo Waltz, com dire\u00e7\u00e3o de Bira Honorato &#8211; espet\u00e1culo o qual ficou em cartaz por cinco meses no Espa\u00e7o do Satyros em S\u00e3o Paulo, e espa\u00e7o Tendal da Lapa em 2010; em 2013 apresentou Concerto Solo de M\u00fasica C\u00eanica no encontro de percuss\u00e3o \u201cFesta do Ritmo em Bel\u00e9m do Par\u00e1\u201d, ocasi\u00e3o na qual tamb\u00e9m ministrou master class sobre o tema e em 2015 apresentou seu concerto de m\u00fasica c\u00eanica em distintos teatros e espa\u00e7os como sala Funarte, Audit\u00f3rio de Artes da Unicamp, Casa Parintins, entre outros;<br \/>\n-Tamb\u00e9m atua como timpanista e\/ou percussionista em diversas orquestras de S\u00e3o Paulo como Bachiana Filarm\u00f4nica SESI SP, Sinf\u00f4nica de Santos, Jazz Sinf\u00f4nica, Orquestra Sinf\u00f4nica de Campinas, Orquestra do Theatro Municipal, Orquestra de \u00d3pera do Theatro S\u00e3o Pedro, Orquestra do Programa Prel\u00fadio (TV Cultura) entre outras;<br \/>\n-Como camerista realizou diversas turn\u00eas internacionais pela Europa e Am\u00e9rica, integrando o sexteto Seis com Casca e tamb\u00e9m como convidada do Durum Percuss\u00e3o Brasil;<br \/>\n-Como docente atua h\u00e1 5 anos na escola Audit\u00f3rio do Ibirapuera e ministra Master Classes em distintos encontros de percuss\u00e3o; tendo sido tamb\u00e9m professora no Guri Santa Marcelina por dois anos;<br \/>\n-Como baterista acompanhou Fernanda Takai e banda em festivais no RJ, em SP e BH durante 2014 e realiza shows e grava\u00e7\u00f5es com distintas bandas do universo pop\/rock;<br \/>\n-Com Fernando Chaib montou o Duo Kontakte; em 2013 o duo apresentou-se no XXI Encontro de Composi\u00e7\u00e3o da Funarte e foi contemplado com o Pr\u00eamio Funarte Did\u00e1tico, com o concerto \u201cPercuss\u00e3o: divers\u00e3o e aprendizagem musical\u201d. Tamb\u00e9m em 2013, o Duo Kontakte participou, como convidado, da V Festa do Ritmo em Bel\u00e9m do Par\u00e1, realizando concerto e master classes e nesse per\u00edodo se apresentou em algumas unidades do Sesc;<br \/>\n&#8211; Em sua discografica constam CDs com o PIAP (Grupo de Percuss\u00e3o da Unesp), Eug\u00e9nia Mello e Castro (Conversas com Versos), Seis com Casca (Num dia no outro), Leila Pinheiro e Seis com Casca, Porcas Borboletas, Orquestra do Festival de Campos de Jord\u00e3o com reg\u00eancia de Roberto Minczuk, Juliana Franke, Orquestra Jazz Sinf\u00f4nica (25 anos), Orquestra Sinf\u00f4nica de Campinas, entre outros.<\/span><\/p>\n<p>&nbsp;<\/p>\n<p><strong>CHARLES AUGUSTO NOV\/16<\/strong><\/p>\n<div id=\"attachment_34\" style=\"width: 672px\" class=\"wp-caption aligncenter\"><img loading=\"lazy\" decoding=\"async\" aria-describedby=\"caption-attachment-34\" class=\"size-full wp-image-34\" src=\"http:\/\/extensao.ifg.edu.br\/properc\/wp-content\/uploads\/sites\/3\/2016\/06\/CHarles-flyer.jpg\" alt=\"Charles Augusto ARTISTA ADAMS Professor de Percuss\u00e3o da Universidade Federal de Ouro Preto Mestre em M\u00fasica pela Universidade Federal de Minas Gerais (2014) e Bacharel em Percuss\u00e3o pela UNESP (2010). Dedica-se especialmente \u00e0s \u00e1reas de m\u00fasica contempor\u00e2nea, musica eletroac\u00fastica e ensino de percuss\u00e3o. Realizou atividades diversificadas como percussionista, tendo atuado em Orquestras como: Filarm\u00f4nica de Minas Gerais (Belo Horizonte) e Orquestra do Theatro S\u00e3o Pedro (S\u00e3o Paulo). Participou tamb\u00e9m de importantes grupos como: Camerata Aberta (2010-2014); Grupo PIAP (2006-2010); Grupo SONANTE 21 (2012-2014). Al\u00e9m disso, atuou juntamente a solistas como F\u00e1bio Zanon (viol\u00e3o), Duo Lab\u00e8que (pianistas Katia e Marielle Lab\u00e8que) e Shawn Mativetsky (percuss\u00e3o). Atualmente \u00e9 membro dos grupos SCHLAG!, TECTUM, Oficina M\u00fasica Viva e Trio Signum. Desde 2009, \u00e9 parte do duo com a pianista Alice Bel\u00e9m, tendo atuado na VIII Bienal Internacional de M\u00fasica Eletroac\u00fastica de S\u00e3o Paulo (2010), em concertos na Sala de M\u00fasica da C\u00e2mara da Hochschule f\u00fcr Musik K\u00f6ln (Alemanha, 2011\/12), no Festival Ver\u00e3o Arte Contempor\u00e2nea (Belo Horizonte, 2014, 2015 e 2016) e solistas da quarta edi\u00e7\u00e3o do Festival de Maio (Belo Horizonte, 2016) \u00c9 professor de percuss\u00e3o do Departamento de M\u00fasica da Universidade Federal de Ouro Preto-MG (Demus-UFOP) e coordenador do Grupo de Percuss\u00e3o da UFOP. Desde 2016 \u00e9 artista apoiado pela f\u00e1brica holandesa de instrumentos ADAMS.\" width=\"662\" height=\"960\" \/><p id=\"caption-attachment-34\" class=\"wp-caption-text\">Charles Augusto<br \/>ARTISTA ADAMS<br \/>Professor de Percuss\u00e3o da Universidade Federal de Ouro Preto<br \/>Mestre em M\u00fasica pela Universidade Federal de Minas Gerais (2014) e Bacharel em Percuss\u00e3o pela UNESP (2010). Dedica-se especialmente \u00e0s \u00e1reas de m\u00fasica contempor\u00e2nea, musica eletroac\u00fastica e ensino de percuss\u00e3o.<br \/>Realizou atividades diversificadas como percussionista, tendo atuado em Orquestras como: Filarm\u00f4nica de Minas Gerais (Belo Horizonte) e Orquestra do Theatro S\u00e3o Pedro (S\u00e3o Paulo). Participou tamb\u00e9m de importantes grupos como: Camerata Aberta (2010-2014); Grupo PIAP (2006-2010); Grupo SONANTE 21 (2012-2014). Al\u00e9m disso, atuou juntamente a solistas como F\u00e1bio Zanon (viol\u00e3o), Duo Lab\u00e8que (pianistas Katia e Marielle Lab\u00e8que) e Shawn Mativetsky (percuss\u00e3o). Atualmente \u00e9 membro dos grupos SCHLAG!, TECTUM, Oficina M\u00fasica Viva e Trio Signum. Desde 2009, \u00e9 parte do duo com a pianista Alice Bel\u00e9m, tendo atuado na VIII Bienal Internacional de M\u00fasica Eletroac\u00fastica de S\u00e3o Paulo (2010), em concertos na Sala de M\u00fasica da C\u00e2mara da Hochschule f\u00fcr Musik K\u00f6ln (Alemanha, 2011\/12), no Festival Ver\u00e3o Arte Contempor\u00e2nea (Belo Horizonte, 2014, 2015 e 2016) e solistas da quarta edi\u00e7\u00e3o do Festival de Maio (Belo Horizonte, 2016)<br \/>\u00c9 professor de percuss\u00e3o do Departamento de M\u00fasica da Universidade Federal de Ouro Preto-MG (Demus-UFOP) e coordenador do Grupo de Percuss\u00e3o da UFOP. Desde 2016 \u00e9 artista apoiado pela f\u00e1brica holandesa de instrumentos ADAMS.<\/p><\/div>\n<p>&nbsp;<\/p>\n<p><strong>S\u00c9RGIO COUTINHO NOV\/16<\/strong><\/p>\n<div id=\"attachment_33\" style=\"width: 970px\" class=\"wp-caption alignnone\"><img loading=\"lazy\" decoding=\"async\" aria-describedby=\"caption-attachment-33\" class=\"size-full wp-image-33\" src=\"http:\/\/extensao.ifg.edu.br\/properc\/wp-content\/uploads\/sites\/3\/2016\/06\/properc-1.jpg\" alt=\"Sergio Coutinho Iniciou seus estudos na Escola Municipal de Musica de S\u00e3o Paulo com Joaquim de Abreu. Foi Solista convidado com a Banda Sinf\u00f4nica Jovem do Estado de S\u00e3o Paulo e percussionista convidado da Orquestra Sinf\u00f4nica Brasileira e OSESP. Bacharel pela Unesp, estudou com Carlos Stasi, Eduardo Gianesella e John Boudler, foi membro do Grupo Piap, com o qual participou da Turn\u00ea Norte-Americana em 2010. Participou de grava\u00e7\u00f5es com o PERCORSO Ensemble, Orquestra do Festival de Inverno de Campos do Jord\u00e3o e Grupo Piap. Integrante do naipe de percuss\u00e3o da Orquestra Sinf\u00f4nica Municipal de S\u00e3o Paulo, foi assistente de t\u00edmpanos durante as temporadas de 2011,2012 e solista durante a temporada de 2013. Participou de festivais no Brasil e no exterior. Atualmente trabalha sob a orienta\u00e7\u00e3o de Ricardo Righini (OSESP) e Wieland Welzel (Berliner Philharmoniker).\" width=\"960\" height=\"960\" \/><p id=\"caption-attachment-33\" class=\"wp-caption-text\">Sergio Coutinho<br \/>Iniciou seus estudos na Escola Municipal de Musica de S\u00e3o Paulo com Joaquim de Abreu. Foi Solista convidado com a Banda Sinf\u00f4nica Jovem do Estado de S\u00e3o Paulo e percussionista convidado da Orquestra Sinf\u00f4nica Brasileira e OSESP. Bacharel pela Unesp, estudou com Carlos Stasi, Eduardo Gianesella e John Boudler, foi membro do Grupo Piap, com o qual participou da Turn\u00ea Norte-Americana em 2010. Participou de grava\u00e7\u00f5es com o PERCORSO Ensemble, Orquestra do Festival de Inverno de Campos do Jord\u00e3o e Grupo Piap. Integrante do naipe de percuss\u00e3o da Orquestra Sinf\u00f4nica Municipal de S\u00e3o Paulo, foi assistente de t\u00edmpanos durante as temporadas de 2011,2012 e solista durante a temporada de 2013. Participou de festivais no Brasil e no exterior. Atualmente trabalha sob a orienta\u00e7\u00e3o de Ricardo Righini (OSESP) e Wieland Welzel (Berliner Philharmoniker).<\/p><\/div>\n<div class=\"mceTemp\"><\/div>\n<p>&nbsp;<\/p>\n","protected":false},"excerpt":{"rendered":"<p>ENCONTRO COM OS MESTRES Os Encontros com os Mestres possibilitam dois tipos de viv\u00eancia com convidados das mais diversas linhas de express\u00e3o percussiva. Uma se d\u00e1 atrav\u00e9s de master classes, workshops, ensaios abertos e oficinas que possibilitam o contato com a pr\u00e1tica do mestre atrav\u00e9s de sua experi\u00eancia de ensino. A outra se d\u00e1 atrav\u00e9s [&hellip;]<\/p>\n","protected":false},"author":4,"featured_media":0,"parent":0,"menu_order":0,"comment_status":"closed","ping_status":"open","template":"","meta":{"_links_to":"","_links_to_type":0,"footnotes":""},"class_list":["post-2","page","type-page","status-publish","hentry"],"_links":{"self":[{"href":"https:\/\/extensao.ifg.edu.br\/properc\/wp-json\/wp\/v2\/pages\/2"}],"collection":[{"href":"https:\/\/extensao.ifg.edu.br\/properc\/wp-json\/wp\/v2\/pages"}],"about":[{"href":"https:\/\/extensao.ifg.edu.br\/properc\/wp-json\/wp\/v2\/types\/page"}],"author":[{"embeddable":true,"href":"https:\/\/extensao.ifg.edu.br\/properc\/wp-json\/wp\/v2\/users\/4"}],"replies":[{"embeddable":true,"href":"https:\/\/extensao.ifg.edu.br\/properc\/wp-json\/wp\/v2\/comments?post=2"}],"version-history":[{"count":18,"href":"https:\/\/extensao.ifg.edu.br\/properc\/wp-json\/wp\/v2\/pages\/2\/revisions"}],"predecessor-version":[{"id":111,"href":"https:\/\/extensao.ifg.edu.br\/properc\/wp-json\/wp\/v2\/pages\/2\/revisions\/111"}],"wp:attachment":[{"href":"https:\/\/extensao.ifg.edu.br\/properc\/wp-json\/wp\/v2\/media?parent=2"}],"curies":[{"name":"wp","href":"https:\/\/api.w.org\/{rel}","templated":true}]}}