{"id":12,"date":"2016-11-11T14:21:22","date_gmt":"2016-11-11T16:21:22","guid":{"rendered":"http:\/\/extensao.ifg.edu.br\/properc\/?page_id=12"},"modified":"2017-07-10T11:37:20","modified_gmt":"2017-07-10T14:37:20","slug":"agenda","status":"publish","type":"page","link":"https:\/\/extensao.ifg.edu.br\/properc\/agenda\/","title":{"rendered":"Agenda"},"content":{"rendered":"<p>Agenda<\/p>\n<p>25.8.2017 &#8211; Encontro com os Mestres &#8211; Miquel Bernat &#8211; IFG Campus Goi\u00e2nia.<\/p>\n<p>2.8.2017 &#8211; Concerto de Difus\u00e3o &#8211; GruLaPe &#8211; Externato S\u00e3o Jos\u00e9 &#8211; 19h.<\/p>\n<p>6.7.2017 &#8211; Concerto dos Cursos de Extens\u00e3o &#8211; Teatro do IFG Campus Goi\u00e3nia &#8211; 19h.<\/p>\n<p>14.6.2017 &#8211; Concerto de Difus\u00e3o &#8211; GruLaPe &#8211; IFG Campus Goi\u00e2nia Oeste &#8211; 19h.<\/p>\n<p>16.5.2017 &#8211; Concerto de Difus\u00e3o &#8211; GruLaPe &#8211; IFG Campus Goi\u00e2nia &#8211; 18h.<\/p>\n<p>15.5.2017 &#8211; Encontro com os Mestres &#8211; Duo Reynaert\/S\u00e9journ\u00e9 &#8211; IFG Campus Goi\u00e2nia &#8211; 14h.<\/p>\n<p>17.3.2017 &#8211; Encontro com os Mestres &#8211; Gil\u00fa Amaral &#8211; IFG Campus Goi\u00e2nia &#8211; 14h.<\/p>\n<p>2016<\/p>\n<p>12.12.2016 &#8211; Encontro com os Mestres &#8211; M\u00e1rcia Fernandes &#8211; IFG Campus Goi\u00e2nia &#8211; 14h<\/p>\n<p>5.12.2016 &#8211; Concerto de Difus\u00e3o &#8211; GruLaPe &#8211; IFG Campus Goi\u00e2nia &#8211; 18h.<\/p>\n<p>5.12.2016 &#8211; Encontro com os Mestres &#8211; Duo Desvio &#8211; IFG Campus Goi\u00e2nia &#8211; 14h.<\/p>\n<p>28.11.2016 &#8211; Encontro com os Mestres &#8211; Nath Calan &#8211; IFG Campus Goi\u00e2nia &#8211; 14h.<\/p>\n<p>21.11.2016 &#8211; Encontro com os Mestres &#8211; Charles Augusto &#8211; IFG Campus Goi\u00e2nia &#8211; 14h.<\/p>\n<p>16.11.2016 &#8211; Encontro com os Mestres &#8211; S\u00e9rgio Coutinho &#8211; IFG Campus Goi\u00e2nia &#8211; 14h.<\/p>\n<p>10.10.2016 &#8211; Concerto de Difus\u00e3o &#8211; GruLaPe &#8211; IFG Campus Inhumas &#8211; 13h.<\/p>\n<p>19.9.2016 &#8211; Concerto de Difus\u00e3o &#8211; GruLaPe e Grupo de Viol\u00f5es do IFG Campus Goi\u00e2nia &#8211; IFG Campus An\u00e1polis &#8211; 14h.<\/p>\n","protected":false},"excerpt":{"rendered":"<p>Agenda 25.8.2017 &#8211; Encontro com os Mestres &#8211; Miquel Bernat &#8211; IFG Campus Goi\u00e2nia. 2.8.2017 &#8211; Concerto de Difus\u00e3o &#8211; GruLaPe &#8211; Externato S\u00e3o Jos\u00e9 &#8211; 19h. 6.7.2017 &#8211; Concerto dos Cursos de Extens\u00e3o &#8211; Teatro do IFG Campus Goi\u00e3nia &#8211; 19h. 14.6.2017 &#8211; Concerto de Difus\u00e3o &#8211; GruLaPe &#8211; IFG Campus Goi\u00e2nia Oeste &#8211; [&hellip;]<\/p>\n","protected":false},"author":3,"featured_media":0,"parent":0,"menu_order":0,"comment_status":"closed","ping_status":"closed","template":"","meta":{"_links_to":"","_links_to_type":0,"footnotes":""},"class_list":["post-12","page","type-page","status-publish","hentry"],"_links":{"self":[{"href":"https:\/\/extensao.ifg.edu.br\/properc\/wp-json\/wp\/v2\/pages\/12"}],"collection":[{"href":"https:\/\/extensao.ifg.edu.br\/properc\/wp-json\/wp\/v2\/pages"}],"about":[{"href":"https:\/\/extensao.ifg.edu.br\/properc\/wp-json\/wp\/v2\/types\/page"}],"author":[{"embeddable":true,"href":"https:\/\/extensao.ifg.edu.br\/properc\/wp-json\/wp\/v2\/users\/3"}],"replies":[{"embeddable":true,"href":"https:\/\/extensao.ifg.edu.br\/properc\/wp-json\/wp\/v2\/comments?post=12"}],"version-history":[{"count":6,"href":"https:\/\/extensao.ifg.edu.br\/properc\/wp-json\/wp\/v2\/pages\/12\/revisions"}],"predecessor-version":[{"id":113,"href":"https:\/\/extensao.ifg.edu.br\/properc\/wp-json\/wp\/v2\/pages\/12\/revisions\/113"}],"wp:attachment":[{"href":"https:\/\/extensao.ifg.edu.br\/properc\/wp-json\/wp\/v2\/media?parent=12"}],"curies":[{"name":"wp","href":"https:\/\/api.w.org\/{rel}","templated":true}]}}