{"id":947,"date":"2017-12-26T14:26:15","date_gmt":"2017-12-26T16:26:15","guid":{"rendered":"http:\/\/extensao.ifg.edu.br\/projetosanearcidades\/?page_id=947"},"modified":"2017-12-26T14:26:15","modified_gmt":"2017-12-26T16:26:15","slug":"padre-bernardo","status":"publish","type":"page","link":"https:\/\/extensao.ifg.edu.br\/projetosanearcidades\/padre-bernardo\/","title":{"rendered":"Padre Bernardo"},"content":{"rendered":"\r\n     <style>\r\n\t#weblizar_908  .wrgf-header-label {\r\n\t\tcolor:#FFFFFF !important;\r\n\t}\r\n\t\r\n\t#weblizar_908 .wrgf-footer-label{\r\n\t\tcolor:#000000 !important;\r\n\t\tfont-size:16px;\r\n\t\tmargin-bottom: 5px;\r\n\t\tmargin-top: 5px;\r\n\t\ttext-align:center;\r\n\t\tfont-weight:normal;\r\n\t}\r\n\r\n    #weblizar_908 .b-link-stroke .b-top-line{\r\n        background: rgba(10, 194, 210, 0.5);\r\n    }\r\n    #weblizar_908 .b-link-stroke .b-bottom-line{\r\n        background: rgba(10, 194, 210, 0.5);\r\n    }\r\n\r\n    #weblizar_908 .b-wrapper{\r\n        font-family:Arial; \/\/ real name pass here\r\n    }\r\n\t\r\n\t#weblizar_908 .wrgf-header-label{\r\n        font-family:Arial !important; \/\/ real name pass here\r\n    }\r\n\t#weblizar_908 .wrgf-footer-label{\r\n        font-family:Arial !important; \/\/ real name pass here\r\n    }\r\n\t\r\n\t@media (min-width: 992px){\r\n\t\t.col-md-6 {\r\n\t\t\twidth: 49.97% !important;\r\n\t\t\tpadding-right: 10px;\r\n\t\t\tpadding-left: 10px;\r\n\t\t}\r\n\t\t.col-md-4 {\r\n\t\t\twidth: 33.30% !important;\r\n\t\t\tpadding-right: 10px;\r\n\t\t\tpadding-left: 10px;\r\n\t\t}\r\n\t\t.col-md-3 {\r\n\t\t\twidth: 24.90% !important;\r\n\t\t\tpadding-right: 10px;\r\n\t\t\tpadding-left: 10px;\r\n\t\t}\r\n\t}\r\n\t\r\n\t\r\n\t\t\t@media (max-width: 992px) {\r\n\t\t\t#weblizar_908 .wrgf-header-label\r\n\t\t\t{\r\n\t\t\t\tdisplay:none;\r\n\t\t\t}\r\n\t\t}\r\n\t\t@media (min-width: 993px) {\r\n\t\t\t#weblizar_908 .wrgf-footer-label\r\n\t\t\t{\r\n\t\t\t\tdisplay:none;\r\n\t\t\t}\r\n\t\t}\r\n\t\t#weblizar_908 a{\r\n\t\tborder-bottom: none;\r\n\t\toverflow: hidden;\r\n\t\tfloat: left;\r\n\t\tmargin-right: 0px;\r\n\t\tpadding-left: 0px;\r\n\t}\r\n\t\r\n\t    <\/style>\r\n\r\n        <div  class=\"gal-container\">\r\n            <!--get the post id-->\r\n        \t\t\r\n\t\t\t\t\r\n        <div class=\"gallery1\" id=\"weblizar_908\">\r\n                        <div class=\"col-md-6 col-sm-6 wl-gallery\">\r\n                    <div class=\"b-link-stroke b-animate-go\">\r\n\t\t\t\t\t\r\n\t\t\t\t\t\t\t\t\t\t\t\t\t<a alt=\"\" class=\"swipebox\"  href=\"http:\/\/extensao.ifg.edu.br\/projetosanearcidades\/wp-content\/uploads\/sites\/5\/2017\/12\/Ana-em-evento-de-participa\u00e7\u00e3o-das-crian\u00e7as.jpeg\">\r\n\t\t\t\t\t\t\t\t<img decoding=\"async\" src=\"http:\/\/extensao.ifg.edu.br\/projetosanearcidades\/wp-content\/uploads\/sites\/5\/2017\/12\/Ana-em-evento-de-participa\u00e7\u00e3o-das-crian\u00e7as.jpeg\" class=\"gall-img-responsive\" alt=\"\">\r\n\t\t\t\t\t\t\t\t<div class=\"b-wrapper\">\r\n\t\t\t\t\t\t\t\t\t\t\t\t\t\t\t\t\t\t\t\t\t\t\t\t\t\t\t\t\t<h2 class=\"b-from-left b-animate b-delay03 wrgf-header-label\"> <\/h2>\r\n\t\t\t\t\t\t\t\t\t\t\t\t\t\t\t\t\t\t\t\t\t\t\t\t\t\t\t<\/div>\r\n\t\t\t\t\t\t\t<\/a>\r\n\t\t\t\t\t\t\t                    <\/div>\r\n\t\t\t\t\t\t\t\t\t\t\t<h4 class=\"wrgf-footer-label\"><\/h4>\r\n\t\t\t\t\t                <\/div>\r\n                                <div class=\"col-md-6 col-sm-6 wl-gallery\">\r\n                    <div class=\"b-link-stroke b-animate-go\">\r\n\t\t\t\t\t\r\n\t\t\t\t\t\t\t\t\t\t\t\t\t<a alt=\"\" class=\"swipebox\"  href=\"http:\/\/extensao.ifg.edu.br\/projetosanearcidades\/wp-content\/uploads\/sites\/5\/2017\/12\/0-evento-de-chamaneto.jpeg\">\r\n\t\t\t\t\t\t\t\t<img decoding=\"async\" src=\"http:\/\/extensao.ifg.edu.br\/projetosanearcidades\/wp-content\/uploads\/sites\/5\/2017\/12\/0-evento-de-chamaneto.jpeg\" class=\"gall-img-responsive\" alt=\"\">\r\n\t\t\t\t\t\t\t\t<div class=\"b-wrapper\">\r\n\t\t\t\t\t\t\t\t\t\t\t\t\t\t\t\t\t\t\t\t\t\t\t\t\t\t\t\t\t<h2 class=\"b-from-left b-animate b-delay03 wrgf-header-label\"> <\/h2>\r\n\t\t\t\t\t\t\t\t\t\t\t\t\t\t\t\t\t\t\t\t\t\t\t\t\t\t\t<\/div>\r\n\t\t\t\t\t\t\t<\/a>\r\n\t\t\t\t\t\t\t                    <\/div>\r\n\t\t\t\t\t\t\t\t\t\t\t<h4 class=\"wrgf-footer-label\"><\/h4>\r\n\t\t\t\t\t                <\/div>\r\n                                <div class=\"col-md-6 col-sm-6 wl-gallery\">\r\n                    <div class=\"b-link-stroke b-animate-go\">\r\n\t\t\t\t\t\r\n\t\t\t\t\t\t\t\t\t\t\t\t\t<a alt=\"\" class=\"swipebox\"  href=\"http:\/\/extensao.ifg.edu.br\/projetosanearcidades\/wp-content\/uploads\/sites\/5\/2017\/12\/Evento-de-chamamento-00-2.jpeg\">\r\n\t\t\t\t\t\t\t\t<img decoding=\"async\" src=\"http:\/\/extensao.ifg.edu.br\/projetosanearcidades\/wp-content\/uploads\/sites\/5\/2017\/12\/Evento-de-chamamento-00-2.jpeg\" class=\"gall-img-responsive\" alt=\"\">\r\n\t\t\t\t\t\t\t\t<div class=\"b-wrapper\">\r\n\t\t\t\t\t\t\t\t\t\t\t\t\t\t\t\t\t\t\t\t\t\t\t\t\t\t\t\t\t<h2 class=\"b-from-left b-animate b-delay03 wrgf-header-label\"> <\/h2>\r\n\t\t\t\t\t\t\t\t\t\t\t\t\t\t\t\t\t\t\t\t\t\t\t\t\t\t\t<\/div>\r\n\t\t\t\t\t\t\t<\/a>\r\n\t\t\t\t\t\t\t                    <\/div>\r\n\t\t\t\t\t\t\t\t\t\t\t<h4 class=\"wrgf-footer-label\"><\/h4>\r\n\t\t\t\t\t                <\/div>\r\n                                <div class=\"col-md-6 col-sm-6 wl-gallery\">\r\n                    <div class=\"b-link-stroke b-animate-go\">\r\n\t\t\t\t\t\r\n\t\t\t\t\t\t\t\t\t\t\t\t\t<a alt=\"\" class=\"swipebox\"  href=\"http:\/\/extensao.ifg.edu.br\/projetosanearcidades\/wp-content\/uploads\/sites\/5\/2017\/12\/Din\u00e2mica-com-crian\u00e7as.jpeg\">\r\n\t\t\t\t\t\t\t\t<img decoding=\"async\" src=\"http:\/\/extensao.ifg.edu.br\/projetosanearcidades\/wp-content\/uploads\/sites\/5\/2017\/12\/Din\u00e2mica-com-crian\u00e7as.jpeg\" class=\"gall-img-responsive\" alt=\"\">\r\n\t\t\t\t\t\t\t\t<div class=\"b-wrapper\">\r\n\t\t\t\t\t\t\t\t\t\t\t\t\t\t\t\t\t\t\t\t\t\t\t\t\t\t\t\t\t<h2 class=\"b-from-left b-animate b-delay03 wrgf-header-label\"> <\/h2>\r\n\t\t\t\t\t\t\t\t\t\t\t\t\t\t\t\t\t\t\t\t\t\t\t\t\t\t\t<\/div>\r\n\t\t\t\t\t\t\t<\/a>\r\n\t\t\t\t\t\t\t                    <\/div>\r\n\t\t\t\t\t\t\t\t\t\t\t<h4 class=\"wrgf-footer-label\"><\/h4>\r\n\t\t\t\t\t                <\/div>\r\n                                <div class=\"col-md-6 col-sm-6 wl-gallery\">\r\n                    <div class=\"b-link-stroke b-animate-go\">\r\n\t\t\t\t\t\r\n\t\t\t\t\t\t\t\t\t\t\t\t\t<a alt=\"\" class=\"swipebox\"  href=\"http:\/\/extensao.ifg.edu.br\/projetosanearcidades\/wp-content\/uploads\/sites\/5\/2017\/12\/Din\u00e2mica-de-chamamento.jpeg\">\r\n\t\t\t\t\t\t\t\t<img decoding=\"async\" src=\"http:\/\/extensao.ifg.edu.br\/projetosanearcidades\/wp-content\/uploads\/sites\/5\/2017\/12\/Din\u00e2mica-de-chamamento.jpeg\" class=\"gall-img-responsive\" alt=\"\">\r\n\t\t\t\t\t\t\t\t<div class=\"b-wrapper\">\r\n\t\t\t\t\t\t\t\t\t\t\t\t\t\t\t\t\t\t\t\t\t\t\t\t\t\t\t\t\t<h2 class=\"b-from-left b-animate b-delay03 wrgf-header-label\"> <\/h2>\r\n\t\t\t\t\t\t\t\t\t\t\t\t\t\t\t\t\t\t\t\t\t\t\t\t\t\t\t<\/div>\r\n\t\t\t\t\t\t\t<\/a>\r\n\t\t\t\t\t\t\t                    <\/div>\r\n\t\t\t\t\t\t\t\t\t\t\t<h4 class=\"wrgf-footer-label\"><\/h4>\r\n\t\t\t\t\t                <\/div>\r\n                                <div class=\"col-md-6 col-sm-6 wl-gallery\">\r\n                    <div class=\"b-link-stroke b-animate-go\">\r\n\t\t\t\t\t\r\n\t\t\t\t\t\t\t\t\t\t\t\t\t<a alt=\"\" class=\"swipebox\"  href=\"http:\/\/extensao.ifg.edu.br\/projetosanearcidades\/wp-content\/uploads\/sites\/5\/2017\/12\/Evento-de-chamamento-00-1.jpeg\">\r\n\t\t\t\t\t\t\t\t<img decoding=\"async\" src=\"http:\/\/extensao.ifg.edu.br\/projetosanearcidades\/wp-content\/uploads\/sites\/5\/2017\/12\/Evento-de-chamamento-00-1.jpeg\" class=\"gall-img-responsive\" alt=\"\">\r\n\t\t\t\t\t\t\t\t<div class=\"b-wrapper\">\r\n\t\t\t\t\t\t\t\t\t\t\t\t\t\t\t\t\t\t\t\t\t\t\t\t\t\t\t\t\t<h2 class=\"b-from-left b-animate b-delay03 wrgf-header-label\"> <\/h2>\r\n\t\t\t\t\t\t\t\t\t\t\t\t\t\t\t\t\t\t\t\t\t\t\t\t\t\t\t<\/div>\r\n\t\t\t\t\t\t\t<\/a>\r\n\t\t\t\t\t\t\t                    <\/div>\r\n\t\t\t\t\t\t\t\t\t\t\t<h4 class=\"wrgf-footer-label\"><\/h4>\r\n\t\t\t\t\t                <\/div>\r\n                                <div class=\"col-md-6 col-sm-6 wl-gallery\">\r\n                    <div class=\"b-link-stroke b-animate-go\">\r\n\t\t\t\t\t\r\n\t\t\t\t\t\t\t\t\t\t\t\t\t<a alt=\"\" class=\"swipebox\"  href=\"http:\/\/extensao.ifg.edu.br\/projetosanearcidades\/wp-content\/uploads\/sites\/5\/2017\/12\/Mural.jpeg\">\r\n\t\t\t\t\t\t\t\t<img decoding=\"async\" src=\"http:\/\/extensao.ifg.edu.br\/projetosanearcidades\/wp-content\/uploads\/sites\/5\/2017\/12\/Mural.jpeg\" class=\"gall-img-responsive\" alt=\"\">\r\n\t\t\t\t\t\t\t\t<div class=\"b-wrapper\">\r\n\t\t\t\t\t\t\t\t\t\t\t\t\t\t\t\t\t\t\t\t\t\t\t\t\t\t\t\t\t<h2 class=\"b-from-left b-animate b-delay03 wrgf-header-label\"> <\/h2>\r\n\t\t\t\t\t\t\t\t\t\t\t\t\t\t\t\t\t\t\t\t\t\t\t\t\t\t\t<\/div>\r\n\t\t\t\t\t\t\t<\/a>\r\n\t\t\t\t\t\t\t                    <\/div>\r\n\t\t\t\t\t\t\t\t\t\t\t<h4 class=\"wrgf-footer-label\"><\/h4>\r\n\t\t\t\t\t                <\/div>\r\n                                <div class=\"col-md-6 col-sm-6 wl-gallery\">\r\n                    <div class=\"b-link-stroke b-animate-go\">\r\n\t\t\t\t\t\r\n\t\t\t\t\t\t\t\t\t\t\t\t\t<a alt=\"\" class=\"swipebox\"  href=\"http:\/\/extensao.ifg.edu.br\/projetosanearcidades\/wp-content\/uploads\/sites\/5\/2017\/12\/Evento-de-chamamento.jpeg\">\r\n\t\t\t\t\t\t\t\t<img decoding=\"async\" src=\"http:\/\/extensao.ifg.edu.br\/projetosanearcidades\/wp-content\/uploads\/sites\/5\/2017\/12\/Evento-de-chamamento.jpeg\" class=\"gall-img-responsive\" alt=\"\">\r\n\t\t\t\t\t\t\t\t<div class=\"b-wrapper\">\r\n\t\t\t\t\t\t\t\t\t\t\t\t\t\t\t\t\t\t\t\t\t\t\t\t\t\t\t\t\t<h2 class=\"b-from-left b-animate b-delay03 wrgf-header-label\"> <\/h2>\r\n\t\t\t\t\t\t\t\t\t\t\t\t\t\t\t\t\t\t\t\t\t\t\t\t\t\t\t<\/div>\r\n\t\t\t\t\t\t\t<\/a>\r\n\t\t\t\t\t\t\t                    <\/div>\r\n\t\t\t\t\t\t\t\t\t\t\t<h4 class=\"wrgf-footer-label\"><\/h4>\r\n\t\t\t\t\t                <\/div>\r\n                                <div class=\"col-md-6 col-sm-6 wl-gallery\">\r\n                    <div class=\"b-link-stroke b-animate-go\">\r\n\t\t\t\t\t\r\n\t\t\t\t\t\t\t\t\t\t\t\t\t<a alt=\"\" class=\"swipebox\"  href=\"http:\/\/extensao.ifg.edu.br\/projetosanearcidades\/wp-content\/uploads\/sites\/5\/2017\/12\/Reuni\u00e3o-Com-equipe.jpeg\">\r\n\t\t\t\t\t\t\t\t<img decoding=\"async\" src=\"http:\/\/extensao.ifg.edu.br\/projetosanearcidades\/wp-content\/uploads\/sites\/5\/2017\/12\/Reuni\u00e3o-Com-equipe.jpeg\" class=\"gall-img-responsive\" alt=\"\">\r\n\t\t\t\t\t\t\t\t<div class=\"b-wrapper\">\r\n\t\t\t\t\t\t\t\t\t\t\t\t\t\t\t\t\t\t\t\t\t\t\t\t\t\t\t\t\t<h2 class=\"b-from-left b-animate b-delay03 wrgf-header-label\"> <\/h2>\r\n\t\t\t\t\t\t\t\t\t\t\t\t\t\t\t\t\t\t\t\t\t\t\t\t\t\t\t<\/div>\r\n\t\t\t\t\t\t\t<\/a>\r\n\t\t\t\t\t\t\t                    <\/div>\r\n\t\t\t\t\t\t\t\t\t\t\t<h4 class=\"wrgf-footer-label\"><\/h4>\r\n\t\t\t\t\t                <\/div>\r\n                                <div class=\"col-md-6 col-sm-6 wl-gallery\">\r\n                    <div class=\"b-link-stroke b-animate-go\">\r\n\t\t\t\t\t\r\n\t\t\t\t\t\t\t\t\t\t\t\t\t<a alt=\"\" class=\"swipebox\"  href=\"http:\/\/extensao.ifg.edu.br\/projetosanearcidades\/wp-content\/uploads\/sites\/5\/2017\/12\/WhatsApp-Image-2017-12-01-at-12.40.26.jpeg\">\r\n\t\t\t\t\t\t\t\t<img decoding=\"async\" src=\"http:\/\/extensao.ifg.edu.br\/projetosanearcidades\/wp-content\/uploads\/sites\/5\/2017\/12\/WhatsApp-Image-2017-12-01-at-12.40.26.jpeg\" class=\"gall-img-responsive\" alt=\"\">\r\n\t\t\t\t\t\t\t\t<div class=\"b-wrapper\">\r\n\t\t\t\t\t\t\t\t\t\t\t\t\t\t\t\t\t\t\t\t\t\t\t\t\t\t\t\t\t<h2 class=\"b-from-left b-animate b-delay03 wrgf-header-label\"> <\/h2>\r\n\t\t\t\t\t\t\t\t\t\t\t\t\t\t\t\t\t\t\t\t\t\t\t\t\t\t\t<\/div>\r\n\t\t\t\t\t\t\t<\/a>\r\n\t\t\t\t\t\t\t                    <\/div>\r\n\t\t\t\t\t\t\t\t\t\t\t<h4 class=\"wrgf-footer-label\"><\/h4>\r\n\t\t\t\t\t                <\/div>\r\n                                <div class=\"col-md-6 col-sm-6 wl-gallery\">\r\n                    <div class=\"b-link-stroke b-animate-go\">\r\n\t\t\t\t\t\r\n\t\t\t\t\t\t\t\t\t\t\t\t\t<a alt=\"\" class=\"swipebox\"  href=\"http:\/\/extensao.ifg.edu.br\/projetosanearcidades\/wp-content\/uploads\/sites\/5\/2017\/12\/WhatsApp-Image-2017-12-01-at-12.40.35.jpeg\">\r\n\t\t\t\t\t\t\t\t<img decoding=\"async\" src=\"http:\/\/extensao.ifg.edu.br\/projetosanearcidades\/wp-content\/uploads\/sites\/5\/2017\/12\/WhatsApp-Image-2017-12-01-at-12.40.35.jpeg\" class=\"gall-img-responsive\" alt=\"\">\r\n\t\t\t\t\t\t\t\t<div class=\"b-wrapper\">\r\n\t\t\t\t\t\t\t\t\t\t\t\t\t\t\t\t\t\t\t\t\t\t\t\t\t\t\t\t\t<h2 class=\"b-from-left b-animate b-delay03 wrgf-header-label\"> <\/h2>\r\n\t\t\t\t\t\t\t\t\t\t\t\t\t\t\t\t\t\t\t\t\t\t\t\t\t\t\t<\/div>\r\n\t\t\t\t\t\t\t<\/a>\r\n\t\t\t\t\t\t\t                    <\/div>\r\n\t\t\t\t\t\t\t\t\t\t\t<h4 class=\"wrgf-footer-label\"><\/h4>\r\n\t\t\t\t\t                <\/div>\r\n                                <div class=\"col-md-6 col-sm-6 wl-gallery\">\r\n                    <div class=\"b-link-stroke b-animate-go\">\r\n\t\t\t\t\t\r\n\t\t\t\t\t\t\t\t\t\t\t\t\t<a alt=\"\" class=\"swipebox\"  href=\"http:\/\/extensao.ifg.edu.br\/projetosanearcidades\/wp-content\/uploads\/sites\/5\/2017\/12\/Participa\u00e7\u00e3o-com-crian\u00e7as.jpeg\">\r\n\t\t\t\t\t\t\t\t<img decoding=\"async\" src=\"http:\/\/extensao.ifg.edu.br\/projetosanearcidades\/wp-content\/uploads\/sites\/5\/2017\/12\/Participa\u00e7\u00e3o-com-crian\u00e7as.jpeg\" class=\"gall-img-responsive\" alt=\"\">\r\n\t\t\t\t\t\t\t\t<div class=\"b-wrapper\">\r\n\t\t\t\t\t\t\t\t\t\t\t\t\t\t\t\t\t\t\t\t\t\t\t\t\t\t\t\t\t<h2 class=\"b-from-left b-animate b-delay03 wrgf-header-label\"> <\/h2>\r\n\t\t\t\t\t\t\t\t\t\t\t\t\t\t\t\t\t\t\t\t\t\t\t\t\t\t\t<\/div>\r\n\t\t\t\t\t\t\t<\/a>\r\n\t\t\t\t\t\t\t                    <\/div>\r\n\t\t\t\t\t\t\t\t\t\t\t<h4 class=\"wrgf-footer-label\"><\/h4>\r\n\t\t\t\t\t                <\/div>\r\n                                <div class=\"col-md-6 col-sm-6 wl-gallery\">\r\n                    <div class=\"b-link-stroke b-animate-go\">\r\n\t\t\t\t\t\r\n\t\t\t\t\t\t\t\t\t\t\t\t\t<a alt=\"\" class=\"swipebox\"  href=\"http:\/\/extensao.ifg.edu.br\/projetosanearcidades\/wp-content\/uploads\/sites\/5\/2017\/12\/WhatsApp-Image-2017-12-07-at-09.12.50.jpeg\">\r\n\t\t\t\t\t\t\t\t<img decoding=\"async\" src=\"http:\/\/extensao.ifg.edu.br\/projetosanearcidades\/wp-content\/uploads\/sites\/5\/2017\/12\/WhatsApp-Image-2017-12-07-at-09.12.50.jpeg\" class=\"gall-img-responsive\" alt=\"\">\r\n\t\t\t\t\t\t\t\t<div class=\"b-wrapper\">\r\n\t\t\t\t\t\t\t\t\t\t\t\t\t\t\t\t\t\t\t\t\t\t\t\t\t\t\t\t\t<h2 class=\"b-from-left b-animate b-delay03 wrgf-header-label\"> <\/h2>\r\n\t\t\t\t\t\t\t\t\t\t\t\t\t\t\t\t\t\t\t\t\t\t\t\t\t\t\t<\/div>\r\n\t\t\t\t\t\t\t<\/a>\r\n\t\t\t\t\t\t\t                    <\/div>\r\n\t\t\t\t\t\t\t\t\t\t\t<h4 class=\"wrgf-footer-label\"><\/h4>\r\n\t\t\t\t\t                <\/div>\r\n                                <div class=\"col-md-6 col-sm-6 wl-gallery\">\r\n                    <div class=\"b-link-stroke b-animate-go\">\r\n\t\t\t\t\t\r\n\t\t\t\t\t\t\t\t\t\t\t\t\t<a alt=\"\" class=\"swipebox\"  href=\"http:\/\/extensao.ifg.edu.br\/projetosanearcidades\/wp-content\/uploads\/sites\/5\/2017\/12\/WhatsApp-Image-2017-12-07-at-10.18.13.jpeg\">\r\n\t\t\t\t\t\t\t\t<img decoding=\"async\" src=\"http:\/\/extensao.ifg.edu.br\/projetosanearcidades\/wp-content\/uploads\/sites\/5\/2017\/12\/WhatsApp-Image-2017-12-07-at-10.18.13.jpeg\" class=\"gall-img-responsive\" alt=\"\">\r\n\t\t\t\t\t\t\t\t<div class=\"b-wrapper\">\r\n\t\t\t\t\t\t\t\t\t\t\t\t\t\t\t\t\t\t\t\t\t\t\t\t\t\t\t\t\t<h2 class=\"b-from-left b-animate b-delay03 wrgf-header-label\"> <\/h2>\r\n\t\t\t\t\t\t\t\t\t\t\t\t\t\t\t\t\t\t\t\t\t\t\t\t\t\t\t<\/div>\r\n\t\t\t\t\t\t\t<\/a>\r\n\t\t\t\t\t\t\t                    <\/div>\r\n\t\t\t\t\t\t\t\t\t\t\t<h4 class=\"wrgf-footer-label\"><\/h4>\r\n\t\t\t\t\t                <\/div>\r\n                                <div class=\"col-md-6 col-sm-6 wl-gallery\">\r\n                    <div class=\"b-link-stroke b-animate-go\">\r\n\t\t\t\t\t\r\n\t\t\t\t\t\t\t\t\t\t\t\t\t<a alt=\"\" class=\"swipebox\"  href=\"http:\/\/extensao.ifg.edu.br\/projetosanearcidades\/wp-content\/uploads\/sites\/5\/2017\/12\/WhatsApp-Image-2017-12-07-at-09.13.21.jpeg\">\r\n\t\t\t\t\t\t\t\t<img decoding=\"async\" src=\"http:\/\/extensao.ifg.edu.br\/projetosanearcidades\/wp-content\/uploads\/sites\/5\/2017\/12\/WhatsApp-Image-2017-12-07-at-09.13.21.jpeg\" class=\"gall-img-responsive\" alt=\"\">\r\n\t\t\t\t\t\t\t\t<div class=\"b-wrapper\">\r\n\t\t\t\t\t\t\t\t\t\t\t\t\t\t\t\t\t\t\t\t\t\t\t\t\t\t\t\t\t<h2 class=\"b-from-left b-animate b-delay03 wrgf-header-label\"> <\/h2>\r\n\t\t\t\t\t\t\t\t\t\t\t\t\t\t\t\t\t\t\t\t\t\t\t\t\t\t\t<\/div>\r\n\t\t\t\t\t\t\t<\/a>\r\n\t\t\t\t\t\t\t                    <\/div>\r\n\t\t\t\t\t\t\t\t\t\t\t<h4 class=\"wrgf-footer-label\"><\/h4>\r\n\t\t\t\t\t                <\/div>\r\n                                <div class=\"col-md-6 col-sm-6 wl-gallery\">\r\n                    <div class=\"b-link-stroke b-animate-go\">\r\n\t\t\t\t\t\r\n\t\t\t\t\t\t\t\t\t\t\t\t\t<a alt=\"\" class=\"swipebox\"  href=\"http:\/\/extensao.ifg.edu.br\/projetosanearcidades\/wp-content\/uploads\/sites\/5\/2017\/12\/WhatsApp-Image-2017-12-07-at-09.26.04.jpeg\">\r\n\t\t\t\t\t\t\t\t<img decoding=\"async\" src=\"http:\/\/extensao.ifg.edu.br\/projetosanearcidades\/wp-content\/uploads\/sites\/5\/2017\/12\/WhatsApp-Image-2017-12-07-at-09.26.04.jpeg\" class=\"gall-img-responsive\" alt=\"\">\r\n\t\t\t\t\t\t\t\t<div class=\"b-wrapper\">\r\n\t\t\t\t\t\t\t\t\t\t\t\t\t\t\t\t\t\t\t\t\t\t\t\t\t\t\t\t\t<h2 class=\"b-from-left b-animate b-delay03 wrgf-header-label\"> <\/h2>\r\n\t\t\t\t\t\t\t\t\t\t\t\t\t\t\t\t\t\t\t\t\t\t\t\t\t\t\t<\/div>\r\n\t\t\t\t\t\t\t<\/a>\r\n\t\t\t\t\t\t\t                    <\/div>\r\n\t\t\t\t\t\t\t\t\t\t\t<h4 class=\"wrgf-footer-label\"><\/h4>\r\n\t\t\t\t\t                <\/div>\r\n                                <div class=\"col-md-6 col-sm-6 wl-gallery\">\r\n                    <div class=\"b-link-stroke b-animate-go\">\r\n\t\t\t\t\t\r\n\t\t\t\t\t\t\t\t\t\t\t\t\t<a alt=\"\" class=\"swipebox\"  href=\"http:\/\/extensao.ifg.edu.br\/projetosanearcidades\/wp-content\/uploads\/sites\/5\/2017\/12\/WhatsApp-Image-2017-12-07-at-10.22.41-1.jpeg\">\r\n\t\t\t\t\t\t\t\t<img decoding=\"async\" src=\"http:\/\/extensao.ifg.edu.br\/projetosanearcidades\/wp-content\/uploads\/sites\/5\/2017\/12\/WhatsApp-Image-2017-12-07-at-10.22.41-1.jpeg\" class=\"gall-img-responsive\" alt=\"\">\r\n\t\t\t\t\t\t\t\t<div class=\"b-wrapper\">\r\n\t\t\t\t\t\t\t\t\t\t\t\t\t\t\t\t\t\t\t\t\t\t\t\t\t\t\t\t\t<h2 class=\"b-from-left b-animate b-delay03 wrgf-header-label\"> <\/h2>\r\n\t\t\t\t\t\t\t\t\t\t\t\t\t\t\t\t\t\t\t\t\t\t\t\t\t\t\t<\/div>\r\n\t\t\t\t\t\t\t<\/a>\r\n\t\t\t\t\t\t\t                    <\/div>\r\n\t\t\t\t\t\t\t\t\t\t\t<h4 class=\"wrgf-footer-label\"><\/h4>\r\n\t\t\t\t\t                <\/div>\r\n                                <div class=\"col-md-6 col-sm-6 wl-gallery\">\r\n                    <div class=\"b-link-stroke b-animate-go\">\r\n\t\t\t\t\t\r\n\t\t\t\t\t\t\t\t\t\t\t\t\t<a alt=\"\" class=\"swipebox\"  href=\"http:\/\/extensao.ifg.edu.br\/projetosanearcidades\/wp-content\/uploads\/sites\/5\/2017\/12\/WhatsApp-Image-2017-12-07-at-09.47.07-1.jpeg\">\r\n\t\t\t\t\t\t\t\t<img decoding=\"async\" src=\"http:\/\/extensao.ifg.edu.br\/projetosanearcidades\/wp-content\/uploads\/sites\/5\/2017\/12\/WhatsApp-Image-2017-12-07-at-09.47.07-1.jpeg\" class=\"gall-img-responsive\" alt=\"\">\r\n\t\t\t\t\t\t\t\t<div class=\"b-wrapper\">\r\n\t\t\t\t\t\t\t\t\t\t\t\t\t\t\t\t\t\t\t\t\t\t\t\t\t\t\t\t\t<h2 class=\"b-from-left b-animate b-delay03 wrgf-header-label\"> <\/h2>\r\n\t\t\t\t\t\t\t\t\t\t\t\t\t\t\t\t\t\t\t\t\t\t\t\t\t\t\t<\/div>\r\n\t\t\t\t\t\t\t<\/a>\r\n\t\t\t\t\t\t\t                    <\/div>\r\n\t\t\t\t\t\t\t\t\t\t\t<h4 class=\"wrgf-footer-label\"><\/h4>\r\n\t\t\t\t\t                <\/div>\r\n                        <\/div>\r\n        <\/div>\r\n\r\n\t<!-- swipe box-->\r\n\t<script type=\"text\/javascript\">\r\n\t;( function( jQuery ) {\r\n\t\tjQuery( '.swipebox' ).swipebox({\r\n\t\t\t\t\t\t\thideBarsDelay:0,\r\n\t\t\t\t\t\t\thideCloseButtonOnMobile : false,\r\n\t\t\t\t\t\t});\r\n\t} )( jQuery );\r\n\t\r\n\tjQuery('.gallery1').imagesLoaded( function(){\r\n\t  jQuery('.gallery1').masonry({\r\n\t   itemSelector: '.wl-gallery',\r\n\t   isAnimated: true,\r\n\t   isFitWidth: true\r\n\t  });\r\n\t});\r\n\t<\/script>\r\n\r\n    \n","protected":false},"excerpt":{"rendered":"","protected":false},"author":4,"featured_media":0,"parent":0,"menu_order":0,"comment_status":"closed","ping_status":"closed","template":"","meta":{"_links_to":"","_links_to_type":0,"footnotes":""},"class_list":["post-947","page","type-page","status-publish","hentry"],"_links":{"self":[{"href":"https:\/\/extensao.ifg.edu.br\/projetosanearcidades\/wp-json\/wp\/v2\/pages\/947"}],"collection":[{"href":"https:\/\/extensao.ifg.edu.br\/projetosanearcidades\/wp-json\/wp\/v2\/pages"}],"about":[{"href":"https:\/\/extensao.ifg.edu.br\/projetosanearcidades\/wp-json\/wp\/v2\/types\/page"}],"author":[{"embeddable":true,"href":"https:\/\/extensao.ifg.edu.br\/projetosanearcidades\/wp-json\/wp\/v2\/users\/4"}],"replies":[{"embeddable":true,"href":"https:\/\/extensao.ifg.edu.br\/projetosanearcidades\/wp-json\/wp\/v2\/comments?post=947"}],"version-history":[{"count":1,"href":"https:\/\/extensao.ifg.edu.br\/projetosanearcidades\/wp-json\/wp\/v2\/pages\/947\/revisions"}],"predecessor-version":[{"id":948,"href":"https:\/\/extensao.ifg.edu.br\/projetosanearcidades\/wp-json\/wp\/v2\/pages\/947\/revisions\/948"}],"wp:attachment":[{"href":"https:\/\/extensao.ifg.edu.br\/projetosanearcidades\/wp-json\/wp\/v2\/media?parent=947"}],"curies":[{"name":"wp","href":"https:\/\/api.w.org\/{rel}","templated":true}]}}