{"id":653,"date":"2017-10-31T18:19:47","date_gmt":"2017-10-31T20:19:47","guid":{"rendered":"http:\/\/extensao.ifg.edu.br\/projetosanearcidades\/?page_id=653"},"modified":"2017-11-01T13:55:57","modified_gmt":"2017-11-01T15:55:57","slug":"acoes","status":"publish","type":"page","link":"https:\/\/extensao.ifg.edu.br\/projetosanearcidades\/","title":{"rendered":"A\u00e7\u00f5es"},"content":{"rendered":"<p>O Projeto SanearCidades avan\u00e7ou nas a\u00e7\u00f5es junto aos 55 munic\u00edpios participantes!<\/p>\n<p><strong>No m\u00eas de setembro de 2017<\/strong> foram realizadas as Oficinas de Capacita\u00e7\u00e3o dos t\u00e9cnicos municipais indicados pelos munic\u00edpios participantes nas cidades de Goi\u00e2nia e Urua\u00e7u. Foram momentos importantes de troca de experi\u00eancias, conhecimento e informa\u00e7\u00f5es sobre saneamento b\u00e1sico e mobiliza\u00e7\u00e3o social. Os Instrutores do Instituto Federal de Goi\u00e1s (IFG) ministraram conte\u00fados relacionados ao desenvolvimento dos processos e produtos intermedi\u00e1rios da elabora\u00e7\u00e3o dos Planos Municipais de Saneamento B\u00e1sico \u2013 PMSB, ou seja, a constru\u00e7\u00e3o do Plano de Mobiliza\u00e7\u00e3o Social e do Diagn\u00f3stico T\u00e9cnico Participativo.<\/p>\n<p>Ap\u00f3s as Oficinas de Capacita\u00e7\u00e3o os t\u00e9cnicos dos munic\u00edpios retornaram \u00e0s suas localidades com a miss\u00e3o de construir o Plano de Mobiliza\u00e7\u00e3o Social e dar in\u00edcio \u00e0s atividades de prospec\u00e7\u00e3o dos dados prim\u00e1rios para a elabora\u00e7\u00e3o do Diagn\u00f3stico T\u00e9cnico Participativo.<\/p>\n<p>Enquanto isto, as equipes do IGF alocadas nos Polos de atendimento do Projeto SanearCidades, em Aparecida de Goi\u00e2nia, Goi\u00e2nia e Urua\u00e7u acompanharam e orientaram as atividades via Plataforma Moodle, que \u00e9 o portal de intera\u00e7\u00e3o entre as equipes, al\u00e9m de realizarem as atividades de prepara\u00e7\u00e3o para as visitas t\u00e9cnicas aos munic\u00edpios.<\/p>\n<p><strong>No m\u00eas de outubro de 2017<\/strong> as equipes do Projeto SanearCidades sa\u00edram em visita aos munic\u00edpios. Logo na primeira semana de atividades em campo do Polo Goi\u00e2nia foi a vez do munic\u00edpio Cidade de Goi\u00e1s receber os t\u00e9cnicos do projeto que, juntamente com a equipe municipal, realizou atividades de coleta de dados e realiza\u00e7\u00e3o dos eventos da mobiliza\u00e7\u00e3o social, com destaque ao Evento de Chamamento que contou com a participa\u00e7\u00e3o da comunidade, de autoridades, da Prefeita Municipal e dos representantes da Funasa.<\/p>\n<p>Na sequencia das atividades de campo foi a vez dos munic\u00edpios de Palmelo, Pires do Rio, Marzag\u00e3o e Nova Aurora vinculados ao Polo de Aparecida de Goi\u00e2nia e os munic\u00edpios de Professor Jamil, Gouverl\u00e2ndia, Santa Rosa de Goi\u00e1s, Paranaiguara e Tr\u00eas Ranchos, vinculados ao Polo Goi\u00e2nia.<\/p>\n<p>A equipe t\u00e9cnica do Polo de Urua\u00e7u iniciou suas atividades, em uma a\u00e7\u00e3o conjunta de toda a equipe t\u00e9cnica do Polo, no Munic\u00edpio de Niquel\u00e2ndia, o maior munic\u00edpio em extens\u00e3o territorial do Estado de Goi\u00e1s. Em conjunto com a equipe do munic\u00edpio realizando atividades de coleta de dados e realiza\u00e7\u00e3o dos eventos da mobiliza\u00e7\u00e3o social.<\/p>\n<p>E assim seguimos a passos largos na elabora\u00e7\u00e3o dos Planos Municipais de Saneamento B\u00e1sico com a certeza de que a a\u00e7\u00e3o e a colabora\u00e7\u00e3o e de todos os envolvidos, Munic\u00edpios, IFG e Funasa, \u00e9 fundamental.<\/p>\n<p>Confira o cronograma da presen\u00e7a das equipes do IFG nos munic\u00edpios e as datas j\u00e1 marcadas dos eventos da mobiliza\u00e7\u00e3o social.<\/p>\n<p>PARTICIPE DESTA A\u00c7\u00c3O!<\/p>\n<p><!--\n<img decoding=\"async\" class=\"alignnone size-full wp-image-656\" src=\"http:\/\/extensao.ifg.edu.br\/projetosanearcidades\/wp-content\/uploads\/sites\/5\/2017\/10\/Cronograma-visitas-tecnicas-Polo-Aparecida.png\" alt=\"Cronograma-visitas-tecnicas-Polo-Aparecida\" width=\"100%\" \/>\n\n<img decoding=\"async\" class=\"alignnone size-full wp-image-657\" src=\"http:\/\/extensao.ifg.edu.br\/projetosanearcidades\/wp-content\/uploads\/sites\/5\/2017\/10\/Cronograma-visitas-tecnicas-Polo-Goiania.png\" alt=\"Cronograma-visitas-tecnicas-Polo-Goiania\" width=\"100%\" \/>\n\n<img decoding=\"async\" class=\"alignnone size-medium wp-image-658\" src=\"http:\/\/extensao.ifg.edu.br\/projetosanearcidades\/wp-content\/uploads\/sites\/5\/2017\/10\/Cronograma-visitas-tecnicas-Polo-Uruacu.png\" alt=\"Cronograma-visitas-tecnicas-Polo-Uruacu\" width=\"100%\" \/>\n--><\/p>\n","protected":false},"excerpt":{"rendered":"<p>O Projeto SanearCidades avan\u00e7ou nas a\u00e7\u00f5es junto aos 55 munic\u00edpios participantes! No m\u00eas de setembro de 2017 foram realizadas as Oficinas de Capacita\u00e7\u00e3o dos t\u00e9cnicos municipais indicados pelos munic\u00edpios participantes nas cidades de Goi\u00e2nia e Urua\u00e7u. Foram momentos importantes de troca de experi\u00eancias, conhecimento e informa\u00e7\u00f5es sobre saneamento b\u00e1sico e mobiliza\u00e7\u00e3o social. Os Instrutores do [&hellip;]<\/p>\n","protected":false},"author":4,"featured_media":0,"parent":0,"menu_order":0,"comment_status":"closed","ping_status":"closed","template":"","meta":{"_links_to":"","_links_to_type":0,"footnotes":""},"class_list":["post-653","page","type-page","status-publish","hentry"],"_links":{"self":[{"href":"https:\/\/extensao.ifg.edu.br\/projetosanearcidades\/wp-json\/wp\/v2\/pages\/653"}],"collection":[{"href":"https:\/\/extensao.ifg.edu.br\/projetosanearcidades\/wp-json\/wp\/v2\/pages"}],"about":[{"href":"https:\/\/extensao.ifg.edu.br\/projetosanearcidades\/wp-json\/wp\/v2\/types\/page"}],"author":[{"embeddable":true,"href":"https:\/\/extensao.ifg.edu.br\/projetosanearcidades\/wp-json\/wp\/v2\/users\/4"}],"replies":[{"embeddable":true,"href":"https:\/\/extensao.ifg.edu.br\/projetosanearcidades\/wp-json\/wp\/v2\/comments?post=653"}],"version-history":[{"count":4,"href":"https:\/\/extensao.ifg.edu.br\/projetosanearcidades\/wp-json\/wp\/v2\/pages\/653\/revisions"}],"predecessor-version":[{"id":668,"href":"https:\/\/extensao.ifg.edu.br\/projetosanearcidades\/wp-json\/wp\/v2\/pages\/653\/revisions\/668"}],"wp:attachment":[{"href":"https:\/\/extensao.ifg.edu.br\/projetosanearcidades\/wp-json\/wp\/v2\/media?parent=653"}],"curies":[{"name":"wp","href":"https:\/\/api.w.org\/{rel}","templated":true}]}}