{"id":44,"date":"2017-03-22T12:50:07","date_gmt":"2017-03-22T15:50:07","guid":{"rendered":"http:\/\/extensao.ifg.edu.br\/projetosanearcidades\/?page_id=44"},"modified":"2017-03-23T17:12:27","modified_gmt":"2017-03-23T20:12:27","slug":"cidadespolos","status":"publish","type":"page","link":"https:\/\/extensao.ifg.edu.br\/projetosanearcidades\/cidadespolos\/","title":{"rendered":"Cidades\/Polos"},"content":{"rendered":"<p>As atividades ser\u00e3o realizadas pelas equipes de assist\u00eancia t\u00e9cnica distribu\u00eddas nos 3 (tr\u00eas) polos localizados nos c\u00e2mpus do IFG, situados nos munic\u00edpios de Goi\u00e2nia, Aparecida de Goi\u00e2nia, e Urua\u00e7u.<\/p>\n<p><strong>Munic\u00edpios participantes por Polos<\/strong><\/p>\n<p>Para implanta\u00e7\u00e3o do projeto, o IFG distribuiu os munic\u00edpios participantes por Polos, conforme apresentado na figura.<\/p>\n<p><a href=\"http:\/\/extensao.ifg.edu.br\/projetosanearcidades\/wp-content\/uploads\/sites\/5\/2017\/03\/cidades-polos.png\"><img loading=\"lazy\" decoding=\"async\" class=\"alignnone size-full wp-image-45\" src=\"http:\/\/extensao.ifg.edu.br\/projetosanearcidades\/wp-content\/uploads\/sites\/5\/2017\/03\/cidades-polos.png\" alt=\"cidades-polos\" width=\"760\" height=\"772\" \/><\/a><\/p>\n<p>&nbsp;<\/p>\n<p><a href=\"http:\/\/extensao.ead.ifg.edu.br\/modead\/mapaInterativo\/municipios.html\"><strong>Veja tamb\u00e9m o mapa com todas a cidades.<\/strong><\/a><\/p>\n","protected":false},"excerpt":{"rendered":"<p>As atividades ser\u00e3o realizadas pelas equipes de assist\u00eancia t\u00e9cnica distribu\u00eddas nos 3 (tr\u00eas) polos localizados nos c\u00e2mpus do IFG, situados nos munic\u00edpios de Goi\u00e2nia, Aparecida de Goi\u00e2nia, e Urua\u00e7u. Munic\u00edpios participantes por Polos Para implanta\u00e7\u00e3o do projeto, o IFG distribuiu os munic\u00edpios participantes por Polos, conforme apresentado na figura. &nbsp; Veja tamb\u00e9m o mapa com [&hellip;]<\/p>\n","protected":false},"author":4,"featured_media":0,"parent":0,"menu_order":0,"comment_status":"closed","ping_status":"closed","template":"","meta":{"_links_to":"","_links_to_type":0,"footnotes":""},"class_list":["post-44","page","type-page","status-publish","hentry"],"_links":{"self":[{"href":"https:\/\/extensao.ifg.edu.br\/projetosanearcidades\/wp-json\/wp\/v2\/pages\/44"}],"collection":[{"href":"https:\/\/extensao.ifg.edu.br\/projetosanearcidades\/wp-json\/wp\/v2\/pages"}],"about":[{"href":"https:\/\/extensao.ifg.edu.br\/projetosanearcidades\/wp-json\/wp\/v2\/types\/page"}],"author":[{"embeddable":true,"href":"https:\/\/extensao.ifg.edu.br\/projetosanearcidades\/wp-json\/wp\/v2\/users\/4"}],"replies":[{"embeddable":true,"href":"https:\/\/extensao.ifg.edu.br\/projetosanearcidades\/wp-json\/wp\/v2\/comments?post=44"}],"version-history":[{"count":10,"href":"https:\/\/extensao.ifg.edu.br\/projetosanearcidades\/wp-json\/wp\/v2\/pages\/44\/revisions"}],"predecessor-version":[{"id":268,"href":"https:\/\/extensao.ifg.edu.br\/projetosanearcidades\/wp-json\/wp\/v2\/pages\/44\/revisions\/268"}],"wp:attachment":[{"href":"https:\/\/extensao.ifg.edu.br\/projetosanearcidades\/wp-json\/wp\/v2\/media?parent=44"}],"curies":[{"name":"wp","href":"https:\/\/api.w.org\/{rel}","templated":true}]}}