{"id":37,"date":"2017-03-22T12:44:58","date_gmt":"2017-03-22T15:44:58","guid":{"rendered":"http:\/\/extensao.ifg.edu.br\/projetosanearcidades\/?page_id=37"},"modified":"2017-10-31T15:12:14","modified_gmt":"2017-10-31T17:12:14","slug":"o-projeto","status":"publish","type":"page","link":"https:\/\/extensao.ifg.edu.br\/projetosanearcidades\/o-projeto\/","title":{"rendered":"Legisla\u00e7\u00e3o"},"content":{"rendered":"<p>O Projeto SanearCidades \u00e9 uma iniciativa da Funasa e do IFG para realiza\u00e7\u00e3o da capacita\u00e7\u00e3o e assist\u00eancia t\u00e9cnica aos munic\u00edpios que fizeram ades\u00e3o junto \u00e0 Funasa para elabora\u00e7\u00e3o do Plano Municipal de Saneamento B\u00e1sico (PMSB).<\/p>\n<p> O PMSB tem como objetivo a universaliza\u00e7\u00e3o do servi\u00e7o p\u00fablico de saneamento b\u00e1sico, com servi\u00e7os e produtos de qualidade abrangendo os servi\u00e7os de <span mce_name=\"strong\" mce_style=\"font-weight: bold;\" style=\"font-weight: bold;\" class=\"Apple-style-span\">abastecimento de \u00e1gua pot\u00e1vel e esgotamento sanit\u00e1rio, limpeza urbana e manejo de res\u00edduos s\u00f3lidos, e drenagem e manejo das \u00e1guas pluviais<\/span> apresentados para discuss\u00e3o e aprova\u00e7\u00e3o pelo Munic\u00edpio, conforme previsto no <a href=\"http:\/\/www.planalto.gov.br\/ccivil_03\/_ato2007-2010\/2007\/lei\/l11445.htm\" mce_href=\"http:\/\/www.planalto.gov.br\/ccivil_03\/_ato2007-2010\/2007\/lei\/l11445.htm\">artigo 19 da Lei Federal n\u00ba 11.445 de 5 de janeiro de 2007<\/a>, que estabelece as diretrizes nacionais para o saneamento b\u00e1sico.<\/p>\n<p>De acordo com a Lei Federal n\u00ba 11.445\/2007 a titularidade dos servi\u00e7os de saneamento \u00e9 de interesse local e define ainda que todos os munic\u00edpios brasileiros dever\u00e3o elaborar os seus Planos de Saneamento B\u00e1sico. Durante a execu\u00e7\u00e3o do Projeto Sanear Cidades os munic\u00edpios s\u00e3o os respons\u00e1veis pela constitui\u00e7\u00e3o do grupo de trabalho, realiza\u00e7\u00e3o das oficinas de mobiliza\u00e7\u00e3o social, al\u00e9m de todas as atividades para a elabora\u00e7\u00e3o do Plano Municipal de Saneamento.<\/p>\n","protected":false},"excerpt":{"rendered":"<p>O Projeto SanearCidades \u00e9 uma iniciativa da Funasa e do IFG para realiza\u00e7\u00e3o da capacita\u00e7\u00e3o e assist\u00eancia t\u00e9cnica aos munic\u00edpios que fizeram ades\u00e3o junto \u00e0 Funasa para elabora\u00e7\u00e3o do Plano Municipal de Saneamento B\u00e1sico (PMSB). O PMSB tem como objetivo a universaliza\u00e7\u00e3o do servi\u00e7o p\u00fablico de saneamento b\u00e1sico, com servi\u00e7os e produtos de qualidade abrangendo [&hellip;]<\/p>\n","protected":false},"author":4,"featured_media":0,"parent":0,"menu_order":0,"comment_status":"closed","ping_status":"closed","template":"","meta":{"_links_to":"","_links_to_type":0,"footnotes":""},"class_list":["post-37","page","type-page","status-publish","hentry"],"_links":{"self":[{"href":"https:\/\/extensao.ifg.edu.br\/projetosanearcidades\/wp-json\/wp\/v2\/pages\/37"}],"collection":[{"href":"https:\/\/extensao.ifg.edu.br\/projetosanearcidades\/wp-json\/wp\/v2\/pages"}],"about":[{"href":"https:\/\/extensao.ifg.edu.br\/projetosanearcidades\/wp-json\/wp\/v2\/types\/page"}],"author":[{"embeddable":true,"href":"https:\/\/extensao.ifg.edu.br\/projetosanearcidades\/wp-json\/wp\/v2\/users\/4"}],"replies":[{"embeddable":true,"href":"https:\/\/extensao.ifg.edu.br\/projetosanearcidades\/wp-json\/wp\/v2\/comments?post=37"}],"version-history":[{"count":4,"href":"https:\/\/extensao.ifg.edu.br\/projetosanearcidades\/wp-json\/wp\/v2\/pages\/37\/revisions"}],"predecessor-version":[{"id":652,"href":"https:\/\/extensao.ifg.edu.br\/projetosanearcidades\/wp-json\/wp\/v2\/pages\/37\/revisions\/652"}],"wp:attachment":[{"href":"https:\/\/extensao.ifg.edu.br\/projetosanearcidades\/wp-json\/wp\/v2\/media?parent=37"}],"curies":[{"name":"wp","href":"https:\/\/api.w.org\/{rel}","templated":true}]}}