{"id":31,"date":"2017-03-22T09:19:26","date_gmt":"2017-03-22T12:19:26","guid":{"rendered":"http:\/\/extensao.ifg.edu.br\/projetosanearcidades\/?page_id=31"},"modified":"2017-03-22T14:03:14","modified_gmt":"2017-03-22T17:03:14","slug":"projeto-sanearcidades","status":"publish","type":"page","link":"https:\/\/extensao.ifg.edu.br\/projetosanearcidades\/projeto-sanearcidades\/","title":{"rendered":"Projeto SanearCidades"},"content":{"rendered":"<p>O Projeto SanearCidades, oriundo da assinatura do Termo de Execu\u00e7\u00e3o Descentralizada n\u00b0 17, de dezembro de 2014 firmado entre a <a href=\"http:\/\/www.funasa.gov.br\/site\/\">Funda\u00e7\u00e3o Nacional de Sa\u00fade (FUNASA)<\/a> e o <a href=\"http:\/\/www.ifg.edu.br\/\">Instituto Federal de Goi\u00e1s (IFG)<\/a> tem como objetivo capacitar os t\u00e9cnicos municipais e assessorar tecnicamente as prefeituras na elabora\u00e7\u00e3o dos Planos Municipais de Saneamento B\u00e1sico (PMSB) dos munic\u00edpios selecionados pela Funasa, com popula\u00e7\u00e3o de at\u00e9 50.000 habitantes, do Estado de Goi\u00e1s.<\/p>\n<p>A experi\u00eancia centen\u00e1ria das duas institui\u00e7\u00f5es, em ensino t\u00e9cnico e tecnol\u00f3gico, por um lado, e de a\u00e7\u00f5es de saneamento por outro, permitir\u00e1 um sinergismo nos prop\u00f3sitos de institucionalizar definitivamente o saneamento ambiental em cada munic\u00edpio participante.<\/p>\n<p>Assim, ao firmar este Termo de Execu\u00e7\u00e3o Descentralizada a FUNASA e o IFG proporcionar\u00e3o o fortalecimento da gest\u00e3o, o desenvolvimento institucional local e a implanta\u00e7\u00e3o das a\u00e7\u00f5es de saneamento nos munic\u00edpios do Estado de Goi\u00e1s, resultando na melhoria dos \u00edndices atuais e consequentemente na qualidade de vida da popula\u00e7\u00e3o goiana.<\/p>\n<p><a href=\"http:\/\/extensao.ifg.edu.br\/projetosanearcidades\/cidadespolos\/\">Para conferir os munic\u00edpios participantes, clique aqui.<\/a><\/p>\n","protected":false},"excerpt":{"rendered":"<p>O Projeto SanearCidades, oriundo da assinatura do Termo de Execu\u00e7\u00e3o Descentralizada n\u00b0 17, de dezembro de 2014 firmado entre a Funda\u00e7\u00e3o Nacional de Sa\u00fade (FUNASA) e o Instituto Federal de Goi\u00e1s (IFG) tem como objetivo capacitar os t\u00e9cnicos municipais e assessorar tecnicamente as prefeituras na elabora\u00e7\u00e3o dos Planos Municipais de Saneamento B\u00e1sico (PMSB) dos munic\u00edpios [&hellip;]<\/p>\n","protected":false},"author":4,"featured_media":0,"parent":0,"menu_order":0,"comment_status":"closed","ping_status":"closed","template":"","meta":{"_links_to":"","_links_to_type":0,"footnotes":""},"class_list":["post-31","page","type-page","status-publish","hentry"],"_links":{"self":[{"href":"https:\/\/extensao.ifg.edu.br\/projetosanearcidades\/wp-json\/wp\/v2\/pages\/31"}],"collection":[{"href":"https:\/\/extensao.ifg.edu.br\/projetosanearcidades\/wp-json\/wp\/v2\/pages"}],"about":[{"href":"https:\/\/extensao.ifg.edu.br\/projetosanearcidades\/wp-json\/wp\/v2\/types\/page"}],"author":[{"embeddable":true,"href":"https:\/\/extensao.ifg.edu.br\/projetosanearcidades\/wp-json\/wp\/v2\/users\/4"}],"replies":[{"embeddable":true,"href":"https:\/\/extensao.ifg.edu.br\/projetosanearcidades\/wp-json\/wp\/v2\/comments?post=31"}],"version-history":[{"count":5,"href":"https:\/\/extensao.ifg.edu.br\/projetosanearcidades\/wp-json\/wp\/v2\/pages\/31\/revisions"}],"predecessor-version":[{"id":57,"href":"https:\/\/extensao.ifg.edu.br\/projetosanearcidades\/wp-json\/wp\/v2\/pages\/31\/revisions\/57"}],"wp:attachment":[{"href":"https:\/\/extensao.ifg.edu.br\/projetosanearcidades\/wp-json\/wp\/v2\/media?parent=31"}],"curies":[{"name":"wp","href":"https:\/\/api.w.org\/{rel}","templated":true}]}}