{"id":298,"date":"2017-03-24T09:35:58","date_gmt":"2017-03-24T12:35:58","guid":{"rendered":"http:\/\/extensao.ifg.edu.br\/projetosanearcidades\/?page_id=298"},"modified":"2017-11-01T15:07:33","modified_gmt":"2017-11-01T17:07:33","slug":"uruacu","status":"publish","type":"page","link":"https:\/\/extensao.ifg.edu.br\/projetosanearcidades\/uruacu\/","title":{"rendered":"Urua\u00e7u"},"content":{"rendered":"<p><a href=\"http:\/\/extensao.ifg.edu.br\/projetosanearcidades\/contatos\/\">Contatos do Polo<\/a><\/p>\n<p>&nbsp;<\/p>\n<p><strong>Hotel<\/strong><\/p>\n<p>1 &#8211; <a href=\"http:\/\/www.cassiushotel.com.br\/\">HOTEL CASSIUS<\/a><br \/>\nEndere\u00e7o: <a href=\"https:\/\/www.google.com.br\/maps\/place\/Cassius+Hotel\/@-14.5329677,-49.1520816,17z\/data=!3m1!4b1!4m5!3m4!1s0x93430ecf27306c89:0x64102d41497cc031!8m2!3d-14.5329729!4d-49.1498929?hl=pt-BR\">Rua Carioca, Qd 01 Lt 19, Setor Copacabana, Uruacu-GO, CEP 76400-00.<\/a><br \/>\nTelefone: <a href=\"tel:6233572262\">(62) 3357-2262<\/a><\/p>\n<p>2 &#8211; <a href=\"http:\/\/conforthoteluruacu.com.br\/\">CONFORT HOTEL<\/a><br \/>\nEndere\u00e7o: <a href=\"https:\/\/www.google.com.br\/maps\/place\/Confort+Hotel\/@-14.5340034,-49.1528132,17z\/data=!3m1!4b1!4m5!3m4!1s0x93430ec5023534af:0xd4f9c34b2efe45b9!8m2!3d-14.5340086!4d-49.1506245?hl=pt-BR\">Av. Carioca, Qd 65 Lt 01 &#8211; Setor Sul, Urua\u00e7u-GO, CEP: 76400-000<\/a><br \/>\nTelefone: <a href=\"tel:6233571933\">(62) 3357-1933<\/a> \/ <a href=\"tel:6233576309\">(62) 3357-6309<\/a><\/p>\n<p>&nbsp;<\/p>\n<p><strong>Restaurantes<\/strong><\/p>\n<p>1 &#8211; Restaurante Churrascaria Planalto<br \/>\nEndere\u00e7o: <a href=\"https:\/\/www.google.com.br\/maps\/place\/Churrascaria+Planalto\/@-14.5250103,-49.1477193,17z\/data=!3m1!4b1!4m5!3m4!1s0x93430eb0d460badb:0x9d5e555a1528dda9!8m2!3d-14.5250155!4d-49.1455306?hl=pt-BR\">Av. Tocantins, 112 &#8211; centro, Urua\u00e7u &#8211; GO, 76400-000.<\/a><br \/>\nTelefone: <a href=\"tel:6233571094\">(62) 3357-1094<\/a><br \/>\nHor\u00e1rio de funcionamento: almo\u00e7o (11:00-14:30) e janta (19:00-00:00), segunda a segunda.<\/p>\n<p>2 &#8211; Frigideira Churrascaria e Lanchonete<br \/>\nEndere\u00e7o: <a href=\"https:\/\/www.google.com.br\/maps\/place\/Frigideira+Churrascaria+e+Lanchonete\/@-14.5207637,-49.1565965,16z\/data=!4m8!1m2!2m1!1sFrigideira+Churrascaria+e+Lanchonete!3m4!1s0x93430ed3b6ba6ae7:0x38edcf4ae50d1f47!8m2!3d-14.5259977!4d-49.1554197?hl=pt-BR\">Av. Cel. Gaspar &#8211; Vila Santana, Urua\u00e7u &#8211; GO, 76400-000<\/a><br \/>\nTelefone: <a href=\"tel:6233577062\">(62) 3357-7062<\/a><br \/>\nHor\u00e1rio de funcionamento: 11:00-00:00, fechado \u00e0s ter\u00e7as-feiras.<\/p>\n<p>3 &#8211; Dallas Restaurante e Pizzaria<br \/>\nEndere\u00e7o: <a href=\"https:\/\/www.google.com.br\/maps\/place\/Dallas+Restaurante+Pizzaria\/@-14.5242869,-49.1459358,17z\/data=!3m1!4b1!4m5!3m4!1s0x93430ecbf2e9cd8b:0xf33f964344db24a0!8m2!3d-14.5242921!4d-49.1437471?hl=pt-BR\">Rua Isabel Fernandes de Carvalho, 14, Centro, Urua\u00e7u &#8211; GO, 76400-000<\/a><br \/>\nTelefone: <a href=\"tel:6233571975\">(62) 3357-1975<\/a><br \/>\nHor\u00e1rio de funcionamento: 07:00 \u2013 00:00, fechado \u00e0s segundas-feiras.<\/p>\n<p>&nbsp;<\/p>\n<p><strong>Empresas de Taxi<\/strong><\/p>\n<p>1 &#8211; Ponto de Taxi da Rodovi\u00e1ria de Urua\u00e7u<br \/>\nTelefone: <a href=\"tel:6233571027\">(62) 3357-1027<\/a><\/p>\n<p>2 &#8211; Taxi Santana<br \/>\nTelefone: <a href=\"tel:62996093993\">(62) 99609-3993<\/a><\/p>\n<p>3 &#8211; Taxi Urua\u00e7u<br \/>\nTelefone: <a href=\"tel:6233576605\">(62) 3357-6605<\/a><\/p>\n","protected":false},"excerpt":{"rendered":"<p>Contatos do Polo &nbsp; Hotel 1 &#8211; HOTEL CASSIUS Endere\u00e7o: Rua Carioca, Qd 01 Lt 19, Setor Copacabana, Uruacu-GO, CEP 76400-00. Telefone: (62) 3357-2262 2 &#8211; CONFORT HOTEL Endere\u00e7o: Av. Carioca, Qd 65 Lt 01 &#8211; Setor Sul, Urua\u00e7u-GO, CEP: 76400-000 Telefone: (62) 3357-1933 \/ (62) 3357-6309 &nbsp; Restaurantes 1 &#8211; Restaurante Churrascaria Planalto Endere\u00e7o: [&hellip;]<\/p>\n","protected":false},"author":4,"featured_media":0,"parent":0,"menu_order":0,"comment_status":"closed","ping_status":"closed","template":"","meta":{"_links_to":"","_links_to_type":0,"footnotes":""},"class_list":["post-298","page","type-page","status-publish","hentry"],"_links":{"self":[{"href":"https:\/\/extensao.ifg.edu.br\/projetosanearcidades\/wp-json\/wp\/v2\/pages\/298"}],"collection":[{"href":"https:\/\/extensao.ifg.edu.br\/projetosanearcidades\/wp-json\/wp\/v2\/pages"}],"about":[{"href":"https:\/\/extensao.ifg.edu.br\/projetosanearcidades\/wp-json\/wp\/v2\/types\/page"}],"author":[{"embeddable":true,"href":"https:\/\/extensao.ifg.edu.br\/projetosanearcidades\/wp-json\/wp\/v2\/users\/4"}],"replies":[{"embeddable":true,"href":"https:\/\/extensao.ifg.edu.br\/projetosanearcidades\/wp-json\/wp\/v2\/comments?post=298"}],"version-history":[{"count":14,"href":"https:\/\/extensao.ifg.edu.br\/projetosanearcidades\/wp-json\/wp\/v2\/pages\/298\/revisions"}],"predecessor-version":[{"id":672,"href":"https:\/\/extensao.ifg.edu.br\/projetosanearcidades\/wp-json\/wp\/v2\/pages\/298\/revisions\/672"}],"wp:attachment":[{"href":"https:\/\/extensao.ifg.edu.br\/projetosanearcidades\/wp-json\/wp\/v2\/media?parent=298"}],"curies":[{"name":"wp","href":"https:\/\/api.w.org\/{rel}","templated":true}]}}