{"id":279,"date":"2017-03-23T17:25:15","date_gmt":"2017-03-23T20:25:15","guid":{"rendered":"http:\/\/extensao.ifg.edu.br\/projetosanearcidades\/?page_id=279"},"modified":"2017-11-01T15:06:04","modified_gmt":"2017-11-01T17:06:04","slug":"aparecida-de-goiania","status":"publish","type":"page","link":"https:\/\/extensao.ifg.edu.br\/projetosanearcidades\/aparecida-de-goiania\/","title":{"rendered":"Aparecida de Goi\u00e2nia"},"content":{"rendered":"<p><a href=\"http:\/\/extensao.ifg.edu.br\/projetosanearcidades\/contatos\/\">Contatos do Polo<\/a><br \/>\n<!--\nEndere\u00e7o: <a href=\"https:\/\/www.google.com.br\/maps\/dir\/''\/ifg+aparecida+de+goiania\/@-16.8161987,-49.2774048,16.92z\/data=!4m8!4m7!1m0!1m5!1m1!1s0x935efbec5d2f1ca9:0x56a4efc2521a8bea!2m2!1d-49.2720937!2d-16.8163057\">Av. Universit\u00e1ria Vereador Vagner da Silva Ferreira (antiga Rua Mucuri), Qd-1, Lt 1-A \u2013 Parque Itatiaia. Aparecida de Goi\u00e2nia-GO. CEP: 74968-755 (Pr\u00f3ximo ao HUAPA - Hospital de Urg\u00eancias de Aparecida de Goi\u00e2nia)<\/a>\nE-mail: <a href=\"mailto:poloaparecidadegoiania.funasa@ifg.edu.br\">poloaparecidadegoiania.funasa@ifg.edu.br<\/a>\nTelefone: <a href=\"tel:6235075950\">(62) 3507-5950<\/a>\nCoordenadora: Glaucia Rosalina Machado Vieira\n--><br \/>\n&nbsp;<\/p>\n<p><strong>Hotel<\/strong><\/p>\n<p>1 &#8211; <a href=\"https:\/\/www.hotel10.com.br\/\">HOTEL 10<\/a><br \/>\nEndere\u00e7o: <a href=\"https:\/\/www.google.com.br\/maps\/place\/Hotel+10+Goi%C3%A2nia\/@-16.8008187,-49.2439424,16.95z\/data=!4m5!3m4!1s0x935efb76c05828e1:0x981c40d142eb9efe!8m2!3d-16.8001015!4d-49.2396229?hl=pt-BR\">BR 153, Km 511, Bairro: Jardim Cristal, Aparecida de Goi\u00e2nia-GO, CEP: 74982-310<\/a><br \/>\nTelefone: <a href=\"tel:6239835656\">(62) 3983-5656<\/a><br \/>\nE-mail: <a href=\"mailto:reservasgoiania@hotel10.com.br\">reservasgoiania@hotel10.com.br<\/a><\/p>\n<p>&nbsp;<\/p>\n<p><strong>Restaurantes<\/strong><\/p>\n<p>1 &#8211; Restaurante Hora M\u00e1gica<br \/>\nEndere\u00e7o: <a href=\"https:\/\/www.google.com.br\/maps\/place\/Restaurante+Hora+Magica\/@-16.8183265,-49.2606072,16z\/data=!4m5!3m4!1s0x935efb838c30d503:0x8f66d380987b6666!8m2!3d-16.8193614!4d-49.2482214?hl=pt-BR\">Rua Pirineus com Versalhes Qd.3 Lote 9, S\/n. Residencial Village Garavelo, Aparecida de Goi\u00e2nia.<\/a><br \/>\nTelefone: <a href=\"tel:6232481462\">(62) 3248-1462<\/a><\/p>\n<p>2 &#8211; Churrascaria Tonh\u00e3o Carreiro<br \/>\nEndere\u00e7o: <a href=\"https:\/\/www.google.com.br\/maps\/place\/Churrascaria+Tonhao+Carreiro\/@-16.8301136,-49.252938,16.08z\/data=!4m5!3m4!1s0x935efc7e49cfefcb:0x74df873ffc88fa16!8m2!3d-16.827625!4d-49.244909?hl=pt-BR\">Avenida das Na\u00e7\u00f5es S\/n, Qd. 14 Lote 12. Bairro Vera Cruz. Pr\u00f3ximo ao centro. Aparecida de Goi\u00e2nia.<\/a><br \/>\nTelefone: <a href=\"tel:6235844130\">(62) 3584-4130<\/a><\/p>\n<p>3 &#8211; Fernandos Restaurante<br \/>\nEndere\u00e7o: <a href=\"https:\/\/www.google.com.br\/maps\/place\/Fernando's+Restaurante\/@-16.8237788,-49.2487549,17z\/data=!3m1!4b1!4m5!3m4!1s0x935efc801f50a2bb:0x5a435e43b31abd07!8m2!3d-16.8237839!4d-49.2465662?hl=pt-BR\">Av. Abel Ribeiro, n\u00ba 488 &#8211; Setor Central. Aparecida de Goi\u00e2nia &#8211; GO, 74980-010<\/a><br \/>\nTelefone: <a href=\"tel:6230972116\">(62) 3097-2116<\/a><\/p>\n<p>&nbsp;<\/p>\n<p><strong>Observa\u00e7\u00e3o importante:<\/strong> Teremos restaurante funcionando no pr\u00f3prio campus do IFG Aparecida de Goi\u00e2nia.<\/p>\n<p>&nbsp;<\/p>\n<p><strong>Empresas de Taxi<\/strong><\/p>\n<p>1 &#8211; TELET\u00c1XI TERMINAL VEIGA JARDIM<br \/>\nEndere\u00e7o: Av Escultor Veiga Valle, qd-27, lt-241, Parque Veiga Jardim, Aparecida de Goi\u00e2nia-GO, CEP: 74954-310.<br \/>\nTelefone: <a href=\"tel:6235182622\">(62) 3518-2622<\/a><\/p>\n<p>2 &#8211; PONTO DE T\u00c1XI BANDEIRANTES<br \/>\nEndere\u00e7o: Rod BR-153, km-9, qd-74, lt-10, Vila Nossa Senhora de Lourdes, Aparecida de Goi\u00e2nia-GO, CEP: 74912-650<br \/>\nTelefone: <a href=\"tel:6232423103\">(62) 3242-3103<\/a> \/ <a href=\"tel:6232780235\">(62) 3278-0235<\/a><\/p>\n","protected":false},"excerpt":{"rendered":"<p>Contatos do Polo &nbsp; Hotel 1 &#8211; HOTEL 10 Endere\u00e7o: BR 153, Km 511, Bairro: Jardim Cristal, Aparecida de Goi\u00e2nia-GO, CEP: 74982-310 Telefone: (62) 3983-5656 E-mail: reservasgoiania@hotel10.com.br &nbsp; Restaurantes 1 &#8211; Restaurante Hora M\u00e1gica Endere\u00e7o: Rua Pirineus com Versalhes Qd.3 Lote 9, S\/n. Residencial Village Garavelo, Aparecida de Goi\u00e2nia. Telefone: (62) 3248-1462 2 &#8211; Churrascaria [&hellip;]<\/p>\n","protected":false},"author":4,"featured_media":0,"parent":0,"menu_order":0,"comment_status":"closed","ping_status":"closed","template":"","meta":{"_links_to":"","_links_to_type":0,"footnotes":""},"class_list":["post-279","page","type-page","status-publish","hentry"],"_links":{"self":[{"href":"https:\/\/extensao.ifg.edu.br\/projetosanearcidades\/wp-json\/wp\/v2\/pages\/279"}],"collection":[{"href":"https:\/\/extensao.ifg.edu.br\/projetosanearcidades\/wp-json\/wp\/v2\/pages"}],"about":[{"href":"https:\/\/extensao.ifg.edu.br\/projetosanearcidades\/wp-json\/wp\/v2\/types\/page"}],"author":[{"embeddable":true,"href":"https:\/\/extensao.ifg.edu.br\/projetosanearcidades\/wp-json\/wp\/v2\/users\/4"}],"replies":[{"embeddable":true,"href":"https:\/\/extensao.ifg.edu.br\/projetosanearcidades\/wp-json\/wp\/v2\/comments?post=279"}],"version-history":[{"count":18,"href":"https:\/\/extensao.ifg.edu.br\/projetosanearcidades\/wp-json\/wp\/v2\/pages\/279\/revisions"}],"predecessor-version":[{"id":670,"href":"https:\/\/extensao.ifg.edu.br\/projetosanearcidades\/wp-json\/wp\/v2\/pages\/279\/revisions\/670"}],"wp:attachment":[{"href":"https:\/\/extensao.ifg.edu.br\/projetosanearcidades\/wp-json\/wp\/v2\/media?parent=279"}],"curies":[{"name":"wp","href":"https:\/\/api.w.org\/{rel}","templated":true}]}}