{"id":133,"date":"2017-03-22T20:37:51","date_gmt":"2017-03-22T23:37:51","guid":{"rendered":"http:\/\/extensao.ifg.edu.br\/projetosanearcidades\/?page_id=133"},"modified":"2018-03-15T16:18:55","modified_gmt":"2018-03-15T19:18:55","slug":"contatos","status":"publish","type":"page","link":"https:\/\/extensao.ifg.edu.br\/projetosanearcidades\/contatos\/","title":{"rendered":"Contatos"},"content":{"rendered":"<p><strong>Coordena\u00e7\u00e3o Geral<\/strong><\/p>\n<p>Coordenadora: Carla Rosana Azambuja Herrmann<br \/>\nE-mail: <a href=\"mailto:projeto.funasa@ifg.edu.br\">projeto.funasa@ifg.edu.br<\/a><br \/>\nSite: <a href=\"http:\/\/extensao.ifg.edu.br\/projetosanearcidades\/\">http:\/\/extensao.ifg.edu.br\/projetosanearcidades\/<\/a><\/p>\n<p>&nbsp;<\/p>\n<p><strong>Polo Aparecida de Goi\u00e2nia<\/strong><\/p>\n<p>Coordenadora: Raissa Regis da Silva<br \/>\nEndere\u00e7o: <a href=\"https:\/\/www.google.com.br\/maps\/dir\/''\/ifg+aparecida+de+goiania\/@-16.8161987,-49.2774048,16.92z\/data=!4m8!4m7!1m0!1m5!1m1!1s0x935efbec5d2f1ca9:0x56a4efc2521a8bea!2m2!1d-49.2720937!2d-16.8163057\">Av. Universit\u00e1ria Vereador Vagner da Silva Ferreira (antiga Rua Mucuri), Qd-1, Lt 1-A \u2013 Parque Itatiaia. Aparecida de Goi\u00e2nia-GO. CEP: 74968-755 (Pr\u00f3ximo ao HUAPA &#8211; Hospital de Urg\u00eancias de Aparecida de Goi\u00e2nia)<\/a><br \/>\nE-mail: <a href=\"mailto:poloaparecidadegoiania.funasa@ifg.edu.br\">poloaparecidadegoiania.funasa@ifg.edu.br<\/a><br \/>\nSite: <a href=\"http:\/\/extensao.ifg.edu.br\/projetosanearcidades\/\">http:\/\/extensao.ifg.edu.br\/projetosanearcidades\/<\/a><br \/>\nTelefone: <a href=\"tel:6235075982\">Sala administrativa (62) 3507-5982<\/a><a href=\"tel:6235075996\"> \/ Sala da assist\u00eancia t\u00e9cnica (62) 3507-5996<\/a><br \/>\nHor\u00e1rio de funcionamento: 8h \u00e0s 12h e 13h \u00e0s 18h (segunda a sexta)<\/p>\n<p>&nbsp;<\/p>\n<p><strong>Polo Goi\u00e2nia<\/strong><\/p>\n<p>Coordenador: Maxl\u00e2nio Dias Sousa<br \/>\nEndere\u00e7o: <a href=\"https:\/\/www.google.com.br\/maps\/place\/IFG+-+C%C3%A2mpus+Goi%C3%A2nia\/@-16.6664671,-49.2551451,17z\/data=!4m5!3m4!1s0x0:0x7730244ce193aa44!8m2!3d-16.665573!4d-49.2551422?hl=pt-BR\">Rua 75, n\u00ba 46, Setor Centro, Goi\u00e2nia-GO, CEP: 74.055-110<\/a><br \/>\nE-mail: <a href=\"mailto:pologoiania.funasa@ifg.edu.br\">pologoiania.funasa@ifg.edu.br<\/a><br \/>\nSite: <a href=\"http:\/\/extensao.ifg.edu.br\/projetosanearcidades\/\">http:\/\/extensao.ifg.edu.br\/projetosanearcidades\/<\/a><br \/>\nTelefone: <a href=\"tel:6232272746\">(62) 3227-2746<\/a> \/ <a href=\"tel:6232272848\">(62) 3227-2848<\/a><br \/>\nHor\u00e1rio de funcionamento: 8h \u00e0s 13h e 14h \u00e0s 18h (segunda a sexta)<br \/>\nObserva\u00e7\u00e3o: O contato ser\u00e1 feito preferencialmente por e-mail.<\/p>\n<p>&nbsp;<\/p>\n<p><strong>Polo Urua\u00e7u<\/strong><br \/>\n<!-- Coordenadora: J\u00falia Borges dos Santos --><br \/>\nEndere\u00e7o: <a href=\"https:\/\/www.google.com.br\/maps\/place\/Instituto+Federal+de+Goi%C3%A1s+IFG+-+C%C3%A2mpus+Urua%C3%A7u\/@-14.509642,-49.143841,15z\/data=!4m5!3m4!1s0x0:0xfc6628e2c886db35!8m2!3d-14.509642!4d-49.143841\">Rua Formosa, Qds. 28\/29, Loteamento Santana. CEP: 76400-000. Urua\u00e7u &#8211; GO (pr\u00f3ximo ao anel vi\u00e1rio)<\/a><br \/>\nE-mail: <a href=\"mailto:polouruacu.funasa@ifg.edu.br\">polouruacu.funasa@ifg.edu.br<\/a><br \/>\nSite: <a href=\"http:\/\/extensao.ifg.edu.br\/projetosanearcidades\/\">http:\/\/extensao.ifg.edu.br\/projetosanearcidades\/<\/a><br \/>\nTelefone: <a href=\"tel:6233578150\">(62) 3357-8150<\/a><\/p>\n","protected":false},"excerpt":{"rendered":"<p>Coordena\u00e7\u00e3o Geral Coordenadora: Carla Rosana Azambuja Herrmann E-mail: projeto.funasa@ifg.edu.br Site: http:\/\/extensao.ifg.edu.br\/projetosanearcidades\/ &nbsp; Polo Aparecida de Goi\u00e2nia Coordenadora: Raissa Regis da Silva Endere\u00e7o: Av. Universit\u00e1ria Vereador Vagner da Silva Ferreira (antiga Rua Mucuri), Qd-1, Lt 1-A \u2013 Parque Itatiaia. Aparecida de Goi\u00e2nia-GO. CEP: 74968-755 (Pr\u00f3ximo ao HUAPA &#8211; Hospital de Urg\u00eancias de Aparecida de Goi\u00e2nia) E-mail: [&hellip;]<\/p>\n","protected":false},"author":4,"featured_media":0,"parent":0,"menu_order":0,"comment_status":"closed","ping_status":"closed","template":"","meta":{"_links_to":"","_links_to_type":0,"footnotes":""},"class_list":["post-133","page","type-page","status-publish","hentry"],"_links":{"self":[{"href":"https:\/\/extensao.ifg.edu.br\/projetosanearcidades\/wp-json\/wp\/v2\/pages\/133"}],"collection":[{"href":"https:\/\/extensao.ifg.edu.br\/projetosanearcidades\/wp-json\/wp\/v2\/pages"}],"about":[{"href":"https:\/\/extensao.ifg.edu.br\/projetosanearcidades\/wp-json\/wp\/v2\/types\/page"}],"author":[{"embeddable":true,"href":"https:\/\/extensao.ifg.edu.br\/projetosanearcidades\/wp-json\/wp\/v2\/users\/4"}],"replies":[{"embeddable":true,"href":"https:\/\/extensao.ifg.edu.br\/projetosanearcidades\/wp-json\/wp\/v2\/comments?post=133"}],"version-history":[{"count":35,"href":"https:\/\/extensao.ifg.edu.br\/projetosanearcidades\/wp-json\/wp\/v2\/pages\/133\/revisions"}],"predecessor-version":[{"id":983,"href":"https:\/\/extensao.ifg.edu.br\/projetosanearcidades\/wp-json\/wp\/v2\/pages\/133\/revisions\/983"}],"wp:attachment":[{"href":"https:\/\/extensao.ifg.edu.br\/projetosanearcidades\/wp-json\/wp\/v2\/media?parent=133"}],"curies":[{"name":"wp","href":"https:\/\/api.w.org\/{rel}","templated":true}]}}