{"id":77,"date":"2024-09-25T20:07:11","date_gmt":"2024-09-25T23:07:11","guid":{"rendered":"http:\/\/extensao.ifg.edu.br\/programa-atena\/?page_id=77"},"modified":"2024-12-11T11:44:53","modified_gmt":"2024-12-11T14:44:53","slug":"fale-conosco","status":"publish","type":"page","link":"https:\/\/extensao.ifg.edu.br\/programa-atena\/fale-conosco\/","title":{"rendered":"Fale conosco"},"content":{"rendered":"<p>Precisa de ajuda ou tem alguma d\u00favida? A equipe da Biblioteca est\u00e1 \u00e0 disposi\u00e7\u00e3o para auxiliar!<\/p>\n<p><strong>Voc\u00ea pode nos contatar atrav\u00e9s dos seguintes canais:<\/strong><\/p>\n<p>WhatsApp: <span style=\"font-weight: 400\">(62) 3030-1086<\/span><\/p>\n<p>Email: <span style=\"font-weight: 400\">concurso.leitores@ifg.edu.br<\/span><\/p>\n<p><strong>Siga-nos nas redes sociais para novidades e atualiza\u00e7\u00f5es!<\/strong><\/p>\n<p>Instagram: @bibliotecaatena<\/p>\n\n\n\n","protected":false},"excerpt":{"rendered":"<p>Precisa de ajuda ou tem alguma d\u00favida? A equipe da Biblioteca est\u00e1 \u00e0 disposi\u00e7\u00e3o para auxiliar! Voc\u00ea pode nos contatar atrav\u00e9s dos seguintes canais: WhatsApp: (62) 3030-1086 Email: concurso.leitores@ifg.edu.br Siga-nos nas redes sociais para novidades e atualiza\u00e7\u00f5es! Instagram: @bibliotecaatena<\/p>\n","protected":false},"author":116,"featured_media":0,"parent":0,"menu_order":0,"comment_status":"closed","ping_status":"closed","template":"","meta":{"_links_to":"","_links_to_type":0,"footnotes":""},"class_list":["post-77","page","type-page","status-publish","hentry"],"_links":{"self":[{"href":"https:\/\/extensao.ifg.edu.br\/programa-atena\/wp-json\/wp\/v2\/pages\/77"}],"collection":[{"href":"https:\/\/extensao.ifg.edu.br\/programa-atena\/wp-json\/wp\/v2\/pages"}],"about":[{"href":"https:\/\/extensao.ifg.edu.br\/programa-atena\/wp-json\/wp\/v2\/types\/page"}],"author":[{"embeddable":true,"href":"https:\/\/extensao.ifg.edu.br\/programa-atena\/wp-json\/wp\/v2\/users\/116"}],"replies":[{"embeddable":true,"href":"https:\/\/extensao.ifg.edu.br\/programa-atena\/wp-json\/wp\/v2\/comments?post=77"}],"version-history":[{"count":36,"href":"https:\/\/extensao.ifg.edu.br\/programa-atena\/wp-json\/wp\/v2\/pages\/77\/revisions"}],"predecessor-version":[{"id":288,"href":"https:\/\/extensao.ifg.edu.br\/programa-atena\/wp-json\/wp\/v2\/pages\/77\/revisions\/288"}],"wp:attachment":[{"href":"https:\/\/extensao.ifg.edu.br\/programa-atena\/wp-json\/wp\/v2\/media?parent=77"}],"curies":[{"name":"wp","href":"https:\/\/api.w.org\/{rel}","templated":true}]}}