{"id":74,"date":"2024-09-25T20:06:56","date_gmt":"2024-09-25T23:06:56","guid":{"rendered":"http:\/\/extensao.ifg.edu.br\/programa-atena\/?page_id=74"},"modified":"2024-12-11T11:37:56","modified_gmt":"2024-12-11T14:37:56","slug":"dicas-de-leitura","status":"publish","type":"page","link":"https:\/\/extensao.ifg.edu.br\/programa-atena\/dicas-de-leitura\/","title":{"rendered":"Dicas de leitura"},"content":{"rendered":"<p>A leitura \u00e9 uma porta de entrada para novas ideias e experi\u00eancias, alimentando nossa imagina\u00e7\u00e3o e expandindo nossos horizontes. Ao mergulhar em livros, n\u00e3o apenas aprimoramos nosso conhecimento, mas tamb\u00e9m nos inspiramos a criar. Cada p\u00e1gina virada \u00e9 uma oportunidade de explorar diferentes mundos e perspectivas, estimulando nossa criatividade.<\/p>\n<p><strong>Colet\u00e2nea Leitura e Cria\u00e7\u00e3o<\/strong><\/p>\n<p>\u00c9 uma publica\u00e7\u00e3o anual das resenhas constru\u00eddas durante o Concurso Cultural Leitores\/as Destaque do Ano. Tem como objetivo incentivar o h\u00e1bito de leitura e proporcionar meios para o desenvolvimento da escrita.<\/p>\n<p>Confira as edi\u00e7\u00f5es publicadas:<\/p>\n<p><strong><span style=\"color: #008000\"><a style=\"color: #008000\" href=\"https:\/\/www.ifg.edu.br\/attachments\/article\/13969\/Coletanea_Leitura_e_criacao_10_compressed.pdf\">Leitura e Cria\u00e7\u00e3o 10 &#8211; 2023 (novo)<\/a><\/span><\/strong><\/p>\n<p><span style=\"color: #000000\"><a style=\"color: #000000\" href=\"https:\/\/www.ifg.edu.br\/attachments\/article\/13969\/Colet%C3%A2nea%20Leitura%20e%20Cria%C3%A7%C3%A3o%209_vers%C3%A3o%20revisada.docx%20(2)_compressed.pdf\">Leitura e Cria\u00e7\u00e3o 9 &#8211; 2022<\/a><\/span><\/p>\n<p><span style=\"color: #000000\"><a style=\"color: #000000\" href=\"https:\/\/ifg.edu.br\/attachments\/article\/13969\/Leitura%20e%20Cria%C3%A7%C3%A3o%208.pdf\" target=\"_blank\" rel=\"alternate noopener\">Leitura e Cria\u00e7\u00e3o\u00a08 &#8211; 2021<\/a><\/span><\/p>\n<p><span style=\"color: #000000\"><a style=\"color: #000000\" href=\"https:\/\/ifg.edu.br\/attachments\/article\/13969\/Leitura%20e%20Cria%C3%A7%C3%A3o%207_publicar.pdf\" target=\"_blank\" rel=\"alternate noopener\">Leitura e Cria\u00e7\u00e3o 7 &#8211; 2020<\/a><\/span><\/p>\n<p><span style=\"color: #000000\"><a style=\"color: #000000\" href=\"https:\/\/ifg.edu.br\/attachments\/article\/13969\/Colet%C3%A2nea%20Leitura%20e%20Cria%C3%A7%C3%A3o%206_atu_09-05-2023.docx%20(1)%20(1).pdf\" target=\"_blank\" rel=\"alternate noopener\">Leitura e Cria\u00e7\u00e3o 6 &#8211; 2019<\/a><\/span><\/p>\n<p><span style=\"color: #000000\"><a style=\"color: #000000\" href=\"https:\/\/ifg.edu.br\/attachments\/article\/13969\/Colet%C3%A2nea%20Leitura%20e%20Cria%C3%A7%C3%A3o%205-atu.docx%20(1)%20(1).pdf\" target=\"_blank\" rel=\"alternate noopener\">Leitura e Cria\u00e7\u00e3o 5 &#8211; 2018<\/a><\/span><\/p>\n<p><span style=\"color: #000000\"><a style=\"color: #000000\" href=\"https:\/\/ifg.edu.br\/attachments\/article\/1333\/coletanea_leitura_e_cria%C3%A7%C3%A3o_4_2017.pdf\" target=\"_blank\" rel=\"alternate noopener\">Leitura e Cria\u00e7\u00e3o 4 &#8211; 2017<\/a><\/span><\/p>\n<p><span style=\"color: #000000\"><a style=\"color: #000000\" href=\"https:\/\/ifg.edu.br\/attachments\/article\/1333\/coletanea_leitura_e_cria%C3%A7%C3%A3o_3_2016.pdf\" target=\"_blank\" rel=\"alternate noopener\">Leitura e Cria\u00e7\u00e3o 3 &#8211; 2016<\/a><\/span><\/p>\n<p><span style=\"color: #000000\"><a style=\"color: #000000\" href=\"https:\/\/ifg.edu.br\/attachments\/article\/1333\/coletanea_leitura_e_cria%C3%A7%C3%A3o_2_2015.pdf\" target=\"_blank\" rel=\"alternate noopener\">Leitura e Cria\u00e7\u00e3o 2 &#8211; 2015<\/a><\/span><\/p>\n<p><span style=\"color: #000000\"><a style=\"color: #000000\" href=\"https:\/\/ifg.edu.br\/attachments\/article\/1333\/coletanea_leitura_e_cria%C3%A7%C3%A3o_1_2014.pdf\" target=\"_blank\" rel=\"noopener\">Leitura e Cria\u00e7\u00e3o 1 &#8211; 2014<\/a><\/span><\/p>\n\n","protected":false},"excerpt":{"rendered":"<p>A leitura \u00e9 uma porta de entrada para novas ideias e experi\u00eancias, alimentando nossa imagina\u00e7\u00e3o e expandindo nossos horizontes. Ao mergulhar em livros, n\u00e3o apenas aprimoramos nosso conhecimento, mas tamb\u00e9m nos inspiramos a criar. Cada p\u00e1gina virada \u00e9 uma oportunidade de explorar diferentes mundos e perspectivas, estimulando nossa criatividade. Colet\u00e2nea Leitura e Cria\u00e7\u00e3o \u00c9 uma [&hellip;]<\/p>\n","protected":false},"author":116,"featured_media":0,"parent":0,"menu_order":0,"comment_status":"closed","ping_status":"closed","template":"","meta":{"_links_to":"","_links_to_type":0,"footnotes":""},"class_list":["post-74","page","type-page","status-publish","hentry"],"_links":{"self":[{"href":"https:\/\/extensao.ifg.edu.br\/programa-atena\/wp-json\/wp\/v2\/pages\/74"}],"collection":[{"href":"https:\/\/extensao.ifg.edu.br\/programa-atena\/wp-json\/wp\/v2\/pages"}],"about":[{"href":"https:\/\/extensao.ifg.edu.br\/programa-atena\/wp-json\/wp\/v2\/types\/page"}],"author":[{"embeddable":true,"href":"https:\/\/extensao.ifg.edu.br\/programa-atena\/wp-json\/wp\/v2\/users\/116"}],"replies":[{"embeddable":true,"href":"https:\/\/extensao.ifg.edu.br\/programa-atena\/wp-json\/wp\/v2\/comments?post=74"}],"version-history":[{"count":36,"href":"https:\/\/extensao.ifg.edu.br\/programa-atena\/wp-json\/wp\/v2\/pages\/74\/revisions"}],"predecessor-version":[{"id":283,"href":"https:\/\/extensao.ifg.edu.br\/programa-atena\/wp-json\/wp\/v2\/pages\/74\/revisions\/283"}],"wp:attachment":[{"href":"https:\/\/extensao.ifg.edu.br\/programa-atena\/wp-json\/wp\/v2\/media?parent=74"}],"curies":[{"name":"wp","href":"https:\/\/api.w.org\/{rel}","templated":true}]}}