{"id":71,"date":"2024-09-25T20:06:45","date_gmt":"2024-09-25T23:06:45","guid":{"rendered":"http:\/\/extensao.ifg.edu.br\/programa-atena\/?page_id=71"},"modified":"2024-12-11T11:44:19","modified_gmt":"2024-12-11T14:44:19","slug":"comunicados","status":"publish","type":"page","link":"https:\/\/extensao.ifg.edu.br\/programa-atena\/comunicados\/","title":{"rendered":"Comunicados"},"content":{"rendered":"<p><img loading=\"lazy\" decoding=\"async\" class=\"alignnone size-medium wp-image-225\" src=\"http:\/\/extensao.ifg.edu.br\/programa-atena\/wp-content\/uploads\/sites\/30\/2024\/11\/Logo-12-CLDA-fundo-transparente-300x300.png\" alt=\"\" width=\"300\" height=\"300\" srcset=\"https:\/\/extensao.ifg.edu.br\/programa-atena\/wp-content\/uploads\/sites\/30\/2024\/11\/Logo-12-CLDA-fundo-transparente-300x300.png 300w, https:\/\/extensao.ifg.edu.br\/programa-atena\/wp-content\/uploads\/sites\/30\/2024\/11\/Logo-12-CLDA-fundo-transparente-1024x1024.png 1024w, https:\/\/extensao.ifg.edu.br\/programa-atena\/wp-content\/uploads\/sites\/30\/2024\/11\/Logo-12-CLDA-fundo-transparente-150x150.png 150w, https:\/\/extensao.ifg.edu.br\/programa-atena\/wp-content\/uploads\/sites\/30\/2024\/11\/Logo-12-CLDA-fundo-transparente-768x768.png 768w, https:\/\/extensao.ifg.edu.br\/programa-atena\/wp-content\/uploads\/sites\/30\/2024\/11\/Logo-12-CLDA-fundo-transparente-500x500.png 500w, https:\/\/extensao.ifg.edu.br\/programa-atena\/wp-content\/uploads\/sites\/30\/2024\/11\/Logo-12-CLDA-fundo-transparente-400x400.png 400w, https:\/\/extensao.ifg.edu.br\/programa-atena\/wp-content\/uploads\/sites\/30\/2024\/11\/Logo-12-CLDA-fundo-transparente-1536x1536.png 1536w, https:\/\/extensao.ifg.edu.br\/programa-atena\/wp-content\/uploads\/sites\/30\/2024\/11\/Logo-12-CLDA-fundo-transparente-2048x2048.png 2048w, https:\/\/extensao.ifg.edu.br\/programa-atena\/wp-content\/uploads\/sites\/30\/2024\/11\/Logo-12-CLDA-fundo-transparente-50x50.png 50w, https:\/\/extensao.ifg.edu.br\/programa-atena\/wp-content\/uploads\/sites\/30\/2024\/11\/Logo-12-CLDA-fundo-transparente-80x80.png 80w\" sizes=\"(max-width: 300px) 100vw, 300px\" \/><\/p>\n<p><strong>Novidade!<\/strong><\/p>\n<p>\u00a0Nesta edi\u00e7\u00e3o temos a figura do\/a EMBAIXADOR\/A.<\/p>\n<p>As pessoas que ajudarem na divulga\u00e7\u00e3o do Concurso e conseguirem participantes da comunidade externa ter\u00e3o direito a certifica\u00e7\u00e3o de 5 horas complementares (para cada novo\/a participante) e, no final, concorrer\u00e3o ao sorteio de um pr\u00eamio.<\/p>\n<p>A carga hor\u00e1ria m\u00e1xima de certifica\u00e7\u00e3o para o\/a embaixador\/a do concurso \u00e9 de 20 horas complementares.<\/p>\n<p><strong>Informa\u00e7\u00f5es gerais:<\/strong><\/p>\n<p>&#8211; Per\u00edodo de inscri\u00e7\u00e3o e recebimento de resenhas:\u00a0<strong>1\u00ba de agosto a 18 de outubro de 2024<\/strong>;<\/p>\n<p>&#8211; Vagas para\u00a0<strong>comunidade interna<\/strong>\u00a0(alunos e servidores do IFG):\u00a0<strong>10 vagas<\/strong>;<\/p>\n<p>&#8211; Vagas para a\u00a0<strong>comunidade externa<\/strong>:\u00a0<strong>40 vagas<\/strong>;\u00a0<\/p>\n<p>&#8211; Carga hor\u00e1ria m\u00e1xima de certifica\u00e7\u00e3o:\u00a0<strong>30 horas (cada resenha: 15h)<\/strong>;<\/p>\n<p>&#8211; Cerim\u00f4nia de premia\u00e7\u00e3o e encerramento*:\u00a0<strong>19 de novembro de 2024<\/strong>;\u00a0<strong>(nova data)<\/strong><\/p>\n<p>&#8211; Palestra &#8220;Mundo fant\u00e1stico das Cr\u00f4nicas de N\u00e1rnia e outros livros de fantasia&#8221;*:\u00a0<strong>19 novembro de 2024<\/strong><\/p>\n<p><em>*Certifica\u00e7\u00e3o de 2 horas pela participa\u00e7\u00e3o na palestra e cerim\u00f4nia de encerramento.<\/em><\/p>\n<p>\u00a0<strong>Vencedores da\u00a0<em>12\u00aa Edi\u00e7\u00e3o do Concurso Cultural Leitores\/as Destaque Ano<\/em><\/strong><\/p>\n<p>A Biblioteca Atena divulga, com grande satisfa\u00e7\u00e3o, os vencedores da\u00a0<em>12\u00aa edi\u00e7\u00e3o do Concurso Cultural Leitores\/as Destaque do Ano<\/em>, promovido pelo IFG C\u00e2mpus Inhumas.<\/p>\n<p>As premiadas deste ano s\u00e3o:<\/p>\n<ul>\n<li><strong>1\u00ba lugar:<\/strong>\u00a0Anna Julia de Souza Rodrigues;<\/li>\n<li><strong>2\u00ba lugar:<\/strong>\u00a0Julia Vit\u00f3ria Silva Santos;<\/li>\n<li><strong>3\u00ba lugar:<\/strong>\u00a0Karla Katiuska Batista Santos.<\/li>\n<\/ul>\n<p>Pr\u00eamios extras:<\/p>\n<ul>\n<li class=\"cvGsUA direction-ltr align-start para-style-body\"><span class=\"OYPEnA font-feature-liga-off font-feature-clig-off font-feature-calt-off text-decoration-none text-strikethrough-none\">Leitor\/a destaque dos cursos t\u00e9cnicos do C\u00e2mpus Inhumas 2024:\u00a0<\/span><span class=\"OYPEnA font-feature-liga-off font-feature-clig-off font-feature-calt-off text-decoration-none text-strikethrough-none\">Ana Luisa de Oliveira Neves<\/span><\/li>\n<li class=\"cvGsUA direction-ltr align-start para-style-body\"><span class=\"OYPEnA font-feature-liga-off font-feature-clig-off font-feature-calt-off text-decoration-none text-strikethrough-none\">Leitor\/a destaque dos cursos superiores do C\u00e2mpus Inhumas 2024:\u00a0<\/span><span class=\"OYPEnA font-feature-liga-off font-feature-clig-off font-feature-calt-off text-decoration-none text-strikethrough-none\">Kaio Leandro Garcia Silvestrini<\/span><\/li>\n<li class=\"cvGsUA direction-ltr align-start para-style-body\"><span class=\"OYPEnA font-feature-liga-off font-feature-clig-off font-feature-calt-off text-decoration-none text-strikethrough-none\">Leitor\/a destaque da comunidade externa indicado\/a por um Embaixador:\u00a0<\/span><span class=\"OYPEnA font-feature-liga-off font-feature-clig-off font-feature-calt-off text-decoration-none text-strikethrough-none\">Luciana Florentino de Souza Vieira<\/span><\/li>\n<\/ul>\n<p><span class=\"OYPEnA font-feature-liga-off font-feature-clig-off font-feature-calt-off text-decoration-none text-strikethrough-none\">E a embaixadora sorteada foi:\u00a0<\/span><strong>Helisa Vieira Magalh\u00e3es<\/strong>.<\/p>\n<p>Agradecemos a todos os participantes por seu entusiasmo e dedica\u00e7\u00e3o, que tornaram esta edi\u00e7\u00e3o t\u00e3o especial.<\/p>\n<p><strong><img loading=\"lazy\" decoding=\"async\" class=\"alignnone size-medium wp-image-226\" src=\"http:\/\/extensao.ifg.edu.br\/programa-atena\/wp-content\/uploads\/sites\/30\/2024\/11\/Logo-Curso-Leitura-e-Criacao-fundo-transparente-300x300.png\" alt=\"\" width=\"300\" height=\"300\" srcset=\"https:\/\/extensao.ifg.edu.br\/programa-atena\/wp-content\/uploads\/sites\/30\/2024\/11\/Logo-Curso-Leitura-e-Criacao-fundo-transparente-300x300.png 300w, https:\/\/extensao.ifg.edu.br\/programa-atena\/wp-content\/uploads\/sites\/30\/2024\/11\/Logo-Curso-Leitura-e-Criacao-fundo-transparente-150x150.png 150w, https:\/\/extensao.ifg.edu.br\/programa-atena\/wp-content\/uploads\/sites\/30\/2024\/11\/Logo-Curso-Leitura-e-Criacao-fundo-transparente-768x768.png 768w, https:\/\/extensao.ifg.edu.br\/programa-atena\/wp-content\/uploads\/sites\/30\/2024\/11\/Logo-Curso-Leitura-e-Criacao-fundo-transparente-500x500.png 500w, https:\/\/extensao.ifg.edu.br\/programa-atena\/wp-content\/uploads\/sites\/30\/2024\/11\/Logo-Curso-Leitura-e-Criacao-fundo-transparente-400x400.png 400w, https:\/\/extensao.ifg.edu.br\/programa-atena\/wp-content\/uploads\/sites\/30\/2024\/11\/Logo-Curso-Leitura-e-Criacao-fundo-transparente-50x50.png 50w, https:\/\/extensao.ifg.edu.br\/programa-atena\/wp-content\/uploads\/sites\/30\/2024\/11\/Logo-Curso-Leitura-e-Criacao-fundo-transparente-80x80.png 80w, https:\/\/extensao.ifg.edu.br\/programa-atena\/wp-content\/uploads\/sites\/30\/2024\/11\/Logo-Curso-Leitura-e-Criacao-fundo-transparente.png 1000w\" sizes=\"(max-width: 300px) 100vw, 300px\" \/><\/strong><\/p>\n<p class=\"documentFirstHeading\"><span class=\"OYPEnA font-feature-liga-off font-feature-clig-off font-feature-calt-off text-decoration-none text-strikethrough-none\">O curso \u00e9 totalmente a dist\u00e2ncia, com atividades ass\u00edncronas no ambiente de ensino e aprendizagem Moodle IFG. Os\/As cursistas poder\u00e3o realizar atividades do dia 24 de setembro at\u00e9 31 de dezembro de 2024. <br \/>A certifica\u00e7\u00e3o de 40 horas para os\/as participantes est\u00e1 condicionada ao aproveitamento m\u00ednimo de 75% de frequ\u00eancia e aprova\u00e7\u00e3o nas atividades propostas nos m\u00f3dulos do curso.<\/span><\/p>\n<p class=\"documentFirstHeading\"><strong><span class=\"OYPEnA font-feature-liga-off font-feature-clig-off font-feature-calt-off text-decoration-none text-strikethrough-none\">Inscri\u00e7\u00e3o:<\/span><\/strong><\/p>\n<p class=\"documentFirstHeading\"><span class=\"OYPEnA font-feature-liga-off font-feature-clig-off font-feature-calt-off text-decoration-none text-strikethrough-none\">Per\u00edodo de inscri\u00e7\u00e3o para os interessados:\u00a0<\/span><span class=\"OYPEnA font-feature-liga-off font-feature-clig-off font-feature-calt-off text-decoration-none text-strikethrough-none\">de\u00a0<strong>20 de agosto a 08 de setembro de 2024<\/strong>.<\/span><\/p>\n<p class=\"cvGsUA direction-ltr align-center para-style-body\">\u00a0<span class=\"OYPEnA font-feature-liga-off font-feature-clig-off font-feature-calt-off text-decoration-none text-strikethrough-none\">Quantidade de vagas:<\/span><span class=\"OYPEnA font-feature-liga-off font-feature-clig-off font-feature-calt-off text-decoration-none text-strikethrough-none\">\u00a0100<\/span><\/p>\n<p class=\"cvGsUA direction-ltr align-center para-style-body\">\u00a0Pr\u00e9-requisito: ensino fundamental completo<\/p>\n<p class=\"cvGsUA direction-ltr align-center para-style-body\"><strong>Outras informa\u00e7\u00f5es:<\/strong><\/p>\n<p class=\"cvGsUA direction-ltr align-center para-style-body\">\u00a0In\u00edcio do curso:\u00a0<strong>24\/09\/2024<\/strong><\/p>\n<p class=\"cvGsUA direction-ltr align-center para-style-body\"><span class=\"OYPEnA font-feature-liga-off font-feature-clig-off font-feature-calt-off text-decoration-none text-strikethrough-none\">T\u00e9rmino do curso\u00a0at\u00e9:\u00a0<strong>31\/12\/2024<\/strong><\/span><\/p>\n<p>\u00a0<\/p>\n<p><img loading=\"lazy\" decoding=\"async\" class=\"alignnone size-medium wp-image-224\" src=\"http:\/\/extensao.ifg.edu.br\/programa-atena\/wp-content\/uploads\/sites\/30\/2024\/11\/Arte-XV-Semana-do-Livro-e-da-Biblioteca-fundo-transparente-1-300x300.png\" alt=\"\" width=\"300\" height=\"300\" srcset=\"https:\/\/extensao.ifg.edu.br\/programa-atena\/wp-content\/uploads\/sites\/30\/2024\/11\/Arte-XV-Semana-do-Livro-e-da-Biblioteca-fundo-transparente-1-300x300.png 300w, https:\/\/extensao.ifg.edu.br\/programa-atena\/wp-content\/uploads\/sites\/30\/2024\/11\/Arte-XV-Semana-do-Livro-e-da-Biblioteca-fundo-transparente-1-1024x1024.png 1024w, https:\/\/extensao.ifg.edu.br\/programa-atena\/wp-content\/uploads\/sites\/30\/2024\/11\/Arte-XV-Semana-do-Livro-e-da-Biblioteca-fundo-transparente-1-150x150.png 150w, https:\/\/extensao.ifg.edu.br\/programa-atena\/wp-content\/uploads\/sites\/30\/2024\/11\/Arte-XV-Semana-do-Livro-e-da-Biblioteca-fundo-transparente-1-768x768.png 768w, https:\/\/extensao.ifg.edu.br\/programa-atena\/wp-content\/uploads\/sites\/30\/2024\/11\/Arte-XV-Semana-do-Livro-e-da-Biblioteca-fundo-transparente-1-500x500.png 500w, https:\/\/extensao.ifg.edu.br\/programa-atena\/wp-content\/uploads\/sites\/30\/2024\/11\/Arte-XV-Semana-do-Livro-e-da-Biblioteca-fundo-transparente-1-400x400.png 400w, https:\/\/extensao.ifg.edu.br\/programa-atena\/wp-content\/uploads\/sites\/30\/2024\/11\/Arte-XV-Semana-do-Livro-e-da-Biblioteca-fundo-transparente-1-50x50.png 50w, https:\/\/extensao.ifg.edu.br\/programa-atena\/wp-content\/uploads\/sites\/30\/2024\/11\/Arte-XV-Semana-do-Livro-e-da-Biblioteca-fundo-transparente-1-80x80.png 80w, https:\/\/extensao.ifg.edu.br\/programa-atena\/wp-content\/uploads\/sites\/30\/2024\/11\/Arte-XV-Semana-do-Livro-e-da-Biblioteca-fundo-transparente-1.png 1125w\" sizes=\"(max-width: 300px) 100vw, 300px\" \/><\/p>\n<p><strong>15\u00ba\u00a0SEMANA DO LIVRO E DA BIBLIOTECA\u00a0<br \/><\/strong><\/p>\n<p><b>Programa\u00e7\u00e3o:<br \/><\/b><br \/><strong>Oficina \u201cUso pr\u00e1tico do Libreoffice aplicado na elabora\u00e7\u00e3o de trabalhos escolares\u201d<\/strong> &#8211; 07\/11\/2024\u00a0<\/p>\n<p><strong>Lan\u00e7amento dos livros \u201cAs sand\u00e1lias de Saigon\u201d e \u201cForma\u00e7\u00e3o integral e integrada: desafios e perspectivas\u201d<\/strong> &#8211; 07\/11\/2024\u00a0<\/p>\n<p><strong>2\u00aa Mostra \u201cLeitura sensorial dos livros\u201d<\/strong> &#8211; 07 e 08\/11\/2024\u00a0<\/p>\n<p><strong>Circuito Diversidade e saberes: Pintando o Cerrado; Mudas do Cerrado; Mem\u00f3rias liter\u00e1rias e Xadrez gigante<\/strong> &#8211; 07 e 08\/11\/2024\u00a0<\/p>\n<p>Inscri\u00e7\u00f5es:<\/p>\n<p><strong><span style=\"color: #008080\"><a style=\"color: #008080\" href=\"https:\/\/sugep.ifg.edu.br\/eventos\/\/#\/publico\/eventos\/5fae909e-a5f0-40ce-aa6a-6eeffe2adef5\/inscricao\">https:\/\/sugep.ifg.edu.br\/eventos\/\/#\/publico\/eventos\/5fae909e-a5f0-40ce-aa6a-6eeffe2adef5\/inscricao<\/a><\/span><\/strong><\/p>\n\n\n\n","protected":false},"excerpt":{"rendered":"<p>Novidade! \u00a0Nesta edi\u00e7\u00e3o temos a figura do\/a EMBAIXADOR\/A. As pessoas que ajudarem na divulga\u00e7\u00e3o do Concurso e conseguirem participantes da comunidade externa ter\u00e3o direito a certifica\u00e7\u00e3o de 5 horas complementares (para cada novo\/a participante) e, no final, concorrer\u00e3o ao sorteio de um pr\u00eamio. A carga hor\u00e1ria m\u00e1xima de certifica\u00e7\u00e3o para o\/a embaixador\/a do concurso \u00e9 [&hellip;]<\/p>\n","protected":false},"author":116,"featured_media":0,"parent":0,"menu_order":0,"comment_status":"closed","ping_status":"closed","template":"","meta":{"_links_to":"","_links_to_type":0,"footnotes":""},"class_list":["post-71","page","type-page","status-publish","hentry"],"_links":{"self":[{"href":"https:\/\/extensao.ifg.edu.br\/programa-atena\/wp-json\/wp\/v2\/pages\/71"}],"collection":[{"href":"https:\/\/extensao.ifg.edu.br\/programa-atena\/wp-json\/wp\/v2\/pages"}],"about":[{"href":"https:\/\/extensao.ifg.edu.br\/programa-atena\/wp-json\/wp\/v2\/types\/page"}],"author":[{"embeddable":true,"href":"https:\/\/extensao.ifg.edu.br\/programa-atena\/wp-json\/wp\/v2\/users\/116"}],"replies":[{"embeddable":true,"href":"https:\/\/extensao.ifg.edu.br\/programa-atena\/wp-json\/wp\/v2\/comments?post=71"}],"version-history":[{"count":32,"href":"https:\/\/extensao.ifg.edu.br\/programa-atena\/wp-json\/wp\/v2\/pages\/71\/revisions"}],"predecessor-version":[{"id":287,"href":"https:\/\/extensao.ifg.edu.br\/programa-atena\/wp-json\/wp\/v2\/pages\/71\/revisions\/287"}],"wp:attachment":[{"href":"https:\/\/extensao.ifg.edu.br\/programa-atena\/wp-json\/wp\/v2\/media?parent=71"}],"curies":[{"name":"wp","href":"https:\/\/api.w.org\/{rel}","templated":true}]}}