{"id":62,"date":"2024-09-25T20:02:04","date_gmt":"2024-09-25T23:02:04","guid":{"rendered":"http:\/\/extensao.ifg.edu.br\/programa-atena\/?page_id=62"},"modified":"2025-04-14T10:40:53","modified_gmt":"2025-04-14T13:40:53","slug":"acoes","status":"publish","type":"page","link":"https:\/\/extensao.ifg.edu.br\/programa-atena\/acoes\/","title":{"rendered":"A\u00e7\u00f5es"},"content":{"rendered":"<p><img loading=\"lazy\" decoding=\"async\" class=\"alignnone size-medium wp-image-390\" src=\"http:\/\/extensao.ifg.edu.br\/programa-atena\/wp-content\/uploads\/sites\/30\/2025\/04\/13o-Concurso-Cultural-Leitoresas-Destaque-300x300.jpg\" alt=\"\" width=\"300\" height=\"300\" srcset=\"https:\/\/extensao.ifg.edu.br\/programa-atena\/wp-content\/uploads\/sites\/30\/2025\/04\/13o-Concurso-Cultural-Leitoresas-Destaque-300x300.jpg 300w, https:\/\/extensao.ifg.edu.br\/programa-atena\/wp-content\/uploads\/sites\/30\/2025\/04\/13o-Concurso-Cultural-Leitoresas-Destaque-150x150.jpg 150w, https:\/\/extensao.ifg.edu.br\/programa-atena\/wp-content\/uploads\/sites\/30\/2025\/04\/13o-Concurso-Cultural-Leitoresas-Destaque-400x400.jpg 400w, https:\/\/extensao.ifg.edu.br\/programa-atena\/wp-content\/uploads\/sites\/30\/2025\/04\/13o-Concurso-Cultural-Leitoresas-Destaque-50x50.jpg 50w, https:\/\/extensao.ifg.edu.br\/programa-atena\/wp-content\/uploads\/sites\/30\/2025\/04\/13o-Concurso-Cultural-Leitoresas-Destaque-80x80.jpg 80w, https:\/\/extensao.ifg.edu.br\/programa-atena\/wp-content\/uploads\/sites\/30\/2025\/04\/13o-Concurso-Cultural-Leitoresas-Destaque.jpg 500w\" sizes=\"(max-width: 300px) 100vw, 300px\" \/><\/p>\n<p><strong>Inscri\u00e7\u00f5es abertas para o 13\u00ba Concurso Cultural Leitores\/as Destaque do Ano<\/strong><\/p>\n<p>O concurso Cultural Leitores\/as Destaque do Ano visa propiciar aos\/\u00e0s participantes forma\u00e7\u00e3o em\u00a0leitura liter\u00e1ria, produ\u00e7\u00e3o textual e divulga\u00e7\u00e3o dos acervos de obras liter\u00e1rias das bibliotecas\u00a0p\u00fablicas, universit\u00e1rias e escolares da Regi\u00e3o Metropolitana de Goi\u00e2nia, em especial o munic\u00edpio de\u00a0Inhumas e, principalmente, fomentar a leitura liter\u00e1ria enquanto meio para o desenvolvimento\u00a0humano nos aspectos cultural, social e profissional.<\/p>\n<p>Ser\u00e3o disponibilizadas um total de\u00a0<strong>50 vagas<\/strong>. A a\u00e7\u00e3o \u00e9 de oferta p\u00fablica, com vagas destinadas PRIORITARIAMENTE a candidatos\/as da comunidade externa. Para a comunidade\u00a0interna, ser\u00e3o destinadas, no m\u00e1ximo, 20% das vagas ofertadas; quantidade a ser remanejada caso n\u00e3o haja procura suficiente da comunidade\u00a0externa, conforme o edital.<\/p>\n<p>Buscando uma maior integra\u00e7\u00e3o da comunidade interna do IFG, em 2024 foi criada a fun\u00e7\u00e3o de EMBAIXADOR\/A. A participa\u00e7\u00e3o dos\/as<br \/>discentes foi considerada positiva, e, por isso, daremos continuidade a essa fun\u00e7\u00e3o no Concurso. O\/A EMBAIXADOR\/A ter\u00e1 a responsabilidade<br \/>de buscar novos\/as participantes para o Concurso, e cada novo\/a participante apresentado\/a por ele\/ela garantir\u00e1 o direito a 5 horas<br \/>complementares.<\/p>\n<p>Os\/As autores\/as das tr\u00eas resenhas de melhor qualidade receber\u00e3o medalhas e pr\u00eamios.<\/p>\n<p>A\u00a0<strong>inscri\u00e7\u00e3o<\/strong>\u00a0no Concurso ocorrer\u00e1, no per\u00edodo de\u00a0<strong>10 de mar\u00e7o a 08 de agosto de 2025<\/strong>, em duas etapas:<br \/>&#8211;\u00a0preenchimento do formul\u00e1rio de inscri\u00e7\u00e3o no Google Forms (<a href=\"https:\/\/forms.gle\/TQ4ykZ9wrK6CUx138\" rel=\"alternate\">https:\/\/forms.gle\/TQ4ykZ9wrK6CUx138<\/a>);<br \/>&#8211;\u00a0entrega da resenha de um livro liter\u00e1rio em formul\u00e1rio pr\u00f3prio (Anexo II) de forma manuscrita.<\/p>\n<p>As resenhas poder\u00e3o ser entregues no\u00a0balc\u00e3o de atendimento da Biblioteca Atena e\/ou via e-mail (<span id=\"cloak9988\"><a href=\"mailto:concurso.leitores@ifg.edu.br\">concurso.leitores@ifg.edu.br<\/a><\/span>).<\/p>\n<p><strong>Confira as informa\u00e7\u00f5es completas no edital:\u00a0<\/strong><br \/><a href=\"https:\/\/www.ifg.edu.br\/attachments\/article\/13969\/Edital%20de%20chamada%20p%C3%BAblica-n06-2025-GEPEX-IFG-CAMPUS%20INHUMAS.pdf\" rel=\"alternate\">EDITAL DE CHAMADA P\u00daBLICA No 06\/2025\/GEPEX\/IFG\/C\u00c2MPUS INHUMAS<\/a><\/p>\n<p><a href=\"https:\/\/www.ifg.edu.br\/attachments\/article\/13969\/ANEXO%20I%20-Termo%20de%20autoriza%C3%A7%C3%A3o%20de%20respons%C3%A1vel_2025.pdf\" rel=\"alternate\">TERMO DE AUTORIZA\u00c7\u00c3O DO RESPONS\u00c1VEL (Anexo I)<\/a><\/p>\n<p><a href=\"https:\/\/www.ifg.edu.br\/attachments\/article\/13969\/Anexo%20II%20Formul%C3%A1rio%20para%20escrita%20da%20resenha_2025.pdf\" rel=\"alternate\">FORMUL\u00c1RIO PARA ESCRITA DA RESENHA (Anexo II)<\/a><\/p>\n<p><a href=\"https:\/\/www.ifg.edu.br\/attachments\/article\/13969\/Anexo%20III%20Crit%C3%A9rios%20de%20avali%C3%A7%C3%A3o%20da%20resenha%20pela%20banca_2025_atu.pdf\" rel=\"alternate\">CRIT\u00c9RIOS DE AVALIA\u00c7\u00c3O DA RESENHA PELA BANCA (Anexos III)<\/a><\/p>\n<p>\u00a0<\/p>\n<p><strong>INFORMA\u00c7\u00d5ES GERAIS:<\/strong><\/p>\n<p><strong>Inscri\u00e7\u00f5es:<\/strong>\u00a010\/03\/2025 a 08\/08\/2025<br \/><strong>Recebimento de resenhas<\/strong>:\u00a010\/03\/2025 a 08\/08\/2025<\/p>\n<p><strong>Carga hor\u00e1ria:<\/strong>\u00a015 horas complementares por cada resenha entregue (carga hor\u00e1ria m\u00e1xima 30h)<\/p>\n<p><strong>Requisitos m\u00ednimos de participa\u00e7\u00e3o:<\/strong>\u00a09\u00ba ano do Ensino Fundamental completo ou cursando.<br \/>Palestra de encerramento e Solenidade de premia\u00e7\u00e3o: 15\/10\/2025*<br \/>*data prevista, sujeita a altera\u00e7\u00e3o conforme o calend\u00e1rio acad\u00eamico e os eventos institucionais.<\/p>\n<ul>\n<li>As resenhas selecionadas pela banca avaliadora, com m\u00e9dia m\u00ednima de 60 pontos, e autorizadas pelos\/as autores\/as, far\u00e3o parte da colet\u00e2nea<em>\u00a0Leitura e Cria\u00e7\u00e3o 12<\/em>.<\/li>\n<li>Os\/As autores\/as das tr\u00eas resenhas de melhor qualidade receber\u00e3o medalhas e pr\u00eamios.<\/li>\n<\/ul>\n<p>\u00a0<\/p>\n<p>\u00a0<\/p>\n<p><img loading=\"lazy\" decoding=\"async\" class=\"alignnone  wp-image-224\" src=\"http:\/\/extensao.ifg.edu.br\/programa-atena\/wp-content\/uploads\/sites\/30\/2024\/11\/Arte-XV-Semana-do-Livro-e-da-Biblioteca-fundo-transparente-1-300x300.png\" alt=\"\" width=\"250\" height=\"250\" srcset=\"https:\/\/extensao.ifg.edu.br\/programa-atena\/wp-content\/uploads\/sites\/30\/2024\/11\/Arte-XV-Semana-do-Livro-e-da-Biblioteca-fundo-transparente-1-300x300.png 300w, https:\/\/extensao.ifg.edu.br\/programa-atena\/wp-content\/uploads\/sites\/30\/2024\/11\/Arte-XV-Semana-do-Livro-e-da-Biblioteca-fundo-transparente-1-1024x1024.png 1024w, https:\/\/extensao.ifg.edu.br\/programa-atena\/wp-content\/uploads\/sites\/30\/2024\/11\/Arte-XV-Semana-do-Livro-e-da-Biblioteca-fundo-transparente-1-150x150.png 150w, https:\/\/extensao.ifg.edu.br\/programa-atena\/wp-content\/uploads\/sites\/30\/2024\/11\/Arte-XV-Semana-do-Livro-e-da-Biblioteca-fundo-transparente-1-768x768.png 768w, https:\/\/extensao.ifg.edu.br\/programa-atena\/wp-content\/uploads\/sites\/30\/2024\/11\/Arte-XV-Semana-do-Livro-e-da-Biblioteca-fundo-transparente-1-500x500.png 500w, https:\/\/extensao.ifg.edu.br\/programa-atena\/wp-content\/uploads\/sites\/30\/2024\/11\/Arte-XV-Semana-do-Livro-e-da-Biblioteca-fundo-transparente-1-400x400.png 400w, https:\/\/extensao.ifg.edu.br\/programa-atena\/wp-content\/uploads\/sites\/30\/2024\/11\/Arte-XV-Semana-do-Livro-e-da-Biblioteca-fundo-transparente-1-50x50.png 50w, https:\/\/extensao.ifg.edu.br\/programa-atena\/wp-content\/uploads\/sites\/30\/2024\/11\/Arte-XV-Semana-do-Livro-e-da-Biblioteca-fundo-transparente-1-80x80.png 80w, https:\/\/extensao.ifg.edu.br\/programa-atena\/wp-content\/uploads\/sites\/30\/2024\/11\/Arte-XV-Semana-do-Livro-e-da-Biblioteca-fundo-transparente-1.png 1125w\" sizes=\"(max-width: 250px) 100vw, 250px\" \/><\/p>\n<h5><strong>Semana do Livro e da Biblioteca<\/strong><\/h5>\n<p>Esse evento contempla atividades culturais e cient\u00edficas desenvolvidas pelas bibliotecas do IFG de forma integrada, visando estimular a leitura e escrita a partir da abordagem de aspectos significativos da cultura, da hist\u00f3ria e da forma\u00e7\u00e3o do povo brasileiro como forma de combate \u00e0 desinforma\u00e7\u00e3o.<\/p>\n<p><img loading=\"lazy\" decoding=\"async\" class=\"alignnone  wp-image-225\" src=\"http:\/\/extensao.ifg.edu.br\/programa-atena\/wp-content\/uploads\/sites\/30\/2024\/11\/Logo-12-CLDA-fundo-transparente-300x300.png\" alt=\"\" width=\"249\" height=\"249\" srcset=\"https:\/\/extensao.ifg.edu.br\/programa-atena\/wp-content\/uploads\/sites\/30\/2024\/11\/Logo-12-CLDA-fundo-transparente-300x300.png 300w, https:\/\/extensao.ifg.edu.br\/programa-atena\/wp-content\/uploads\/sites\/30\/2024\/11\/Logo-12-CLDA-fundo-transparente-1024x1024.png 1024w, https:\/\/extensao.ifg.edu.br\/programa-atena\/wp-content\/uploads\/sites\/30\/2024\/11\/Logo-12-CLDA-fundo-transparente-150x150.png 150w, https:\/\/extensao.ifg.edu.br\/programa-atena\/wp-content\/uploads\/sites\/30\/2024\/11\/Logo-12-CLDA-fundo-transparente-768x768.png 768w, https:\/\/extensao.ifg.edu.br\/programa-atena\/wp-content\/uploads\/sites\/30\/2024\/11\/Logo-12-CLDA-fundo-transparente-500x500.png 500w, https:\/\/extensao.ifg.edu.br\/programa-atena\/wp-content\/uploads\/sites\/30\/2024\/11\/Logo-12-CLDA-fundo-transparente-400x400.png 400w, https:\/\/extensao.ifg.edu.br\/programa-atena\/wp-content\/uploads\/sites\/30\/2024\/11\/Logo-12-CLDA-fundo-transparente-1536x1536.png 1536w, https:\/\/extensao.ifg.edu.br\/programa-atena\/wp-content\/uploads\/sites\/30\/2024\/11\/Logo-12-CLDA-fundo-transparente-2048x2048.png 2048w, https:\/\/extensao.ifg.edu.br\/programa-atena\/wp-content\/uploads\/sites\/30\/2024\/11\/Logo-12-CLDA-fundo-transparente-50x50.png 50w, https:\/\/extensao.ifg.edu.br\/programa-atena\/wp-content\/uploads\/sites\/30\/2024\/11\/Logo-12-CLDA-fundo-transparente-80x80.png 80w\" sizes=\"(max-width: 249px) 100vw, 249px\" \/><\/p>\n<h5><strong>Concurso &#8211; Leitores\/as Destaque<\/strong><\/h5>\n<p><span style=\"font-weight: 400\">Objetiva proporcionar est\u00edmulo \u00e0 leitura de livros liter\u00e1rios e paradid\u00e1ticos e constru\u00e7\u00e3o de resenhas. Almeja por produto a publica\u00e7\u00e3o das resenhas na Colet\u00e2nea Leitura e Cria\u00e7\u00e3o.\u00a0<\/span><\/p>\n<p><strong><a href=\"https:\/\/www.ifg.edu.br\/attachments\/article\/1351\/Edital%2008%202024%2012%20Concurso%20Cultural%20Leitores%20Destaque%20do%20Ano.pdf\" target=\"_blank\" rel=\"noopener\">\u00a0EDITAL DE CHAMADA P\u00daBLICA 08\/2024<\/a><\/strong><\/p>\n<p><img loading=\"lazy\" decoding=\"async\" class=\"alignnone  wp-image-226\" src=\"http:\/\/extensao.ifg.edu.br\/programa-atena\/wp-content\/uploads\/sites\/30\/2024\/11\/Logo-Curso-Leitura-e-Criacao-fundo-transparente-300x300.png\" alt=\"\" width=\"249\" height=\"249\" srcset=\"https:\/\/extensao.ifg.edu.br\/programa-atena\/wp-content\/uploads\/sites\/30\/2024\/11\/Logo-Curso-Leitura-e-Criacao-fundo-transparente-300x300.png 300w, https:\/\/extensao.ifg.edu.br\/programa-atena\/wp-content\/uploads\/sites\/30\/2024\/11\/Logo-Curso-Leitura-e-Criacao-fundo-transparente-150x150.png 150w, https:\/\/extensao.ifg.edu.br\/programa-atena\/wp-content\/uploads\/sites\/30\/2024\/11\/Logo-Curso-Leitura-e-Criacao-fundo-transparente-768x768.png 768w, https:\/\/extensao.ifg.edu.br\/programa-atena\/wp-content\/uploads\/sites\/30\/2024\/11\/Logo-Curso-Leitura-e-Criacao-fundo-transparente-500x500.png 500w, https:\/\/extensao.ifg.edu.br\/programa-atena\/wp-content\/uploads\/sites\/30\/2024\/11\/Logo-Curso-Leitura-e-Criacao-fundo-transparente-400x400.png 400w, https:\/\/extensao.ifg.edu.br\/programa-atena\/wp-content\/uploads\/sites\/30\/2024\/11\/Logo-Curso-Leitura-e-Criacao-fundo-transparente-50x50.png 50w, https:\/\/extensao.ifg.edu.br\/programa-atena\/wp-content\/uploads\/sites\/30\/2024\/11\/Logo-Curso-Leitura-e-Criacao-fundo-transparente-80x80.png 80w, https:\/\/extensao.ifg.edu.br\/programa-atena\/wp-content\/uploads\/sites\/30\/2024\/11\/Logo-Curso-Leitura-e-Criacao-fundo-transparente.png 1000w\" sizes=\"(max-width: 249px) 100vw, 249px\" \/><\/p>\n<h5><strong>Objetivo do Curso &#8211; Leitura e Cria\u00e7\u00e3o<\/strong><\/h5>\n<p><span style=\"font-weight: 400\">Formar\u00a0 mediadores\/as de processo de leitura e tecer rela\u00e7\u00f5es did\u00e1tico-pedag\u00f3gicas de fomento \u00e0 leitura e \u00e0 escrita, sendo destinado \u00e0s pessoas com Ensino fundamental completo ou mais. As atividades do curso est\u00e3o disponibilizadas no ambiente virtual de ensino-aprendizagem <a href=\"https:\/\/moodle.ifg.edu.br\/course\/index.php?categoryid=298\">Moodle IFG.<\/a><\/span><\/p>\n<p><strong><a href=\"https:\/\/www.ifg.edu.br\/attachments\/article\/1351\/EDITAL%2017_2024%20-%20INH-GPPGE_CP-INHUMAS_IFG%20Curso%20de%20Extens%C3%A3o%20LEITURA%20E%20CRIA%C3%87%C3%83O.pdf\" target=\"_blank\" rel=\"noopener\">EDITAL N\u00ba 17\/2024 \u2013 A\u00c7\u00c3O DE EXTENS\u00c3O \u2013 IFG\/C\u00c2MPUS INHUMAS<\/a><\/strong><\/p>\n<p>\u00a0<\/p>\n<p>\u00a0<\/p>\n\n\n\n\n\n\n\n","protected":false},"excerpt":{"rendered":"<p>Inscri\u00e7\u00f5es abertas para o 13\u00ba Concurso Cultural Leitores\/as Destaque do Ano O concurso Cultural Leitores\/as Destaque do Ano visa propiciar aos\/\u00e0s participantes forma\u00e7\u00e3o em\u00a0leitura liter\u00e1ria, produ\u00e7\u00e3o textual e divulga\u00e7\u00e3o dos acervos de obras liter\u00e1rias das bibliotecas\u00a0p\u00fablicas, universit\u00e1rias e escolares da Regi\u00e3o Metropolitana de Goi\u00e2nia, em especial o munic\u00edpio de\u00a0Inhumas e, principalmente, fomentar a leitura liter\u00e1ria [&hellip;]<\/p>\n","protected":false},"author":116,"featured_media":0,"parent":0,"menu_order":0,"comment_status":"closed","ping_status":"closed","template":"","meta":{"_links_to":"","_links_to_type":0,"footnotes":""},"class_list":["post-62","page","type-page","status-publish","hentry"],"_links":{"self":[{"href":"https:\/\/extensao.ifg.edu.br\/programa-atena\/wp-json\/wp\/v2\/pages\/62"}],"collection":[{"href":"https:\/\/extensao.ifg.edu.br\/programa-atena\/wp-json\/wp\/v2\/pages"}],"about":[{"href":"https:\/\/extensao.ifg.edu.br\/programa-atena\/wp-json\/wp\/v2\/types\/page"}],"author":[{"embeddable":true,"href":"https:\/\/extensao.ifg.edu.br\/programa-atena\/wp-json\/wp\/v2\/users\/116"}],"replies":[{"embeddable":true,"href":"https:\/\/extensao.ifg.edu.br\/programa-atena\/wp-json\/wp\/v2\/comments?post=62"}],"version-history":[{"count":36,"href":"https:\/\/extensao.ifg.edu.br\/programa-atena\/wp-json\/wp\/v2\/pages\/62\/revisions"}],"predecessor-version":[{"id":391,"href":"https:\/\/extensao.ifg.edu.br\/programa-atena\/wp-json\/wp\/v2\/pages\/62\/revisions\/391"}],"wp:attachment":[{"href":"https:\/\/extensao.ifg.edu.br\/programa-atena\/wp-json\/wp\/v2\/media?parent=62"}],"curies":[{"name":"wp","href":"https:\/\/api.w.org\/{rel}","templated":true}]}}