{"id":52,"date":"2016-11-19T00:42:19","date_gmt":"2016-11-19T02:42:19","guid":{"rendered":"http:\/\/extensao.ifg.edu.br\/presencriearte\/?page_id=52"},"modified":"2016-11-19T01:17:26","modified_gmt":"2016-11-19T03:17:26","slug":"contatos","status":"publish","type":"page","link":"https:\/\/extensao.ifg.edu.br\/presencriearte\/contatos\/","title":{"rendered":"Contatos"},"content":{"rendered":"<div><strong>C\u00e2mpus An\u00e1polis<\/strong><\/div>\n<div><\/div>\n<div><a href=\"https:\/\/www.google.com.br\/maps\/place\/Instituto+Federal+de+Educa%C3%A7%C3%A3o,+Ci%C3%AAncia+e+Tecnologia+de+Goi%C3%A1s+-+C%C3%A2mpus+An%C3%A1polis\/@-16.3733301,-48.9820758,15z\/data=!4m5!3m4!1s0x0:0x8c191dacc3405ebc!8m2!3d-16.3733301!4d-48.9820758\"><img loading=\"lazy\" decoding=\"async\" class=\"wp-image-59 alignleft\" src=\"http:\/\/extensao.ifg.edu.br\/presencriearte\/wp-content\/uploads\/sites\/4\/2016\/11\/google_maps_icon.png\" alt=\"google_maps_icon\" width=\"80\" height=\"60\" \/><\/a><\/div>\n<div><strong>Localiza\u00e7\u00e3o<\/strong><\/div>\n<div>Av. Pedro Ludovico, s\/n, Reny Cury. CEP:75131-457, An\u00e1polis-GO<\/div>\n<div><strong>Fone:<\/strong> (62) 3310-2800<\/div>\n<div><\/div>\n<div><\/div>\n<div><a href=\"https:\/\/www.facebook.com\/presencrie.proext?fref=ts\"><img loading=\"lazy\" decoding=\"async\" class=\"wp-image-54 alignleft\" src=\"http:\/\/extensao.ifg.edu.br\/presencriearte\/wp-content\/uploads\/sites\/4\/2016\/11\/tambien-en-facebook-y-twitter-5.png\" alt=\"tambien-en-facebook-y-twitter-5\" width=\"65\" height=\"64\" \/><\/a><\/div>\n<div><\/div>\n<div><strong>Presencrie ProExt<\/strong><\/div>\n<p>&nbsp;<\/p>\n<p><a href=\"https:\/\/www.instagram.com\/presencriearte\/\"><img loading=\"lazy\" decoding=\"async\" class=\"wp-image-57 alignleft\" src=\"http:\/\/extensao.ifg.edu.br\/presencriearte\/wp-content\/uploads\/sites\/4\/2016\/11\/instagram-Logo-PNG-Transparent-Background-download.png\" alt=\"instagram-logo-png-transparent-background-download\" width=\"64\" height=\"64\" \/><\/a><\/p>\n<p><strong>@<\/strong>presencrieart<\/p>\n","protected":false},"excerpt":{"rendered":"<p>C\u00e2mpus An\u00e1polis Localiza\u00e7\u00e3o Av. Pedro Ludovico, s\/n, Reny Cury. CEP:75131-457, An\u00e1polis-GO Fone: (62) 3310-2800 Presencrie ProExt &nbsp; @presencrieart<\/p>\n","protected":false},"author":12,"featured_media":0,"parent":0,"menu_order":8,"comment_status":"closed","ping_status":"closed","template":"","meta":{"_links_to":"","_links_to_type":0,"footnotes":""},"class_list":["post-52","page","type-page","status-publish","hentry"],"_links":{"self":[{"href":"https:\/\/extensao.ifg.edu.br\/presencriearte\/wp-json\/wp\/v2\/pages\/52"}],"collection":[{"href":"https:\/\/extensao.ifg.edu.br\/presencriearte\/wp-json\/wp\/v2\/pages"}],"about":[{"href":"https:\/\/extensao.ifg.edu.br\/presencriearte\/wp-json\/wp\/v2\/types\/page"}],"author":[{"embeddable":true,"href":"https:\/\/extensao.ifg.edu.br\/presencriearte\/wp-json\/wp\/v2\/users\/12"}],"replies":[{"embeddable":true,"href":"https:\/\/extensao.ifg.edu.br\/presencriearte\/wp-json\/wp\/v2\/comments?post=52"}],"version-history":[{"count":4,"href":"https:\/\/extensao.ifg.edu.br\/presencriearte\/wp-json\/wp\/v2\/pages\/52\/revisions"}],"predecessor-version":[{"id":61,"href":"https:\/\/extensao.ifg.edu.br\/presencriearte\/wp-json\/wp\/v2\/pages\/52\/revisions\/61"}],"wp:attachment":[{"href":"https:\/\/extensao.ifg.edu.br\/presencriearte\/wp-json\/wp\/v2\/media?parent=52"}],"curies":[{"name":"wp","href":"https:\/\/api.w.org\/{rel}","templated":true}]}}