{"id":88,"date":"2022-06-27T17:11:10","date_gmt":"2022-06-27T20:11:10","guid":{"rendered":"http:\/\/extensao.ifg.edu.br\/pmmsc\/?page_id=88"},"modified":"2022-08-16T10:41:23","modified_gmt":"2022-08-16T13:41:23","slug":"audiencias-publicas","status":"publish","type":"page","link":"https:\/\/extensao.ifg.edu.br\/pmmsc\/audiencias-publicas\/","title":{"rendered":"Audi\u00eancias P\u00fablicas"},"content":{"rendered":"<h1>O que \u00e9 Audi\u00eancia P\u00fablica?<\/h1>\n<p style=\"text-align: justify\">As Audi\u00eancias p\u00fablicas s\u00e3o destinadas para a participa\u00e7\u00f5es dos cidad\u00e3os para debater assuntos relevantes de \u00f3rg\u00e3os e entidades p\u00fablicas e civis para tratar quest\u00f5es de interesse p\u00fablico.<\/p>\n<p style=\"text-align: justify\">O Plano de mobilidade de Senador Canedo contar\u00e1 com quatro audi\u00eancias p\u00fablicas ao longo do projeto, sendo que a \u00faltima ser\u00e1 entregue o plano de mobilidade.<\/p>\n<p><strong>\u00a0<\/strong><\/p>\n<p style=\"text-align: justify\">\n","protected":false},"excerpt":{"rendered":"<p>O que \u00e9 Audi\u00eancia P\u00fablica? As Audi\u00eancias p\u00fablicas s\u00e3o destinadas para a participa\u00e7\u00f5es dos cidad\u00e3os para debater assuntos relevantes de \u00f3rg\u00e3os e entidades p\u00fablicas e civis para tratar quest\u00f5es de interesse p\u00fablico. O Plano de mobilidade de Senador Canedo contar\u00e1 com quatro audi\u00eancias p\u00fablicas ao longo do projeto, sendo que a \u00faltima ser\u00e1 entregue o [&hellip;]<\/p>\n","protected":false},"author":99,"featured_media":0,"parent":0,"menu_order":2,"comment_status":"closed","ping_status":"closed","template":"","meta":{"_links_to":"","_links_to_type":0,"footnotes":""},"class_list":["post-88","page","type-page","status-publish","hentry"],"_links":{"self":[{"href":"https:\/\/extensao.ifg.edu.br\/pmmsc\/wp-json\/wp\/v2\/pages\/88"}],"collection":[{"href":"https:\/\/extensao.ifg.edu.br\/pmmsc\/wp-json\/wp\/v2\/pages"}],"about":[{"href":"https:\/\/extensao.ifg.edu.br\/pmmsc\/wp-json\/wp\/v2\/types\/page"}],"author":[{"embeddable":true,"href":"https:\/\/extensao.ifg.edu.br\/pmmsc\/wp-json\/wp\/v2\/users\/99"}],"replies":[{"embeddable":true,"href":"https:\/\/extensao.ifg.edu.br\/pmmsc\/wp-json\/wp\/v2\/comments?post=88"}],"version-history":[{"count":25,"href":"https:\/\/extensao.ifg.edu.br\/pmmsc\/wp-json\/wp\/v2\/pages\/88\/revisions"}],"predecessor-version":[{"id":549,"href":"https:\/\/extensao.ifg.edu.br\/pmmsc\/wp-json\/wp\/v2\/pages\/88\/revisions\/549"}],"wp:attachment":[{"href":"https:\/\/extensao.ifg.edu.br\/pmmsc\/wp-json\/wp\/v2\/media?parent=88"}],"curies":[{"name":"wp","href":"https:\/\/api.w.org\/{rel}","templated":true}]}}