{"id":533,"date":"2022-08-16T08:59:27","date_gmt":"2022-08-16T11:59:27","guid":{"rendered":"http:\/\/extensao.ifg.edu.br\/pmmsc\/?page_id=533"},"modified":"2022-08-16T09:00:21","modified_gmt":"2022-08-16T12:00:21","slug":"2o-audiencia-publica","status":"publish","type":"page","link":"https:\/\/extensao.ifg.edu.br\/pmmsc\/audiencias-publicas\/2o-audiencia-publica\/","title":{"rendered":"2\u00ba Audi\u00eancia P\u00fablica"},"content":{"rendered":"<style type=\"text\/css\">\n#foogallery-gallery-300 .fg-image { width: 270px; }\n#foogallery-gallery-300 { --fg-gutter: 10px; }<\/style>\n\t\t\t<div class=\"foogallery foogallery-container foogallery-default foogallery-lightbox-foogallery fg-center fg-default fg-ready fg-light fg-border-thin fg-shadow-medium fg-loading-default fg-loaded-fade-in fg-preset fg-brad fg-preset-small fg-preset fg-brad fg-preset-small\" id=\"foogallery-gallery-300\" data-foogallery=\"{&quot;panel&quot;:{&quot;buttons&quot;:{&quot;download&quot;:false}},&quot;item&quot;:{&quot;showCaptionTitle&quot;:true,&quot;showCaptionDescription&quot;:true},&quot;lazy&quot;:true}\" data-foogallery-lightbox=\"{&quot;thumbs&quot;:&quot;bottom&quot;,&quot;thumbsCaptions&quot;:false,&quot;thumbsBestFit&quot;:false,&quot;thumbsSmall&quot;:false,&quot;thumbsCaptionsAlign&quot;:&quot;default&quot;,&quot;info&quot;:&quot;bottom&quot;,&quot;infoVisible&quot;:true,&quot;infoOverlay&quot;:true,&quot;infoAlign&quot;:&quot;default&quot;,&quot;transition&quot;:&quot;fade&quot;,&quot;hoverButtons&quot;:false,&quot;fitMedia&quot;:false,&quot;noScrollbars&quot;:true,&quot;preserveButtonSpace&quot;:true,&quot;buttons&quot;:{&quot;fullscreen&quot;:true,&quot;info&quot;:true,&quot;thumbs&quot;:false,&quot;download&quot;:false},&quot;video&quot;:{&quot;autoPlay&quot;:true}}\" style=\"--fg-title-line-clamp: 1; --fg-description-line-clamp: 2;\" >\n\t<div class=\"fg-item fg-type-image fg-idle\"><figure class=\"fg-item-inner\"><a href=\"https:\/\/extensao.ifg.edu.br\/pmmsc\/wp-content\/uploads\/sites\/24\/2022\/07\/8bfec89d-d68c-42cd-835c-687b0e6d8656.jpg\" data-attachment-id=\"287\" data-type=\"image\" class=\"fg-thumb\"><span class=\"fg-image-wrap\"><img fetchpriority=\"high\" decoding=\"async\" width=\"270\" height=\"230\" class=\"skip-lazy fg-image\" data-src-fg=\"https:\/\/extensao.ifg.edu.br\/pmmsc\/wp-content\/uploads\/sites\/24\/cache\/2022\/07\/8bfec89d-d68c-42cd-835c-687b0e6d8656\/2486331896.jpg\" src=\"data:image\/svg+xml,%3Csvg%20xmlns%3D%22http%3A%2F%2Fwww.w3.org%2F2000%2Fsvg%22%20width%3D%22270%22%20height%3D%22230%22%20viewBox%3D%220%200%20270%20230%22%3E%3C%2Fsvg%3E\" loading=\"eager\"><\/span><span class=\"fg-image-overlay\"><\/span><\/a><\/figure><div class=\"fg-loader\"><\/div><\/div><div class=\"fg-item fg-type-image fg-idle\"><figure class=\"fg-item-inner\"><a href=\"https:\/\/extensao.ifg.edu.br\/pmmsc\/wp-content\/uploads\/sites\/24\/2022\/07\/2cc25800-e00e-40ce-897a-3e83cb40db0c.jpg\" data-attachment-id=\"284\" data-type=\"image\" class=\"fg-thumb\"><span class=\"fg-image-wrap\"><img decoding=\"async\" width=\"270\" height=\"230\" class=\"skip-lazy fg-image\" data-src-fg=\"https:\/\/extensao.ifg.edu.br\/pmmsc\/wp-content\/uploads\/sites\/24\/cache\/2022\/07\/2cc25800-e00e-40ce-897a-3e83cb40db0c\/2862502236.jpg\" src=\"data:image\/svg+xml,%3Csvg%20xmlns%3D%22http%3A%2F%2Fwww.w3.org%2F2000%2Fsvg%22%20width%3D%22270%22%20height%3D%22230%22%20viewBox%3D%220%200%20270%20230%22%3E%3C%2Fsvg%3E\" loading=\"eager\"><\/span><span class=\"fg-image-overlay\"><\/span><\/a><\/figure><div class=\"fg-loader\"><\/div><\/div><div class=\"fg-item fg-type-image fg-idle\"><figure class=\"fg-item-inner\"><a href=\"https:\/\/extensao.ifg.edu.br\/pmmsc\/wp-content\/uploads\/sites\/24\/2022\/07\/7e3b37c9-913c-4b8e-94d3-da7b6b23303a.jpg\" data-attachment-id=\"286\" data-type=\"image\" class=\"fg-thumb\"><span class=\"fg-image-wrap\"><img decoding=\"async\" width=\"270\" height=\"230\" class=\"skip-lazy fg-image\" data-src-fg=\"https:\/\/extensao.ifg.edu.br\/pmmsc\/wp-content\/uploads\/sites\/24\/cache\/2022\/07\/7e3b37c9-913c-4b8e-94d3-da7b6b23303a\/2956787560.jpg\" src=\"data:image\/svg+xml,%3Csvg%20xmlns%3D%22http%3A%2F%2Fwww.w3.org%2F2000%2Fsvg%22%20width%3D%22270%22%20height%3D%22230%22%20viewBox%3D%220%200%20270%20230%22%3E%3C%2Fsvg%3E\" loading=\"eager\"><\/span><span class=\"fg-image-overlay\"><\/span><\/a><\/figure><div class=\"fg-loader\"><\/div><\/div><div class=\"fg-item fg-type-image fg-idle\"><figure class=\"fg-item-inner\"><a href=\"https:\/\/extensao.ifg.edu.br\/pmmsc\/wp-content\/uploads\/sites\/24\/2022\/07\/54f6ccc0-9344-403c-bbc0-8d6ef0f97d6c.jpg\" data-attachment-id=\"291\" data-type=\"image\" class=\"fg-thumb\"><span class=\"fg-image-wrap\"><img decoding=\"async\" width=\"270\" height=\"230\" class=\"skip-lazy fg-image\" data-src-fg=\"https:\/\/extensao.ifg.edu.br\/pmmsc\/wp-content\/uploads\/sites\/24\/cache\/2022\/07\/54f6ccc0-9344-403c-bbc0-8d6ef0f97d6c\/2991130908.jpg\" src=\"data:image\/svg+xml,%3Csvg%20xmlns%3D%22http%3A%2F%2Fwww.w3.org%2F2000%2Fsvg%22%20width%3D%22270%22%20height%3D%22230%22%20viewBox%3D%220%200%20270%20230%22%3E%3C%2Fsvg%3E\" loading=\"eager\"><\/span><span class=\"fg-image-overlay\"><\/span><\/a><\/figure><div class=\"fg-loader\"><\/div><\/div><div class=\"fg-item fg-type-image fg-idle\"><figure class=\"fg-item-inner\"><a href=\"https:\/\/extensao.ifg.edu.br\/pmmsc\/wp-content\/uploads\/sites\/24\/2022\/07\/e89de414-ecfb-4bc8-9bf6-8756039660f3.jpg\" data-attachment-id=\"297\" data-type=\"image\" class=\"fg-thumb\"><span class=\"fg-image-wrap\"><img decoding=\"async\" width=\"270\" height=\"230\" class=\"skip-lazy fg-image\" data-src-fg=\"https:\/\/extensao.ifg.edu.br\/pmmsc\/wp-content\/uploads\/sites\/24\/cache\/2022\/07\/e89de414-ecfb-4bc8-9bf6-8756039660f3\/2032589206.jpg\" src=\"data:image\/svg+xml,%3Csvg%20xmlns%3D%22http%3A%2F%2Fwww.w3.org%2F2000%2Fsvg%22%20width%3D%22270%22%20height%3D%22230%22%20viewBox%3D%220%200%20270%20230%22%3E%3C%2Fsvg%3E\" loading=\"eager\"><\/span><span class=\"fg-image-overlay\"><\/span><\/a><\/figure><div class=\"fg-loader\"><\/div><\/div><div class=\"fg-item fg-type-image fg-idle\"><figure class=\"fg-item-inner\"><a href=\"https:\/\/extensao.ifg.edu.br\/pmmsc\/wp-content\/uploads\/sites\/24\/2022\/07\/ab9acafc-0bf9-4cb7-b2ff-08133854f11d.jpg\" data-attachment-id=\"295\" data-type=\"image\" class=\"fg-thumb\"><span class=\"fg-image-wrap\"><img decoding=\"async\" width=\"270\" height=\"230\" class=\"skip-lazy fg-image\" data-src-fg=\"https:\/\/extensao.ifg.edu.br\/pmmsc\/wp-content\/uploads\/sites\/24\/cache\/2022\/07\/ab9acafc-0bf9-4cb7-b2ff-08133854f11d\/2046657518.jpg\" src=\"data:image\/svg+xml,%3Csvg%20xmlns%3D%22http%3A%2F%2Fwww.w3.org%2F2000%2Fsvg%22%20width%3D%22270%22%20height%3D%22230%22%20viewBox%3D%220%200%20270%20230%22%3E%3C%2Fsvg%3E\" loading=\"eager\"><\/span><span class=\"fg-image-overlay\"><\/span><\/a><\/figure><div class=\"fg-loader\"><\/div><\/div><div class=\"fg-item fg-type-image fg-idle\"><figure class=\"fg-item-inner\"><a href=\"https:\/\/extensao.ifg.edu.br\/pmmsc\/wp-content\/uploads\/sites\/24\/2022\/07\/87208197-091e-4e05-82e4-dd9c00c7eb52.jpg\" data-attachment-id=\"294\" data-type=\"image\" class=\"fg-thumb\"><span class=\"fg-image-wrap\"><img decoding=\"async\" width=\"270\" height=\"230\" class=\"skip-lazy fg-image\" data-src-fg=\"https:\/\/extensao.ifg.edu.br\/pmmsc\/wp-content\/uploads\/sites\/24\/cache\/2022\/07\/87208197-091e-4e05-82e4-dd9c00c7eb52\/2642343057.jpg\" src=\"data:image\/svg+xml,%3Csvg%20xmlns%3D%22http%3A%2F%2Fwww.w3.org%2F2000%2Fsvg%22%20width%3D%22270%22%20height%3D%22230%22%20viewBox%3D%220%200%20270%20230%22%3E%3C%2Fsvg%3E\" loading=\"eager\"><\/span><span class=\"fg-image-overlay\"><\/span><\/a><\/figure><div class=\"fg-loader\"><\/div><\/div><div class=\"fg-item fg-type-image fg-idle\"><figure class=\"fg-item-inner\"><a href=\"https:\/\/extensao.ifg.edu.br\/pmmsc\/wp-content\/uploads\/sites\/24\/2022\/07\/93fd3ac2-7da0-4a05-9669-a9fd94bb1aa7.jpg\" data-attachment-id=\"292\" data-type=\"image\" class=\"fg-thumb\"><span class=\"fg-image-wrap\"><img decoding=\"async\" width=\"270\" height=\"230\" class=\"skip-lazy fg-image\" data-src-fg=\"https:\/\/extensao.ifg.edu.br\/pmmsc\/wp-content\/uploads\/sites\/24\/cache\/2022\/07\/93fd3ac2-7da0-4a05-9669-a9fd94bb1aa7\/3120521802.jpg\" src=\"data:image\/svg+xml,%3Csvg%20xmlns%3D%22http%3A%2F%2Fwww.w3.org%2F2000%2Fsvg%22%20width%3D%22270%22%20height%3D%22230%22%20viewBox%3D%220%200%20270%20230%22%3E%3C%2Fsvg%3E\" loading=\"eager\"><\/span><span class=\"fg-image-overlay\"><\/span><\/a><\/figure><div class=\"fg-loader\"><\/div><\/div><div class=\"fg-item fg-type-image fg-idle\"><figure class=\"fg-item-inner\"><a href=\"https:\/\/extensao.ifg.edu.br\/pmmsc\/wp-content\/uploads\/sites\/24\/2022\/07\/9fdb97c6-67ef-4727-acf7-95868ecb740a.jpg\" data-attachment-id=\"289\" data-type=\"image\" class=\"fg-thumb\"><span class=\"fg-image-wrap\"><img decoding=\"async\" width=\"270\" height=\"230\" class=\"skip-lazy fg-image\" data-src-fg=\"https:\/\/extensao.ifg.edu.br\/pmmsc\/wp-content\/uploads\/sites\/24\/cache\/2022\/07\/9fdb97c6-67ef-4727-acf7-95868ecb740a\/1053118372.jpg\" src=\"data:image\/svg+xml,%3Csvg%20xmlns%3D%22http%3A%2F%2Fwww.w3.org%2F2000%2Fsvg%22%20width%3D%22270%22%20height%3D%22230%22%20viewBox%3D%220%200%20270%20230%22%3E%3C%2Fsvg%3E\" loading=\"eager\"><\/span><span class=\"fg-image-overlay\"><\/span><\/a><\/figure><div class=\"fg-loader\"><\/div><\/div><div class=\"fg-item fg-type-image fg-idle\"><figure class=\"fg-item-inner\"><a href=\"https:\/\/extensao.ifg.edu.br\/pmmsc\/wp-content\/uploads\/sites\/24\/2022\/07\/fe434477-5d59-4815-a06e-0bb87029d402.jpg\" data-attachment-id=\"298\" data-type=\"image\" class=\"fg-thumb\"><span class=\"fg-image-wrap\"><img decoding=\"async\" width=\"270\" height=\"230\" class=\"skip-lazy fg-image\" data-src-fg=\"https:\/\/extensao.ifg.edu.br\/pmmsc\/wp-content\/uploads\/sites\/24\/cache\/2022\/07\/fe434477-5d59-4815-a06e-0bb87029d402\/4226017986.jpg\" src=\"data:image\/svg+xml,%3Csvg%20xmlns%3D%22http%3A%2F%2Fwww.w3.org%2F2000%2Fsvg%22%20width%3D%22270%22%20height%3D%22230%22%20viewBox%3D%220%200%20270%20230%22%3E%3C%2Fsvg%3E\" loading=\"eager\"><\/span><span class=\"fg-image-overlay\"><\/span><\/a><\/figure><div class=\"fg-loader\"><\/div><\/div><div class=\"fg-item fg-type-image fg-idle\"><figure class=\"fg-item-inner\"><a href=\"https:\/\/extensao.ifg.edu.br\/pmmsc\/wp-content\/uploads\/sites\/24\/2022\/07\/8f885330-73e2-4ff8-82cc-8313b3650caa.jpg\" data-attachment-id=\"288\" data-type=\"image\" class=\"fg-thumb\"><span class=\"fg-image-wrap\"><img decoding=\"async\" width=\"270\" height=\"230\" class=\"skip-lazy fg-image\" data-src-fg=\"https:\/\/extensao.ifg.edu.br\/pmmsc\/wp-content\/uploads\/sites\/24\/cache\/2022\/07\/8f885330-73e2-4ff8-82cc-8313b3650caa\/3430751403.jpg\" src=\"data:image\/svg+xml,%3Csvg%20xmlns%3D%22http%3A%2F%2Fwww.w3.org%2F2000%2Fsvg%22%20width%3D%22270%22%20height%3D%22230%22%20viewBox%3D%220%200%20270%20230%22%3E%3C%2Fsvg%3E\" loading=\"eager\"><\/span><span class=\"fg-image-overlay\"><\/span><\/a><\/figure><div class=\"fg-loader\"><\/div><\/div><div class=\"fg-item fg-type-image fg-idle\"><figure class=\"fg-item-inner\"><a href=\"https:\/\/extensao.ifg.edu.br\/pmmsc\/wp-content\/uploads\/sites\/24\/2022\/07\/4a776938-a648-42ee-8e73-8bf62c7575e5.jpg\" data-attachment-id=\"285\" data-type=\"image\" class=\"fg-thumb\"><span class=\"fg-image-wrap\"><img decoding=\"async\" width=\"270\" height=\"230\" class=\"skip-lazy fg-image\" data-src-fg=\"https:\/\/extensao.ifg.edu.br\/pmmsc\/wp-content\/uploads\/sites\/24\/cache\/2022\/07\/4a776938-a648-42ee-8e73-8bf62c7575e5\/3763766026.jpg\" src=\"data:image\/svg+xml,%3Csvg%20xmlns%3D%22http%3A%2F%2Fwww.w3.org%2F2000%2Fsvg%22%20width%3D%22270%22%20height%3D%22230%22%20viewBox%3D%220%200%20270%20230%22%3E%3C%2Fsvg%3E\" loading=\"eager\"><\/span><span class=\"fg-image-overlay\"><\/span><\/a><\/figure><div class=\"fg-loader\"><\/div><\/div><\/div>\n\n<p>A segunda Audi\u00eancia P\u00fablica foi realizada no dia 30 de junho, no Cine Teatro da Pra\u00e7a CEU-Pra\u00e7a Criativa do Jardim das Oliveiras, para tratar da entrega da 2\u00aa fase do Plano de Mobilidade Urbana de Senador Canedo.<\/p>\n<p>Na ocasi\u00e3o foram apresentados alguns levantamentos sobre a carateriza\u00e7\u00e3o do munic\u00edpio e da mobilidade e aspectos socioecon\u00f4micos e \u00e9tnico-culturais da cidade de Senador Canedo, al\u00e9m das pesquisas que ser\u00e3o realizadas na 3\u00aa fase do projeto e da import\u00e2ncia da participa\u00e7\u00e3o da comunidade na elabora\u00e7\u00e3o do Plano de Mobilidade da cidade.<\/p>\n<p>Tamb\u00e9m, durante a explana\u00e7\u00e3o dos trabalhos, foi apresentado o site criado, exclusivamente, para o primeiro Plano de Mobilidade Urbana de Senador Canedo e o question\u00e1rio da pesquisa Origem\/Destino com os principais pontos que ser\u00e3o coletados: o perfil socioecon\u00f4mico, a origem e o destino da principal atividade que a pessoa faz durante a semana, \u00a0e a medi\u00e7\u00e3o de alguns dados prim\u00e1rios, como por exemplo: satisfa\u00e7\u00e3o do usu\u00e1rio com o transporte p\u00fablico, tempo de viagem, n\u00famero de viagens e frotas de bicicleta da comunidade de Senador Canedo.<\/p>\n<p>\u00c9 importante ressaltar que a constru\u00e7\u00e3o dessa Plano est\u00e1 sendo realizada por uma equipe multidisciplinar composta por cinco professoras e oito alunos (as) bolsistas, sendo 07 do curso de Engenharia de Transportes e uma do curso de Engenharia Cartogr\u00e1fica e de Agrimensura do Instituto Federal de Goi\u00e1s \u2013 C\u00e2mpus Goi\u00e2nia, al\u00e9m de um t\u00e9cnico em inform\u00e1tica e um t\u00e9cnico de laborat\u00f3rio.<\/p>\n","protected":false},"excerpt":{"rendered":"<p>A segunda Audi\u00eancia P\u00fablica foi realizada no dia 30 de junho, no Cine Teatro da Pra\u00e7a CEU-Pra\u00e7a Criativa do Jardim das Oliveiras, para tratar da entrega da 2\u00aa fase do Plano de Mobilidade Urbana de Senador Canedo. Na ocasi\u00e3o foram apresentados alguns levantamentos sobre a carateriza\u00e7\u00e3o do munic\u00edpio e da mobilidade e aspectos socioecon\u00f4micos e [&hellip;]<\/p>\n","protected":false},"author":100,"featured_media":0,"parent":88,"menu_order":0,"comment_status":"closed","ping_status":"closed","template":"","meta":{"_links_to":"","_links_to_type":0,"footnotes":""},"class_list":["post-533","page","type-page","status-publish","hentry"],"_links":{"self":[{"href":"https:\/\/extensao.ifg.edu.br\/pmmsc\/wp-json\/wp\/v2\/pages\/533"}],"collection":[{"href":"https:\/\/extensao.ifg.edu.br\/pmmsc\/wp-json\/wp\/v2\/pages"}],"about":[{"href":"https:\/\/extensao.ifg.edu.br\/pmmsc\/wp-json\/wp\/v2\/types\/page"}],"author":[{"embeddable":true,"href":"https:\/\/extensao.ifg.edu.br\/pmmsc\/wp-json\/wp\/v2\/users\/100"}],"replies":[{"embeddable":true,"href":"https:\/\/extensao.ifg.edu.br\/pmmsc\/wp-json\/wp\/v2\/comments?post=533"}],"version-history":[{"count":1,"href":"https:\/\/extensao.ifg.edu.br\/pmmsc\/wp-json\/wp\/v2\/pages\/533\/revisions"}],"predecessor-version":[{"id":537,"href":"https:\/\/extensao.ifg.edu.br\/pmmsc\/wp-json\/wp\/v2\/pages\/533\/revisions\/537"}],"up":[{"embeddable":true,"href":"https:\/\/extensao.ifg.edu.br\/pmmsc\/wp-json\/wp\/v2\/pages\/88"}],"wp:attachment":[{"href":"https:\/\/extensao.ifg.edu.br\/pmmsc\/wp-json\/wp\/v2\/media?parent=533"}],"curies":[{"name":"wp","href":"https:\/\/api.w.org\/{rel}","templated":true}]}}