{"id":530,"date":"2022-08-16T08:58:41","date_gmt":"2022-08-16T11:58:41","guid":{"rendered":"http:\/\/extensao.ifg.edu.br\/pmmsc\/?page_id=530"},"modified":"2022-08-16T10:34:04","modified_gmt":"2022-08-16T13:34:04","slug":"1o-reuniao-tecnica","status":"publish","type":"page","link":"https:\/\/extensao.ifg.edu.br\/pmmsc\/reunioes-tecnicas\/1o-reuniao-tecnica\/","title":{"rendered":"1\u00ba Reuni\u00e3o T\u00e9cnica"},"content":{"rendered":"<h1 class=\"font_0\"><\/h1>\n<style type=\"text\/css\">\n#foogallery-gallery-155 .fg-image { width: 270px; }\n#foogallery-gallery-155 { --fg-gutter: 10px; }<\/style>\n\t\t\t<div class=\"foogallery foogallery-container foogallery-default foogallery-lightbox-foogallery fg-center fg-default fg-ready fg-light fg-border-thin fg-shadow-medium fg-loading-default fg-loaded-fade-in fg-preset fg-brad fg-preset-small fg-preset fg-brad fg-preset-small\" id=\"foogallery-gallery-155\" data-foogallery=\"{&quot;panel&quot;:{&quot;buttons&quot;:{&quot;download&quot;:false}},&quot;item&quot;:{&quot;showCaptionTitle&quot;:true,&quot;showCaptionDescription&quot;:true},&quot;lazy&quot;:true}\" data-foogallery-lightbox=\"{&quot;thumbs&quot;:&quot;bottom&quot;,&quot;thumbsCaptions&quot;:false,&quot;thumbsBestFit&quot;:false,&quot;thumbsSmall&quot;:false,&quot;thumbsCaptionsAlign&quot;:&quot;default&quot;,&quot;info&quot;:&quot;bottom&quot;,&quot;infoVisible&quot;:true,&quot;infoOverlay&quot;:true,&quot;infoAlign&quot;:&quot;default&quot;,&quot;transition&quot;:&quot;fade&quot;,&quot;hoverButtons&quot;:false,&quot;fitMedia&quot;:false,&quot;noScrollbars&quot;:true,&quot;preserveButtonSpace&quot;:true,&quot;buttons&quot;:{&quot;fullscreen&quot;:true,&quot;info&quot;:true,&quot;thumbs&quot;:false,&quot;download&quot;:false},&quot;video&quot;:{&quot;autoPlay&quot;:true}}\" style=\"--fg-title-line-clamp: 1; --fg-description-line-clamp: 2;\" >\n\t<div class=\"fg-item fg-type-image fg-idle\"><figure class=\"fg-item-inner\"><a href=\"https:\/\/extensao.ifg.edu.br\/pmmsc\/wp-content\/uploads\/sites\/24\/2022\/06\/WhatsApp-Image-2022-06-28-at-14.39.44-1.jpeg\" data-attachment-id=\"162\" data-type=\"image\" class=\"fg-thumb\"><span class=\"fg-image-wrap\"><img fetchpriority=\"high\" decoding=\"async\" width=\"270\" height=\"230\" class=\"skip-lazy fg-image\" data-src-fg=\"https:\/\/extensao.ifg.edu.br\/pmmsc\/wp-content\/uploads\/sites\/24\/cache\/2022\/06\/WhatsApp-Image-2022-06-28-at-14_39_44-1\/2672638351.jpeg\" src=\"data:image\/svg+xml,%3Csvg%20xmlns%3D%22http%3A%2F%2Fwww.w3.org%2F2000%2Fsvg%22%20width%3D%22270%22%20height%3D%22230%22%20viewBox%3D%220%200%20270%20230%22%3E%3C%2Fsvg%3E\" loading=\"eager\"><\/span><span class=\"fg-image-overlay\"><\/span><\/a><\/figure><div class=\"fg-loader\"><\/div><\/div><div class=\"fg-item fg-type-image fg-idle\"><figure class=\"fg-item-inner\"><a href=\"https:\/\/extensao.ifg.edu.br\/pmmsc\/wp-content\/uploads\/sites\/24\/2022\/06\/WhatsApp-Image-2022-06-28-at-14.39.45-1.jpeg\" data-attachment-id=\"163\" data-type=\"image\" class=\"fg-thumb\"><span class=\"fg-image-wrap\"><img decoding=\"async\" width=\"270\" height=\"230\" class=\"skip-lazy fg-image\" data-src-fg=\"https:\/\/extensao.ifg.edu.br\/pmmsc\/wp-content\/uploads\/sites\/24\/cache\/2022\/06\/WhatsApp-Image-2022-06-28-at-14_39_45-1\/1948081364.jpeg\" src=\"data:image\/svg+xml,%3Csvg%20xmlns%3D%22http%3A%2F%2Fwww.w3.org%2F2000%2Fsvg%22%20width%3D%22270%22%20height%3D%22230%22%20viewBox%3D%220%200%20270%20230%22%3E%3C%2Fsvg%3E\" loading=\"eager\"><\/span><span class=\"fg-image-overlay\"><\/span><\/a><\/figure><div class=\"fg-loader\"><\/div><\/div><div class=\"fg-item fg-type-image fg-idle\"><figure class=\"fg-item-inner\"><a href=\"https:\/\/extensao.ifg.edu.br\/pmmsc\/wp-content\/uploads\/sites\/24\/2022\/06\/WhatsApp-Image-2022-06-28-at-14.39.45.jpeg\" data-attachment-id=\"164\" data-type=\"image\" class=\"fg-thumb\"><span class=\"fg-image-wrap\"><img decoding=\"async\" width=\"270\" height=\"230\" class=\"skip-lazy fg-image\" data-src-fg=\"https:\/\/extensao.ifg.edu.br\/pmmsc\/wp-content\/uploads\/sites\/24\/cache\/2022\/06\/WhatsApp-Image-2022-06-28-at-14_39_45\/3466746441.jpeg\" src=\"data:image\/svg+xml,%3Csvg%20xmlns%3D%22http%3A%2F%2Fwww.w3.org%2F2000%2Fsvg%22%20width%3D%22270%22%20height%3D%22230%22%20viewBox%3D%220%200%20270%20230%22%3E%3C%2Fsvg%3E\" loading=\"eager\"><\/span><span class=\"fg-image-overlay\"><\/span><\/a><\/figure><div class=\"fg-loader\"><\/div><\/div><div class=\"fg-item fg-type-image fg-idle\"><figure class=\"fg-item-inner\"><a href=\"https:\/\/extensao.ifg.edu.br\/pmmsc\/wp-content\/uploads\/sites\/24\/2022\/06\/WhatsApp-Image-2022-06-28-at-14.39.42.jpeg\" data-attachment-id=\"165\" data-type=\"image\" class=\"fg-thumb\"><span class=\"fg-image-wrap\"><img decoding=\"async\" width=\"270\" height=\"230\" class=\"skip-lazy fg-image\" data-src-fg=\"https:\/\/extensao.ifg.edu.br\/pmmsc\/wp-content\/uploads\/sites\/24\/cache\/2022\/06\/WhatsApp-Image-2022-06-28-at-14_39_42\/807790779.jpeg\" src=\"data:image\/svg+xml,%3Csvg%20xmlns%3D%22http%3A%2F%2Fwww.w3.org%2F2000%2Fsvg%22%20width%3D%22270%22%20height%3D%22230%22%20viewBox%3D%220%200%20270%20230%22%3E%3C%2Fsvg%3E\" loading=\"eager\"><\/span><span class=\"fg-image-overlay\"><\/span><\/a><\/figure><div class=\"fg-loader\"><\/div><\/div><div class=\"fg-item fg-type-image fg-idle\"><figure class=\"fg-item-inner\"><a href=\"https:\/\/extensao.ifg.edu.br\/pmmsc\/wp-content\/uploads\/sites\/24\/2022\/06\/WhatsApp-Image-2022-06-28-at-14.39.44.jpeg\" data-attachment-id=\"166\" data-type=\"image\" class=\"fg-thumb\"><span class=\"fg-image-wrap\"><img decoding=\"async\" width=\"270\" height=\"230\" class=\"skip-lazy fg-image\" data-src-fg=\"https:\/\/extensao.ifg.edu.br\/pmmsc\/wp-content\/uploads\/sites\/24\/cache\/2022\/06\/WhatsApp-Image-2022-06-28-at-14_39_44\/929429053.jpeg\" src=\"data:image\/svg+xml,%3Csvg%20xmlns%3D%22http%3A%2F%2Fwww.w3.org%2F2000%2Fsvg%22%20width%3D%22270%22%20height%3D%22230%22%20viewBox%3D%220%200%20270%20230%22%3E%3C%2Fsvg%3E\" loading=\"eager\"><\/span><span class=\"fg-image-overlay\"><\/span><\/a><\/figure><div class=\"fg-loader\"><\/div><\/div><\/div>\n\n<p style=\"text-align: justify\">Reuni\u00e3o na Secretaria de Seguran\u00e7a P\u00fablica e Mobilidade Urbana para defini\u00e7\u00e3o das estruturas de gest\u00e3o e participa\u00e7\u00e3o e do mapeamento dos atores envolvidos no processo de coopera\u00e7\u00e3o para elabora\u00e7\u00e3o do plano de mobilidade. Estavam presentem representantes dos seguintes \u00f3rg\u00e3os: Secretaria De Seguran\u00e7a P\u00fablica E Mobilidade Urbana, Superintendente De Tr\u00e2nsito, Secretaria De Finan\u00e7as E Planejamento Governamental, Secretaria De Planejamento E Desenvolvimento, Secretaria De Infraestrutura E Obras, Secretaria De Servi\u00e7os Urbanos, Secretaria De Agricultura E Abastecimento, Secretaria De Turismo, Ag\u00eancia De Meio Ambiente, Secretaria De Educa\u00e7\u00e3o, Secretaria Sa\u00fade, Secretaria De Assist\u00eancia Social E Cidadania, Secretaria De Seguran\u00e7a P\u00fablica E Mobilidade Urbana, Superintend\u00eancia De Assuntos Comunit\u00e1rios.<\/p>\n<p style=\"text-align: justify\">Pauta: Solicita\u00e7\u00e3o de informa\u00e7\u00f5es dispon\u00edveis sobre as vari\u00e1veis que influenciam a mobilidade do munic\u00edpio de Senador Canedo.<\/p>\n","protected":false},"excerpt":{"rendered":"<p>Reuni\u00e3o na Secretaria de Seguran\u00e7a P\u00fablica e Mobilidade Urbana para defini\u00e7\u00e3o das estruturas de gest\u00e3o e participa\u00e7\u00e3o e do mapeamento dos atores envolvidos no processo de coopera\u00e7\u00e3o para elabora\u00e7\u00e3o do plano de mobilidade. Estavam presentem representantes dos seguintes \u00f3rg\u00e3os: Secretaria De Seguran\u00e7a P\u00fablica E Mobilidade Urbana, Superintendente De Tr\u00e2nsito, Secretaria De Finan\u00e7as E Planejamento Governamental, [&hellip;]<\/p>\n","protected":false},"author":99,"featured_media":0,"parent":94,"menu_order":0,"comment_status":"closed","ping_status":"closed","template":"","meta":{"_links_to":"","_links_to_type":0,"footnotes":""},"class_list":["post-530","page","type-page","status-publish","hentry"],"_links":{"self":[{"href":"https:\/\/extensao.ifg.edu.br\/pmmsc\/wp-json\/wp\/v2\/pages\/530"}],"collection":[{"href":"https:\/\/extensao.ifg.edu.br\/pmmsc\/wp-json\/wp\/v2\/pages"}],"about":[{"href":"https:\/\/extensao.ifg.edu.br\/pmmsc\/wp-json\/wp\/v2\/types\/page"}],"author":[{"embeddable":true,"href":"https:\/\/extensao.ifg.edu.br\/pmmsc\/wp-json\/wp\/v2\/users\/99"}],"replies":[{"embeddable":true,"href":"https:\/\/extensao.ifg.edu.br\/pmmsc\/wp-json\/wp\/v2\/comments?post=530"}],"version-history":[{"count":3,"href":"https:\/\/extensao.ifg.edu.br\/pmmsc\/wp-json\/wp\/v2\/pages\/530\/revisions"}],"predecessor-version":[{"id":540,"href":"https:\/\/extensao.ifg.edu.br\/pmmsc\/wp-json\/wp\/v2\/pages\/530\/revisions\/540"}],"up":[{"embeddable":true,"href":"https:\/\/extensao.ifg.edu.br\/pmmsc\/wp-json\/wp\/v2\/pages\/94"}],"wp:attachment":[{"href":"https:\/\/extensao.ifg.edu.br\/pmmsc\/wp-json\/wp\/v2\/media?parent=530"}],"curies":[{"name":"wp","href":"https:\/\/api.w.org\/{rel}","templated":true}]}}