{"id":393,"date":"2022-07-05T10:35:33","date_gmt":"2022-07-05T13:35:33","guid":{"rendered":"http:\/\/extensao.ifg.edu.br\/pmmsc\/?page_id=393"},"modified":"2022-07-05T11:13:09","modified_gmt":"2022-07-05T14:13:09","slug":"como-participar-2","status":"publish","type":"page","link":"https:\/\/extensao.ifg.edu.br\/pmmsc\/como-participar-2\/","title":{"rendered":"COMO PARTICIPAR"},"content":{"rendered":"<p><code>\u00a0<\/code>Voc\u00ea pode contribuir com o PlanMob de Senador Canedo.\u00a0 \u00c9 por aqui mesmo! Neste local,\u00a0 voc\u00ea pode enviar mensagens com d\u00favidas, cr\u00edticas ou sugest\u00f5es para a equipe respons\u00e1vel pela elabora\u00e7\u00e3o do Plano.<\/p>\n<h4 style=\"text-align: left\"><em><strong>N\u00e3o \u00e9 necess\u00e1rio preencher os campos &#8220;Nome, Email e\u00a0 Site.&#8221;<\/strong><\/em><\/h4>\n<h3 style=\"text-align: justify\"><span style=\"color: #000000\">Obrigado pelo colabora\u00e7\u00e3o!\u00a0<\/span><\/h3>\n<p><!--?php add_filter('comment_form_default_fields', 'remove_campos'); function remove_campos($campos) { $campos['author'] = ''; $campos['email'] = ''; $campos['url'] = ''; return $campos; } ?--><\/p>\n","protected":false},"excerpt":{"rendered":"<p>\u00a0Voc\u00ea pode contribuir com o PlanMob de Senador Canedo.\u00a0 \u00c9 por aqui mesmo! Neste local,\u00a0 voc\u00ea pode enviar mensagens com d\u00favidas, cr\u00edticas ou sugest\u00f5es para a equipe respons\u00e1vel pela elabora\u00e7\u00e3o do Plano. N\u00e3o \u00e9 necess\u00e1rio preencher os campos &#8220;Nome, Email e\u00a0 Site.&#8221; Obrigado pelo colabora\u00e7\u00e3o!\u00a0<\/p>\n","protected":false},"author":100,"featured_media":0,"parent":0,"menu_order":6,"comment_status":"open","ping_status":"closed","template":"","meta":{"_links_to":"","_links_to_type":0,"footnotes":""},"class_list":["post-393","page","type-page","status-publish","hentry"],"_links":{"self":[{"href":"https:\/\/extensao.ifg.edu.br\/pmmsc\/wp-json\/wp\/v2\/pages\/393"}],"collection":[{"href":"https:\/\/extensao.ifg.edu.br\/pmmsc\/wp-json\/wp\/v2\/pages"}],"about":[{"href":"https:\/\/extensao.ifg.edu.br\/pmmsc\/wp-json\/wp\/v2\/types\/page"}],"author":[{"embeddable":true,"href":"https:\/\/extensao.ifg.edu.br\/pmmsc\/wp-json\/wp\/v2\/users\/100"}],"replies":[{"embeddable":true,"href":"https:\/\/extensao.ifg.edu.br\/pmmsc\/wp-json\/wp\/v2\/comments?post=393"}],"version-history":[{"count":16,"href":"https:\/\/extensao.ifg.edu.br\/pmmsc\/wp-json\/wp\/v2\/pages\/393\/revisions"}],"predecessor-version":[{"id":411,"href":"https:\/\/extensao.ifg.edu.br\/pmmsc\/wp-json\/wp\/v2\/pages\/393\/revisions\/411"}],"wp:attachment":[{"href":"https:\/\/extensao.ifg.edu.br\/pmmsc\/wp-json\/wp\/v2\/media?parent=393"}],"curies":[{"name":"wp","href":"https:\/\/api.w.org\/{rel}","templated":true}]}}