{"id":307,"date":"2022-07-04T14:36:46","date_gmt":"2022-07-04T17:36:46","guid":{"rendered":"http:\/\/extensao.ifg.edu.br\/pmmsc\/?page_id=307"},"modified":"2023-02-08T09:44:06","modified_gmt":"2023-02-08T12:44:06","slug":"equipe","status":"publish","type":"page","link":"https:\/\/extensao.ifg.edu.br\/pmmsc\/equipe\/","title":{"rendered":"Equipe"},"content":{"rendered":"<p style=\"text-align: justify\">A equipe multidisciplinar \u00e9 composta por\u00a0quatro professoras e oito alunos (as) bolsistas, sendo 07 do curso de Engenharia de Transportes e uma do curso de Engenharia Cartogr\u00e1fica e de Agrimensura do Instituto Federal de Goi\u00e1s \u2013 C\u00e2mpus Goi\u00e2nia, al\u00e9m de um t\u00e9cnico em inform\u00e1tica e um t\u00e9cnico de laborat\u00f3rio.<\/p>\n<table class=\" aligncenter\" style=\"width: 290px\">\n<tbody>\n<tr style=\"height: 419.5px\">\n<td style=\"width: 313.531px;height: 419.5px;text-align: center\"><strong>Coordenadora do Projeto<\/strong><\/p>\n<p>Profa. Dra. Luciana Araujo Az\u00eavedo<\/p>\n<p><strong>Coordenadora Executiva<\/strong><\/p>\n<p>Profa. Dra. Beatriz Carneiro Carvalho Salles<\/p>\n<p><strong>Equipe T\u00e9cnica<\/strong><\/p>\n<p>Profa. Dra. Mariana de Paiva<\/p>\n<p>Profa. Dra. Maria de Lourdes Magalh\u00e3es<\/p>\n<p><strong>Secret\u00e1ria<\/strong><\/p>\n<p>Nat\u00e1lia de Paula Santos<\/p>\n<p><strong>Tecn\u00f3logo &#8211; Apoio T\u00e9cnico do Laborat\u00f3rio Mobilidade<\/strong><\/p>\n<p>Danyllo Dias Rodrigues Oliveira<\/td>\n<td style=\"width: 266.469px;height: 419.5px;text-align: center\"><strong>Alunos Bolsistas<\/strong><\/p>\n<p>Felipe Brand\u00e3o Souza<\/p>\n<p>Felipe Delfino Pereira<\/p>\n<p>Glaydson Rogerio Cordeiro de Souza (Maio &#8211; Dezembro)<\/p>\n<p>Isabela Pereira Macedo Dutra<\/p>\n<p>Monyse Morgana dos Santos Sousa<\/p>\n<p>Nayra Pereira dos Santos<\/p>\n<p>Vitor Henrique Rodrigues Barbosa<\/p>\n<p>Wandson Soares da Costa<\/p>\n<p><strong>T\u00e9cnico em Inform\u00e1tica<\/strong><\/p>\n<p>Felipe Schulz Mendes Alves<\/p>\n<p>&nbsp;<\/p>\n<p>&nbsp;<\/td>\n<\/tr>\n<\/tbody>\n<\/table>\n","protected":false},"excerpt":{"rendered":"<p>A equipe multidisciplinar \u00e9 composta por\u00a0quatro professoras e oito alunos (as) bolsistas, sendo 07 do curso de Engenharia de Transportes e uma do curso de Engenharia Cartogr\u00e1fica e de Agrimensura do Instituto Federal de Goi\u00e1s \u2013 C\u00e2mpus Goi\u00e2nia, al\u00e9m de um t\u00e9cnico em inform\u00e1tica e um t\u00e9cnico de laborat\u00f3rio. Coordenadora do Projeto Profa. Dra. Luciana [&hellip;]<\/p>\n","protected":false},"author":100,"featured_media":0,"parent":0,"menu_order":1,"comment_status":"closed","ping_status":"closed","template":"","meta":{"_links_to":"","_links_to_type":0,"footnotes":""},"class_list":["post-307","page","type-page","status-publish","hentry"],"_links":{"self":[{"href":"https:\/\/extensao.ifg.edu.br\/pmmsc\/wp-json\/wp\/v2\/pages\/307"}],"collection":[{"href":"https:\/\/extensao.ifg.edu.br\/pmmsc\/wp-json\/wp\/v2\/pages"}],"about":[{"href":"https:\/\/extensao.ifg.edu.br\/pmmsc\/wp-json\/wp\/v2\/types\/page"}],"author":[{"embeddable":true,"href":"https:\/\/extensao.ifg.edu.br\/pmmsc\/wp-json\/wp\/v2\/users\/100"}],"replies":[{"embeddable":true,"href":"https:\/\/extensao.ifg.edu.br\/pmmsc\/wp-json\/wp\/v2\/comments?post=307"}],"version-history":[{"count":23,"href":"https:\/\/extensao.ifg.edu.br\/pmmsc\/wp-json\/wp\/v2\/pages\/307\/revisions"}],"predecessor-version":[{"id":573,"href":"https:\/\/extensao.ifg.edu.br\/pmmsc\/wp-json\/wp\/v2\/pages\/307\/revisions\/573"}],"wp:attachment":[{"href":"https:\/\/extensao.ifg.edu.br\/pmmsc\/wp-json\/wp\/v2\/media?parent=307"}],"curies":[{"name":"wp","href":"https:\/\/api.w.org\/{rel}","templated":true}]}}