{"id":141,"date":"2025-05-07T14:56:20","date_gmt":"2025-05-07T17:56:20","guid":{"rendered":"https:\/\/extensao.ifg.edu.br\/nucleo-incubador-inhumas\/?page_id=141"},"modified":"2025-08-27T16:07:51","modified_gmt":"2025-08-27T19:07:51","slug":"recomendamos","status":"publish","type":"page","link":"https:\/\/extensao.ifg.edu.br\/nucleo-incubador-inhumas\/recomendamos\/","title":{"rendered":"Recomendamos!"},"content":{"rendered":"\n<div class=\"wp-block-group alignwide has-global-padding is-layout-constrained wp-block-group-is-layout-constrained\">\n<h1 class=\"wp-block-heading alignwide has-large-font-size\" style=\"line-height:1.2\">Disponibilizados aqui alguns conte\u00fados que podem ajudar voc\u00ea a aprender mais sobre assuntos relacionados \u00e0 incuba\u00e7\u00e3o social e tecnol\u00f3gica. Bons estudos!<\/h1>\n<\/div>\n\n\n\n<div class=\"wp-block-group alignfull has-global-padding is-layout-constrained wp-container-core-group-is-layout-9 wp-block-group-is-layout-constrained\" style=\"padding-top:var(--wp--preset--spacing--50);padding-right:var(--wp--preset--spacing--50);padding-bottom:var(--wp--preset--spacing--50);padding-left:var(--wp--preset--spacing--50)\">\n<div class=\"wp-block-columns alignwide is-layout-flex wp-container-core-columns-is-layout-1 wp-block-columns-is-layout-flex\" style=\"margin-top:0;margin-bottom:0;padding-top:0;padding-bottom:var(--wp--preset--spacing--40)\">\n<div class=\"wp-block-column is-layout-flow wp-container-core-column-is-layout-1 wp-block-column-is-layout-flow\">\n<div class=\"wp-block-query is-layout-flow wp-block-query-is-layout-flow\">\n<figure class=\"wp-block-image size-full\"><a href=\"https:\/\/conteudo.somos.coop.br\/images\/2024\/SomosCoop\/capa_como_funciona_coop_1.webp?1725892701\"><img loading=\"lazy\" decoding=\"async\" width=\"550\" height=\"789\" src=\"http:\/\/extensao.ifg.edu.br\/nucleo-incubador-inhumas\/wp-content\/uploads\/sites\/36\/2025\/05\/recomendamos-como-funciona-cooperativa.png\" alt=\"\" class=\"wp-image-146\" srcset=\"https:\/\/extensao.ifg.edu.br\/nucleo-incubador-inhumas\/wp-content\/uploads\/sites\/36\/2025\/05\/recomendamos-como-funciona-cooperativa.png 550w, https:\/\/extensao.ifg.edu.br\/nucleo-incubador-inhumas\/wp-content\/uploads\/sites\/36\/2025\/05\/recomendamos-como-funciona-cooperativa-209x300.png 209w\" sizes=\"(max-width: 550px) 100vw, 550px\" \/><\/a><\/figure>\n<\/div>\n<\/div>\n\n\n\n<div class=\"wp-block-column is-vertically-aligned-center is-layout-flow wp-container-core-column-is-layout-2 wp-block-column-is-layout-flow\" style=\"padding-top:0\">\n<div class=\"wp-block-group is-vertical is-layout-flex wp-container-core-group-is-layout-2 wp-block-group-is-layout-flex\">\n<p style=\"padding-top:var(--wp--preset--spacing--10);padding-bottom:var(--wp--preset--spacing--60)\"><a href=\"https:\/\/somos.coop.br\/e-books\/e-book-como-funciona-uma-cooperativa\" target=\"_blank\" rel=\"noopener\"><mark style=\"background-color:#f9f9f9;color:#4b8aff\" class=\"has-inline-color\">E-book: Como funciona uma cooperativa?<\/mark><\/a><mark style=\"color:#4b8aff\" class=\"has-inline-color\"><br><\/mark><em><strong>Fonte<\/strong>: SomosCoop<\/em>.<\/p>\n<\/div>\n<\/div>\n\n\n\n<div class=\"wp-block-column is-layout-flow wp-container-core-column-is-layout-3 wp-block-column-is-layout-flow\">\n<figure class=\"wp-block-image size-full\"><a href=\"https:\/\/fpabramo.org.br\/editora\/livro\/introducao-a-economia-solidaria\/\"><img loading=\"lazy\" decoding=\"async\" width=\"463\" height=\"680\" src=\"https:\/\/extensao.ifg.edu.br\/nucleo-incubador-inhumas\/wp-content\/uploads\/sites\/36\/2025\/08\/image.png\" alt=\"\" class=\"wp-image-270\" srcset=\"https:\/\/extensao.ifg.edu.br\/nucleo-incubador-inhumas\/wp-content\/uploads\/sites\/36\/2025\/08\/image.png 463w, https:\/\/extensao.ifg.edu.br\/nucleo-incubador-inhumas\/wp-content\/uploads\/sites\/36\/2025\/08\/image-204x300.png 204w\" sizes=\"(max-width: 463px) 100vw, 463px\" \/><\/a><\/figure>\n<\/div>\n\n\n\n<div class=\"wp-block-column is-vertically-aligned-center is-layout-flow wp-container-core-column-is-layout-4 wp-block-column-is-layout-flow\" style=\"padding-top:0\">\n<p style=\"padding-top:var(--wp--preset--spacing--10);padding-bottom:var(--wp--preset--spacing--60)\"><a href=\"https:\/\/fpabramo.org.br\/editora\/livro\/introducao-a-economia-solidaria\/\" target=\"_blank\" rel=\"noreferrer noopener\"><mark style=\"background-color:#f9f9f9;color:#4b8aff\" class=\"has-inline-color\">Livro: Introdu\u00e7\u00e3o \u00e0 economia solid\u00e1ria<\/mark><\/a><mark style=\"background-color:#f9f9f9;color:#4b8aff\" class=\"has-inline-color\">.<\/mark><br><em><strong>Fonte<\/strong>: FPABramo<\/em>.<\/p>\n<\/div>\n<\/div>\n\n\n\n<div class=\"wp-block-columns alignwide is-layout-flex wp-container-core-columns-is-layout-2 wp-block-columns-is-layout-flex\" style=\"margin-top:0;margin-bottom:0;padding-top:0;padding-bottom:var(--wp--preset--spacing--40)\">\n<div class=\"wp-block-column is-layout-flow wp-container-core-column-is-layout-5 wp-block-column-is-layout-flow\">\n<div class=\"wp-block-query is-layout-flow wp-block-query-is-layout-flow\">\n<figure class=\"wp-block-image size-full\"><a href=\"https:\/\/www.traca.com.br\/capas\/429\/429322.jpg\"><img loading=\"lazy\" decoding=\"async\" width=\"500\" height=\"711\" src=\"https:\/\/extensao.ifg.edu.br\/nucleo-incubador-inhumas\/wp-content\/uploads\/sites\/36\/2025\/08\/image-1.png\" alt=\"\" class=\"wp-image-276\" srcset=\"https:\/\/extensao.ifg.edu.br\/nucleo-incubador-inhumas\/wp-content\/uploads\/sites\/36\/2025\/08\/image-1.png 500w, https:\/\/extensao.ifg.edu.br\/nucleo-incubador-inhumas\/wp-content\/uploads\/sites\/36\/2025\/08\/image-1-211x300.png 211w\" sizes=\"(max-width: 500px) 100vw, 500px\" \/><\/a><\/figure>\n<\/div>\n<\/div>\n\n\n\n<div class=\"wp-block-column is-vertically-aligned-center is-layout-flow wp-container-core-column-is-layout-6 wp-block-column-is-layout-flow\" style=\"padding-top:0\">\n<div class=\"wp-block-group is-vertical is-layout-flex wp-container-core-group-is-layout-3 wp-block-group-is-layout-flex\">\n<p style=\"padding-top:var(--wp--preset--spacing--10);padding-bottom:var(--wp--preset--spacing--60)\"><a href=\"https:\/\/www.traca.com.br\/capas\/429\/429322.jpg\" target=\"_blank\" rel=\"noreferrer noopener\"><mark style=\"background-color:#f9f9f9;color:#4b8aff\" class=\"has-inline-color\">Livro: Incuba\u00e7\u00e3o de empreendimentos de economia solid\u00e1ria. Uma aplica\u00e7\u00e3o da pedagogia da participa\u00e7\u00e3o. Introdu\u00e7\u00e3o \u00e0 economia solid\u00e1ria.<\/mark><\/a><mark style=\"color:#4b8aff\" class=\"has-inline-color\"><br><\/mark><em><strong>Fonte<\/strong>: Tra\u00e7a<\/em>.<\/p>\n<\/div>\n<\/div>\n\n\n\n<div class=\"wp-block-column is-layout-flow wp-container-core-column-is-layout-7 wp-block-column-is-layout-flow\">\n<figure class=\"wp-block-image size-full\"><a href=\"https:\/\/www.somos.coop.br\/e-books\/e-book-afinal-o-que-e-o-cooperativismo\"><img loading=\"lazy\" decoding=\"async\" width=\"560\" height=\"793\" src=\"http:\/\/extensao.ifg.edu.br\/nucleo-incubador-inhumas\/wp-content\/uploads\/sites\/36\/2025\/05\/recomendamos.png\" alt=\"\" class=\"wp-image-166\" srcset=\"https:\/\/extensao.ifg.edu.br\/nucleo-incubador-inhumas\/wp-content\/uploads\/sites\/36\/2025\/05\/recomendamos.png 560w, https:\/\/extensao.ifg.edu.br\/nucleo-incubador-inhumas\/wp-content\/uploads\/sites\/36\/2025\/05\/recomendamos-212x300.png 212w\" sizes=\"(max-width: 560px) 100vw, 560px\" \/><\/a><\/figure>\n<\/div>\n\n\n\n<div class=\"wp-block-column is-vertically-aligned-center is-layout-flow wp-container-core-column-is-layout-8 wp-block-column-is-layout-flow\" style=\"padding-top:0\">\n<p style=\"padding-top:var(--wp--preset--spacing--10);padding-bottom:var(--wp--preset--spacing--60)\"><a href=\"https:\/\/www.somos.coop.br\/e-books\/e-book-afinal-o-que-e-o-cooperativismo\" data-type=\"link\" data-id=\"https:\/\/www.somos.coop.br\/e-books\/e-book-afinal-o-que-e-o-cooperativismo\"><mark style=\"background-color:#f9f9f9;color:#4b8aff\" class=\"has-inline-color\">E-book: Afinal, o que \u00e9 o cooperativismo.<\/mark><\/a><br><em><strong>Fonte<\/strong>: SomosCoop<\/em>.<\/p>\n<\/div>\n<\/div>\n\n\n\n<div class=\"wp-block-columns alignwide is-layout-flex wp-container-core-columns-is-layout-3 wp-block-columns-is-layout-flex\" style=\"margin-top:0;margin-bottom:0;padding-top:0;padding-bottom:var(--wp--preset--spacing--40)\">\n<div class=\"wp-block-column is-layout-flow wp-container-core-column-is-layout-9 wp-block-column-is-layout-flow\">\n<div class=\"wp-block-query is-layout-flow wp-block-query-is-layout-flow\">\n<figure class=\"wp-block-image size-full\"><a href=\"https:\/\/www.planalto.gov.br\/ccivil_03\/leis\/l5764.htm#:~:text=LEI%20N%C2%BA%205.764%2C%20DE%2016,cooperativas%2C%20e%20d%C3%A1%20outras%20provid%C3%AAncias\"><img loading=\"lazy\" decoding=\"async\" width=\"455\" height=\"689\" src=\"https:\/\/extensao.ifg.edu.br\/nucleo-incubador-inhumas\/wp-content\/uploads\/sites\/36\/2025\/08\/image-2.png\" alt=\"\" class=\"wp-image-290\" srcset=\"https:\/\/extensao.ifg.edu.br\/nucleo-incubador-inhumas\/wp-content\/uploads\/sites\/36\/2025\/08\/image-2.png 455w, https:\/\/extensao.ifg.edu.br\/nucleo-incubador-inhumas\/wp-content\/uploads\/sites\/36\/2025\/08\/image-2-198x300.png 198w\" sizes=\"(max-width: 455px) 100vw, 455px\" \/><\/a><\/figure>\n<\/div>\n<\/div>\n\n\n\n<div class=\"wp-block-column is-vertically-aligned-center is-layout-flow wp-container-core-column-is-layout-10 wp-block-column-is-layout-flow\" style=\"padding-top:0\">\n<div class=\"wp-block-group is-vertical is-layout-flex wp-container-core-group-is-layout-4 wp-block-group-is-layout-flex\">\n<p style=\"padding-top:var(--wp--preset--spacing--10);padding-bottom:var(--wp--preset--spacing--60)\"><a href=\"https:\/\/www.planalto.gov.br\/ccivil_03\/leis\/l5764.htm#:~:text=LEI%20N%C2%BA%205.764%2C%20DE%2016,cooperativas%2C%20e%20d%C3%A1%20outras%20provid%C3%AAncias\" target=\"_blank\" rel=\"noreferrer noopener\"><mark style=\"background-color:#f9f9f9;color:#4b8aff\" class=\"has-inline-color\">Legisla\u00e7\u00e3o: Lei n\u00ba 5.764\/1971 \u2013 Define a Pol\u00edtica Nacional de Cooperativismo.<\/mark><\/a><mark style=\"color:#4b8aff\" class=\"has-inline-color\"><br><\/mark><em><strong>Fonte<\/strong>: imagem gerado por OpenAI em 15\/07\/2025.<\/em><\/p>\n<\/div>\n<\/div>\n\n\n\n<div class=\"wp-block-column is-layout-flow wp-container-core-column-is-layout-11 wp-block-column-is-layout-flow\">\n<figure class=\"wp-block-image size-full\"><a href=\"https:\/\/via.ufsc.br\/download-ebook-metamodelo-ecossistemas\/\"><img loading=\"lazy\" decoding=\"async\" width=\"469\" height=\"705\" src=\"https:\/\/extensao.ifg.edu.br\/nucleo-incubador-inhumas\/wp-content\/uploads\/sites\/36\/2025\/08\/image-3.png\" alt=\"\" class=\"wp-image-293\" srcset=\"https:\/\/extensao.ifg.edu.br\/nucleo-incubador-inhumas\/wp-content\/uploads\/sites\/36\/2025\/08\/image-3.png 469w, https:\/\/extensao.ifg.edu.br\/nucleo-incubador-inhumas\/wp-content\/uploads\/sites\/36\/2025\/08\/image-3-200x300.png 200w\" sizes=\"(max-width: 469px) 100vw, 469px\" \/><\/a><\/figure>\n<\/div>\n\n\n\n<div class=\"wp-block-column is-vertically-aligned-center is-layout-flow wp-container-core-column-is-layout-12 wp-block-column-is-layout-flow\" style=\"padding-top:0\">\n<p style=\"padding-top:var(--wp--preset--spacing--10);padding-bottom:var(--wp--preset--spacing--60)\"><a href=\"https:\/\/via.ufsc.br\/download-ebook-metamodelo-ecossistemas\/\" data-type=\"link\" data-id=\"https:\/\/www.somos.coop.br\/e-books\/e-book-afinal-o-que-e-o-cooperativismo\"><mark style=\"background-color:#f9f9f9;color:#4b8aff\" class=\"has-inline-color\">E-book: Ecossistemas de Inova\u00e7\u00e3o: Metamodelo para Orquestra\u00e7\u00e3o \u2013 Volume I: Teoria e cases de inspira\u00e7\u00e3o.<\/mark><\/a><br><em><strong>Fonte<\/strong>: <\/em>Funda\u00e7\u00e3o Certi.<\/p>\n<\/div>\n<\/div>\n\n\n\n<div class=\"wp-block-columns alignwide is-layout-flex wp-container-core-columns-is-layout-4 wp-block-columns-is-layout-flex\" style=\"margin-top:0;margin-bottom:0;padding-top:0;padding-bottom:var(--wp--preset--spacing--40)\">\n<div class=\"wp-block-column is-layout-flow wp-container-core-column-is-layout-13 wp-block-column-is-layout-flow\">\n<div class=\"wp-block-query is-layout-flow wp-block-query-is-layout-flow\">\n<figure class=\"wp-block-image size-full\"><a href=\"https:\/\/www.gov.br\/mcti\/pt-br\/acompanhe-o-mcti\/noticias\/2024\/12\/livro-lilas-reune-recomendacoes-da-sociedade-durante-a-5a-conferencia-nacional-de-ciencia-tecnologia-e-inovacao\"><img loading=\"lazy\" decoding=\"async\" width=\"432\" height=\"581\" src=\"https:\/\/extensao.ifg.edu.br\/nucleo-incubador-inhumas\/wp-content\/uploads\/sites\/36\/2025\/08\/image-4.png\" alt=\"\" class=\"wp-image-295\" srcset=\"https:\/\/extensao.ifg.edu.br\/nucleo-incubador-inhumas\/wp-content\/uploads\/sites\/36\/2025\/08\/image-4.png 432w, https:\/\/extensao.ifg.edu.br\/nucleo-incubador-inhumas\/wp-content\/uploads\/sites\/36\/2025\/08\/image-4-223x300.png 223w\" sizes=\"(max-width: 432px) 100vw, 432px\" \/><\/a><\/figure>\n<\/div>\n<\/div>\n\n\n\n<div class=\"wp-block-column is-vertically-aligned-center is-layout-flow wp-container-core-column-is-layout-14 wp-block-column-is-layout-flow\" style=\"padding-top:0\">\n<div class=\"wp-block-group is-vertical is-layout-flex wp-container-core-group-is-layout-5 wp-block-group-is-layout-flex\">\n<p style=\"padding-top:var(--wp--preset--spacing--10);padding-bottom:var(--wp--preset--spacing--60)\"><a href=\"https:\/\/www.gov.br\/mcti\/pt-br\/acompanhe-o-mcti\/noticias\/2024\/12\/livro-lilas-reune-recomendacoes-da-sociedade-durante-a-5a-conferencia-nacional-de-ciencia-tecnologia-e-inovacao\" target=\"_blank\" rel=\"noreferrer noopener\"><mark style=\"background-color:#f9f9f9;color:#4b8aff\" class=\"has-inline-color\">Legisla\u00e7\u00e3o: Livro Lil\u00e1s \u2013 Relat\u00f3rio Geral da Quinta Confer\u00eancia de Ci\u00eancia, Tecnologia e Inova\u00e7\u00e3o.<\/mark><\/a><mark style=\"color:#4b8aff\" class=\"has-inline-color\"><br><\/mark><em><strong>Fonte<\/strong>: CGEE.<\/em><\/p>\n<\/div>\n<\/div>\n\n\n\n<div class=\"wp-block-column is-layout-flow wp-container-core-column-is-layout-15 wp-block-column-is-layout-flow\">\n<figure class=\"wp-block-image size-full\"><a href=\"https:\/\/www.planalto.gov.br\/ccivil_03\/_ato2011-2014\/2012\/lei\/l12690.htm\"><img loading=\"lazy\" decoding=\"async\" width=\"394\" height=\"596\" src=\"https:\/\/extensao.ifg.edu.br\/nucleo-incubador-inhumas\/wp-content\/uploads\/sites\/36\/2025\/08\/image-5.png\" alt=\"\" class=\"wp-image-296\" srcset=\"https:\/\/extensao.ifg.edu.br\/nucleo-incubador-inhumas\/wp-content\/uploads\/sites\/36\/2025\/08\/image-5.png 394w, https:\/\/extensao.ifg.edu.br\/nucleo-incubador-inhumas\/wp-content\/uploads\/sites\/36\/2025\/08\/image-5-198x300.png 198w\" sizes=\"(max-width: 394px) 100vw, 394px\" \/><\/a><\/figure>\n<\/div>\n\n\n\n<div class=\"wp-block-column is-vertically-aligned-center is-layout-flow wp-container-core-column-is-layout-16 wp-block-column-is-layout-flow\" style=\"padding-top:0\">\n<p style=\"padding-top:var(--wp--preset--spacing--10);padding-bottom:var(--wp--preset--spacing--60)\"><a href=\"https:\/\/www.planalto.gov.br\/ccivil_03\/_ato2011-2014\/2012\/lei\/l12690.htm\" data-type=\"link\" data-id=\"https:\/\/www.somos.coop.br\/e-books\/e-book-afinal-o-que-e-o-cooperativismo\"><mark style=\"background-color:#f9f9f9;color:#4b8aff\" class=\"has-inline-color\">Legisla\u00e7\u00e3o: Lei N\u00ba 12.690\/2012\u2013 Disp\u00f5e sobre a organiza\u00e7\u00e3o e o funcionamento das Cooperativas de Trabalho.<\/mark><\/a><br><em><strong>Fonte<\/strong>: imagem gerado por OpenAI em 17\/07\/2025<\/em>.<\/p>\n<\/div>\n<\/div>\n\n\n\n<div class=\"wp-block-columns alignwide is-layout-flex wp-container-core-columns-is-layout-5 wp-block-columns-is-layout-flex\" style=\"margin-top:0;margin-bottom:0;padding-top:0;padding-bottom:var(--wp--preset--spacing--40)\">\n<div class=\"wp-block-column is-layout-flow wp-container-core-column-is-layout-17 wp-block-column-is-layout-flow\">\n<div class=\"wp-block-query is-layout-flow wp-block-query-is-layout-flow\">\n<figure class=\"wp-block-image size-full\"><a href=\"https:\/\/map.mec.gov.br\/attachments\/download\/7217\/Guia%20Metodologico.pdf\"><img loading=\"lazy\" decoding=\"async\" width=\"421\" height=\"591\" src=\"https:\/\/extensao.ifg.edu.br\/nucleo-incubador-inhumas\/wp-content\/uploads\/sites\/36\/2025\/08\/image-6.png\" alt=\"\" class=\"wp-image-298\" srcset=\"https:\/\/extensao.ifg.edu.br\/nucleo-incubador-inhumas\/wp-content\/uploads\/sites\/36\/2025\/08\/image-6.png 421w, https:\/\/extensao.ifg.edu.br\/nucleo-incubador-inhumas\/wp-content\/uploads\/sites\/36\/2025\/08\/image-6-214x300.png 214w\" sizes=\"(max-width: 421px) 100vw, 421px\" \/><\/a><\/figure>\n<\/div>\n<\/div>\n\n\n\n<div class=\"wp-block-column is-vertically-aligned-center is-layout-flow wp-container-core-column-is-layout-18 wp-block-column-is-layout-flow\" style=\"padding-top:0\">\n<div class=\"wp-block-group is-vertical is-layout-flex wp-container-core-group-is-layout-6 wp-block-group-is-layout-flex\">\n<p style=\"padding-top:var(--wp--preset--spacing--10);padding-bottom:var(--wp--preset--spacing--60)\"><a href=\"https:\/\/map.mec.gov.br\/attachments\/download\/7217\/Guia%20Metodologico.pdf\" target=\"_blank\" rel=\"noreferrer noopener\"><mark style=\"background-color:#f9f9f9;color:#4b8aff\" class=\"has-inline-color\">Guia: Guia Metodol\u00f3gico para Implanta\u00e7\u00e3o e Acompanhamento dos N\u00facleos de Estudos em Educa\u00e7\u00e3o Profissional e Tecnol\u00f3gica (NEEPT).<\/mark><\/a><mark style=\"color:#4b8aff\" class=\"has-inline-color\"><br><\/mark><em><strong>Fonte<\/strong>: MEC.<\/em><\/p>\n<\/div>\n<\/div>\n\n\n\n<div class=\"wp-block-column is-layout-flow wp-container-core-column-is-layout-19 wp-block-column-is-layout-flow\">\n<figure class=\"wp-block-image size-full\"><a href=\"https:\/\/educapes.capes.gov.br\/bitstream\/capes\/917096\/2\/CARTILHA.pdf\"><img loading=\"lazy\" decoding=\"async\" width=\"433\" height=\"602\" src=\"https:\/\/extensao.ifg.edu.br\/nucleo-incubador-inhumas\/wp-content\/uploads\/sites\/36\/2025\/08\/image-7.png\" alt=\"\" class=\"wp-image-299\" srcset=\"https:\/\/extensao.ifg.edu.br\/nucleo-incubador-inhumas\/wp-content\/uploads\/sites\/36\/2025\/08\/image-7.png 433w, https:\/\/extensao.ifg.edu.br\/nucleo-incubador-inhumas\/wp-content\/uploads\/sites\/36\/2025\/08\/image-7-216x300.png 216w\" sizes=\"(max-width: 433px) 100vw, 433px\" \/><\/a><\/figure>\n<\/div>\n\n\n\n<div class=\"wp-block-column is-vertically-aligned-center is-layout-flow wp-container-core-column-is-layout-20 wp-block-column-is-layout-flow\" style=\"padding-top:0\">\n<p style=\"padding-top:var(--wp--preset--spacing--10);padding-bottom:var(--wp--preset--spacing--60)\"><a href=\"https:\/\/educapes.capes.gov.br\/bitstream\/capes\/917096\/2\/CARTILHA.pdf\" data-type=\"link\" data-id=\"https:\/\/www.somos.coop.br\/e-books\/e-book-afinal-o-que-e-o-cooperativismo\"><mark style=\"background-color:#f9f9f9;color:#4b8aff\" class=\"has-inline-color\">Cartilha: Cartilha b\u00e1sica sobre cooperativismo.<\/mark><\/a><br><em><strong>Fonte<\/strong>: Institudo Federal de Alagoas<\/em>.<\/p>\n<\/div>\n<\/div>\n\n\n\n<div class=\"wp-block-columns alignwide is-layout-flex wp-container-core-columns-is-layout-6 wp-block-columns-is-layout-flex\" style=\"margin-top:0;margin-bottom:0;padding-top:0;padding-bottom:var(--wp--preset--spacing--40)\">\n<div class=\"wp-block-column is-layout-flow wp-container-core-column-is-layout-21 wp-block-column-is-layout-flow\">\n<div class=\"wp-block-query is-layout-flow wp-block-query-is-layout-flow\">\n<figure class=\"wp-block-image size-full\"><a href=\"http:\/\/app.uff.br\/riuff\/handle\/1\/32815\"><img loading=\"lazy\" decoding=\"async\" width=\"476\" height=\"557\" src=\"https:\/\/extensao.ifg.edu.br\/nucleo-incubador-inhumas\/wp-content\/uploads\/sites\/36\/2025\/08\/image-8.png\" alt=\"\" class=\"wp-image-301\" srcset=\"https:\/\/extensao.ifg.edu.br\/nucleo-incubador-inhumas\/wp-content\/uploads\/sites\/36\/2025\/08\/image-8.png 476w, https:\/\/extensao.ifg.edu.br\/nucleo-incubador-inhumas\/wp-content\/uploads\/sites\/36\/2025\/08\/image-8-256x300.png 256w\" sizes=\"(max-width: 476px) 100vw, 476px\" \/><\/a><\/figure>\n<\/div>\n<\/div>\n\n\n\n<div class=\"wp-block-column is-vertically-aligned-center is-layout-flow wp-container-core-column-is-layout-22 wp-block-column-is-layout-flow\" style=\"padding-top:0\">\n<div class=\"wp-block-group is-vertical is-layout-flex wp-container-core-group-is-layout-7 wp-block-group-is-layout-flex\">\n<p style=\"padding-top:var(--wp--preset--spacing--10);padding-bottom:var(--wp--preset--spacing--60)\"><a href=\"http:\/\/app.uff.br\/riuff\/handle\/1\/32815\" target=\"_blank\" rel=\"noreferrer noopener\"><mark style=\"background-color:#f9f9f9;color:#4b8aff\" class=\"has-inline-color\">Artigo: Empreendedorismo feminino no Brasil: Uma an\u00e1lise sobre as principais dificuldades da mulher empreendedora no est\u00e1gio inicial.<\/mark><\/a><mark style=\"color:#4b8aff\" class=\"has-inline-color\"><br><\/mark><em><strong>Fonte<\/strong>: Universidade Federal Fluminense.<\/em><\/p>\n<\/div>\n<\/div>\n\n\n\n<div class=\"wp-block-column is-layout-flow wp-container-core-column-is-layout-23 wp-block-column-is-layout-flow\"><\/div>\n\n\n\n<div class=\"wp-block-column is-vertically-aligned-center is-layout-flow wp-container-core-column-is-layout-24 wp-block-column-is-layout-flow\" style=\"padding-top:0\"><\/div>\n<\/div>\n\n\n\n<div class=\"wp-block-columns alignwide is-layout-flex wp-container-core-columns-is-layout-7 wp-block-columns-is-layout-flex\" style=\"margin-top:0;margin-bottom:0;padding-top:0;padding-bottom:var(--wp--preset--spacing--40)\">\n<div class=\"wp-block-column is-vertically-aligned-center is-layout-flow wp-container-core-column-is-layout-25 wp-block-column-is-layout-flow\">\n<figure class=\"wp-block-image size-full\"><a href=\"https:\/\/www.gov.br\/mec\/pt-br\/assuntos\/ept\/mulheres-mil\/GuiaMulheresmil.pdf\"><img loading=\"lazy\" decoding=\"async\" width=\"815\" height=\"430\" src=\"https:\/\/extensao.ifg.edu.br\/nucleo-incubador-inhumas\/wp-content\/uploads\/sites\/36\/2025\/08\/image-9.png\" alt=\"\" class=\"wp-image-303\" srcset=\"https:\/\/extensao.ifg.edu.br\/nucleo-incubador-inhumas\/wp-content\/uploads\/sites\/36\/2025\/08\/image-9.png 815w, https:\/\/extensao.ifg.edu.br\/nucleo-incubador-inhumas\/wp-content\/uploads\/sites\/36\/2025\/08\/image-9-300x158.png 300w, https:\/\/extensao.ifg.edu.br\/nucleo-incubador-inhumas\/wp-content\/uploads\/sites\/36\/2025\/08\/image-9-768x405.png 768w\" sizes=\"(max-width: 815px) 100vw, 815px\" \/><\/a><\/figure>\n<\/div>\n\n\n\n<div class=\"wp-block-column is-vertically-aligned-center is-layout-flow wp-container-core-column-is-layout-26 wp-block-column-is-layout-flow\" style=\"padding-top:0\">\n<p style=\"padding-top:var(--wp--preset--spacing--10);padding-bottom:var(--wp--preset--spacing--60)\"><a href=\"https:\/\/educapes.capes.gov.br\/bitstream\/capes\/917096\/2\/CARTILHA.pdf\" data-type=\"link\" data-id=\"https:\/\/www.somos.coop.br\/e-books\/e-book-afinal-o-que-e-o-cooperativismo\"><mark style=\"background-color:#f9f9f9;color:#4b8aff\" class=\"has-inline-color\">Guia: Guia Mulheres Mil.<\/mark><\/a><br><em><strong>Fonte<\/strong>: MEC<\/em>.<\/p>\n<\/div>\n<\/div>\n\n\n\n<div class=\"wp-block-columns alignwide is-layout-flex wp-container-core-columns-is-layout-8 wp-block-columns-is-layout-flex\" style=\"margin-top:0;margin-bottom:0;padding-top:0;padding-bottom:var(--wp--preset--spacing--40)\">\n<div class=\"wp-block-column is-layout-flow wp-container-core-column-is-layout-27 wp-block-column-is-layout-flow\">\n<figure class=\"wp-block-embed is-type-video is-provider-youtube wp-block-embed-youtube wp-embed-aspect-16-9 wp-has-aspect-ratio\"><div class=\"wp-block-embed__wrapper\">\n<iframe loading=\"lazy\" title=\"Os Pioneiros de Rochdale\" width=\"500\" height=\"281\" src=\"https:\/\/www.youtube.com\/embed\/L-oXL6g00Og?feature=oembed\" frameborder=\"0\" allow=\"accelerometer; autoplay; clipboard-write; encrypted-media; gyroscope; picture-in-picture; web-share\" referrerpolicy=\"strict-origin-when-cross-origin\" allowfullscreen><\/iframe>\n<\/div><\/figure>\n<\/div>\n\n\n\n<div class=\"wp-block-column is-vertically-aligned-center is-layout-flow wp-container-core-column-is-layout-28 wp-block-column-is-layout-flow\" style=\"padding-top:0\">\n<div class=\"wp-block-group is-vertical is-layout-flex wp-container-core-group-is-layout-8 wp-block-group-is-layout-flex\">\n<p style=\"padding-top:var(--wp--preset--spacing--10);padding-bottom:var(--wp--preset--spacing--60)\"><a href=\"https:\/\/cooperativismodecredito.coop.br\/2024\/06\/os-pioneiros-de-rochdale-180-anos-de-cooperacao-e-comunidade\/\" target=\"_blank\" rel=\"noreferrer noopener\"><mark style=\"background-color:#f9f9f9;color:#4b8aff\" class=\"has-inline-color\">V\u00eddeo: Os Pioneiros de Rochdale.<\/mark><\/a><mark style=\"color:#4b8aff\" class=\"has-inline-color\"><br><\/mark><em><strong>Fonte<\/strong>: YouTube, canal: Sistema OCB RJ.<\/em><\/p>\n<\/div>\n<\/div>\n<\/div>\n<\/div>\n\n\n\n<p><\/p>\n","protected":false},"excerpt":{"rendered":"<p>Disponibilizados aqui alguns conte\u00fados que podem ajudar voc\u00ea a aprender mais sobre assuntos relacionados \u00e0 incuba\u00e7\u00e3o social e tecnol\u00f3gica. Bons estudos! E-book: Como funciona uma cooperativa?Fonte: SomosCoop. Livro: Introdu\u00e7\u00e3o \u00e0 economia solid\u00e1ria.Fonte: FPABramo. Livro: Incuba\u00e7\u00e3o de empreendimentos de economia solid\u00e1ria. Uma aplica\u00e7\u00e3o da pedagogia da participa\u00e7\u00e3o. Introdu\u00e7\u00e3o \u00e0 economia solid\u00e1ria.Fonte: Tra\u00e7a. E-book: Afinal, o que [&hellip;]<\/p>\n","protected":false},"author":122,"featured_media":0,"parent":0,"menu_order":0,"comment_status":"closed","ping_status":"closed","template":"","meta":{"_links_to":"","_links_to_type":0,"footnotes":""},"class_list":["post-141","page","type-page","status-publish","hentry"],"_links":{"self":[{"href":"https:\/\/extensao.ifg.edu.br\/nucleo-incubador-inhumas\/wp-json\/wp\/v2\/pages\/141"}],"collection":[{"href":"https:\/\/extensao.ifg.edu.br\/nucleo-incubador-inhumas\/wp-json\/wp\/v2\/pages"}],"about":[{"href":"https:\/\/extensao.ifg.edu.br\/nucleo-incubador-inhumas\/wp-json\/wp\/v2\/types\/page"}],"author":[{"embeddable":true,"href":"https:\/\/extensao.ifg.edu.br\/nucleo-incubador-inhumas\/wp-json\/wp\/v2\/users\/122"}],"replies":[{"embeddable":true,"href":"https:\/\/extensao.ifg.edu.br\/nucleo-incubador-inhumas\/wp-json\/wp\/v2\/comments?post=141"}],"version-history":[{"count":44,"href":"https:\/\/extensao.ifg.edu.br\/nucleo-incubador-inhumas\/wp-json\/wp\/v2\/pages\/141\/revisions"}],"predecessor-version":[{"id":319,"href":"https:\/\/extensao.ifg.edu.br\/nucleo-incubador-inhumas\/wp-json\/wp\/v2\/pages\/141\/revisions\/319"}],"wp:attachment":[{"href":"https:\/\/extensao.ifg.edu.br\/nucleo-incubador-inhumas\/wp-json\/wp\/v2\/media?parent=141"}],"curies":[{"name":"wp","href":"https:\/\/api.w.org\/{rel}","templated":true}]}}