{"id":119,"date":"2025-04-30T14:43:17","date_gmt":"2025-04-30T17:43:17","guid":{"rendered":"https:\/\/extensao.ifg.edu.br\/nucleo-incubador-inhumas\/?page_id=119"},"modified":"2025-10-21T15:15:28","modified_gmt":"2025-10-21T18:15:28","slug":"nosso-contato","status":"publish","type":"page","link":"https:\/\/extensao.ifg.edu.br\/nucleo-incubador-inhumas\/nosso-contato\/","title":{"rendered":"Nosso contato"},"content":{"rendered":"\n<div class=\"wp-block-group has-global-padding is-layout-constrained wp-block-group-is-layout-constrained wp-container-1 is-position-sticky\">\n<figure class=\"wp-block-image aligncenter size-full is-resized\"><img decoding=\"async\" src=\"https:\/\/extensao.ifg.edu.br\/nucleo-incubador-inhumas\/wp-content\/themes\/twentytwentyfour\/assets\/images\/icon-message.webp\" alt=\"\" style=\"object-fit:cover;width:45px;height:49px\" \/><\/figure>\n\n\n\n<h2 class=\"wp-block-heading has-text-align-center has-contrast-color has-text-color has-link-color has-large-font-size wp-elements-73bed51cd46b69358253c459c7e11e61\" style=\"margin-right:0;margin-left:0;padding-right:0;padding-left:0\">Nosso contato por e-mail \u00e9 <a href=\"mailto:nucleoincubador.inhumas@ifg.edu.br\">nucleoincubador.inhumas@ifg.edu.br<\/a>. <br><br>Tamb\u00e9m podemos conversar com voc\u00ea presencialmente no IFG C\u00e2mpus Inhumas, na sala T112.<\/h2>\n<\/div>\n\n\n\n<div class=\"wp-block-group alignfull is-vertical is-content-justification-center is-layout-flex wp-container-core-group-is-layout-2 wp-block-group-is-layout-flex\" style=\"min-height:100vh;margin-top:0;margin-bottom:0;padding-top:var(--wp--preset--spacing--60);padding-right:var(--wp--preset--spacing--50);padding-bottom:var(--wp--preset--spacing--60);padding-left:var(--wp--preset--spacing--50)\">\n<div class=\"wp-block-columns is-layout-flex wp-container-core-columns-is-layout-1 wp-block-columns-is-layout-flex\">\n<div class=\"wp-block-column is-layout-flow wp-block-column-is-layout-flow\" style=\"flex-basis:100%\"><\/div>\n<\/div>\n<\/div>\n","protected":false},"excerpt":{"rendered":"<p>Nosso contato por e-mail \u00e9 nucleoincubador.inhumas@ifg.edu.br. Tamb\u00e9m podemos conversar com voc\u00ea presencialmente no IFG C\u00e2mpus Inhumas, na sala T112.<\/p>\n","protected":false},"author":122,"featured_media":0,"parent":0,"menu_order":0,"comment_status":"closed","ping_status":"closed","template":"","meta":{"_links_to":"","_links_to_type":0,"footnotes":""},"class_list":["post-119","page","type-page","status-publish","hentry"],"_links":{"self":[{"href":"https:\/\/extensao.ifg.edu.br\/nucleo-incubador-inhumas\/wp-json\/wp\/v2\/pages\/119"}],"collection":[{"href":"https:\/\/extensao.ifg.edu.br\/nucleo-incubador-inhumas\/wp-json\/wp\/v2\/pages"}],"about":[{"href":"https:\/\/extensao.ifg.edu.br\/nucleo-incubador-inhumas\/wp-json\/wp\/v2\/types\/page"}],"author":[{"embeddable":true,"href":"https:\/\/extensao.ifg.edu.br\/nucleo-incubador-inhumas\/wp-json\/wp\/v2\/users\/122"}],"replies":[{"embeddable":true,"href":"https:\/\/extensao.ifg.edu.br\/nucleo-incubador-inhumas\/wp-json\/wp\/v2\/comments?post=119"}],"version-history":[{"count":14,"href":"https:\/\/extensao.ifg.edu.br\/nucleo-incubador-inhumas\/wp-json\/wp\/v2\/pages\/119\/revisions"}],"predecessor-version":[{"id":348,"href":"https:\/\/extensao.ifg.edu.br\/nucleo-incubador-inhumas\/wp-json\/wp\/v2\/pages\/119\/revisions\/348"}],"wp:attachment":[{"href":"https:\/\/extensao.ifg.edu.br\/nucleo-incubador-inhumas\/wp-json\/wp\/v2\/media?parent=119"}],"curies":[{"name":"wp","href":"https:\/\/api.w.org\/{rel}","templated":true}]}}