{"id":17,"date":"2019-10-10T16:16:58","date_gmt":"2019-10-10T19:16:58","guid":{"rendered":"http:\/\/extensao.ifg.edu.br\/npdgoias\/?page_id=17"},"modified":"2022-01-25T07:34:00","modified_gmt":"2022-01-25T10:34:00","slug":"sobre","status":"publish","type":"page","link":"https:\/\/extensao.ifg.edu.br\/npdgoias\/sobre\/","title":{"rendered":"Sobre"},"content":{"rendered":"<p>Implantados no \u00e2mbito do Programa Olhar Brasil da\u00a0Secretaria do Audiovisual \/ Minist\u00e9rio da Cultura (SAv\/MinC), os NPDs s\u00e3o espa\u00e7os democr\u00e1ticos, gratuitos e acess\u00edveis a todas as classes da sociedade, voltados para a produ\u00e7\u00e3o e difus\u00e3o do conte\u00fado audiovisual brasileiro, com estrutura humana, f\u00edsica, tecnol\u00f3gica e metodol\u00f3gica. Atrav\u00e9s desta a\u00e7\u00e3o, a SAv\/MinC\u00a0tem como objetivo formar e consolidar parcerias com institui\u00e7\u00f5es de diferentes\u00a0estados para o desenvolvimento da atividade audiovisual em todas as regi\u00f5es do pa\u00eds.<\/p>\n<p style=\"text-align: center\"><a href=\"http:\/\/extensao.ifg.edu.br\/npdgoias\/apoio-a-producao-independente\/sem-titulo\/\" rel=\"attachment wp-att-65\"><img loading=\"lazy\" decoding=\"async\" class=\"size-full wp-image-65 aligncenter\" src=\"http:\/\/extensao.ifg.edu.br\/npdgoias\/wp-content\/uploads\/sites\/15\/2019\/10\/Sem-t\u00edtulo.png\" alt=\"Sem t\u00edtulo\" width=\"955\" height=\"730\" \/><\/a><\/p>\n<p style=\"text-align: center\">\n<p style=\"text-align: center\"><strong><em>Comit\u00ea Gestor &#8211; NPG Goi\u00e1s<\/em><\/strong><\/p>\n<p style=\"text-align: center\"><em>Jansen Rodrigo de Oliveira Ramos<\/em><br \/>\nCoordenador do N\u00facleo de Produ\u00e7\u00e3o Digital<\/p>\n<p style=\"text-align: center\"><em>Gabriel Rocha Madeira<\/em><br \/>\nT\u00e9cnico do N\u00facleo de Produ\u00e7\u00e3o Digital<\/p>\n","protected":false},"excerpt":{"rendered":"<p>Implantados no \u00e2mbito do Programa Olhar Brasil da\u00a0Secretaria do Audiovisual \/ Minist\u00e9rio da Cultura (SAv\/MinC), os NPDs s\u00e3o espa\u00e7os democr\u00e1ticos, gratuitos e acess\u00edveis a todas as classes da sociedade, voltados para a produ\u00e7\u00e3o e difus\u00e3o do conte\u00fado audiovisual brasileiro, com estrutura humana, f\u00edsica, tecnol\u00f3gica e metodol\u00f3gica. Atrav\u00e9s desta a\u00e7\u00e3o, a SAv\/MinC\u00a0tem como objetivo formar e &hellip; <a href=\"https:\/\/extensao.ifg.edu.br\/npdgoias\/sobre\/\" class=\"more-link\">Continue lendo<span class=\"screen-reader-text\"> &#8220;Sobre&#8221;<\/span><\/a><\/p>\n","protected":false},"author":51,"featured_media":0,"parent":0,"menu_order":0,"comment_status":"closed","ping_status":"closed","template":"","meta":{"_links_to":"","_links_to_type":0,"footnotes":""},"class_list":["post-17","page","type-page","status-publish","hentry"],"_links":{"self":[{"href":"https:\/\/extensao.ifg.edu.br\/npdgoias\/wp-json\/wp\/v2\/pages\/17"}],"collection":[{"href":"https:\/\/extensao.ifg.edu.br\/npdgoias\/wp-json\/wp\/v2\/pages"}],"about":[{"href":"https:\/\/extensao.ifg.edu.br\/npdgoias\/wp-json\/wp\/v2\/types\/page"}],"author":[{"embeddable":true,"href":"https:\/\/extensao.ifg.edu.br\/npdgoias\/wp-json\/wp\/v2\/users\/51"}],"replies":[{"embeddable":true,"href":"https:\/\/extensao.ifg.edu.br\/npdgoias\/wp-json\/wp\/v2\/comments?post=17"}],"version-history":[{"count":4,"href":"https:\/\/extensao.ifg.edu.br\/npdgoias\/wp-json\/wp\/v2\/pages\/17\/revisions"}],"predecessor-version":[{"id":114,"href":"https:\/\/extensao.ifg.edu.br\/npdgoias\/wp-json\/wp\/v2\/pages\/17\/revisions\/114"}],"wp:attachment":[{"href":"https:\/\/extensao.ifg.edu.br\/npdgoias\/wp-json\/wp\/v2\/media?parent=17"}],"curies":[{"name":"wp","href":"https:\/\/api.w.org\/{rel}","templated":true}]}}