{"id":9,"date":"2021-09-16T21:37:58","date_gmt":"2021-09-17T00:37:58","guid":{"rendered":"http:\/\/extensao.ifg.edu.br\/msi\/?page_id=9"},"modified":"2023-09-12T14:48:35","modified_gmt":"2023-09-12T17:48:35","slug":"scratch-para-alunos","status":"publish","type":"page","link":"https:\/\/extensao.ifg.edu.br\/msi\/scratch-para-alunos\/","title":{"rendered":"Scratch para Alunos"},"content":{"rendered":"<p><img loading=\"lazy\" decoding=\"async\" class=\"alignnone size-full wp-image-31\" src=\"http:\/\/extensao.ifg.edu.br\/msi\/wp-content\/uploads\/sites\/17\/2021\/09\/animacoes2.png\" alt=\"animacoes2\" width=\"800\" height=\"451\" \/><\/p>\n<h1><\/h1>\n<h1>Curso: Criando Anima\u00e7\u00f5es com Scratch<\/h1>\n<p><strong>P\u00fablico Alvo<\/strong>: Alunos do ensino fundamental<\/p>\n<p><strong>Objetivo:<\/strong>\u00a0O curso pretende ensinar aos estudantes como utilizar a plataforma de programa\u00e7\u00e3o em blocos Scratch. Inicialmente ser\u00e1 explicado sobre o funcionamento da plataforma, em seguida os estudantes ter\u00e3o a oportunidade de criarem anima\u00e7\u00f5es com temas propostas pelos professores. Conforme os estudantes criam suas anima\u00e7\u00f5es, tamb\u00e9m avan\u00e7am no conhecimento da plataforma.<\/p>\n<p><strong>Modalidade:<\/strong>\u00a0O curso ser\u00e1 presencial.<\/p>\n<p><strong>Requisitos:<\/strong>\u00a0Estar cursando o\u00a09\u00ba\u00a0ano do ensino fundamental. Disponibilidade para participar do curso.<\/p>\n<p><strong>In\u00edcio:<\/strong>\u00a019\/09\/2023<\/p>\n<p><strong>Quais documentos preciso para inscri\u00e7\u00e3o<\/strong><\/p>\n<ul>\n<li>RG<\/li>\n<li>CPF<\/li>\n<li>Comprovante de endere\u00e7o<\/li>\n<\/ul>\n<h2><a href=\"https:\/\/forms.gle\/ZzzMYdQCHjxfaMWS9\">Inscri\u00e7\u00e3o:\u00a0clique aqui<\/a><\/h2>\n<p><strong>Maiores informa\u00e7\u00f5es:<\/strong>\u00a0(64) 9.9318-4671<\/p>\n<p>&nbsp;<\/p>\n<p>&nbsp;<\/p>\n<p>&nbsp;<\/p>\n","protected":false},"excerpt":{"rendered":"<p>Curso: Criando Anima\u00e7\u00f5es com Scratch P\u00fablico Alvo: Alunos do ensino fundamental Objetivo:\u00a0O curso pretende ensinar aos estudantes como utilizar a plataforma de programa\u00e7\u00e3o em blocos Scratch. Inicialmente ser\u00e1 explicado sobre o funcionamento da plataforma, em seguida os estudantes ter\u00e3o a oportunidade de criarem anima\u00e7\u00f5es com temas propostas pelos professores. Conforme os estudantes criam suas anima\u00e7\u00f5es, [&hellip;]<\/p>\n","protected":false},"author":65,"featured_media":0,"parent":0,"menu_order":0,"comment_status":"closed","ping_status":"closed","template":"","meta":{"_links_to":"","_links_to_type":0,"footnotes":""},"class_list":["post-9","page","type-page","status-publish","hentry"],"_links":{"self":[{"href":"https:\/\/extensao.ifg.edu.br\/msi\/wp-json\/wp\/v2\/pages\/9"}],"collection":[{"href":"https:\/\/extensao.ifg.edu.br\/msi\/wp-json\/wp\/v2\/pages"}],"about":[{"href":"https:\/\/extensao.ifg.edu.br\/msi\/wp-json\/wp\/v2\/types\/page"}],"author":[{"embeddable":true,"href":"https:\/\/extensao.ifg.edu.br\/msi\/wp-json\/wp\/v2\/users\/65"}],"replies":[{"embeddable":true,"href":"https:\/\/extensao.ifg.edu.br\/msi\/wp-json\/wp\/v2\/comments?post=9"}],"version-history":[{"count":16,"href":"https:\/\/extensao.ifg.edu.br\/msi\/wp-json\/wp\/v2\/pages\/9\/revisions"}],"predecessor-version":[{"id":82,"href":"https:\/\/extensao.ifg.edu.br\/msi\/wp-json\/wp\/v2\/pages\/9\/revisions\/82"}],"wp:attachment":[{"href":"https:\/\/extensao.ifg.edu.br\/msi\/wp-json\/wp\/v2\/media?parent=9"}],"curies":[{"name":"wp","href":"https:\/\/api.w.org\/{rel}","templated":true}]}}