{"id":55,"date":"2021-09-21T22:29:42","date_gmt":"2021-09-22T01:29:42","guid":{"rendered":"http:\/\/extensao.ifg.edu.br\/msi\/?page_id=55"},"modified":"2022-08-30T19:53:37","modified_gmt":"2022-08-30T22:53:37","slug":"equipe","status":"publish","type":"page","link":"https:\/\/extensao.ifg.edu.br\/msi\/equipe\/","title":{"rendered":"Equipe"},"content":{"rendered":"<h1>Equipe executora do Projeto<\/h1>\n<h2>Ano: 2021<\/h2>\n<h3>A\u00e7\u00e3o: Plataforma Google<\/h3>\n<p>Coordenadora: Eliane Raimann<\/p>\n<p>Servidores:<\/p>\n<ul>\n<li>Aladir Ferreira da Silva Junior<\/li>\n<li>Elineia Pereira Vailant<\/li>\n<li>Magda Cabral Costa Santos<\/li>\n<li>Renato Oliveira Abreu<\/li>\n<li>Thiago Silva da Luz<\/li>\n<\/ul>\n<p>Estudantes:<\/p>\n<ul>\n<li>Fernando Alves Lima<\/li>\n<li>Gabriel Lincoln Ribeiro Oliveira<\/li>\n<li>Gabriel Moraes de Carvalho Rios<\/li>\n<li>Gabriel Natan Ferreira Oliveira<\/li>\n<li>Kau\u00e3 Magnus Moraes Sales<\/li>\n<li>Mateus Tiago Cruz e Silva<\/li>\n<li>William Gabriel Queiroz da Silva<\/li>\n<\/ul>\n<h3>A\u00e7\u00e3o: Criando anima\u00e7\u00f5es com Scratch<\/h3>\n<p>Coordenador: Fabr\u00edcio Vieira Campos<\/p>\n<h4>Servidores:<\/h4>\n<ul>\n<li>Roney Lopes Lima<\/li>\n<li>Kenia Alves Pereira Lacerda<\/li>\n<li>Luciana Bigolin Martini<\/li>\n<li>Paulo Henrique de Souza<\/li>\n<\/ul>\n<h4>Estudantes:<\/h4>\n<ul>\n<li>Guilherme Assis Cavalcante<\/li>\n<li>L\u00e1zaro Filipe Silv\u00e9rio Cabral<\/li>\n<li>Jo\u00e3o Victor Carvalho Leal<\/li>\n<\/ul>\n<h3>A\u00e7\u00e3o: Girl Power<\/h3>\n<p>Coordenadora: Eliane Raimann<\/p>\n<p>Servidores:<\/p>\n<ul>\n<li>Fabr\u00edcio Vieira Campos<\/li>\n<li>Renato Oliveira Abreu<\/li>\n<\/ul>\n<p>Estudantes:<\/p>\n<ul>\n<li>Bruna Cristina Pereira de Jesus<\/li>\n<li>Hellen Vitoria Alves Costa<\/li>\n<\/ul>\n<h2>Ano: 2022<\/h2>\n<h3>A\u00e7\u00e3o: Criando anima\u00e7\u00f5es com Scratch<\/h3>\n<p>Coordenador: Fabr\u00edcio Vieira Campos<\/p>\n<h4>Servidores:<\/h4>\n<ul>\n<li>Roney Lopes Lima<\/li>\n<li>Kenia Alves Pereira Lacerda<\/li>\n<li>Luciana Bigolin Martini<\/li>\n<li>Paulo Henrique de Souza<\/li>\n<\/ul>\n<h4>Estudantes:<\/h4>\n<ul>\n<li>Bruna Cristina Pereira de Jesus<\/li>\n<li>Gabriel Silva de Lima<\/li>\n<li>Let\u00edcia Tavares de Oliveira<\/li>\n<li>Suzelle dos Santos Martins<\/li>\n<li>Tuliana Braga Medeiros<\/li>\n<\/ul>\n<h4>Escola Parceira 2022:<\/h4>\n<p>Escola Estadual Dante Mosconi<\/p>\n<p>&nbsp;<\/p>\n","protected":false},"excerpt":{"rendered":"<p>Equipe executora do Projeto Ano: 2021 A\u00e7\u00e3o: Plataforma Google Coordenadora: Eliane Raimann Servidores: Aladir Ferreira da Silva Junior Elineia Pereira Vailant Magda Cabral Costa Santos Renato Oliveira Abreu Thiago Silva da Luz Estudantes: Fernando Alves Lima Gabriel Lincoln Ribeiro Oliveira Gabriel Moraes de Carvalho Rios Gabriel Natan Ferreira Oliveira Kau\u00e3 Magnus Moraes Sales Mateus Tiago [&hellip;]<\/p>\n","protected":false},"author":65,"featured_media":0,"parent":0,"menu_order":0,"comment_status":"closed","ping_status":"closed","template":"","meta":{"_links_to":"","_links_to_type":0,"footnotes":""},"class_list":["post-55","page","type-page","status-publish","hentry"],"_links":{"self":[{"href":"https:\/\/extensao.ifg.edu.br\/msi\/wp-json\/wp\/v2\/pages\/55"}],"collection":[{"href":"https:\/\/extensao.ifg.edu.br\/msi\/wp-json\/wp\/v2\/pages"}],"about":[{"href":"https:\/\/extensao.ifg.edu.br\/msi\/wp-json\/wp\/v2\/types\/page"}],"author":[{"embeddable":true,"href":"https:\/\/extensao.ifg.edu.br\/msi\/wp-json\/wp\/v2\/users\/65"}],"replies":[{"embeddable":true,"href":"https:\/\/extensao.ifg.edu.br\/msi\/wp-json\/wp\/v2\/comments?post=55"}],"version-history":[{"count":3,"href":"https:\/\/extensao.ifg.edu.br\/msi\/wp-json\/wp\/v2\/pages\/55\/revisions"}],"predecessor-version":[{"id":73,"href":"https:\/\/extensao.ifg.edu.br\/msi\/wp-json\/wp\/v2\/pages\/55\/revisions\/73"}],"wp:attachment":[{"href":"https:\/\/extensao.ifg.edu.br\/msi\/wp-json\/wp\/v2\/media?parent=55"}],"curies":[{"name":"wp","href":"https:\/\/api.w.org\/{rel}","templated":true}]}}