{"id":5,"date":"2021-09-16T20:52:00","date_gmt":"2021-09-16T23:52:00","guid":{"rendered":"http:\/\/extensao.ifg.edu.br\/msi\/?page_id=5"},"modified":"2023-09-12T16:01:30","modified_gmt":"2023-09-12T19:01:30","slug":"bem-vindo","status":"publish","type":"page","link":"https:\/\/extensao.ifg.edu.br\/msi\/","title":{"rendered":"Bem Vindo"},"content":{"rendered":"<blockquote>\n<h1>Anima\u00e7\u00f5es Com Scratch 2023<\/h1>\n<\/blockquote>\n<p>Em 2023 estamos oferecendo o curso Criando anima\u00e7\u00f5es Com Scratch\u00a0Aberto para alunos que estejam cursando o ensino fundamental<\/p>\n<p>Ser\u00e3o ofertados uma turma para\u00a030 vagas.<\/p>\n<p>N\u00e3o \u00e9 necess\u00e1rio que o estudante tenha computador em casa, j\u00e1 que o curso ocorrer\u00e1 no laborat\u00f3rio de inform\u00e1tica\u00a0do IFG &#8211; Flamboyant<\/p>\n<p>O curso \u00e9 gratuito e a obriga\u00e7\u00e3o dos estudantes ser\u00e1 comparecer na escola nos dias e horas marcados.<\/p>\n<blockquote><p>Respostas r\u00e1pidas<\/p><\/blockquote>\n<ul>\n<li><strong>Como me inscrever?<\/strong><\/li>\n<\/ul>\n<p>Os estudantes precisam da autoriza\u00e7\u00e3o dos pais para poder participar e devem preencher o <a href=\"https:\/\/forms.gle\/w3Rpw3QrrKyPiurZA\">formul\u00e1rio\u00a0de inscri\u00e7\u00e3o aqui<\/a><\/p>\n<p>Em seguida, entraremos em contato com os estudantes selecionados para informar sobre a documenta\u00e7\u00e3o necess\u00e1ria.<\/p>\n<ul>\n<li><strong>Tem algum custo para fazer o curso?<\/strong><\/li>\n<\/ul>\n<p>O curso \u00e9 gratuito, ou seja os estudantes n\u00e3o ter\u00e3o que pagar taxas de matr\u00edculas ou mensalidades. O custo que voc\u00eas ter\u00e3o ser\u00e1 com o deslocamento para a escola nos dias e hor\u00e1rios marcados.<\/p>\n<ul>\n<li><strong>Quais dias e hor\u00e1rios do curso?<\/strong><\/li>\n<\/ul>\n<p>Ser\u00e3o\u00a0tres encontros semanais. Na ter\u00e7a, quarta e quinta-feira, <strong>das 14:30 as 16:30<\/strong><\/p>\n<ul>\n<li>Quais requisitos para fazer o curso?<\/li>\n<\/ul>\n<p>Estar cursando o 8\u00ba ou 9\u00ba ano do ensino fundamental, preencher o formul\u00e1rio de inscri\u00e7\u00e3o.<\/p>\n<p>&nbsp;<\/p>\n<blockquote><p><a href=\"https:\/\/extensao.ifg.edu.br\/msi\/scratch-para-alunos\/\">Maiores informa\u00e7\u00f5es aqui<\/a><\/p><\/blockquote>\n<p>&nbsp;<\/p>\n","protected":false},"excerpt":{"rendered":"<p>Anima\u00e7\u00f5es Com Scratch 2023 Em 2023 estamos oferecendo o curso Criando anima\u00e7\u00f5es Com Scratch\u00a0Aberto para alunos que estejam cursando o ensino fundamental Ser\u00e3o ofertados uma turma para\u00a030 vagas. N\u00e3o \u00e9 necess\u00e1rio que o estudante tenha computador em casa, j\u00e1 que o curso ocorrer\u00e1 no laborat\u00f3rio de inform\u00e1tica\u00a0do IFG &#8211; Flamboyant O curso \u00e9 gratuito e [&hellip;]<\/p>\n","protected":false},"author":65,"featured_media":76,"parent":0,"menu_order":0,"comment_status":"closed","ping_status":"closed","template":"","meta":{"_links_to":"","_links_to_type":0,"footnotes":""},"class_list":["post-5","page","type-page","status-publish","has-post-thumbnail","hentry"],"_links":{"self":[{"href":"https:\/\/extensao.ifg.edu.br\/msi\/wp-json\/wp\/v2\/pages\/5"}],"collection":[{"href":"https:\/\/extensao.ifg.edu.br\/msi\/wp-json\/wp\/v2\/pages"}],"about":[{"href":"https:\/\/extensao.ifg.edu.br\/msi\/wp-json\/wp\/v2\/types\/page"}],"author":[{"embeddable":true,"href":"https:\/\/extensao.ifg.edu.br\/msi\/wp-json\/wp\/v2\/users\/65"}],"replies":[{"embeddable":true,"href":"https:\/\/extensao.ifg.edu.br\/msi\/wp-json\/wp\/v2\/comments?post=5"}],"version-history":[{"count":16,"href":"https:\/\/extensao.ifg.edu.br\/msi\/wp-json\/wp\/v2\/pages\/5\/revisions"}],"predecessor-version":[{"id":83,"href":"https:\/\/extensao.ifg.edu.br\/msi\/wp-json\/wp\/v2\/pages\/5\/revisions\/83"}],"wp:featuredmedia":[{"embeddable":true,"href":"https:\/\/extensao.ifg.edu.br\/msi\/wp-json\/wp\/v2\/media\/76"}],"wp:attachment":[{"href":"https:\/\/extensao.ifg.edu.br\/msi\/wp-json\/wp\/v2\/media?parent=5"}],"curies":[{"name":"wp","href":"https:\/\/api.w.org\/{rel}","templated":true}]}}