{"id":11,"date":"2021-09-16T21:38:20","date_gmt":"2021-09-17T00:38:20","guid":{"rendered":"http:\/\/extensao.ifg.edu.br\/msi\/?page_id=11"},"modified":"2021-09-25T10:57:46","modified_gmt":"2021-09-25T13:57:46","slug":"plataforma-google","status":"publish","type":"page","link":"https:\/\/extensao.ifg.edu.br\/msi\/plataforma-google\/","title":{"rendered":"Plataforma Google"},"content":{"rendered":"<p><img loading=\"lazy\" decoding=\"async\" class=\"alignnone size-full wp-image-39\" src=\"http:\/\/extensao.ifg.edu.br\/msi\/wp-content\/uploads\/sites\/17\/2021\/09\/Anima\u00e7\u00f5es-com-Scratch-2.png\" alt=\"Anima\u00e7\u00f5es com Scratch (2)\" width=\"1640\" height=\"924\" \/><\/p>\n<h1>Curso:\u00a0Plataforma Google para educa\u00e7\u00e3o<\/h1>\n<p><strong>P\u00fablico Alvo<\/strong>: Professores de qualquer rede de ensino e qualquer cidade do pa\u00eds.<\/p>\n<p><strong>Objetivo:<\/strong>\u00a0O curso est\u00e1 organizado em m\u00f3dulos,<\/p>\n<p><strong>Modalidade:<\/strong>\u00a0O curso ser\u00e1 todo online utilizando o Google Meet.<\/p>\n<p><strong>Requisitos:<\/strong>\u00a0Ser professor(a). Computador com acesso a internet, dispon\u00edbilidade para participar do curso.<\/p>\n<p><strong>In\u00edcio:<\/strong>\u00a013\/10\/2021<\/p>\n<p><strong>Maiores informa\u00e7\u00f5es:<\/strong>\u00a0msi.jatai@ifg.edu.br<\/p>\n<h2><strong>Inscri\u00e7\u00f5es<\/strong>: <a href=\"https:\/\/docs.google.com\/forms\/d\/e\/1FAIpQLSddon7KlpkVqEsh1a4DZMUHCYaCajmeqRtJse7FumnPN9jZfQ\/viewform?usp=sf_link\">Fa\u00e7a sua inscri\u00e7\u00e3o clicando aqui<\/a><\/h2>\n<p><strong>Chamada P\u00fablica<\/strong>: <a href=\"https:\/\/ifg.edu.br\/attachments\/article\/1286\/Chamada%20-%20Google%20-%20final.pdf\">Conhe\u00e7a a chamada p\u00fablica<\/a><\/p>\n<hr \/>\n<blockquote><p>M\u00f3dulos<\/p><\/blockquote>\n<ul>\n<li><strong>Google Docs<\/strong>: esse m\u00f3dulo tem o objetivo de ensinar o participante a aprender sobre como criar documentos online, com o uso da internet;<\/li>\n<li><strong>Google Planilhas<\/strong>: esse m\u00f3dulo tem o objetivo de trabalhar com a cria\u00e7\u00e3o de planilhas eletr\u00f4nicas;<\/li>\n<li><strong>Google Drive<\/strong>: esse m\u00f3dulo tem o objetivo de trabalhar com o sistema de armazenamento e compartilhamento de arquivos;<\/li>\n<li><\/li>\n<\/ul>\n","protected":false},"excerpt":{"rendered":"<p>Curso:\u00a0Plataforma Google para educa\u00e7\u00e3o P\u00fablico Alvo: Professores de qualquer rede de ensino e qualquer cidade do pa\u00eds. Objetivo:\u00a0O curso est\u00e1 organizado em m\u00f3dulos, Modalidade:\u00a0O curso ser\u00e1 todo online utilizando o Google Meet. Requisitos:\u00a0Ser professor(a). Computador com acesso a internet, dispon\u00edbilidade para participar do curso. In\u00edcio:\u00a013\/10\/2021 Maiores informa\u00e7\u00f5es:\u00a0msi.jatai@ifg.edu.br Inscri\u00e7\u00f5es: Fa\u00e7a sua inscri\u00e7\u00e3o clicando aqui Chamada P\u00fablica: [&hellip;]<\/p>\n","protected":false},"author":65,"featured_media":0,"parent":0,"menu_order":0,"comment_status":"closed","ping_status":"closed","template":"","meta":{"_links_to":"","_links_to_type":0,"footnotes":""},"class_list":["post-11","page","type-page","status-publish","hentry"],"_links":{"self":[{"href":"https:\/\/extensao.ifg.edu.br\/msi\/wp-json\/wp\/v2\/pages\/11"}],"collection":[{"href":"https:\/\/extensao.ifg.edu.br\/msi\/wp-json\/wp\/v2\/pages"}],"about":[{"href":"https:\/\/extensao.ifg.edu.br\/msi\/wp-json\/wp\/v2\/types\/page"}],"author":[{"embeddable":true,"href":"https:\/\/extensao.ifg.edu.br\/msi\/wp-json\/wp\/v2\/users\/65"}],"replies":[{"embeddable":true,"href":"https:\/\/extensao.ifg.edu.br\/msi\/wp-json\/wp\/v2\/comments?post=11"}],"version-history":[{"count":9,"href":"https:\/\/extensao.ifg.edu.br\/msi\/wp-json\/wp\/v2\/pages\/11\/revisions"}],"predecessor-version":[{"id":65,"href":"https:\/\/extensao.ifg.edu.br\/msi\/wp-json\/wp\/v2\/pages\/11\/revisions\/65"}],"wp:attachment":[{"href":"https:\/\/extensao.ifg.edu.br\/msi\/wp-json\/wp\/v2\/media?parent=11"}],"curies":[{"name":"wp","href":"https:\/\/api.w.org\/{rel}","templated":true}]}}