{"id":100,"date":"2025-02-06T18:57:24","date_gmt":"2025-02-06T21:57:24","guid":{"rendered":"https:\/\/extensao.ifg.edu.br\/meninas-nas-ceec-inhumas\/?page_id=100"},"modified":"2025-10-31T18:00:38","modified_gmt":"2025-10-31T21:00:38","slug":"nosso-projeto","status":"publish","type":"page","link":"https:\/\/extensao.ifg.edu.br\/meninasceec\/nosso-projeto\/","title":{"rendered":"Nosso Projeto"},"content":{"rendered":"\n<div style=\"height:10px\" aria-hidden=\"true\" class=\"wp-block-spacer\"><\/div>\n\n\n\n<div class=\"wp-block-group alignfull has-background has-global-padding is-layout-constrained wp-container-core-group-is-layout-2 wp-block-group-is-layout-constrained\" style=\"border-radius:0px;background-color:#402b43;margin-top:var(--wp--preset--spacing--50);margin-bottom:0;padding-top:var(--wp--preset--spacing--30);padding-right:var(--wp--preset--spacing--40);padding-bottom:var(--wp--preset--spacing--30);padding-left:var(--wp--preset--spacing--40)\">\n<div class=\"wp-block-columns alignwide is-layout-flex wp-container-core-columns-is-layout-1 wp-block-columns-is-layout-flex\" style=\"margin-top:var(--wp--preset--spacing--50);margin-bottom:var(--wp--preset--spacing--50);padding-top:0;padding-right:var(--wp--preset--spacing--30);padding-bottom:0;padding-left:var(--wp--preset--spacing--30)\">\n<div class=\"wp-block-column is-vertically-aligned-top is-layout-flow wp-container-core-column-is-layout-1 wp-block-column-is-layout-flow\" style=\"padding-top:0;padding-right:0;padding-bottom:0;padding-left:0;flex-basis:40%\">\n<div class=\"wp-block-group is-nowrap is-layout-flex wp-container-core-group-is-layout-1 wp-block-group-is-layout-flex\">\n<h1 class=\"wp-block-heading has-text-align-left has-base-2-color has-text-color has-link-color wp-elements-561bd7837ad52d739e4181e4853f47ba\" style=\"font-size:clamp(2.418rem, 2.418rem + ((1vw - 0.2rem) * 3.47), 4.5rem);\">Vis\u00e3o geral<\/h1>\n<\/div>\n\n\n\n<div style=\"height:8px\" aria-hidden=\"true\" class=\"wp-block-spacer\"><\/div>\n\n\n\n<p class=\"has-base-2-color has-text-color has-link-color has-heading-font-family wp-elements-219d5243437fa0318d1bd07397b62494\" style=\"font-size:clamp(1.039rem, 1.039rem + ((1vw - 0.2rem) * 0.935), 1.6rem);line-height:1.2\">Este projeto busca despertar e fortalecer a voca\u00e7\u00e3o profissional de meninas para e nas carreiras de Ci\u00eancias Exatas, Engenharias e Computa\u00e7\u00e3o, visando&nbsp;ampliar a presen\u00e7a feminina nestes campos e promover a equidade de g\u00eanero. <\/p>\n\n\n\n<p class=\"has-text-align-left has-text-color has-link-color has-heading-font-family wp-elements-018dcb6b61355d565eda1051a04757f2\" style=\"color:#e9e6e9;font-size:clamp(1.039rem, 1.039rem + ((1vw - 0.2rem) * 0.935), 1.6rem);line-height:1.2\">Queremos inspirar meninas a seguirem carreiras onde atualmente existe predomin\u00e2ncia masculina.<\/p>\n<\/div>\n\n\n\n<div class=\"wp-block-column is-vertically-aligned-center has-global-padding is-content-justification-center is-layout-constrained wp-container-core-column-is-layout-2 wp-block-column-is-layout-constrained\" style=\"padding-top:var(--wp--preset--spacing--10);padding-right:var(--wp--preset--spacing--40);padding-bottom:var(--wp--preset--spacing--10);padding-left:var(--wp--preset--spacing--40);flex-basis:40%\">\n<figure style=\"margin-top:0;margin-right:0;margin-bottom:0;margin-left:0;padding-right:0;padding-left:0\" class=\"wp-block-video\"><video controls src=\"https:\/\/extensao.ifg.edu.br\/meninas-nas-ceec-inhumas\/wp-content\/uploads\/sites\/37\/2025\/09\/Video-do-WhatsApp-de-2025-09-01-as-17.36.07_4da508d5-1-1-1.mp4\" playsinline><\/video><\/figure>\n<\/div>\n<\/div>\n<\/div>\n\n\n\n<div class=\"wp-block-group alignfull has-background has-global-padding is-layout-constrained wp-container-core-group-is-layout-8 wp-block-group-is-layout-constrained\" style=\"background-color:#e9e6e9;margin-top:0;margin-bottom:0;padding-top:var(--wp--preset--spacing--60);padding-right:var(--wp--preset--spacing--50);padding-bottom:var(--wp--preset--spacing--60);padding-left:var(--wp--preset--spacing--50)\">\n<div class=\"wp-block-columns alignwide is-layout-flex wp-container-core-columns-is-layout-3 wp-block-columns-is-layout-flex\">\n<div class=\"wp-block-column is-vertically-aligned-top has-global-padding is-content-justification-center is-layout-constrained wp-container-core-column-is-layout-3 wp-block-column-is-layout-constrained\" style=\"flex-basis:40%\">\n<div class=\"wp-block-group alignwide has-global-padding is-layout-constrained wp-block-group-is-layout-constrained\">\n<div class=\"wp-block-group alignwide has-global-padding is-content-justification-right is-layout-constrained wp-container-core-group-is-layout-4 wp-block-group-is-layout-constrained\">\n<div class=\"wp-block-group alignfull has-custom-lil-s-claro-background-color has-text-color has-background has-link-color has-medium-font-size wp-elements-a1b3e8780c2b5a5d158da3e68b5f8fa8 has-global-padding is-content-justification-center is-layout-constrained wp-container-core-group-is-layout-3 wp-block-group-is-layout-constrained\" style=\"border-style:none;border-width:0px;border-radius:25px;color:#2c2525;padding-top:var(--wp--preset--spacing--30);padding-right:var(--wp--preset--spacing--30);padding-bottom:var(--wp--preset--spacing--30);padding-left:var(--wp--preset--spacing--30)\">\n<figure class=\"wp-block-image alignfull size-large\"><img loading=\"lazy\" decoding=\"async\" width=\"1024\" height=\"895\" src=\"https:\/\/extensao.ifg.edu.br\/meninas-nas-ceec-inhumas\/wp-content\/uploads\/sites\/37\/2025\/06\/mariecurrie-1024x895.png\" alt=\"\" class=\"wp-image-388\" srcset=\"https:\/\/extensao.ifg.edu.br\/meninasceec\/wp-content\/uploads\/sites\/37\/2025\/06\/mariecurrie-1024x895.png 1024w, https:\/\/extensao.ifg.edu.br\/meninasceec\/wp-content\/uploads\/sites\/37\/2025\/06\/mariecurrie-300x262.png 300w, https:\/\/extensao.ifg.edu.br\/meninasceec\/wp-content\/uploads\/sites\/37\/2025\/06\/mariecurrie-768x671.png 768w, https:\/\/extensao.ifg.edu.br\/meninasceec\/wp-content\/uploads\/sites\/37\/2025\/06\/mariecurrie-1536x1342.png 1536w, https:\/\/extensao.ifg.edu.br\/meninasceec\/wp-content\/uploads\/sites\/37\/2025\/06\/mariecurrie-2048x1790.png 2048w\" sizes=\"(max-width: 1024px) 100vw, 1024px\" \/><\/figure>\n\n\n\n<p class=\"has-text-color has-link-color has-heading-font-family wp-elements-0ee72869be6f11091d1e6259d34f50fc\" style=\"color:#2c2525;font-size:clamp(0.875rem, 0.875rem + ((1vw - 0.2rem) * 0.542), 1.2rem);font-style:normal;font-weight:500\">Cultivamos trajet\u00f3rias nas \u00e1reas de Ci\u00eancias Exatas, Engenharias e Computa\u00e7\u00e3o.<\/p>\n<\/div>\n<\/div>\n<\/div>\n\n\n\n<div style=\"height:44px\" aria-hidden=\"true\" class=\"wp-block-spacer\"><\/div>\n<\/div>\n\n\n\n<div class=\"wp-block-column is-vertically-aligned-top is-layout-flow wp-container-core-column-is-layout-6 wp-block-column-is-layout-flow\" style=\"padding-top:0;padding-bottom:0;flex-basis:60%\">\n<div class=\"wp-block-group has-base-color has-custom-azul-apagado-background-color has-text-color has-background has-link-color wp-elements-1e6bd5076c8365cacb5deadc3b26d031 has-global-padding is-layout-constrained wp-block-group-is-layout-constrained\" style=\"border-style:none;border-width:0px;border-radius:19px\">\n<div class=\"wp-block-group has-global-padding is-layout-constrained wp-container-core-group-is-layout-6 wp-block-group-is-layout-constrained\" style=\"margin-top:0;margin-bottom:0;padding-top:var(--wp--preset--spacing--20);padding-right:var(--wp--preset--spacing--20);padding-bottom:var(--wp--preset--spacing--20);padding-left:var(--wp--preset--spacing--20)\">\n<p class=\"has-text-color has-link-color has-heading-font-family has-x-large-font-size wp-elements-6657030ef946dd01dfe19c7f4750b753\" style=\"color:#e9e6e9;line-height:1.2\">N\u00f3s desenvolvemos a\u00e7\u00f5es para despertar voca\u00e7\u00f5es e desenvolver talentos.<\/p>\n<\/div>\n<\/div>\n\n\n\n<div class=\"wp-block-columns has-medium-font-size is-layout-flex wp-container-core-columns-is-layout-2 wp-block-columns-is-layout-flex\" style=\"padding-right:0;padding-left:0\">\n<div class=\"wp-block-column has-text-color has-link-color wp-elements-4be7f2f6cca0b82bf07467b2909f8880 is-layout-flow wp-block-column-is-layout-flow\" style=\"color:#2c2525\">\n<p class=\"wp-container-content-2\"><strong>T\u00edtulo do Projeto<\/strong>: Despertando e fortalecendo a voca\u00e7\u00e3o profissional de meninas para e nas carreiras de Ci\u00eancias Exatas, Engenharias e Computa\u00e7\u00e3o.<br><strong>Edital<\/strong>: Chamada CNPq\/MCTI\/MMulheres n\u00ba 31\/2023<br><strong>Vig\u00eancia<\/strong>: 18\/11\/2024 a 30\/11\/2027<\/p>\n\n\n\n<p class=\"wp-container-content-3\"><\/p>\n<\/div>\n\n\n\n<div class=\"wp-block-column has-text-color has-link-color wp-elements-9b3db9df1dd653b2389ec39e09ab4374 is-layout-flow wp-block-column-is-layout-flow\" style=\"color:#2c2525\">\n<p><strong>Objetivo geral<\/strong>: Despertar e fortalecer a voca\u00e7\u00e3o profissional de meninas e mulheres nas \u00e1reas de Ci\u00eancias Exatas, Engenharias e Computa\u00e7\u00e3o (CEEC) atrav\u00e9s de abordagem integrada de ensino, pesquisa e extens\u00e3o, visando ampliar a presen\u00e7a feminina e promover a equidade de g\u00eanero nestes campos..<\/p>\n<\/div>\n<\/div>\n<\/div>\n<\/div>\n<\/div>\n\n\n\n<div class=\"wp-block-cover alignfull is-light has-parallax wp-duotone-111111-707a8c-1\" style=\"margin-top:0;margin-bottom:0;padding-top:var(--wp--preset--spacing--50);padding-right:var(--wp--preset--spacing--50);padding-bottom:var(--wp--preset--spacing--50);padding-left:var(--wp--preset--spacing--50);min-height:100vh;aspect-ratio:unset;\"><span aria-hidden=\"true\" class=\"wp-block-cover__background has-base-background-color has-background-dim-0 has-background-dim\"><\/span><div class=\"wp-block-cover__image-background wp-image-278 has-parallax\" style=\"background-position:50% 50%;background-image:url(http:\/\/extensao.ifg.edu.br\/meninas-nas-ceec-inhumas\/wp-content\/uploads\/sites\/37\/2025\/04\/roda-de-conversa-1.png)\"><\/div><div class=\"wp-block-cover__inner-container has-global-padding is-layout-constrained wp-container-core-cover-is-layout-1 wp-block-cover-is-layout-constrained\">\n<div style=\"height:500px\" aria-hidden=\"true\" class=\"wp-block-spacer\"><\/div>\n<\/div><\/div>\n\n\n\n<div class=\"wp-block-group alignfull has-background is-layout-flow wp-block-group-is-layout-flow\" style=\"background-color:#e9e6e9;margin-top:0;margin-bottom:0;padding-top:var(--wp--preset--spacing--60);padding-right:var(--wp--preset--spacing--60);padding-bottom:var(--wp--preset--spacing--60);padding-left:var(--wp--preset--spacing--60)\">\n<div style=\"height:82px\" aria-hidden=\"true\" class=\"wp-block-spacer\"><\/div>\n\n\n\n<div class=\"wp-block-group alignwide is-layout-flow wp-block-group-is-layout-flow\">\n<p class=\"has-text-align-center has-text-color has-link-color has-heading-font-family has-x-large-font-size wp-elements-b66dfb113c4f2140ae6e08fa8d48682d\" style=\"color:#5a5a7a;font-style:normal;font-weight:400;line-height:1.2\">\u201cA ci\u00eancia tem grandes tesouros escondidos em seu seio. \u00c9 nosso trabalho busc\u00e1-los.\u201d<\/p>\n\n\n\n<h3 class=\"wp-block-heading has-text-align-center has-text-color has-link-color wp-elements-452cff6b99a75264c758b047285456e1\" style=\"color:#5a5a7a\"><em>Marie Curie<\/em><\/h3>\n<\/div>\n\n\n\n<div style=\"height:83px\" aria-hidden=\"true\" class=\"wp-block-spacer\"><\/div>\n<\/div>\n\n\n\n<div class=\"wp-block-cover alignfull has-parallax has-aspect-ratio\" style=\"border-style:none;border-width:0px;border-radius:0px;margin-top:0;margin-bottom:0;padding-top:0;padding-right:0;padding-bottom:0;padding-left:0;aspect-ratio:auto;min-height:unset;\"><span aria-hidden=\"true\" class=\"wp-block-cover__background has-background-dim-70 has-background-dim\" style=\"background-color:#130b14\"><\/span><div class=\"wp-block-cover__image-background wp-image-166 has-parallax\" style=\"background-position:50% 50%;background-image:url(https:\/\/extensao.ifg.edu.br\/meninas-nas-ceec-inhumas\/wp-content\/uploads\/sites\/37\/2025\/03\/pexels-enginakyurt-2767814.jpg)\"><\/div><div class=\"wp-block-cover__inner-container is-layout-flow wp-container-core-cover-is-layout-2 wp-block-cover-is-layout-flow\">\n<div class=\"wp-block-group alignfull has-base-2-color has-text-color has-link-color wp-elements-bc996919785ba16510294ba584a914a5 has-global-padding is-layout-constrained wp-container-core-group-is-layout-23 wp-block-group-is-layout-constrained\" style=\"margin-top:0;margin-bottom:0;padding-top:var(--wp--preset--spacing--50);padding-right:var(--wp--preset--spacing--50);padding-bottom:var(--wp--preset--spacing--50);padding-left:var(--wp--preset--spacing--50)\">\n<div class=\"wp-block-columns alignwide is-layout-flex wp-container-core-columns-is-layout-4 wp-block-columns-is-layout-flex\">\n<div class=\"wp-block-column is-layout-flow wp-block-column-is-layout-flow\" style=\"flex-basis:50%\">\n<div class=\"wp-block-group has-global-padding is-layout-constrained wp-block-group-is-layout-constrained\">\n<h1 class=\"wp-block-heading has-text-align-left is-style-default has-base-color has-text-color has-link-color has-xx-large-font-size wp-elements-247910c3b7192d76d8a749681b9f79ec\">A metodologia deste projeto est\u00e1 estruturado em quatro categorias de a\u00e7\u00f5es destinadas a estimular a participa\u00e7\u00e3o de meninas e mulheres nas carreiras de CEEC<\/h1>\n\n\n\n<div style=\"height:115px\" aria-hidden=\"true\" class=\"wp-block-spacer\"><\/div>\n<\/div>\n<\/div>\n<\/div>\n\n\n\n<div class=\"wp-block-group alignwide has-global-padding is-layout-constrained wp-block-group-is-layout-constrained\">\n<div class=\"wp-block-group alignwide is-layout-grid wp-container-core-group-is-layout-16 wp-block-group-is-layout-grid\" style=\"margin-top:0;margin-bottom:var(--wp--preset--spacing--50);padding-top:0;padding-right:0;padding-bottom:0;padding-left:0\">\n<div class=\"wp-block-group has-base-color has-text-color has-link-color wp-elements-4dcf3c0dffd767ab3b4b66017f708681 is-vertical is-content-justification-stretch is-layout-flex wp-container-core-group-is-layout-13 wp-block-group-is-layout-flex\">\n<div class=\"wp-block-group has-background has-global-padding is-content-justification-left is-layout-constrained wp-container-core-group-is-layout-12 wp-block-group-is-layout-constrained\" style=\"background-color:#a22d6c;margin-top:0;margin-bottom:0;padding-top:var(--wp--preset--spacing--10);padding-right:var(--wp--preset--spacing--10);padding-bottom:var(--wp--preset--spacing--10);padding-left:var(--wp--preset--spacing--10)\">\n<h2 class=\"wp-block-heading has-text-align-left has-base-color has-text-color has-link-color wp-elements-347c03d3a509eab351465b087b709db7\">1. Ingresso<\/h2>\n<\/div>\n\n\n\n<p class=\"has-text-align-left\">O projeto busca incentivar estudantes de escolas p\u00fablicas a ingressarem em carreiras de Ci\u00eancias Exatas, Engenharias e Computa\u00e7\u00e3o (CEEC), com atividades como cursos de inform\u00e1tica, oficinas interativas e visitas t\u00e9cnicas. Tamb\u00e9m inclui pesquisas para avaliar os impactos dessas iniciativas, promovendo a equidade de g\u00eanero e analisando mudan\u00e7as ao longo do tempo.<\/p>\n<\/div>\n\n\n\n<div class=\"wp-block-group has-base-color has-text-color has-link-color wp-elements-2a290a8c5f1f6495b24ec4f21f58712f is-vertical is-content-justification-stretch is-layout-flex wp-container-core-group-is-layout-15 wp-block-group-is-layout-flex\">\n<div class=\"wp-block-group has-background has-global-padding is-content-justification-left is-layout-constrained wp-container-core-group-is-layout-14 wp-block-group-is-layout-constrained\" style=\"background-color:#a22d6c;margin-top:0;margin-bottom:0;padding-top:var(--wp--preset--spacing--10);padding-right:var(--wp--preset--spacing--10);padding-bottom:var(--wp--preset--spacing--10);padding-left:var(--wp--preset--spacing--10)\">\n<h2 class=\"wp-block-heading has-base-color has-text-color has-link-color wp-elements-280156fc18c2e8b875dfd5c943fdfdea\">2. Forma\u00e7\u00e3o<\/h2>\n<\/div>\n\n\n\n<p>O projeto busca capacitar estudantes, professores e graduandos nas \u00e1reas de CEEC por meio de forma\u00e7\u00f5es sobre ci\u00eancia, tecnologia e inova\u00e7\u00e3o. Oferece rodas de conversa, mentorias, cursos, workshops, hackathons e webinars para fortalecer pr\u00e1ticas inclusivas e atrair mais meninas para estas \u00e1reas. Fomenta a equidade de g\u00eanero com f\u00f3runs, visitas t\u00e9cnicas e a\u00e7\u00f5es voltadas ao empoderamento feminino. E promove integra\u00e7\u00e3o entre ensino, pesquisa e extens\u00e3o.<\/p>\n<\/div>\n<\/div>\n\n\n\n<div class=\"wp-block-group alignwide is-layout-grid wp-container-core-group-is-layout-21 wp-block-group-is-layout-grid\">\n<div class=\"wp-block-group has-base-color has-text-color has-link-color wp-elements-d12578abeb781f9047ec210fc9dda5c5 is-vertical is-content-justification-stretch is-layout-flex wp-container-core-group-is-layout-18 wp-block-group-is-layout-flex\">\n<div class=\"wp-block-group has-background has-global-padding is-content-justification-left is-layout-constrained wp-container-core-group-is-layout-17 wp-block-group-is-layout-constrained\" style=\"background-color:#a22d6c;margin-top:0;margin-bottom:0;padding-top:var(--wp--preset--spacing--10);padding-right:var(--wp--preset--spacing--10);padding-bottom:var(--wp--preset--spacing--10);padding-left:var(--wp--preset--spacing--10)\">\n<h2 class=\"wp-block-heading has-base-color has-text-color has-link-color wp-elements-1b3e8db38c11f402ae901f78e9c4f185\">3. Perman\u00eancia<\/h2>\n<\/div>\n\n\n\n<p>O projeto visa apoiar estudantes dos cursos de Engenharia de Software e Licenciatura em Qu\u00edmica, fortalecendo suas trajet\u00f3rias acad\u00eamicas. As atividades incluem palestras virtuais inspiradoras com mulheres de sucesso, mentoria e tutoria, orienta\u00e7\u00e3o profissional, visitas t\u00e9cnicas e pesquisas que analisam desafios e progressos das alunas. Essas iniciativas promovem inclus\u00e3o, equidade de g\u00eanero e a redu\u00e7\u00e3o de evas\u00e3o, com ampla divulga\u00e7\u00e3o para ampliar o impacto e alcan\u00e7ar um p\u00fablico diversificado.<\/p>\n<\/div>\n\n\n\n<div class=\"wp-block-group has-base-color has-text-color has-link-color wp-elements-c2fd8c8d32194cb335ebb21e88f7d6ab is-vertical is-content-justification-stretch is-layout-flex wp-container-core-group-is-layout-20 wp-block-group-is-layout-flex\">\n<div class=\"wp-block-group has-background has-global-padding is-content-justification-left is-layout-constrained wp-container-core-group-is-layout-19 wp-block-group-is-layout-constrained\" style=\"background-color:#a22d6c;margin-top:0;margin-bottom:0;padding-top:var(--wp--preset--spacing--10);padding-right:var(--wp--preset--spacing--10);padding-bottom:var(--wp--preset--spacing--10);padding-left:var(--wp--preset--spacing--10)\">\n<h2 class=\"wp-block-heading has-base-color has-text-color has-link-color wp-elements-eddf675ddc186415ceea9cd38f20f08f\">4. Ascens\u00e3o<\/h2>\n<\/div>\n\n\n\n<p>O projeto apoia egressas dos cursos de gradua\u00e7\u00e3o em \u00e1reas de CEEC do C\u00e2mpus Inhumas e C\u00e2mpus Jata\u00ed, promovendo progress\u00e3o profissional e fortalecimento de v\u00ednculos com a institui\u00e7\u00e3o. As iniciativas incluem monitoramento das egressas por meio de pesquisas peri\u00f3dicas sobre evolu\u00e7\u00e3o profissional e desafios enfrentados, al\u00e9m de encontros anuais. Esses encontros possibilitam troca de experi\u00eancias, amplia\u00e7\u00e3o de redes de contatos, participa\u00e7\u00e3o em workshops e acesso a mentorias, incentivando o desenvolvimento cont\u00ednuo e impacto positivo nas carreiras.<\/p>\n<\/div>\n<\/div>\n<\/div>\n<\/div>\n<\/div><\/div>\n\n\n\n<p><\/p>\n","protected":false},"excerpt":{"rendered":"<p>Vis\u00e3o geral Este projeto busca despertar e fortalecer a voca\u00e7\u00e3o profissional de meninas para e nas carreiras de Ci\u00eancias Exatas, Engenharias e Computa\u00e7\u00e3o, visando&nbsp;ampliar a presen\u00e7a feminina nestes campos e promover a equidade de g\u00eanero. Queremos inspirar meninas a seguirem carreiras onde atualmente existe predomin\u00e2ncia masculina. Cultivamos trajet\u00f3rias nas \u00e1reas de Ci\u00eancias Exatas, Engenharias e [&hellip;]<\/p>\n","protected":false},"author":122,"featured_media":0,"parent":0,"menu_order":0,"comment_status":"closed","ping_status":"closed","template":"","meta":{"_links_to":"","_links_to_type":0,"footnotes":""},"class_list":["post-100","page","type-page","status-publish","hentry"],"_links":{"self":[{"href":"https:\/\/extensao.ifg.edu.br\/meninasceec\/wp-json\/wp\/v2\/pages\/100"}],"collection":[{"href":"https:\/\/extensao.ifg.edu.br\/meninasceec\/wp-json\/wp\/v2\/pages"}],"about":[{"href":"https:\/\/extensao.ifg.edu.br\/meninasceec\/wp-json\/wp\/v2\/types\/page"}],"author":[{"embeddable":true,"href":"https:\/\/extensao.ifg.edu.br\/meninasceec\/wp-json\/wp\/v2\/users\/122"}],"replies":[{"embeddable":true,"href":"https:\/\/extensao.ifg.edu.br\/meninasceec\/wp-json\/wp\/v2\/comments?post=100"}],"version-history":[{"count":100,"href":"https:\/\/extensao.ifg.edu.br\/meninasceec\/wp-json\/wp\/v2\/pages\/100\/revisions"}],"predecessor-version":[{"id":717,"href":"https:\/\/extensao.ifg.edu.br\/meninasceec\/wp-json\/wp\/v2\/pages\/100\/revisions\/717"}],"wp:attachment":[{"href":"https:\/\/extensao.ifg.edu.br\/meninasceec\/wp-json\/wp\/v2\/media?parent=100"}],"curies":[{"name":"wp","href":"https:\/\/api.w.org\/{rel}","templated":true}]}}