{"id":3,"date":"2024-06-17T23:01:43","date_gmt":"2024-06-18T02:01:43","guid":{"rendered":"http:\/\/extensao.ifg.edu.br\/futurodigital\/calendar\/"},"modified":"2025-06-12T15:00:22","modified_gmt":"2025-06-12T18:00:22","slug":"sobre","status":"publish","type":"page","link":"https:\/\/extensao.ifg.edu.br\/futurodigital\/sobre\/","title":{"rendered":"Sobre"},"content":{"rendered":"\n<figure class=\"wp-block-image size-large is-resized\"><img loading=\"lazy\" decoding=\"async\" width=\"1024\" height=\"1024\" src=\"https:\/\/extensao.ifg.edu.br\/futurodigital\/wp-content\/uploads\/sites\/33\/2025\/05\/Logo_Bolsa_Futuro_Digital-1024x1024.png\" alt=\"\" class=\"wp-image-120\" style=\"width:369px;height:auto\" srcset=\"https:\/\/extensao.ifg.edu.br\/futurodigital\/wp-content\/uploads\/sites\/33\/2025\/05\/Logo_Bolsa_Futuro_Digital-1024x1024.png 1024w, https:\/\/extensao.ifg.edu.br\/futurodigital\/wp-content\/uploads\/sites\/33\/2025\/05\/Logo_Bolsa_Futuro_Digital-300x300.png 300w, https:\/\/extensao.ifg.edu.br\/futurodigital\/wp-content\/uploads\/sites\/33\/2025\/05\/Logo_Bolsa_Futuro_Digital-150x150.png 150w, https:\/\/extensao.ifg.edu.br\/futurodigital\/wp-content\/uploads\/sites\/33\/2025\/05\/Logo_Bolsa_Futuro_Digital-768x768.png 768w, https:\/\/extensao.ifg.edu.br\/futurodigital\/wp-content\/uploads\/sites\/33\/2025\/05\/Logo_Bolsa_Futuro_Digital-500x500.png 500w, https:\/\/extensao.ifg.edu.br\/futurodigital\/wp-content\/uploads\/sites\/33\/2025\/05\/Logo_Bolsa_Futuro_Digital-400x400.png 400w, https:\/\/extensao.ifg.edu.br\/futurodigital\/wp-content\/uploads\/sites\/33\/2025\/05\/Logo_Bolsa_Futuro_Digital-1536x1536.png 1536w, https:\/\/extensao.ifg.edu.br\/futurodigital\/wp-content\/uploads\/sites\/33\/2025\/05\/Logo_Bolsa_Futuro_Digital-2048x2048.png 2048w\" sizes=\"(max-width: 1024px) 100vw, 1024px\" \/><\/figure>\n\n\n\n<p>O <strong data-start=\"185\" data-end=\"209\">Bolsa Futuro Digital<\/strong> \u00e9 uma iniciativa nacional, promovida pelo Minist\u00e9rio da Ci\u00eancia, Tecnologia e Inova\u00e7\u00e3o (MCTI), no \u00e2mbito dos Programas <strong data-start=\"329\" data-end=\"351\">Conecta e Capacita<\/strong> e <strong data-start=\"354\" data-end=\"376\">Resid\u00eancia em TICs<\/strong> do PPI da Lei de Inform\u00e1tica (Lei 8.248\/91). Seu objetivo \u00e9 impulsionar a forma\u00e7\u00e3o de jovens talentos para o mercado de tecnologia, oferecendo capacita\u00e7\u00e3o acelerada e oportunidades reais de inser\u00e7\u00e3o profissional.<\/p>\n\n\n\n<p>O projeto \u00e9 realizado de forma descentralizada, com n\u00facleos de forma\u00e7\u00e3o em v\u00e1rios estados do pa\u00eds. Em Goi\u00e1s, a execu\u00e7\u00e3o acontece pela <strong>Softex Pernambuco<\/strong>&nbsp;em parceria com o <strong data-start=\"725\" data-end=\"761\">Instituto Federal de Goi\u00e1s (IFG)<\/strong>&nbsp;que disponibiliza sua infraestrutura para viabilizar as atividades de forma\u00e7\u00e3o.<\/p>\n\n\n\n<p>O programa \u00e9 estruturado em duas grandes etapas:<\/p>\n\n\n\n<ul class=\"wp-block-list\">\n<li><p data-start=\"899\" data-end=\"1111\" class=\"\"><strong data-start=\"899\" data-end=\"922\">Forma\u00e7\u00e3o Acelerada:<\/strong> Cursos intensivos de programa\u00e7\u00e3o web, com foco em tecnologias Front-End e Back-End, usando metodologias de ensino baseadas em resolu\u00e7\u00e3o de problemas reais (PBL \u2013 Problem Based Learning).<\/p><\/li>\n\n\n\n<li><p class=\"\" data-start=\"1114\" data-end=\"1307\"><strong data-start=\"1114\" data-end=\"1142\">Resid\u00eancia Profissional:<\/strong> Ap\u00f3s a forma\u00e7\u00e3o, os estudantes t\u00eam a oportunidade de atuar em empresas parceiras, vivenciando na pr\u00e1tica os desafios do mercado de trabalho na \u00e1rea de tecnologia.<\/p><\/li>\n<\/ul>\n\n\n\n<h4 class=\"wp-block-heading\">Cursos Oferecidos<\/h4>\n\n\n\n<p>O Bolsa Futuro Digital ofertar\u00e1 <strong data-start=\"1427\" data-end=\"1471\">quatro cursos de capacita\u00e7\u00e3o tecnol\u00f3gica<\/strong> no n\u00facleo de forma\u00e7\u00e3o de Goi\u00e1s. Os cursos possuem carga hor\u00e1ria de 144 horas presenciais + 56 horas de atividades complementares e dura\u00e7\u00e3o de 6 meses. Abaixo os cursos que ser\u00e3o ofertados em Goi\u00e1s:<\/p>\n\n\n\n<ul class=\"wp-block-list\">\n<li><p class=\"\" data-start=\"1509\" data-end=\"1768\"><strong data-start=\"1509\" data-end=\"1551\">Programa\u00e7\u00e3o WEB &#8211; Front-End com React:<\/strong><br>Capacita\u00e7\u00e3o em desenvolvimento de interfaces de usu\u00e1rio utilizando tecnologias como HTML, CSS, JavaScript e o framework React. O aluno aprender\u00e1 a criar sites e aplica\u00e7\u00f5es web interativas, responsivas e modernas.<\/p><\/li>\n\n\n\n<li><p class=\"\" data-start=\"1772\" data-end=\"2049\"><strong data-start=\"1772\" data-end=\"1818\">Programa\u00e7\u00e3o WEB &#8211; Back-End com JavaScript:<\/strong><br>Forma\u00e7\u00e3o voltada para o desenvolvimento de servidores, APIs e sistemas web utilizando JavaScript no ambiente Node.js. O foco \u00e9 preparar profissionais capazes de construir a estrutura l\u00f3gica e funcional por tr\u00e1s das aplica\u00e7\u00f5es.<\/p><\/li>\n\n\n\n<li><p class=\"\" data-start=\"2053\" data-end=\"2313\"><strong data-start=\"2053\" data-end=\"2095\">Programa\u00e7\u00e3o WEB &#8211; Back-End com Python:<\/strong><br>Curso de desenvolvimento de aplica\u00e7\u00f5es e APIs back-end utilizando a linguagem Python, uma das mais requisitadas no mercado de tecnologia, abrangendo fundamentos, frameworks modernos e boas pr\u00e1ticas de programa\u00e7\u00e3o.<\/p><\/li>\n\n\n\n<li><p class=\"\" data-start=\"2317\" data-end=\"2536\"><strong data-start=\"2317\" data-end=\"2357\">Programa\u00e7\u00e3o WEB &#8211; Back-End com Ruby:<\/strong><br>Capacita\u00e7\u00e3o focada no desenvolvimento back-end utilizando Ruby e o framework Ruby on Rails, permitindo aos alunos criar aplica\u00e7\u00f5es web robustas de maneira \u00e1gil e produtiva.<\/p><\/li>\n<\/ul>\n\n\n\n<p>Cada curso \u00e9 cuidadosamente estruturado para proporcionar habilidades pr\u00e1ticas e prepara\u00e7\u00e3o para o mercado de trabalho em tecnologia.<\/p>\n\n\n\n<h4 class=\"wp-block-heading\">Objetivos<\/h4>\n\n\n\n<p>Al\u00e9m de oferecer forma\u00e7\u00e3o t\u00e9cnica de qualidade, o Bolsa Futuro Digital busca:<\/p>\n\n\n\n<ul class=\"wp-block-list\">\n<li><p class=\"\" data-start=\"1410\" data-end=\"1463\">Reduzir o d\u00e9ficit de profissionais de TI no Brasil;<\/p><\/li>\n\n\n\n<li><p class=\"\" data-start=\"1466\" data-end=\"1547\">Ampliar o acesso de jovens da rede p\u00fablica de ensino a carreiras em tecnologia;<\/p><\/li>\n\n\n\n<li><p data-start=\"1550\" data-end=\"1642\" class=\"\">Estimular a inova\u00e7\u00e3o e a coopera\u00e7\u00e3o entre empresas e institui\u00e7\u00f5es de ci\u00eancia e tecnologia.<\/p><\/li>\n\n\n\n<li>Proporcionar experi\u00eancias reais no ambiente corporativo atrav\u00e9s da resid\u00eancia profissional.<\/li>\n<\/ul>\n\n\n\n<p>O <strong data-start=\"1646\" data-end=\"1653\">IFG<\/strong>, em parceria com a <strong data-start=\"1673\" data-end=\"1694\">Softex Pernambuco<\/strong>&nbsp;integra o esfor\u00e7o para capacitar, conectar e transformar o futuro de centenas de jovens em Goi\u00e1s.<\/p>\n\n\n\n<p><\/p>\n\n\n","protected":false},"excerpt":{"rendered":"<p>O Bolsa Futuro Digital \u00e9 uma iniciativa nacional, promovida pelo Minist\u00e9rio da Ci\u00eancia, Tecnologia e Inova\u00e7\u00e3o (MCTI), no \u00e2mbito dos Programas Conecta e Capacita e Resid\u00eancia em TICs do PPI da Lei de Inform\u00e1tica (Lei 8.248\/91). Seu objetivo \u00e9 impulsionar a forma\u00e7\u00e3o de jovens talentos para o mercado de tecnologia, oferecendo capacita\u00e7\u00e3o acelerada e oportunidades [&hellip;]<\/p>\n","protected":false},"author":3,"featured_media":0,"parent":0,"menu_order":0,"comment_status":"closed","ping_status":"closed","template":"","meta":{"site-sidebar-layout":"default","site-content-layout":"","ast-site-content-layout":"default","site-content-style":"default","site-sidebar-style":"default","ast-global-header-display":"","ast-banner-title-visibility":"","ast-main-header-display":"","ast-hfb-above-header-display":"","ast-hfb-below-header-display":"","ast-hfb-mobile-header-display":"","site-post-title":"","ast-breadcrumbs-content":"","ast-featured-img":"","footer-sml-layout":"","ast-disable-related-posts":"","theme-transparent-header-meta":"","adv-header-id-meta":"","stick-header-meta":"","header-above-stick-meta":"","header-main-stick-meta":"","header-below-stick-meta":"","astra-migrate-meta-layouts":"default","ast-page-background-enabled":"default","ast-page-background-meta":{"desktop":{"background-color":"var(--ast-global-color-5)","background-image":"","background-repeat":"repeat","background-position":"center center","background-size":"auto","background-attachment":"scroll","background-type":"","background-media":"","overlay-type":"","overlay-color":"","overlay-opacity":"","overlay-gradient":""},"tablet":{"background-color":"","background-image":"","background-repeat":"repeat","background-position":"center center","background-size":"auto","background-attachment":"scroll","background-type":"","background-media":"","overlay-type":"","overlay-color":"","overlay-opacity":"","overlay-gradient":""},"mobile":{"background-color":"","background-image":"","background-repeat":"repeat","background-position":"center center","background-size":"auto","background-attachment":"scroll","background-type":"","background-media":"","overlay-type":"","overlay-color":"","overlay-opacity":"","overlay-gradient":""}},"ast-content-background-meta":{"desktop":{"background-color":"var(--ast-global-color-4)","background-image":"","background-repeat":"repeat","background-position":"center center","background-size":"auto","background-attachment":"scroll","background-type":"","background-media":"","overlay-type":"","overlay-color":"","overlay-opacity":"","overlay-gradient":""},"tablet":{"background-color":"var(--ast-global-color-4)","background-image":"","background-repeat":"repeat","background-position":"center center","background-size":"auto","background-attachment":"scroll","background-type":"","background-media":"","overlay-type":"","overlay-color":"","overlay-opacity":"","overlay-gradient":""},"mobile":{"background-color":"var(--ast-global-color-4)","background-image":"","background-repeat":"repeat","background-position":"center center","background-size":"auto","background-attachment":"scroll","background-type":"","background-media":"","overlay-type":"","overlay-color":"","overlay-opacity":"","overlay-gradient":""}},"_links_to":"","_links_to_type":0,"footnotes":""},"class_list":["post-3","page","type-page","status-publish","hentry"],"_links":{"self":[{"href":"https:\/\/extensao.ifg.edu.br\/futurodigital\/wp-json\/wp\/v2\/pages\/3"}],"collection":[{"href":"https:\/\/extensao.ifg.edu.br\/futurodigital\/wp-json\/wp\/v2\/pages"}],"about":[{"href":"https:\/\/extensao.ifg.edu.br\/futurodigital\/wp-json\/wp\/v2\/types\/page"}],"author":[{"embeddable":true,"href":"https:\/\/extensao.ifg.edu.br\/futurodigital\/wp-json\/wp\/v2\/users\/3"}],"replies":[{"embeddable":true,"href":"https:\/\/extensao.ifg.edu.br\/futurodigital\/wp-json\/wp\/v2\/comments?post=3"}],"version-history":[{"count":7,"href":"https:\/\/extensao.ifg.edu.br\/futurodigital\/wp-json\/wp\/v2\/pages\/3\/revisions"}],"predecessor-version":[{"id":179,"href":"https:\/\/extensao.ifg.edu.br\/futurodigital\/wp-json\/wp\/v2\/pages\/3\/revisions\/179"}],"wp:attachment":[{"href":"https:\/\/extensao.ifg.edu.br\/futurodigital\/wp-json\/wp\/v2\/media?parent=3"}],"curies":[{"name":"wp","href":"https:\/\/api.w.org\/{rel}","templated":true}]}}