{"id":84,"date":"2021-08-17T09:47:51","date_gmt":"2021-08-17T12:47:51","guid":{"rendered":"http:\/\/extensao.ifg.edu.br\/fisicanoifg\/?page_id=84"},"modified":"2021-08-17T10:03:28","modified_gmt":"2021-08-17T13:03:28","slug":"sites-de-experimentos","status":"publish","type":"page","link":"https:\/\/extensao.ifg.edu.br\/fisicanoifg\/sites-de-experimentos\/","title":{"rendered":"Sites de Experimentos"},"content":{"rendered":"<p><a href=\"https:\/\/www.vascak.cz\/physicsanimations.php?l=pt\">https:\/\/www.vascak.cz\/physicsanimations.php?l=pt<\/a><\/p>\n<p>F\u00edsica na escola &#8211; HTML5 (F\u00edsica Anima\u00e7\u00f5es\/Simula\u00e7\u00f5es)<\/p>\n<p><a href=\"https:\/\/ophysics.com\/\">https:\/\/ophysics.com\/<\/a><\/p>\n<p>O site oPhysics \u00e9 uma cole\u00e7\u00e3o de simula\u00e7\u00f5es de f\u00edsica interativas. \u00c9 um trabalho em andamento e provavelmente sempre ser\u00e1. O conte\u00fado ser\u00e1 adicionado conforme o tempo permitir.<\/p>\n<p><a href=\"https:\/\/phet.colorado.edu\/pt_BR\/simulations\/filter?subjects=physics&amp;sort=alpha&amp;view=grid\">https:\/\/phet.colorado.edu\/pt_BR\/simulations\/filter?subjects=physics&amp;sort=alpha&amp;view=grid<\/a><\/p>\n<p>PhET oferece simula\u00e7\u00f5es de matem\u00e1tica e ci\u00eancias divertidas, interativas, gr\u00e1tis, baseadas em pesquisas. N\u00f3s testamos e avaliamos extensivamente cada simula\u00e7\u00e3o para assegurar a efic\u00e1cia educacional. Estes testes incluem entrevistas de estudantes e observa\u00e7\u00e3o do uso de simula\u00e7\u00e3o em salas de aula. As simula\u00e7\u00f5es s\u00e3o escritas em Java, Flash ou HTML5, e podem ser executadas on-line ou copiadas para seu computador. Todas as simula\u00e7\u00f5es s\u00e3o de c\u00f3digo aberto<\/p>\n<p><a href=\"https:\/\/www.simbucket.com\/welcome-to-simbucket\/\">https:\/\/www.simbucket.com\/welcome-to-simbucket\/<\/a><\/p>\n<p>Site com diversas simula\u00e7\u00f5es em HTML5<\/p>\n<p><a href=\"https:\/\/www.stefanelli.eng.br\/\">https:\/\/www.stefanelli.eng.br\/<\/a><\/p>\n<p>Simula\u00e7\u00f5es de instrumentos de medidas<\/p>\n<p><a href=\"https:\/\/www.physicsclassroom.com\/Physics-Interactives\">https:\/\/www.physicsclassroom.com\/Physics-Interactives<\/a><\/p>\n<p>Site apresenta uma cole\u00e7\u00e3o de p\u00e1ginas interativas HTML5 que permitem ao usu\u00e1rio explorar um conceito de f\u00edsica.<\/p>\n<p><a href=\"https:\/\/interactives.ck12.org\/simulations\/physics.html\">https:\/\/interactives.ck12.org\/simulations\/physics.html<\/a><\/p>\n<p>Site com diversas simula\u00e7\u00f5es<\/p>\n<p><a href=\"http:\/\/physics.bu.edu\/~duffy\/HTML5\/\">http:\/\/physics.bu.edu\/~duffy\/HTML5\/<\/a><\/p>\n<p>Site com diversas simula\u00e7\u00f5es em HTML5<\/p>\n<p><a href=\"https:\/\/www.myphysicslab.com\/index-en.html\">https:\/\/www.myphysicslab.com\/index-en.html<\/a><\/p>\n<p>Site com diversas simula\u00e7\u00f5es interativas<\/p>\n<p><a href=\"http:\/\/falstad.com\/\">http:\/\/falstad.com\/<\/a><\/p>\n<p>Site com diversas simula\u00e7\u00f5es<\/p>\n<p><a href=\"https:\/\/walter-fendt.de\/\">https:\/\/walter-fendt.de\/<\/a><\/p>\n<p>Site com diversas simula\u00e7\u00f5es<\/p>\n<p><a href=\"http:\/\/ressources.univ-lemans.fr\/AccesLibre\/UM\/Pedago\/physique\/02\/index.html\">http:\/\/ressources.univ-lemans.fr\/AccesLibre\/UM\/Pedago\/physique\/02\/index.html<\/a><\/p>\n<p>Site com diversas simula\u00e7\u00f5es<\/p>\n<p><a href=\"http:\/\/www.labvirt.fe.usp.br\/indice.asp\">http:\/\/www.labvirt.fe.usp.br\/indice.asp<\/a><\/p>\n<p>Site com diversas simula\u00e7\u00f5es<\/p>\n<p><a href=\"https:\/\/escoladigital.org.br\/\">https:\/\/escoladigital.org.br\/<\/a><\/p>\n<p style=\"text-align: left\">\u00c9 uma plataforma gratuita de busca que oferece a professores, gestores e redes de ensino mais de 30 mil recursos digitais de aprendizagem, que proporcionam interatividade, dinamismo e inova\u00e7\u00e3o \u00e0s pr\u00e1ticas pedag\u00f3gicas!<\/p>\n<p><a href=\"https:\/\/relia.org.br\/\">https:\/\/relia.org.br\/<\/a><\/p>\n<p>O projeto REliA \u00e9 parte da Iniciativa Educa\u00e7\u00e3o Aberta e re\u00fane em um \u00fanico ambiente de busca recursos educacionais com licen\u00e7as abertas, tamb\u00e9m conhecidos por REA (recursos educacionais abertos) dispon\u00edveis no Brasil e no mundo. S\u00e3o v\u00eddeos, plataformas, games, anima\u00e7\u00f5es, videoaulas, infogr\u00e1ficos, mapas etc.\u2013 que podem ser utilizados como ferramenta pedag\u00f3gica dentro e fora da sala de aula.<\/p>\n<p><a href=\"https:\/\/plataformaintegrada.mec.gov.br\/\">https:\/\/plataformaintegrada.mec.gov.br\/<\/a><\/p>\n<p>A partir de uma iniciativa do Minist\u00e9rio da Educa\u00e7\u00e3o, surge em outubro de 2015 a proposta de reunir e disponibilizar, em um \u00fanico lugar, os Recursos Educacionais Digitais dos principais portais do Brasil. Com o objetivo de melhorar a experi\u00eancia de busca desses Recursos, a Plataforma foi desenvolvida numa parceria coletiva entre: Universidade Federal do Paran\u00e1 (UFPR), Universidade Federal de Santa Catarina (UFSC) e professoras(es) da Educa\u00e7\u00e3o B\u00e1sica de todo o Brasil. Assim, a Plataforma MEC pretende se tornar uma refer\u00eancia em Recursos Educacionais Digitais, como um ambiente de busca, intera\u00e7\u00e3o e colabora\u00e7\u00e3o entre professoras(es)!<\/p>\n","protected":false},"excerpt":{"rendered":"<p>https:\/\/www.vascak.cz\/physicsanimations.php?l=pt F\u00edsica na escola &#8211; HTML5 (F\u00edsica Anima\u00e7\u00f5es\/Simula\u00e7\u00f5es) https:\/\/ophysics.com\/ O site oPhysics \u00e9 uma cole\u00e7\u00e3o de simula\u00e7\u00f5es de f\u00edsica interativas. \u00c9 um trabalho em andamento e provavelmente sempre ser\u00e1. O conte\u00fado ser\u00e1 adicionado conforme o tempo permitir. https:\/\/phet.colorado.edu\/pt_BR\/simulations\/filter?subjects=physics&amp;sort=alpha&amp;view=grid PhET oferece simula\u00e7\u00f5es de matem\u00e1tica e ci\u00eancias divertidas, interativas, gr\u00e1tis, baseadas em pesquisas. N\u00f3s testamos e avaliamos &hellip; <a href=\"https:\/\/extensao.ifg.edu.br\/fisicanoifg\/sites-de-experimentos\/\" class=\"more-link\">Continue lendo<span class=\"screen-reader-text\"> &#8220;Sites de Experimentos&#8221;<\/span><\/a><\/p>\n","protected":false},"author":36,"featured_media":0,"parent":0,"menu_order":0,"comment_status":"closed","ping_status":"closed","template":"","meta":{"_links_to":"","_links_to_type":0,"footnotes":""},"class_list":["post-84","page","type-page","status-publish","hentry"],"_links":{"self":[{"href":"https:\/\/extensao.ifg.edu.br\/fisicanoifg\/wp-json\/wp\/v2\/pages\/84"}],"collection":[{"href":"https:\/\/extensao.ifg.edu.br\/fisicanoifg\/wp-json\/wp\/v2\/pages"}],"about":[{"href":"https:\/\/extensao.ifg.edu.br\/fisicanoifg\/wp-json\/wp\/v2\/types\/page"}],"author":[{"embeddable":true,"href":"https:\/\/extensao.ifg.edu.br\/fisicanoifg\/wp-json\/wp\/v2\/users\/36"}],"replies":[{"embeddable":true,"href":"https:\/\/extensao.ifg.edu.br\/fisicanoifg\/wp-json\/wp\/v2\/comments?post=84"}],"version-history":[{"count":4,"href":"https:\/\/extensao.ifg.edu.br\/fisicanoifg\/wp-json\/wp\/v2\/pages\/84\/revisions"}],"predecessor-version":[{"id":89,"href":"https:\/\/extensao.ifg.edu.br\/fisicanoifg\/wp-json\/wp\/v2\/pages\/84\/revisions\/89"}],"wp:attachment":[{"href":"https:\/\/extensao.ifg.edu.br\/fisicanoifg\/wp-json\/wp\/v2\/media?parent=84"}],"curies":[{"name":"wp","href":"https:\/\/api.w.org\/{rel}","templated":true}]}}