{"id":76,"date":"2021-08-17T09:38:43","date_gmt":"2021-08-17T12:38:43","guid":{"rendered":"http:\/\/extensao.ifg.edu.br\/fisicanoifg\/?page_id=76"},"modified":"2021-08-17T09:38:43","modified_gmt":"2021-08-17T12:38:43","slug":"grandes-fisicos-da-historia","status":"publish","type":"page","link":"https:\/\/extensao.ifg.edu.br\/fisicanoifg\/grandes-fisicos-da-historia\/","title":{"rendered":"Grandes f\u00edsicos da hist\u00f3ria"},"content":{"rendered":"<h1 class=\"entry-title\"><\/h1>\n<p>Em 19\/05 \u00e9 comemorado o &#8220;Dia do F\u00edsico&#8221; para celebrar\u00a0Albert Einstein e seu &#8220;Ano Milagroso&#8221;, 1905. Este ano, o gigante da f\u00edsica publicou 5 artigos que mudaram a hist\u00f3ria da f\u00edsica com apenas seus\u00a0 26 anos.<\/p>\n<p>E falando em f\u00edsico, vejamos alguns que contribu\u00edram imensamente para tudo o que sabemos hoje:<\/p>\n<h3><strong>Galileu Galilei (1564 \u2013 1642)<\/strong><\/h3>\n<p><img decoding=\"async\" src=\"https:\/\/www.unificado.com.br\/wp-content\/uploads\/2020\/05\/blog_unificado_galileu_galilei-1024x683.png\" \/><\/p>\n<p>O f\u00edsico e\u00a0 matem\u00e1tico revolucionou a ci\u00eancia e a astronomia. Com a inven\u00e7\u00e3o do telesc\u00f3pio, por exemplo, ele demonstrou a <strong>Teoria do Heliocentrismo<\/strong>, afirmando que a terra n\u00e3o era o centro do universo &#8211; contr\u00e1rio \u00e0 Igreja e indo ao tribunal foi condenado \u00e0 pris\u00e3o perp\u00e9tua. Outra grande descoberta foi a Lei da queda dos corpos, na qual ele alega que dois objetos de pesos distintos atingem o ch\u00e3o ao mesmo tempo, se\u00a0deixados\u00a0de certa altura.<\/p>\n<h1 class=\"entry-title\"><\/h1>\n<h3><strong>Isaac Newton (1643 \u2013 1727)<\/strong><\/h3>\n<h1 class=\"entry-title\"><img decoding=\"async\" src=\"https:\/\/www.unificado.com.br\/wp-content\/uploads\/2020\/05\/blog_unificado_isaac_newton.png\" \/><\/h1>\n<p>O cientista ingl\u00eas, conhecido como pai da ci\u00eancia moderna, marcou\u00a0 a hist\u00f3ria das descobertas. H\u00e1 tantas que \u00e9 dif\u00edcil decidir o que foi\u00a0 mais importante e fundamental. Entre estas est\u00e3o a <strong>Lei da Gravidade Universal<\/strong> e as <strong>Leis de Newton.\u00a0<\/strong><\/p>\n<p>&nbsp;<\/p>\n<h3><strong>Marie Curie (1867 \u2013 1934)<\/strong><\/h3>\n<div class=\"wp-block-image is-style-circle-mask\">\n<figure class=\"aligncenter size-large is-resized\"><img loading=\"lazy\" decoding=\"async\" class=\"wp-image-1551\" src=\"https:\/\/www.unificado.com.br\/wp-content\/uploads\/2020\/05\/blog_unificado_marie_curie-1024x683.png\" alt=\"\" width=\"468\" height=\"311\" \/><\/figure>\n<\/div>\n<p>Um dos grandes nomes da f\u00edsica \u00e9 de uma mulher polonesa, que passou\u00a0os homens de sua \u00e9poca. Tudo isso porque sua contribui\u00e7\u00e3o foi imensa, sendo a primeira pessoa do mundo a receber o Pr\u00eamio Nobel duas vezes. Curie foi respons\u00e1vel pela descoberta de dois elementos qu\u00edmicos: Pol\u00f4nio e R\u00e1dio. Este \u00faltimo desenvolveu sua pesquisa que levou ao segundo pr\u00eamio, com a descoberta da radioatividade e, consequentemente, raio-x.<\/p>\n<p>&nbsp;<\/p>\n<h3><strong>Albert Einstein (1879 \u2013 1955)<\/strong><\/h3>\n<div class=\"wp-block-image is-style-circle-mask\">\u00a0<img decoding=\"async\" src=\"https:\/\/www.unificado.com.br\/wp-content\/uploads\/2020\/05\/blog_unificado_einstein-1024x683.png\" \/><\/div>\n<div class=\"wp-block-image is-style-circle-mask\"><\/div>\n<div class=\"wp-block-image is-style-circle-mask\"><\/div>\n<div class=\"wp-block-image is-style-circle-mask\">\n<p>Quando falamos de\u00a0 g\u00eanio, lembramos de Albert Einstein, ele foi um dos maiores cientistas da hist\u00f3ria. Foi em seu &#8220;ano milagroso&#8221; que o f\u00edsico alem\u00e3o publicou um artigo anunciando a descoberta da teoria da relatividade, ao contr\u00e1rio de Newton e mostrando a rela\u00e7\u00e3o entre espa\u00e7o e tempo &#8211; velocidade de luz.<\/p>\n<p>Ambos os nomes e suas descobertas s\u00e3o estudados durante a vida e muitos deles s\u00e3o recorrentes nos exames de entrada (por exemplo, as leis de Newton .\u00a0\u00c9 de suma import\u00e2ncia\u00a0 saber sobre cada uma delas e sua influ\u00eancia.<\/p>\n<\/div>\n<div class=\"wp-block-image is-style-circle-mask\"><\/div>\n<div class=\"wp-block-image is-style-circle-mask\">Enfim, todas as inven\u00e7\u00f5es e descobertas destes grandes professores mudaram a hist\u00f3ria do mundo.<\/div>\n<p>&nbsp;<\/p>\n<p>&nbsp;<\/p>\n<p>fonte:\u00a0https:\/\/www.unificado.com.br\/grandes-fisicos-da-historia-e-suas-contribuicoes-para-o-mundo\/<\/p>\n<p>&nbsp;<\/p>\n","protected":false},"excerpt":{"rendered":"<p>Em 19\/05 \u00e9 comemorado o &#8220;Dia do F\u00edsico&#8221; para celebrar\u00a0Albert Einstein e seu &#8220;Ano Milagroso&#8221;, 1905. Este ano, o gigante da f\u00edsica publicou 5 artigos que mudaram a hist\u00f3ria da f\u00edsica com apenas seus\u00a0 26 anos. E falando em f\u00edsico, vejamos alguns que contribu\u00edram imensamente para tudo o que sabemos hoje: Galileu Galilei (1564 \u2013 &hellip; <a href=\"https:\/\/extensao.ifg.edu.br\/fisicanoifg\/grandes-fisicos-da-historia\/\" class=\"more-link\">Continue lendo<span class=\"screen-reader-text\"> &#8220;Grandes f\u00edsicos da hist\u00f3ria&#8221;<\/span><\/a><\/p>\n","protected":false},"author":36,"featured_media":0,"parent":0,"menu_order":0,"comment_status":"closed","ping_status":"closed","template":"","meta":{"_links_to":"","_links_to_type":0,"footnotes":""},"class_list":["post-76","page","type-page","status-publish","hentry"],"_links":{"self":[{"href":"https:\/\/extensao.ifg.edu.br\/fisicanoifg\/wp-json\/wp\/v2\/pages\/76"}],"collection":[{"href":"https:\/\/extensao.ifg.edu.br\/fisicanoifg\/wp-json\/wp\/v2\/pages"}],"about":[{"href":"https:\/\/extensao.ifg.edu.br\/fisicanoifg\/wp-json\/wp\/v2\/types\/page"}],"author":[{"embeddable":true,"href":"https:\/\/extensao.ifg.edu.br\/fisicanoifg\/wp-json\/wp\/v2\/users\/36"}],"replies":[{"embeddable":true,"href":"https:\/\/extensao.ifg.edu.br\/fisicanoifg\/wp-json\/wp\/v2\/comments?post=76"}],"version-history":[{"count":1,"href":"https:\/\/extensao.ifg.edu.br\/fisicanoifg\/wp-json\/wp\/v2\/pages\/76\/revisions"}],"predecessor-version":[{"id":78,"href":"https:\/\/extensao.ifg.edu.br\/fisicanoifg\/wp-json\/wp\/v2\/pages\/76\/revisions\/78"}],"wp:attachment":[{"href":"https:\/\/extensao.ifg.edu.br\/fisicanoifg\/wp-json\/wp\/v2\/media?parent=76"}],"curies":[{"name":"wp","href":"https:\/\/api.w.org\/{rel}","templated":true}]}}