{"id":2,"date":"2018-10-18T13:38:20","date_gmt":"2018-10-18T16:38:20","guid":{"rendered":"http:\/\/extensao.ifg.edu.br\/fisicanoifg\/?page_id=2"},"modified":"2021-01-04T16:42:57","modified_gmt":"2021-01-04T19:42:57","slug":"pagina-exemplo","status":"publish","type":"page","link":"https:\/\/extensao.ifg.edu.br\/fisicanoifg\/pagina-exemplo\/","title":{"rendered":"Contato"},"content":{"rendered":"<ul>\n<li><strong>Rodrigo Ferreira Marinho<\/strong><br \/>\nCoordena\u00e7\u00e3o da A\u00e7\u00e3o de Extens\u00e3o: rodrigo.marinho@ifg.edu.br<\/li>\n<\/ul>\n","protected":false},"excerpt":{"rendered":"<p>Rodrigo Ferreira Marinho Coordena\u00e7\u00e3o da A\u00e7\u00e3o de Extens\u00e3o: rodrigo.marinho@ifg.edu.br<\/p>\n","protected":false},"author":36,"featured_media":0,"parent":0,"menu_order":0,"comment_status":"closed","ping_status":"open","template":"","meta":{"_links_to":"","_links_to_type":0,"footnotes":""},"class_list":["post-2","page","type-page","status-publish","hentry"],"_links":{"self":[{"href":"https:\/\/extensao.ifg.edu.br\/fisicanoifg\/wp-json\/wp\/v2\/pages\/2"}],"collection":[{"href":"https:\/\/extensao.ifg.edu.br\/fisicanoifg\/wp-json\/wp\/v2\/pages"}],"about":[{"href":"https:\/\/extensao.ifg.edu.br\/fisicanoifg\/wp-json\/wp\/v2\/types\/page"}],"author":[{"embeddable":true,"href":"https:\/\/extensao.ifg.edu.br\/fisicanoifg\/wp-json\/wp\/v2\/users\/36"}],"replies":[{"embeddable":true,"href":"https:\/\/extensao.ifg.edu.br\/fisicanoifg\/wp-json\/wp\/v2\/comments?post=2"}],"version-history":[{"count":3,"href":"https:\/\/extensao.ifg.edu.br\/fisicanoifg\/wp-json\/wp\/v2\/pages\/2\/revisions"}],"predecessor-version":[{"id":40,"href":"https:\/\/extensao.ifg.edu.br\/fisicanoifg\/wp-json\/wp\/v2\/pages\/2\/revisions\/40"}],"wp:attachment":[{"href":"https:\/\/extensao.ifg.edu.br\/fisicanoifg\/wp-json\/wp\/v2\/media?parent=2"}],"curies":[{"name":"wp","href":"https:\/\/api.w.org\/{rel}","templated":true}]}}