{"id":74,"date":"2018-05-28T13:21:30","date_gmt":"2018-05-28T16:21:30","guid":{"rendered":"http:\/\/extensao.ifg.edu.br\/estagioifggoiania\/?page_id=74"},"modified":"2024-07-03T13:22:46","modified_gmt":"2024-07-03T16:22:46","slug":"empresas","status":"publish","type":"page","link":"https:\/\/extensao.ifg.edu.br\/estagioifggoiania\/empresas\/","title":{"rendered":"EMPRESAS"},"content":{"rendered":"<table class=\" aligncenter\" style=\"width: 495.812px;border-color: #1a0303;background-color: #f0e9e9\">\n<tbody>\n<tr>\n<td style=\"width: 445.812px;text-align: center\"><span style=\"color: #0000ff\"><strong>\u00a0 \u00a0 \u00a0 HOR\u00c1RIOS DE ATENDIMENTO DA COSIE-E<\/strong><\/span><strong>\u00a0\u00a0\u00a0<\/strong><strong>\u00a0<\/strong><\/p>\n<p><span style=\"color: #ff0000\"><strong>NOSSO ATENDIMENTO \u00c9 DE\u00a0SEGUNDA \u00c0 SEXTA\u00a0DAS 7H \u00c0S 19H<\/strong><\/span><\/p>\n<p><strong>SENDO PRIORITARIAMENTE PELOS CONTATOS:<\/strong><\/p>\n<p><strong>e-mail:\u00a0<span style=\"color: #0000ff\">interacao.goiania@ifg.edu.br<\/span><\/strong><\/p>\n<p><strong>Telefones:<span style=\"color: #0000ff\">(62) 3227-2720\/2721<\/span><\/strong><\/td>\n<\/tr>\n<\/tbody>\n<\/table>\n<p><strong>Se voc\u00ea\u00a0\u00e9 empres\u00e1rio e tem interesse na contrata\u00e7\u00e3o de estagi\u00e1rios de cursos ofertados pelo C\u00e2mpus Goi\u00e2nia do IFG para a sua empresa, realize\u00a0o seu cadastro conosco, sem custo<\/strong><\/p>\n<p>&nbsp;<\/p>\n<p><strong>Quero cadastrar a minha empresa, o que fazer?<\/strong><\/p>\n<p>Para tanto, basta baixar e preencher\u00a0 o formul\u00e1rio de cadastro e encaminhar\u00a0 os documentos solicitados para o e-mail da Cosiee:\u00a0<strong>interacao.goiania@ifg.edu.br<\/strong><\/p>\n<p><a href=\"http:\/\/extensao.ifg.edu.br\/estagioifggoiania\/wp-content\/uploads\/sites\/9\/2018\/05\/Formulario-para-cadastro-de-pessoa-juridica.doc\">baixe aqui o formul\u00e1rio de cadastro\u00a0<\/a><\/p>\n<p>Saiba mais sobre os cursos t\u00e9cnicos e superiores ofertados no C\u00e2mpus Goi\u00e2nia do IFG e descubra o nosso C\u00e2mpus de possibilidades!<\/p>\n<p>&nbsp;<\/p>\n<p><strong>Quer conhecer os nossos cursos e ficar por dentro do que cada profissional faz? \u00c9 s\u00f3 acessar os links:<\/strong><\/p>\n<p><strong>Cursos T\u00e9cnicos Integrados ao Ensino M\u00e9dio:<\/strong><\/p>\n<ul>\n<li><a href=\"http:\/\/cursos.ifg.edu.br\/info\/tecint\/tec-ambiental\/CP-GOIANIA\" target=\"_blank\">Controle Ambiental<\/a><\/li>\n<li><a href=\"http:\/\/cursos.ifg.edu.br\/info\/tecint\/tec-edificacoes\/CP-GOIANIA\" target=\"_blank\">Edifica\u00e7\u00f5es<\/a><\/li>\n<li><a href=\"http:\/\/cursos.ifg.edu.br\/info\/tecint\/tec-eletronica\/CP-GOIANIA\" target=\"_blank\">Eletr\u00f4nica<\/a><\/li>\n<li><a href=\"http:\/\/cursos.ifg.edu.br\/info\/tecint\/tec-eletrotecnica\/CP-GOIANIA\" target=\"_blank\">Eletrot\u00e9cnica<\/a><\/li>\n<li><a href=\"http:\/\/cursos.ifg.edu.br\/info\/tecint\/tec-musical\/CP-GOIANIA\" target=\"_blank\">Instrumento Musical<\/a><\/li>\n<li><a href=\"http:\/\/cursos.ifg.edu.br\/info\/tecint\/tec-mineracao\/CP-GOIANIA\" target=\"_blank\">Minera\u00e7\u00e3o<\/a><\/li>\n<li><a href=\"http:\/\/cursos.ifg.edu.br\/info\/tecint\/tec-telecom\/CP-GOIANIA\" target=\"_blank\">Telecomunica\u00e7\u00f5es<\/a><\/li>\n<\/ul>\n<p><strong>Cursos T\u00e9cnicos Integrados na modalidade de Educa\u00e7\u00e3o de Jovens e Adultos &#8211; EJA<\/strong><\/p>\n<ul>\n<li><a href=\"http:\/\/cursos.ifg.edu.br\/info\/tecint-eja\/tec-eja-cozinha\/CP-GOIANIA\" target=\"_blank\">Cozinha<\/a><\/li>\n<li><a href=\"http:\/\/cursos.ifg.edu.br\/info\/tecint-eja\/tec-eja-internet\/CP-GOIANIA\" target=\"_blank\">Inform\u00e1tica para Internet<\/a><\/li>\n<li><a href=\"http:\/\/cursos.ifg.edu.br\/info\/tecint-eja\/tec-eja-transporte\/CP-GOIANIA\" target=\"_blank\">Transporte Rodovi\u00e1rio<\/a><\/li>\n<\/ul>\n<p><strong>Cursos T\u00e9cnicos Subsequentes<\/strong><\/p>\n<ul>\n<li><a href=\"http:\/\/cursos.ifg.edu.br\/info\/tecsub\/tec-sub-eletrotecnica\/CP-GOIANIA\" target=\"_blank\">Eletrot\u00e9cnica<\/a><\/li>\n<li><a href=\"http:\/\/cursos.ifg.edu.br\/info\/tecsub\/tec-sub-mecanica\/CP-GOIANIA\" target=\"_blank\">Mec\u00e2nica<\/a><\/li>\n<li><a href=\"http:\/\/cursos.ifg.edu.br\/info\/tecsub\/tec-sub-mineracao\/CP-GOIANIA\" target=\"_blank\">Minera\u00e7\u00e3o<\/a><\/li>\n<li><a href=\"http:\/\/cursos.ifg.edu.br\/info\/tecsub\/tsagri\/CP-GOIANIA\" target=\"_blank\">T\u00e9cnico Subsequente em Agrimensura<\/a><\/li>\n<\/ul>\n<p><strong>Cursos Superiores &#8211; Bacharelados<\/strong><\/p>\n<ul>\n<li><a href=\"http:\/\/cursos.ifg.edu.br\/info\/bach\/ceamb\/CP-GOIANIA\">Bacharelado em Engenharia Ambiental\u00a0e Sanit\u00e1ria<\/a><\/li>\n<li><a href=\"http:\/\/cursos.ifg.edu.br\/info\/bach\/cbeca\/CP-GOIANIA\" target=\"_blank\">Bacharelado em Engenharia Cartogr\u00e1fica e de Agrimensura<\/a><\/li>\n<li><a href=\"http:\/\/cursos.ifg.edu.br\/info\/bach\/eng-civil\/CP-GOIANIA\" target=\"_blank\">Bacharelado em Engenharia Civil<\/a><\/li>\n<li><a href=\"http:\/\/cursos.ifg.edu.br\/info\/bach\/eng-cont-auto\/CP-GOIANIA\" target=\"_blank\">Bacharelado em Engenharia de Controle e Automa\u00e7\u00e3o<\/a><\/li>\n<li><a href=\"http:\/\/cursos.ifg.edu.br\/info\/bach\/eng-eletrica\/CP-GOIANIA\" target=\"_blank\">Bacharelado em Engenharia El\u00e9trica<\/a><\/li>\n<li><a href=\"http:\/\/cursos.ifg.edu.br\/info\/bach\/eng-mecanica\/CP-GOIANIA\" target=\"_blank\">Bacharelado em Engenharia Mec\u00e2nica<\/a><\/li>\n<li><a href=\"http:\/\/cursos.ifg.edu.br\/info\/bach\/eng-transportes\/CP-GOIANIA\" target=\"_blank\">Bacharelado em Engenharia de Transportes<\/a><\/li>\n<li><a href=\"http:\/\/cursos.ifg.edu.br\/info\/bach\/bach-quimica\/CP-GOIANIA\" target=\"_blank\">Bacharelado em Qu\u00edmica<\/a><\/li>\n<li><a href=\"http:\/\/cursos.ifg.edu.br\/info\/bach\/bach-sistemas\/CP-GOIANIA\" target=\"_blank\">Bacharelado em Sistemas de Informa\u00e7\u00e3o<\/a><\/li>\n<li><a href=\"http:\/\/cursos.ifg.edu.br\/info\/bach\/bach-turismo\/CP-GOIANIA\" target=\"_blank\">Bacharelado em Turismo<\/a><\/li>\n<\/ul>\n<p><strong>Cursos\u00a0 Superiores &#8211; Licenciaturas<\/strong><\/p>\n<ul>\n<li><a href=\"http:\/\/cursos.ifg.edu.br\/info\/lic\/lic-fisica\/CP-GOIANIA\" target=\"_blank\">Licenciatura em F\u00edsica<\/a><\/li>\n<li><a href=\"http:\/\/cursos.ifg.edu.br\/info\/lic\/lic-historia\/CP-GOIANIA\" target=\"_blank\">Licenciatura em Hist\u00f3ria<\/a><\/li>\n<li><a href=\"http:\/\/cursos.ifg.edu.br\/info\/lic\/lic-letras\/CP-GOIANIA\" target=\"_blank\">Licenciatura em Letras\/Portugu\u00eas<\/a><\/li>\n<li><a href=\"http:\/\/cursos.ifg.edu.br\/info\/lic\/lic-matematica\/CP-GOIANIA\" target=\"_blank\">Licenciatura em Matem\u00e1tica<\/a><\/li>\n<li><a href=\"http:\/\/cursos.ifg.edu.br\/info\/lic\/lic-musica\/CP-GOIANIA\" target=\"_blank\">Licenciatura em M\u00fasica<\/a><\/li>\n<\/ul>\n<p>&nbsp;<\/p>\n<p>&nbsp;<\/p>\n<p>&nbsp;<\/p>\n<p>&nbsp;<\/p>\n","protected":false},"excerpt":{"rendered":"<p>\u00a0 \u00a0 \u00a0 HOR\u00c1RIOS DE ATENDIMENTO DA COSIE-E\u00a0\u00a0\u00a0\u00a0 NOSSO ATENDIMENTO \u00c9 DE\u00a0SEGUNDA \u00c0 SEXTA\u00a0DAS 7H \u00c0S 19H SENDO PRIORITARIAMENTE PELOS CONTATOS: e-mail:\u00a0interacao.goiania@ifg.edu.br Telefones:(62) 3227-2720\/2721 Se voc\u00ea\u00a0\u00e9 empres\u00e1rio e tem interesse na contrata\u00e7\u00e3o de estagi\u00e1rios de cursos ofertados pelo C\u00e2mpus Goi\u00e2nia do IFG para a sua empresa, realize\u00a0o seu cadastro conosco, sem custo &nbsp; Quero cadastrar [&hellip;]<\/p>\n","protected":false},"author":29,"featured_media":0,"parent":0,"menu_order":6,"comment_status":"closed","ping_status":"closed","template":"","meta":{"_links_to":"","_links_to_type":0,"footnotes":""},"class_list":["post-74","page","type-page","status-publish","hentry"],"_links":{"self":[{"href":"https:\/\/extensao.ifg.edu.br\/estagioifggoiania\/wp-json\/wp\/v2\/pages\/74"}],"collection":[{"href":"https:\/\/extensao.ifg.edu.br\/estagioifggoiania\/wp-json\/wp\/v2\/pages"}],"about":[{"href":"https:\/\/extensao.ifg.edu.br\/estagioifggoiania\/wp-json\/wp\/v2\/types\/page"}],"author":[{"embeddable":true,"href":"https:\/\/extensao.ifg.edu.br\/estagioifggoiania\/wp-json\/wp\/v2\/users\/29"}],"replies":[{"embeddable":true,"href":"https:\/\/extensao.ifg.edu.br\/estagioifggoiania\/wp-json\/wp\/v2\/comments?post=74"}],"version-history":[{"count":60,"href":"https:\/\/extensao.ifg.edu.br\/estagioifggoiania\/wp-json\/wp\/v2\/pages\/74\/revisions"}],"predecessor-version":[{"id":4642,"href":"https:\/\/extensao.ifg.edu.br\/estagioifggoiania\/wp-json\/wp\/v2\/pages\/74\/revisions\/4642"}],"wp:attachment":[{"href":"https:\/\/extensao.ifg.edu.br\/estagioifggoiania\/wp-json\/wp\/v2\/media?parent=74"}],"curies":[{"name":"wp","href":"https:\/\/api.w.org\/{rel}","templated":true}]}}