{"id":66,"date":"2018-05-28T12:56:28","date_gmt":"2018-05-28T15:56:28","guid":{"rendered":"http:\/\/extensao.ifg.edu.br\/estagioifggoiania\/?page_id=66"},"modified":"2026-04-13T12:55:47","modified_gmt":"2026-04-13T15:55:47","slug":"validacao","status":"publish","type":"page","link":"https:\/\/extensao.ifg.edu.br\/estagioifggoiania\/validacao\/","title":{"rendered":"VALIDA\u00c7\u00c3O\/TRABALHO"},"content":{"rendered":"\n<h5 class=\"wp-block-heading\"><strong>Hor\u00e1rios de Atendimento \u2013 COSIE-E<\/strong><\/h5>\n\n\n\n<p>O atendimento da&nbsp;COSIE-E&nbsp;\u00e9 realizado de&nbsp;<strong data-start=\"210\" data-end=\"250\">segunda a sexta-feira, das 7h \u00e0s 19h<\/strong>.<\/p>\n\n\n\n<p>Para maior agilidade, o contato deve ser feito prioritariamente pelos seguintes canais:<\/p>\n\n\n\n<p><img decoding=\"async\" class=\"emoji\" role=\"img\" src=\"https:\/\/s.w.org\/images\/core\/emoji\/15.0.3\/svg\/1f4e7.svg\" alt=\"\ud83d\udce7\">&nbsp;<strong data-start=\"63\" data-end=\"74\">E-mail:<\/strong>&nbsp;<a class=\"cursor-pointer\" rel=\"noopener\" data-start=\"75\" data-end=\"103\">interacao.goiania@ifg.edu.br<\/a><br data-start=\"103\" data-end=\"106\" data-is-only-node=\"\"><img decoding=\"async\" class=\"emoji\" role=\"img\" src=\"https:\/\/s.w.org\/images\/core\/emoji\/15.0.3\/svg\/1f4de.svg\" alt=\"\ud83d\udcde\">&nbsp;<strong data-start=\"109\" data-end=\"123\">Telefones:<\/strong>&nbsp;(62) 3227-2720 \/ 3227-2721<br><strong data-start=\"195\" data-end=\"216\"><img decoding=\"async\" class=\"emoji\" role=\"img\" src=\"https:\/\/s.w.org\/images\/core\/emoji\/15.0.3\/svg\/1f4f2.svg\" alt=\"\ud83d\udcf2\">WhatsApp Business \u2013<\/strong>&nbsp;<img decoding=\"async\" class=\"emoji\" role=\"img\" src=\"https:\/\/s.w.org\/images\/core\/emoji\/15.0.3\/svg\/1f517.svg\" alt=\"\ud83d\udd17\">&nbsp;<a href=\"https:\/\/chat.whatsapp.com\/LerkW904ayZIKzEetyI1vE\" target=\"_blank\" rel=\"noopener\"><strong data-start=\"374\" data-end=\"393\">E<\/strong><strong data-start=\"374\" data-end=\"393\">ntrar no grupo<\/strong><\/a><\/p>\n\n\n\n<p><strong>\u2014\u2014\u2014\u2014\u2014\u2014\u2014\u2014\u2014\u2014\u2014\u2014\u2014\u2014\u2014\u2014\u2014\u2014\u2014\u2014\u2014\u2014\u2014\u2014\u2014\u2014\u2014\u2014\u2014\u2014\u2014\u2014\u2013<\/strong><\/p>\n\n\n\n<p><strong>VALIDA\u00c7\u00c3O\/TRABALHO<\/strong><\/p>\n\n\n\n<p><span style=\"font-size: revert;color: initial\">Conforme o art.24 da <\/span><a style=\"font-size: revert\" href=\"http:\/\/w2.ifg.edu.br\/images\/2015\/GABINETE\/resolucao57.pdf\" target=\"_blank\" rel=\"noopener\">Resolu\u00e7\u00e3o n\u00ba 57 de 17 de novembro de 2014<\/a><span style=\"font-size: revert;color: initial\">, o estudante que exercer atividade profissional correlata ao seu curso, na condi\u00e7\u00e3o de empregado, empres\u00e1rio ou aut\u00f4nomo, poder\u00e1 solicitar a valida\u00e7\u00e3o dessas atividades como Est\u00e1gio Curricular Obrigat\u00f3rio no momento em que estiver habilitado conforme o Projeto Pedag\u00f3gico do Curso.<\/span><\/p>\n\n\n\n<p><strong>S\u00e3o&nbsp; 3 as possibilidades e os documentos necess\u00e1rios:<\/strong><\/p>\n\n\n\n<ul class=\"wp-block-list\">\n<li><strong>Aluno Empregado &#8211;\u00a0<\/strong>Carteira de trabalho e Previd\u00eancia Social (CTPS) ou declara\u00e7\u00e3o da organiza\u00e7\u00e3o onde atua ou atuou, em papel timbrado e dirigida ao IFG, devidamente assinada e carimbada pelo representante legal da organiza\u00e7\u00e3o, atentando que o discente atua ou atuou na \u00e1rea de forma\u00e7\u00e3o por um per\u00edodo igual ou superior ao do Est\u00e1gio Curricular Obrigat\u00f3rio previsto no PPC.<\/li>\n\n\n\n<li><strong>Aluno Empres\u00e1rio &#8211;\u00a0<\/strong>Cart\u00e3o do CNPJ da Institui\u00e7\u00e3o;\/Contrato Social ou comprovante oficial atestando que o estudante participa ou participou do quadro social societ\u00e1rio da organiza\u00e7\u00e3o por um per\u00edodo igual ou superior ao do Est\u00e1gio Curricular Obrigat\u00f3rio previsto no PPC.<\/li>\n\n\n\n<li><strong>Aluno\u00a0Aut\u00f4nomo &#8211;\u00a0<\/strong>Comprovante de registro na prefeitura;\/ comprovante de recolhimento do Imposto sobre Servi\u00e7o (ISS); \/Carn\u00ea de Contribui\u00e7\u00e3o ao INSS correspondente a um per\u00edodo igual ou superior ao do Est\u00e1gio Curricular Obrigat\u00f3rio previsto no PPC.<\/li>\n<\/ul>\n\n\n\n<p><strong>Procedimentos para a formaliza\u00e7\u00e3o:<\/strong><\/p>\n\n\n\n<ol class=\"wp-block-list\">\n<li>Imprime e preenche o &#8220;<strong><a href=\"http:\/\/www.ifg.edu.br\/goiania\/campus\/extensao\/documentos?showall=&amp;start=1\" target=\"_blank\" rel=\"noopener\">Formul\u00e1rio de Solicita\u00e7\u00e3o para Valida\u00e7\u00e3o de Est\u00e1gio Curricular Obrigat\u00f3rio<\/a>&#8220;;<\/strong><\/li>\n\n\n\n<li>Imprime e preenche a<a href=\"http:\/\/extensao.ifg.edu.br\/estagioifggoiania\/wp-content\/uploads\/sites\/9\/2025\/03\/ficha_de_identificacao-1.doc\" target=\"_blank\" rel=\"noopener\"><strong> Ficha de Identifica\u00e7\u00e3o<\/strong><\/a><\/li>\n\n\n\n<li>Anexa o formul\u00e1rio e os documentos\u00a0 solicitados para a sua condi\u00e7\u00e3o\u00a0 + o\u00a0<strong><a href=\"http:\/\/extensao.ifg.edu.br\/estagioifggoiania\/wp-content\/uploads\/sites\/9\/2018\/05\/modelo_relatorio.doc\" target=\"_blank\" rel=\"noopener\">Relat\u00f3rio de Atividades de Est\u00e1gio<\/a><\/strong> (conforme <strong><a href=\"http:\/\/www.ifg.edu.br\/attachments\/article\/1124\/manual_relatorio.pdf\" target=\"_blank\" rel=\"noopener\">Manual de Elabora\u00e7\u00e3o de Relat\u00f3rio de Est\u00e1gio<\/a><\/strong>);<\/li>\n\n\n\n<li>Envie todos os\u00a0documentos (digitalizados) para o e-mail da COSIE-E <strong>(interacao.goiania@ifg.edu.br)<\/strong> para confer\u00eancia e orienta\u00e7\u00f5es para a abertura do processo no protocolo.<\/li>\n<\/ol>\n\n\n\n<figure class=\"wp-block-gallery has-nested-images columns-default is-cropped wp-block-gallery-1 is-layout-flex wp-block-gallery-is-layout-flex\"><\/figure>\n\n\n\n<figure class=\"wp-block-gallery has-nested-images columns-default is-cropped wp-block-gallery-2 is-layout-flex wp-block-gallery-is-layout-flex\"><\/figure>\n\n\n\n<figure class=\"wp-block-gallery has-nested-images columns-default is-cropped wp-block-gallery-3 is-layout-flex wp-block-gallery-is-layout-flex\"><\/figure>\n","protected":false},"excerpt":{"rendered":"<p>Hor\u00e1rios de Atendimento \u2013 COSIE-E O atendimento da&nbsp;COSIE-E&nbsp;\u00e9 realizado de&nbsp;segunda a sexta-feira, das 7h \u00e0s 19h. Para maior agilidade, o contato deve ser feito prioritariamente pelos seguintes canais: &nbsp;E-mail:&nbsp;interacao.goiania@ifg.edu.br&nbsp;Telefones:&nbsp;(62) 3227-2720 \/ 3227-2721WhatsApp Business \u2013&nbsp;&nbsp;Entrar no grupo \u2014\u2014\u2014\u2014\u2014\u2014\u2014\u2014\u2014\u2014\u2014\u2014\u2014\u2014\u2014\u2014\u2014\u2014\u2014\u2014\u2014\u2014\u2014\u2014\u2014\u2014\u2014\u2014\u2014\u2014\u2014\u2014\u2013 VALIDA\u00c7\u00c3O\/TRABALHO Conforme o art.24 da Resolu\u00e7\u00e3o n\u00ba 57 de 17 de novembro de 2014, o estudante que exercer [&hellip;]<\/p>\n","protected":false},"author":29,"featured_media":0,"parent":0,"menu_order":5,"comment_status":"closed","ping_status":"closed","template":"","meta":{"_links_to":"","_links_to_type":0,"footnotes":""},"class_list":["post-66","page","type-page","status-publish","hentry"],"_links":{"self":[{"href":"https:\/\/extensao.ifg.edu.br\/estagioifggoiania\/wp-json\/wp\/v2\/pages\/66"}],"collection":[{"href":"https:\/\/extensao.ifg.edu.br\/estagioifggoiania\/wp-json\/wp\/v2\/pages"}],"about":[{"href":"https:\/\/extensao.ifg.edu.br\/estagioifggoiania\/wp-json\/wp\/v2\/types\/page"}],"author":[{"embeddable":true,"href":"https:\/\/extensao.ifg.edu.br\/estagioifggoiania\/wp-json\/wp\/v2\/users\/29"}],"replies":[{"embeddable":true,"href":"https:\/\/extensao.ifg.edu.br\/estagioifggoiania\/wp-json\/wp\/v2\/comments?post=66"}],"version-history":[{"count":63,"href":"https:\/\/extensao.ifg.edu.br\/estagioifggoiania\/wp-json\/wp\/v2\/pages\/66\/revisions"}],"predecessor-version":[{"id":5058,"href":"https:\/\/extensao.ifg.edu.br\/estagioifggoiania\/wp-json\/wp\/v2\/pages\/66\/revisions\/5058"}],"wp:attachment":[{"href":"https:\/\/extensao.ifg.edu.br\/estagioifggoiania\/wp-json\/wp\/v2\/media?parent=66"}],"curies":[{"name":"wp","href":"https:\/\/api.w.org\/{rel}","templated":true}]}}