{"id":57,"date":"2018-05-28T12:45:47","date_gmt":"2018-05-28T15:45:47","guid":{"rendered":"http:\/\/extensao.ifg.edu.br\/estagioifggoiania\/?page_id=57"},"modified":"2025-04-11T09:18:15","modified_gmt":"2025-04-11T12:18:15","slug":"estagio-nao-obrigatorio","status":"publish","type":"page","link":"https:\/\/extensao.ifg.edu.br\/estagioifggoiania\/estagio\/estagio-nao-obrigatorio\/","title":{"rendered":"Est\u00e1gio N\u00e3o-Obrigat\u00f3rio"},"content":{"rendered":"<table class=\" aligncenter\" style=\"width: 500.25px;border-color: #000000;background-color: #f5eded\">\n<tbody>\n<tr>\n<td style=\"width: 450.25px;text-align: center\">\n<p style=\"text-align: center\"><span style=\"color: #0000ff\"><strong>HOR\u00c1RIOS DE ATENDIMENTO DA COSIE-E<\/strong><\/span><\/p>\n<p style=\"text-align: center\"><strong><span style=\"color: #ff0000\">NOSSO ATENDIMENTO \u00c9 DE<\/span> <span style=\"color: #ff0000\">SEGUNDA \u00c0 SEXTA\u00a0DAS 7H \u00c0S 19H<\/span><\/strong><\/p>\n<p style=\"text-align: center\"><strong>SENDO PRIORITARIAMENTE PELOS CONTATOS:<\/strong><\/p>\n<p style=\"text-align: center\"><strong>e-mail:<span style=\"color: #0000ff\">\u00a0interacao.goiania@ifg.edu.br<\/span><\/strong><\/p>\n<p style=\"text-align: center\"><strong>Telefones:<span style=\"color: #0000ff\">(62) 3227-2720\/2721<\/span><\/strong><\/p>\n<\/td>\n<\/tr>\n<\/tbody>\n<\/table>\n<p><strong>O Est\u00e1gio Curricular N\u00e3o Obrigat\u00f3rio <\/strong>\u00e9 aquele desenvolvido como uma atividade <strong>opcional\u00a0<\/strong>relacionada \u00e0 \u00e1rea de forma\u00e7\u00e3o do estudante, podendo as horas serem aproveitadas como parte das atividades complementares no curr\u00edculo.<\/p>\n<p>Para realizar o est\u00e1gio n\u00e3o obrigat\u00f3rio, o aluno\u00a0dever\u00e1 ter mais de 16 anos.<\/p>\n<p>A\u00a0 <strong><a href=\"http:\/\/www.planalto.gov.br\/ccivil_03\/_ato2007-2010\/2008\/lei\/l11788.htm\" target=\"_blank\" rel=\"noopener\">Lei do Est\u00e1gio n\u00b011.788 de 2008<\/a><\/strong> permite que seja realizada a carga hor\u00e1ria de at\u00e9 6 horas di\u00e1rias,\u00a0 sendo 30 horas semanais, para alunos que frequentam as aulas, ou de 8 horas di\u00e1rias, 40 horas semanais, para alunos em per\u00edodo de f\u00e9rias, ou que estejam dependendo apenas do est\u00e1gio para ser diplomado\u00a0<em>(desde que esteja no PPC do curso).<\/em><\/p>\n<p>Ressaltamos que a Lei do Est\u00e1gio <strong>obriga<\/strong>\u00a0o pagamento da <strong>bolsa e do aux\u00edlio-transporte<\/strong>\u00a0para o est\u00e1gio curricular n\u00e3o obrigat\u00f3rio.<\/p>\n<p>O Est\u00e1gio N\u00e3o Obrigat\u00f3rio pode ser oferecido tanto por Empresas (pessoa jur\u00eddica) como por Profissionais Liberais (pessoa f\u00edsica) com cadastro no IFG \u2013 C\u00e2mpus Goi\u00e2nia.<\/p>\n<p>Conhe\u00e7a a Resolu\u00e7\u00e3o n\u00ba 057, de 17 de novembro de 2014, que disp\u00f5e sobre o regulamento<\/p>\n<p><strong>Conseguiu um vaga? Formalize o seu est\u00e1gio:<\/strong><\/p>\n<p>Para formaliza\u00e7\u00e3o do est\u00e1gio junto ao IFG diretamente com a empresa na qual realizar\u00e1 o est\u00e1gio, o aluno dever\u00e1 seguir os seguintes procedimentos:<\/p>\n<p>Para formaliza\u00e7\u00e3o do est\u00e1gio junto ao IFG diretamente com a empresa na qual realizar\u00e1 o est\u00e1gio, o aluno dever\u00e1 seguir os seguintes procedimentos:<\/p>\n<ol>\n<li>Entre em contato com a Cosie-e por e-mail (<u><span style=\"color: #000080\"><strong>interacao.goiania@ifg.edu.br<\/strong><\/span>)<\/u>\u00a0enviando os seus dados: nome, n\u00famero de matr\u00edcula e o nome da empresa que ir\u00e1 fazer o est\u00e1gio;<\/li>\n<li>Baixe o termo de\u00a0<strong><a href=\"http:\/\/www.ifg.edu.br\/goiania\/campus\/extensao\/documentos\" target=\"_blank\" rel=\"noopener\">Compromisso de Est\u00e1gio \u2013 TCE espec\u00edfico<\/a><\/strong>\u00a0Obrigat\u00f3rio<\/li>\n<li>Preencha o TCE e o Plano de Atividades de acordo com as informa\u00e7\u00f5es fornecidas pela empresa\/local de est\u00e1gio;<\/li>\n<li>Preencha o Plano de Est\u00e1gio com os dados do professor Orientador no T\u00cdTULO III \u2013 IDENTIFICA\u00c7\u00c3O DO(A) ORIENTADOR(A) DO EST\u00c1GIO, <strong><em>para isso, solicite ao Coordenador do seu curso os dados do referido professor;<\/em><\/strong><\/li>\n<li>Voc\u00ea tem um limite de <strong>at\u00e9 15 dias do in\u00edcio do est\u00e1gio\u00a0<em>(inclusive termo aditivo)<\/em><\/strong> para que possamos assinar o contrato.<\/li>\n<li>Encaminhe o TCE e o Plano de Est\u00e1gio(Programa de Atividades) todo preenchido para a Cosie-e<strong>\u00a0(<span style=\"color: #000080\">interacao.goiania@ifg.edu.br<\/span>)<\/strong>\u00a0analisar e tomar as provid\u00eancias cab\u00edveis para a assinatura do contrato;<\/li>\n<li>Ap\u00f3s a assinatura da Cosie-e, assine e colha as assinaturas da Empresa no TCE e no Plano de Est\u00e1gio(Programa de Atividades)\u201d.<\/li>\n<li>Formalize\u00a0o\u00a0seu est\u00e1gio junto ao IFG:\u00a0envie e-mail para o Setor de Protocolo\u00a0<strong>(<span style=\"color: #000080\">protocolo.goiania@ifg.edu.br<\/span>)<\/strong>\u00a0com o contrato assinado por todas as partes (IFG, aluno e empresa),\u00a0 o<strong>\u00a0<a href=\"http:\/\/extensao.ifg.edu.br\/estagioifggoiania\/wp-content\/uploads\/sites\/9\/2025\/03\/Requerimento-de-Alunos.pdf\" target=\"_blank\" rel=\"noopener\">requerimento<\/a><\/strong>\u00a0preenchido e assinado. Todos os documentos dever\u00e3o ser digitalizados em PDF. Solicite abertura de processo de Termo de Compromisso de Est\u00e1gio.<\/li>\n<li>Acompanhe o seu processo pelo SUAPE.<\/li>\n<\/ol>\n<p><strong>\ud83d\udd14\u00a0Ressaltamos que, somente ap\u00f3s esse processo, seu contrato ser\u00e1 considerado v\u00e1lido\u00a0e registrado em nosso sistema.<\/strong><\/p>\n<p><strong>Est\u00e1 h\u00e1 6 meses em est\u00e1gio? Confira como enviar o Relat\u00f3rio Parcial:<\/strong><\/p>\n<p class=\"\" data-start=\"181\" data-end=\"363\">Voc\u00ea deve enviar o\u00a0<strong data-start=\"200\" data-end=\"246\">Relat\u00f3rio Parcial de Atividades do Est\u00e1gio<\/strong>\u00a0a cada\u00a0<strong data-start=\"254\" data-end=\"265\">6 meses<\/strong>, no m\u00e1ximo, para o e-mail\u00a0<strong data-start=\"292\" data-end=\"324\"><a rel=\"noopener\" data-start=\"294\" data-end=\"322\">interacao.goiania@ifg.edu.br<\/a><\/strong>, conforme modelo dispon\u00edvel na p\u00e1gina.<\/p>\n<p class=\"\" data-start=\"365\" data-end=\"412\">O relat\u00f3rio deve ser preenchido e assinado por:<br \/>\u00a0 \u00a0 \u00a0 \u00a01. Voc\u00ea (estagi\u00e1rio\/a),<br \/>\u00a0 \u00a0 \u00a0 \u00a02. Seu supervisor de est\u00e1gio (com carimbo da empresa)<br \/>\u00a0 \u00a0 \u00a0 \u00a03. Seu professor orientador (<strong data-start=\"518\" data-end=\"552\">Prof. XXX<\/strong>, com carimbo ou n\u00famero de\u00a0matr\u00edcula SIAPE).<\/p>\n<p class=\"\" data-start=\"598\" data-end=\"702\"><img decoding=\"async\" class=\"emoji\" role=\"img\" src=\"https:\/\/s.w.org\/images\/core\/emoji\/15.0.3\/svg\/1f4cc.svg\" alt=\"\ud83d\udccc\" \/>\u00a0<strong data-start=\"601\" data-end=\"616\">Importante:<\/strong>\u00a0Os carimbos podem ser substitu\u00eddos por\u00a0<strong data-start=\"656\" data-end=\"683\">assinaturas eletr\u00f4nicas<\/strong>, quando aplic\u00e1vel.<\/p>\n<p class=\"\" data-start=\"704\" data-end=\"808\"><img decoding=\"async\" class=\"emoji\" role=\"img\" src=\"https:\/\/s.w.org\/images\/core\/emoji\/15.0.3\/svg\/26a0.svg\" alt=\"\u26a0\ufe0f\" \/>\u00a0<strong data-start=\"707\" data-end=\"719\">Aten\u00e7\u00e3o:<\/strong>\u00a0O n\u00e3o envio do relat\u00f3rio parcial pode resultar na\u00a0<strong data-start=\"770\" data-end=\"796\">perda da carga hor\u00e1ria<\/strong>\u00a0do est\u00e1gio.<\/p>\n<p class=\"\" data-start=\"810\" data-end=\"871\"><img decoding=\"async\" class=\"emoji\" role=\"img\" src=\"https:\/\/s.w.org\/images\/core\/emoji\/15.0.3\/svg\/1f4e5.svg\" alt=\"\ud83d\udce5\" \/>\u00a0\u00a0<a href=\"http:\/\/extensao.ifg.edu.br\/estagioifggoiania\/wp-content\/uploads\/sites\/9\/2025\/04\/MODELO_RELATORIO-PARCIAL-DE-ESTAGIO_CAMPUS-GOIANIA.docx\">Clique aqui para baixar o modelo do Relat\u00f3rio Parcial<\/a><\/p>\n<p>\u00a0<\/p>\n<p><strong>Terminou seu Est\u00e1gio? Siga as orienta\u00e7\u00f5es para Finaliza\u00e7\u00e3o de Est\u00e1gio N\u00e3o Obrigat\u00f3rio:<\/strong><\/p>\n<p>1. Acesse o site do C\u00e2mpus Goi\u00e2nia, se\u00e7\u00e3o\u00a0<strong><a href=\"http:\/\/www.ifg.edu.br\/goiania\/campus\/extensao\/documentos\" target=\"_blank\" rel=\"noopener\">\u201cDocumentos para Est\u00e1gio\u201d<\/a><\/strong>\u00a0e baixe o seguinte documento:<\/p>\n<ul>\n<li>\n<ul>\n<li>Termo de Realiza\u00e7\u00e3o de Est\u00e1gio<\/li>\n<li>Ficha de Avalia\u00e7\u00e3o do Est\u00e1gio \u2013 Pelo Estagi\u00e1rio<\/li>\n<li>Ficha de Avalia\u00e7\u00e3o do Est\u00e1gio \u2013 Pelo Supervisor (com assinatura e carimbo)<\/li>\n<li>Manual de Elabora\u00e7\u00e3o do Relat\u00f3rio de Atividades de Est\u00e1gio<\/li>\n<li>Modelo do Relat\u00f3rio de Est\u00e1gio<\/li>\n<li><strong><a href=\"http:\/\/extensao.ifg.edu.br\/estagioifggoiania\/wp-content\/uploads\/sites\/9\/2025\/03\/Requerimento-de-Alunos.pdf\" target=\"_blank\" rel=\"noopener\">Requerimento<\/a><\/strong>\u00a0assinado pelo aluno<\/li>\n<\/ul>\n<p>2. Preencha e assine, juntamente com o supervisor (com carimbo do supervisor\/empresa), o termo de Realiza\u00e7\u00e3o de Est\u00e1gio, e digitalize;<\/p>\n<p>3. Preencha, assine e digitalize a \u201cFicha de Avalia\u00e7\u00e3o do Est\u00e1gio;<\/p>\n<p>4. Solicite ao supervisor o preenchimento e assinatura com carimbo da \u201cFicha de Avalia\u00e7\u00e3o do Est\u00e1gio\u201d e digitalize;<\/p>\n<p>5. Elabore o relat\u00f3rio de atividades, conforme manual e modelo citados (Carimbado e assinado pela empresa e pelo aluno);<\/p>\n<p>6. Preencha, assine e digitalize o\u00a0<strong><a href=\"http:\/\/extensao.ifg.edu.br\/estagioifggoiania\/wp-content\/uploads\/sites\/9\/2025\/03\/Requerimento-de-Alunos.pdf\" target=\"_blank\" rel=\"noopener\">Requerimento<\/a><\/strong>\u00a0do protocolo;<\/p>\n<p>7. Abre processo no setor de Protocolo do C\u00e2mpus Goi\u00e2nia <strong>(protocolo.goiania@ifg.edu.br)<\/strong>, solicitando abertura de processo para Entrega de Relat\u00f3rio de Est\u00e1gio Obrigat\u00f3rio, <strong>com todos os documentos, devidamente assinados<\/strong>\u00a0e\u00a0<strong>digitalizados em PDF<\/strong>,\u00a0<span style=\"color: #ff0000\"><em><strong>at\u00e9 45 dias ap\u00f3s o t\u00e9rmino do est\u00e1gio.<\/strong><\/em><\/span><\/p>\n<\/li>\n<\/ul>\n<p><strong><em>\u2757\u00a0Alertamos aos alunos que a assinatura de novos contratos somente \u00e9 permitida mediante a entrega do Termo de Realiza\u00e7\u00e3o.<\/em><\/strong><\/p>\n\n","protected":false},"excerpt":{"rendered":"<p>HOR\u00c1RIOS DE ATENDIMENTO DA COSIE-E NOSSO ATENDIMENTO \u00c9 DE SEGUNDA \u00c0 SEXTA\u00a0DAS 7H \u00c0S 19H SENDO PRIORITARIAMENTE PELOS CONTATOS: e-mail:\u00a0interacao.goiania@ifg.edu.br Telefones:(62) 3227-2720\/2721 O Est\u00e1gio Curricular N\u00e3o Obrigat\u00f3rio \u00e9 aquele desenvolvido como uma atividade opcional\u00a0relacionada \u00e0 \u00e1rea de forma\u00e7\u00e3o do estudante, podendo as horas serem aproveitadas como parte das atividades complementares no curr\u00edculo. Para realizar o [&hellip;]<\/p>\n","protected":false},"author":29,"featured_media":0,"parent":51,"menu_order":3,"comment_status":"closed","ping_status":"closed","template":"","meta":{"_links_to":"","_links_to_type":0,"footnotes":""},"class_list":["post-57","page","type-page","status-publish","hentry"],"_links":{"self":[{"href":"https:\/\/extensao.ifg.edu.br\/estagioifggoiania\/wp-json\/wp\/v2\/pages\/57"}],"collection":[{"href":"https:\/\/extensao.ifg.edu.br\/estagioifggoiania\/wp-json\/wp\/v2\/pages"}],"about":[{"href":"https:\/\/extensao.ifg.edu.br\/estagioifggoiania\/wp-json\/wp\/v2\/types\/page"}],"author":[{"embeddable":true,"href":"https:\/\/extensao.ifg.edu.br\/estagioifggoiania\/wp-json\/wp\/v2\/users\/29"}],"replies":[{"embeddable":true,"href":"https:\/\/extensao.ifg.edu.br\/estagioifggoiania\/wp-json\/wp\/v2\/comments?post=57"}],"version-history":[{"count":76,"href":"https:\/\/extensao.ifg.edu.br\/estagioifggoiania\/wp-json\/wp\/v2\/pages\/57\/revisions"}],"predecessor-version":[{"id":4969,"href":"https:\/\/extensao.ifg.edu.br\/estagioifggoiania\/wp-json\/wp\/v2\/pages\/57\/revisions\/4969"}],"up":[{"embeddable":true,"href":"https:\/\/extensao.ifg.edu.br\/estagioifggoiania\/wp-json\/wp\/v2\/pages\/51"}],"wp:attachment":[{"href":"https:\/\/extensao.ifg.edu.br\/estagioifggoiania\/wp-json\/wp\/v2\/media?parent=57"}],"curies":[{"name":"wp","href":"https:\/\/api.w.org\/{rel}","templated":true}]}}