{"id":55,"date":"2018-05-28T12:45:02","date_gmt":"2018-05-28T15:45:02","guid":{"rendered":"http:\/\/extensao.ifg.edu.br\/estagioifggoiania\/?page_id=55"},"modified":"2026-04-13T12:49:40","modified_gmt":"2026-04-13T15:49:40","slug":"estagio-obrigatorio","status":"publish","type":"page","link":"https:\/\/extensao.ifg.edu.br\/estagioifggoiania\/estagio\/estagio-obrigatorio\/","title":{"rendered":"Est\u00e1gio Obrigat\u00f3rio"},"content":{"rendered":"<h2 data-start=\"126\" data-end=\"164\">Hor\u00e1rios de Atendimento \u2013 COSIE-E<\/h2>\n<p data-start=\"166\" data-end=\"253\">O atendimento da <strong data-start=\"183\" data-end=\"194\">COSIE-E<\/strong> \u00e9 realizado de <strong data-start=\"210\" data-end=\"250\">segunda a sexta-feira, das 7h \u00e0s 19h<\/strong>.<\/p>\n<p data-start=\"255\" data-end=\"344\">Para maior agilidade, o contato deve ser feito prioritariamente pelos seguintes canais:<\/p>\n<p>\ud83d\udce7 <strong data-start=\"63\" data-end=\"74\">E-mail:<\/strong> <a class=\"cursor-pointer\" rel=\"noopener\" data-start=\"75\" data-end=\"103\">interacao.goiania@ifg.edu.br<\/a><br data-start=\"103\" data-end=\"106\" data-is-only-node=\"\" \/>\ud83d\udcde <strong data-start=\"109\" data-end=\"123\">Telefones:<\/strong> (62) 3227-2720 \/ 3227-2721<\/p>\n<p><strong data-start=\"195\" data-end=\"216\"><img decoding=\"async\" class=\"emoji\" role=\"img\" src=\"https:\/\/s.w.org\/images\/core\/emoji\/15.0.3\/svg\/1f4f2.svg\" alt=\"\ud83d\udcf2\" \/>WhatsApp Business \u2013<\/strong>\u00a0<img decoding=\"async\" class=\"emoji\" role=\"img\" src=\"https:\/\/s.w.org\/images\/core\/emoji\/15.0.3\/svg\/1f517.svg\" alt=\"\ud83d\udd17\" \/>\u00a0<a href=\"https:\/\/chat.whatsapp.com\/LerkW904ayZIKzEetyI1vE\" target=\"_blank\" rel=\"noopener\"><strong data-start=\"374\" data-end=\"393\">E<\/strong><strong data-start=\"374\" data-end=\"393\">ntrar no grupo<\/strong><\/a><\/p>\n<p>&#8212;&#8212;&#8212;&#8212;&#8212;&#8212;&#8212;&#8212;&#8212;&#8212;&#8212;&#8212;&#8212;&#8212;&#8212;&#8212;&#8212;&#8212;&#8212;&#8212;&#8212;&#8212;&#8212;&#8212;&#8212;&#8212;&#8212;&#8212;&#8212;&#8212;&#8212;&#8212;&#8212;&#8212;&#8212;&#8212;&#8212;&#8212;&#8211;<\/p>\n<p>O\u00a0<b>Est\u00e1gio Obrigat\u00f3rio Curricular\u00a0<\/b><i>\u00a0<\/i>\u00e9 definido no Projeto Pedag\u00f3gico do Curso &#8211; PPC, cuja carga hor\u00e1ria \u00e9 requisito para aprova\u00e7\u00e3o e obten\u00e7\u00e3o do diploma.<\/p>\n<p>Para realizar o est\u00e1gio obrigat\u00f3rio, o aluno\u00a0dever\u00e1 estar matriculado no per\u00edodo previsto para tal atividade, conforme estabelecido no PPC do curso.<\/p>\n<p>A\u00a0 <strong><a href=\"http:\/\/www.planalto.gov.br\/ccivil_03\/_ato2007-2010\/2008\/lei\/l11788.htm\" target=\"_blank\" rel=\"noopener\">Lei do Est\u00e1gio n\u00b011.788 de 2008<\/a><\/strong> permite que seja realizada a carga hor\u00e1ria de est\u00e1gio de at\u00e9 6 horas di\u00e1rias, sendo 30 horas semanais para alunos que frequentam as aulas regularmente.<\/p>\n<p>O est\u00e1gio tamb\u00e9m pode ser desenvolvido em 8 horas di\u00e1rias, com carga hor\u00e1ria de 40 horas semanais, somente para\u00a0 alunos que estejam dependendo apenas do est\u00e1gio para a conclus\u00e3o do curso <em>(desde que esteja no PPC do curso).<\/em><\/p>\n<p>O Est\u00e1gio Obrigat\u00f3rio pode ser oferecido tanto por Empresas (pessoa jur\u00eddica) como por Profissionais Liberais (pessoa f\u00edsica) com cadastro no IFG &#8211; C\u00e2mpus Goi\u00e2nia.<\/p>\n<p><strong>Conseguiu um vaga? Formalize o seu est\u00e1gio:<\/strong><\/p>\n<p>Para formaliza\u00e7\u00e3o do est\u00e1gio junto ao IFG diretamente com a empresa na qual realizar\u00e1 o est\u00e1gio, o aluno dever\u00e1 seguir os seguintes procedimentos:<\/p>\n<ol>\n<li>Entre em contato com a Cosie-e por e-mail (<u><strong><span style=\"color: #000080\">interacao.goiania@ifg.edu.br<\/span><\/strong>)<\/u>\u00a0enviando os seus dados: nome, n\u00famero de matr\u00edcula e o nome da empresa que ir\u00e1 fazer o est\u00e1gio;<\/li>\n<li>Baixe o termo de\u00a0<strong><a href=\"http:\/\/www.ifg.edu.br\/goiania\/campus\/extensao\/documentos\" target=\"_blank\" rel=\"noopener\">Compromisso de Est\u00e1gio \u2013 TCE espec\u00edfico<\/a>\u00a0<\/strong>Obrigat\u00f3rio<\/li>\n<li>Preencha o TCE e o Plano de Atividades de acordo com as informa\u00e7\u00f5es fornecidas pela empresa\/local de est\u00e1gio;<\/li>\n<li>Preencha o Plano de Est\u00e1gio com os dados do professor Orientador no T\u00cdTULO III \u2013 IDENTIFICA\u00c7\u00c3O DO(A) ORIENTADOR(A) DO EST\u00c1GIO, <em>para isso, solicite ao Coordenador do seu curso os dados do referido professor;<\/em><\/li>\n<li>Voc\u00ea tem um limite de <em><strong>at\u00e9 15 dias do in\u00edcio do est\u00e1gio\u00a0(inclusive termo aditivo)<\/strong><\/em> para que possamos assinar o contrato.<\/li>\n<li>\u00a0Preencha, assine e digitalize o Termo de Compromisso de Entrega do Relat\u00f3rio Final de Est\u00e1gio (compromisso de ci\u00eancia sobre o prazo para a entrega da documenta\u00e7\u00e3o ao final do Est\u00e1gio Obrigat\u00f3rio;<\/li>\n<li>Encaminhe o TCE e o Plano de Est\u00e1gio(Programa de Atividades) todo preenchido para a Cosie-e<strong>\u00a0(<span style=\"color: #000080\">interacao.goiania@ifg.edu.br<\/span>)<\/strong>\u00a0analisar e tomar as provid\u00eancias cab\u00edveis para a assinatura do contrato;<\/li>\n<li>Ap\u00f3s a assinatura da Cosie-e, assine e colha as assinaturas da Empresa no TCE e no Plano de Est\u00e1gio(Programa de Atividades)\u201d.<\/li>\n<li>Formalize\u00a0o\u00a0seu est\u00e1gio junto ao IFG:\u00a0envie e-mail para o Setor de Protocolo\u00a0<strong>(<span style=\"color: #000080\">protocolo.goiania@ifg.edu.br<\/span>)<\/strong>\u00a0com o contrato assinado por todas as partes (IFG, aluno e empresa), o Termo de Compromisso de Entrega do Relat\u00f3rio, o <strong><a href=\"http:\/\/extensao.ifg.edu.br\/estagioifggoiania\/wp-content\/uploads\/sites\/9\/2025\/03\/Requerimento-de-Alunos.pdf\" target=\"_blank\" rel=\"noopener\">requerimento<\/a>\u00a0<\/strong>preenchido e assinado. Todos os documentos dever\u00e3o ser digitalizados em PDF. Solicite abertura de processo de Termo de Compromisso de Est\u00e1gio.<\/li>\n<li>Acompanhe o seu processo pelo SUAPE.<\/li>\n<\/ol>\n<p><strong>\ud83d\udd14 Ressaltamos que, somente ap\u00f3s esse processo, seu contrato ser\u00e1 considerado v\u00e1lido e registrado em nosso sistema.<\/strong><\/p>\n<p><strong>Est\u00e1 h\u00e1 6 meses em est\u00e1gio? Confira como enviar o Relat\u00f3rio Parcial:<\/strong><\/p>\n<p class=\"\" data-start=\"181\" data-end=\"363\">Voc\u00ea deve enviar o <strong data-start=\"200\" data-end=\"246\">Relat\u00f3rio Parcial de Atividades do Est\u00e1gio<\/strong> a cada <strong data-start=\"254\" data-end=\"265\">6 meses<\/strong>, no m\u00e1ximo, para o e-mail <strong data-start=\"292\" data-end=\"324\"><a rel=\"noopener\" data-start=\"294\" data-end=\"322\">interacao.goiania@ifg.edu.br<\/a><\/strong>, conforme modelo dispon\u00edvel na p\u00e1gina.<\/p>\n<p class=\"\" data-start=\"365\" data-end=\"412\">O relat\u00f3rio deve ser preenchido e assinado por:<br \/><span style=\"font-size: revert;color: initial\">\u00a0 \u00a0 \u00a0 \u00a01. Voc\u00ea (estagi\u00e1rio\/a),<br \/><\/span><span style=\"color: initial;font-size: revert\">\u00a0 \u00a0 \u00a0 \u00a02. Seu supervisor de est\u00e1gio (com carimbo da empresa)<br \/><\/span><span style=\"font-size: revert;color: initial\">\u00a0 \u00a0 \u00a0 \u00a03. Seu professor orientador (<\/span><strong style=\"font-size: revert;color: initial\" data-start=\"518\" data-end=\"552\">Prof. XXX<\/strong><span style=\"font-size: revert;color: initial\">, com carimbo ou n\u00famero de <\/span><span style=\"color: initial;font-size: revert\">matr\u00edcula SIAPE).<\/span><\/p>\n<p class=\"\" data-start=\"598\" data-end=\"702\">\ud83d\udccc <strong data-start=\"601\" data-end=\"616\">Importante:<\/strong> Os carimbos podem ser substitu\u00eddos por <strong data-start=\"656\" data-end=\"683\">assinaturas eletr\u00f4nicas<\/strong>, quando aplic\u00e1vel.<\/p>\n<p class=\"\" data-start=\"704\" data-end=\"808\">\u26a0\ufe0f <strong data-start=\"707\" data-end=\"719\">Aten\u00e7\u00e3o:<\/strong> O n\u00e3o envio do relat\u00f3rio parcial pode resultar na <strong data-start=\"770\" data-end=\"796\">perda da carga hor\u00e1ria<\/strong> do est\u00e1gio.<\/p>\n<p class=\"\" data-start=\"810\" data-end=\"871\">\ud83d\udce5\u00a0 <a href=\"http:\/\/extensao.ifg.edu.br\/estagioifggoiania\/wp-content\/uploads\/sites\/9\/2025\/04\/MODELO_RELATORIO-PARCIAL-DE-ESTAGIO_CAMPUS-GOIANIA.docx\">Clique aqui para baixar o modelo do Relat\u00f3rio Parcial<\/a><\/p>\n<p><strong>Terminou seu Est\u00e1gio? Siga as orienta\u00e7\u00f5es para Finaliza\u00e7\u00e3o de Est\u00e1gio Obrigat\u00f3rio:<\/strong><\/p>\n<p>1. Acesse o site do C\u00e2mpus Goi\u00e2nia, se\u00e7\u00e3o <strong><a href=\"http:\/\/www.ifg.edu.br\/goiania\/campus\/extensao\/documentos\" target=\"_blank\" rel=\"noopener\">&#8220;Documentos para Est\u00e1gio&#8221;<\/a> <\/strong>e baixe os seguintes documentos:<\/p>\n<ul>\n<li>\n<ul>\n<li>Termo de Realiza\u00e7\u00e3o de Est\u00e1gio<\/li>\n<li>Ficha de Avalia\u00e7\u00e3o do Est\u00e1gio \u2013 Pelo Estagi\u00e1rio<\/li>\n<li>Ficha de Avalia\u00e7\u00e3o do Est\u00e1gio \u2013 Pelo Supervisor (com assinatura e carimbo)<\/li>\n<li>Manual de Elabora\u00e7\u00e3o do Relat\u00f3rio de Atividades de Est\u00e1gio<\/li>\n<li>Modelo do Relat\u00f3rio de Est\u00e1gio<\/li>\n<li><strong><a href=\"http:\/\/extensao.ifg.edu.br\/estagioifggoiania\/wp-content\/uploads\/sites\/9\/2025\/03\/Requerimento-de-Alunos.pdf\" target=\"_blank\" rel=\"noopener\">Requerimento<\/a><\/strong>\u00a0assinado pelo aluno<\/li>\n<\/ul>\n<p>2. Preencha e assine, juntamente com o supervisor (com carimbo do supervisor\/empresa), o termo de Realiza\u00e7\u00e3o de Est\u00e1gio, e digitalize;<\/p>\n<p>3. Preencha, assine e digitalize a \u201cFicha de Avalia\u00e7\u00e3o do Est\u00e1gio;<\/p>\n<p>4. Solicite ao supervisor o preenchimento e assinatura com carimbo da \u201cFicha de Avalia\u00e7\u00e3o do Est\u00e1gio\u201d e digitalize;<\/p>\n<p>5. Elabore o relat\u00f3rio de atividades, conforme manual e modelo citados (Carimbado e assinado pela empresa e pelo aluno);<\/p>\n<p>6. Preencha, assine e digitalize o\u00a0<strong><a href=\"http:\/\/extensao.ifg.edu.br\/estagioifggoiania\/wp-content\/uploads\/sites\/9\/2025\/03\/Requerimento-de-Alunos.pdf\" target=\"_blank\" rel=\"noopener\">Requerimento<\/a><\/strong>\u00a0do protocolo;<\/p>\n<p>7. Abre processo no setor de Protocolo do C\u00e2mpus Goi\u00e2nia\u00a0<strong>(protocolo.goiania@ifg.edu.br)<\/strong>, solicitando abertura de processo para Entrega de Relat\u00f3rio de Est\u00e1gio Obrigat\u00f3rio, <strong>com todos os documentos, devidamente assinados<\/strong>\u00a0e\u00a0<strong>digitalizados em PDF<\/strong>,<span style=\"color: #ff0000\">\u00a0<em><strong>at\u00e9 45 dias ap\u00f3s o t\u00e9rmino do est\u00e1gio.<\/strong><\/em><\/span><\/p>\n<\/li>\n<\/ul>\n<p><strong><em>\u2757 Alertamos aos alunos que a assinatura de novos contratos somente \u00e9 permitida mediante a entrega do relat\u00f3rio final de est\u00e1gio.<\/em><\/strong><\/p>\n<p style=\"text-align: center\"><img loading=\"lazy\" decoding=\"async\" class=\"alignnone size-medium wp-image-5030\" src=\"http:\/\/extensao.ifg.edu.br\/estagioifggoiania\/wp-content\/uploads\/sites\/9\/2026\/04\/POST-COSIE-E-200x300.jpeg\" alt=\"\" width=\"200\" height=\"300\" srcset=\"https:\/\/extensao.ifg.edu.br\/estagioifggoiania\/wp-content\/uploads\/sites\/9\/2026\/04\/POST-COSIE-E-200x300.jpeg 200w, https:\/\/extensao.ifg.edu.br\/estagioifggoiania\/wp-content\/uploads\/sites\/9\/2026\/04\/POST-COSIE-E-683x1024.jpeg 683w, https:\/\/extensao.ifg.edu.br\/estagioifggoiania\/wp-content\/uploads\/sites\/9\/2026\/04\/POST-COSIE-E-768x1152.jpeg 768w, https:\/\/extensao.ifg.edu.br\/estagioifggoiania\/wp-content\/uploads\/sites\/9\/2026\/04\/POST-COSIE-E.jpeg 1024w\" sizes=\"(max-width: 200px) 100vw, 200px\" \/><\/p>\n\n\n<figure class=\"wp-block-gallery has-nested-images columns-default is-cropped wp-block-gallery-1 is-layout-flex wp-block-gallery-is-layout-flex\"><\/figure>\n\n\n\n\n\n<figure class=\"wp-block-gallery has-nested-images columns-default is-cropped wp-block-gallery-2 is-layout-flex wp-block-gallery-is-layout-flex\"><\/figure>\n\n\n\n\n\n<figure class=\"wp-block-gallery has-nested-images columns-default is-cropped wp-block-gallery-3 is-layout-flex wp-block-gallery-is-layout-flex\"><\/figure>\n\n\n\n\n\n\n\n\n\n\n\n\n\n<figure class=\"wp-block-gallery has-nested-images columns-default is-cropped wp-block-gallery-4 is-layout-flex wp-block-gallery-is-layout-flex\"><\/figure>\n\n\n\n\n<div class=\"wp-block-archives-list wp-block-archives\">N\u00e3o h\u00e1 arquivos para mostrar.<\/div>\n\n","protected":false},"excerpt":{"rendered":"<p>Hor\u00e1rios de Atendimento \u2013 COSIE-E O atendimento da COSIE-E \u00e9 realizado de segunda a sexta-feira, das 7h \u00e0s 19h. Para maior agilidade, o contato deve ser feito prioritariamente pelos seguintes canais: \ud83d\udce7 E-mail: interacao.goiania@ifg.edu.br\ud83d\udcde Telefones: (62) 3227-2720 \/ 3227-2721 WhatsApp Business \u2013\u00a0\u00a0Entrar no grupo &#8212;&#8212;&#8212;&#8212;&#8212;&#8212;&#8212;&#8212;&#8212;&#8212;&#8212;&#8212;&#8212;&#8212;&#8212;&#8212;&#8212;&#8212;&#8212;&#8212;&#8212;&#8212;&#8212;&#8212;&#8212;&#8212;&#8212;&#8212;&#8212;&#8212;&#8212;&#8212;&#8212;&#8212;&#8212;&#8212;&#8212;&#8212;&#8211; O\u00a0Est\u00e1gio Obrigat\u00f3rio Curricular\u00a0\u00a0\u00e9 definido no Projeto Pedag\u00f3gico do Curso &#8211; [&hellip;]<\/p>\n","protected":false},"author":29,"featured_media":0,"parent":51,"menu_order":2,"comment_status":"closed","ping_status":"closed","template":"","meta":{"_links_to":"","_links_to_type":0,"footnotes":""},"class_list":["post-55","page","type-page","status-publish","hentry"],"_links":{"self":[{"href":"https:\/\/extensao.ifg.edu.br\/estagioifggoiania\/wp-json\/wp\/v2\/pages\/55"}],"collection":[{"href":"https:\/\/extensao.ifg.edu.br\/estagioifggoiania\/wp-json\/wp\/v2\/pages"}],"about":[{"href":"https:\/\/extensao.ifg.edu.br\/estagioifggoiania\/wp-json\/wp\/v2\/types\/page"}],"author":[{"embeddable":true,"href":"https:\/\/extensao.ifg.edu.br\/estagioifggoiania\/wp-json\/wp\/v2\/users\/29"}],"replies":[{"embeddable":true,"href":"https:\/\/extensao.ifg.edu.br\/estagioifggoiania\/wp-json\/wp\/v2\/comments?post=55"}],"version-history":[{"count":127,"href":"https:\/\/extensao.ifg.edu.br\/estagioifggoiania\/wp-json\/wp\/v2\/pages\/55\/revisions"}],"predecessor-version":[{"id":5053,"href":"https:\/\/extensao.ifg.edu.br\/estagioifggoiania\/wp-json\/wp\/v2\/pages\/55\/revisions\/5053"}],"up":[{"embeddable":true,"href":"https:\/\/extensao.ifg.edu.br\/estagioifggoiania\/wp-json\/wp\/v2\/pages\/51"}],"wp:attachment":[{"href":"https:\/\/extensao.ifg.edu.br\/estagioifggoiania\/wp-json\/wp\/v2\/media?parent=55"}],"curies":[{"name":"wp","href":"https:\/\/api.w.org\/{rel}","templated":true}]}}