{"id":51,"date":"2018-05-28T12:42:23","date_gmt":"2018-05-28T15:42:23","guid":{"rendered":"http:\/\/extensao.ifg.edu.br\/estagioifggoiania\/?page_id=51"},"modified":"2026-04-13T12:42:55","modified_gmt":"2026-04-13T15:42:55","slug":"estagio","status":"publish","type":"page","link":"https:\/\/extensao.ifg.edu.br\/estagioifggoiania\/estagio\/","title":{"rendered":"EST\u00c1GIO"},"content":{"rendered":"\n\n\n<h5 data-start=\"126\" data-end=\"164\"><strong>Hor\u00e1rios de Atendimento \u2013 COSIE-E<\/strong><br \/><br \/><span style=\"font-size: revert;color: initial\">O atendimento da <\/span>COSIE-E<span style=\"font-size: revert;color: initial\"> \u00e9 realizado de <\/span><strong style=\"font-size: revert;color: initial\" data-start=\"210\" data-end=\"250\">segunda a sexta-feira, das 7h \u00e0s 19h<\/strong><span style=\"font-size: revert;color: initial\">.<\/span><\/h5>\n<p data-start=\"255\" data-end=\"344\">Para maior agilidade, o contato deve ser feito prioritariamente pelos seguintes canais:<\/p>\n<p>\ud83d\udce7 <strong data-start=\"63\" data-end=\"74\">E-mail:<\/strong> <a class=\"cursor-pointer\" rel=\"noopener\" data-start=\"75\" data-end=\"103\">interacao.goiania@ifg.edu.br<\/a><br data-start=\"103\" data-end=\"106\" data-is-only-node=\"\" \/>\ud83d\udcde <strong data-start=\"109\" data-end=\"123\">Telefones:<\/strong> (62) 3227-2720 \/ 3227-2721<\/p>\n<p><strong><span style=\"color: revert;font-size: revert\">&#8212;&#8212;&#8212;&#8212;&#8212;&#8212;&#8212;&#8212;&#8212;&#8212;&#8212;&#8212;&#8212;&#8212;&#8212;&#8212;&#8212;&#8212;&#8212;&#8212;&#8212;&#8212;&#8212;&#8212;&#8212;&#8212;&#8212;&#8212;&#8212;&#8212;&#8212;&#8212;&#8211;<br \/><br \/>O Est\u00e1gio e sua Regulamenta\u00e7\u00e3o<\/span><\/strong><\/p>\n<p data-start=\"159\" data-end=\"574\">O est\u00e1gio constitui-se em um ato educativo supervisionado, desenvolvido no ambiente de trabalho e destinado a complementar a forma\u00e7\u00e3o acad\u00eamica do estudante. Regulamentado pela <strong data-start=\"336\" data-end=\"380\">Lei n\u00ba 11.788, de 25 de setembro de 2008<\/strong>, conhecida como <strong data-start=\"397\" data-end=\"415\">Lei do Est\u00e1gio<\/strong>, esse instituto tem como finalidade integrar a teoria \u00e0 pr\u00e1tica, favorecendo a prepara\u00e7\u00e3o para o exerc\u00edcio profissional e a inser\u00e7\u00e3o no mercado de trabalho.<\/p>\n<p data-start=\"576\" data-end=\"666\">De acordo com a legisla\u00e7\u00e3o vigente, o est\u00e1gio pode ser classificado em duas modalidades:<\/p>\n<ul data-start=\"667\" data-end=\"956\">\n<li data-start=\"667\" data-end=\"789\">\n<p data-start=\"669\" data-end=\"789\"><a href=\"https:\/\/extensao.ifg.edu.br\/estagioifggoiania\/estagio\/estagio-obrigatorio\/\" target=\"_blank\" rel=\"noopener\"><strong data-start=\"669\" data-end=\"684\">Obrigat\u00f3rio<\/strong>: <\/a>previsto no projeto pedag\u00f3gico do curso, sendo requisito indispens\u00e1vel para a conclus\u00e3o e diploma\u00e7\u00e3o;<\/p>\n<\/li>\n<li data-start=\"790\" data-end=\"956\">\n<p data-start=\"792\" data-end=\"956\"><a href=\"https:\/\/extensao.ifg.edu.br\/estagioifggoiania\/estagio\/estagio-nao-obrigatorio\/\" target=\"_blank\" rel=\"noopener\"><strong data-start=\"792\" data-end=\"811\">N\u00e3o obrigat\u00f3rio<\/strong>:<\/a> de car\u00e1ter opcional, acrescido \u00e0 carga hor\u00e1ria regular, com o objetivo de enriquecer a forma\u00e7\u00e3o do estudante por meio da experi\u00eancia pr\u00e1tica.<\/p>\n<\/li>\n<\/ul>\n<p data-start=\"958\" data-end=\"1294\">Em ambas as modalidades, o est\u00e1gio n\u00e3o configura v\u00ednculo empregat\u00edcio, desde que cumpridos os requisitos estabelecidos em lei, tais como a celebra\u00e7\u00e3o de <strong data-start=\"1111\" data-end=\"1135\">termo de compromisso<\/strong> entre o estagi\u00e1rio, a institui\u00e7\u00e3o de ensino e a parte concedente, al\u00e9m da compatibilidade entre as atividades desenvolvidas e o projeto pedag\u00f3gico do curso.<\/p>\n<p data-start=\"1296\" data-end=\"1581\">A Lei do Est\u00e1gio tamb\u00e9m assegura ao estudante direitos fundamentais, como jornada compat\u00edvel com as atividades acad\u00eamicas, acompanhamento por supervisor qualificado, recesso remunerado nos est\u00e1gios n\u00e3o obrigat\u00f3rios e, quando previsto, concess\u00e3o de bolsa-aux\u00edlio e aux\u00edlio-transporte.<\/p>\n<p data-start=\"1583\" data-end=\"1895\">Portanto, o est\u00e1gio deve ser compreendido como etapa essencial no processo formativo, promovendo o desenvolvimento de compet\u00eancias, a aquisi\u00e7\u00e3o de experi\u00eancia pr\u00e1tica e a constru\u00e7\u00e3o de valores \u00e9tico-profissionais, consolidando-se como instrumento estrat\u00e9gico de integra\u00e7\u00e3o entre educa\u00e7\u00e3o e mercado de trabalho.<\/p>\n<p data-start=\"1583\" data-end=\"1895\"><img loading=\"lazy\" decoding=\"async\" class=\"alignnone  wp-image-5030 aligncenter\" src=\"http:\/\/extensao.ifg.edu.br\/estagioifggoiania\/wp-content\/uploads\/sites\/9\/2026\/04\/POST-COSIE-E-200x300.jpeg\" alt=\"\" width=\"284\" height=\"427\" srcset=\"https:\/\/extensao.ifg.edu.br\/estagioifggoiania\/wp-content\/uploads\/sites\/9\/2026\/04\/POST-COSIE-E-200x300.jpeg 200w, https:\/\/extensao.ifg.edu.br\/estagioifggoiania\/wp-content\/uploads\/sites\/9\/2026\/04\/POST-COSIE-E-683x1024.jpeg 683w, https:\/\/extensao.ifg.edu.br\/estagioifggoiania\/wp-content\/uploads\/sites\/9\/2026\/04\/POST-COSIE-E-768x1152.jpeg 768w, https:\/\/extensao.ifg.edu.br\/estagioifggoiania\/wp-content\/uploads\/sites\/9\/2026\/04\/POST-COSIE-E.jpeg 1024w\" sizes=\"(max-width: 284px) 100vw, 284px\" \/><\/p>\n\n\n\n\n\n\n\n\n\n\n","protected":false},"excerpt":{"rendered":"<p>Hor\u00e1rios de Atendimento \u2013 COSIE-E O atendimento da COSIE-E \u00e9 realizado de segunda a sexta-feira, das 7h \u00e0s 19h. Para maior agilidade, o contato deve ser feito prioritariamente pelos seguintes canais: \ud83d\udce7 E-mail: interacao.goiania@ifg.edu.br\ud83d\udcde Telefones: (62) 3227-2720 \/ 3227-2721 &#8212;&#8212;&#8212;&#8212;&#8212;&#8212;&#8212;&#8212;&#8212;&#8212;&#8212;&#8212;&#8212;&#8212;&#8212;&#8212;&#8212;&#8212;&#8212;&#8212;&#8212;&#8212;&#8212;&#8212;&#8212;&#8212;&#8212;&#8212;&#8212;&#8212;&#8212;&#8212;&#8211; O Est\u00e1gio e sua Regulamenta\u00e7\u00e3o O est\u00e1gio constitui-se em um ato educativo supervisionado, desenvolvido no [&hellip;]<\/p>\n","protected":false},"author":29,"featured_media":0,"parent":0,"menu_order":1,"comment_status":"closed","ping_status":"closed","template":"","meta":{"_links_to":"","_links_to_type":0,"footnotes":""},"class_list":["post-51","page","type-page","status-publish","hentry"],"_links":{"self":[{"href":"https:\/\/extensao.ifg.edu.br\/estagioifggoiania\/wp-json\/wp\/v2\/pages\/51"}],"collection":[{"href":"https:\/\/extensao.ifg.edu.br\/estagioifggoiania\/wp-json\/wp\/v2\/pages"}],"about":[{"href":"https:\/\/extensao.ifg.edu.br\/estagioifggoiania\/wp-json\/wp\/v2\/types\/page"}],"author":[{"embeddable":true,"href":"https:\/\/extensao.ifg.edu.br\/estagioifggoiania\/wp-json\/wp\/v2\/users\/29"}],"replies":[{"embeddable":true,"href":"https:\/\/extensao.ifg.edu.br\/estagioifggoiania\/wp-json\/wp\/v2\/comments?post=51"}],"version-history":[{"count":121,"href":"https:\/\/extensao.ifg.edu.br\/estagioifggoiania\/wp-json\/wp\/v2\/pages\/51\/revisions"}],"predecessor-version":[{"id":5050,"href":"https:\/\/extensao.ifg.edu.br\/estagioifggoiania\/wp-json\/wp\/v2\/pages\/51\/revisions\/5050"}],"wp:attachment":[{"href":"https:\/\/extensao.ifg.edu.br\/estagioifggoiania\/wp-json\/wp\/v2\/media?parent=51"}],"curies":[{"name":"wp","href":"https:\/\/api.w.org\/{rel}","templated":true}]}}