{"id":4895,"date":"2024-12-09T09:29:02","date_gmt":"2024-12-09T12:29:02","guid":{"rendered":"https:\/\/extensao.ifg.edu.br\/estagioifggoiania\/?page_id=4895"},"modified":"2024-12-09T09:31:10","modified_gmt":"2024-12-09T12:31:10","slug":"inicial","status":"publish","type":"page","link":"https:\/\/extensao.ifg.edu.br\/estagioifggoiania\/","title":{"rendered":"Est\u00e1gio no IFG"},"content":{"rendered":"\n<p>O est\u00e1gio \u00e9 parte integrante do curr\u00edculo escolar e comp\u00f5e as diretrizes pedag\u00f3gicas do IFG, mediante duas modalidades: o est\u00e1gio curricular obrigat\u00f3rio, que faz parte da grade curricular do curso, sendo pr\u00e9-requisito para aprova\u00e7\u00e3o e obten\u00e7\u00e3o do diploma; e o n\u00e3o-obrigat\u00f3rio, que \u00e9 desenvolvido como atividade opcional. Seja qual for a modalidade, o est\u00e1gio proporciona o aprendizado de compet\u00eancias pr\u00f3prias da atividade profissional e a contextualiza\u00e7\u00e3o curricular, objetivando o desenvolvimento do educando para a vida cidad\u00e3 e para o trabalho.<\/p>\n\n\n","protected":false},"excerpt":{"rendered":"<p>O est\u00e1gio \u00e9 parte integrante do curr\u00edculo escolar e comp\u00f5e as diretrizes pedag\u00f3gicas do IFG, mediante duas modalidades: o est\u00e1gio curricular obrigat\u00f3rio, que faz parte da grade curricular do curso, sendo pr\u00e9-requisito para aprova\u00e7\u00e3o e obten\u00e7\u00e3o do diploma; e o n\u00e3o-obrigat\u00f3rio, que \u00e9 desenvolvido como atividade opcional. Seja qual for a modalidade, o est\u00e1gio proporciona [&hellip;]<\/p>\n","protected":false},"author":29,"featured_media":4890,"parent":0,"menu_order":0,"comment_status":"closed","ping_status":"closed","template":"","meta":{"_links_to":"","_links_to_type":0,"footnotes":""},"class_list":["post-4895","page","type-page","status-publish","has-post-thumbnail","hentry"],"_links":{"self":[{"href":"https:\/\/extensao.ifg.edu.br\/estagioifggoiania\/wp-json\/wp\/v2\/pages\/4895"}],"collection":[{"href":"https:\/\/extensao.ifg.edu.br\/estagioifggoiania\/wp-json\/wp\/v2\/pages"}],"about":[{"href":"https:\/\/extensao.ifg.edu.br\/estagioifggoiania\/wp-json\/wp\/v2\/types\/page"}],"author":[{"embeddable":true,"href":"https:\/\/extensao.ifg.edu.br\/estagioifggoiania\/wp-json\/wp\/v2\/users\/29"}],"replies":[{"embeddable":true,"href":"https:\/\/extensao.ifg.edu.br\/estagioifggoiania\/wp-json\/wp\/v2\/comments?post=4895"}],"version-history":[{"count":3,"href":"https:\/\/extensao.ifg.edu.br\/estagioifggoiania\/wp-json\/wp\/v2\/pages\/4895\/revisions"}],"predecessor-version":[{"id":4899,"href":"https:\/\/extensao.ifg.edu.br\/estagioifggoiania\/wp-json\/wp\/v2\/pages\/4895\/revisions\/4899"}],"wp:featuredmedia":[{"embeddable":true,"href":"https:\/\/extensao.ifg.edu.br\/estagioifggoiania\/wp-json\/wp\/v2\/media\/4890"}],"wp:attachment":[{"href":"https:\/\/extensao.ifg.edu.br\/estagioifggoiania\/wp-json\/wp\/v2\/media?parent=4895"}],"curies":[{"name":"wp","href":"https:\/\/api.w.org\/{rel}","templated":true}]}}