{"id":4376,"date":"2023-11-17T11:47:31","date_gmt":"2023-11-17T14:47:31","guid":{"rendered":"https:\/\/extensao.ifg.edu.br\/estagioifggoiania\/?page_id=4376"},"modified":"2026-04-13T12:51:44","modified_gmt":"2026-04-13T15:51:44","slug":"vagasestagios","status":"publish","type":"page","link":"https:\/\/extensao.ifg.edu.br\/estagioifggoiania\/vagasestagios\/","title":{"rendered":"VAGAS\/EST\u00c1GIOS"},"content":{"rendered":"<h5 data-start=\"126\" data-end=\"164\"><strong>Hor\u00e1rios de Atendimento \u2013 COSIE-E<\/strong><\/h5>\n<p><span style=\"font-size: revert;color: initial\">O atendimento da <\/span>COSIE-E<span style=\"font-size: revert;color: initial\"> \u00e9 realizado de <\/span><strong style=\"font-size: revert;color: initial\" data-start=\"210\" data-end=\"250\">segunda a sexta-feira, das 7h \u00e0s 19h<\/strong><span style=\"font-size: revert;color: initial\">.<\/span><\/p>\n<p data-start=\"255\" data-end=\"344\">Para maior agilidade, o contato deve ser feito prioritariamente pelos seguintes canais:<\/p>\n<p>\ud83d\udce7 <strong data-start=\"63\" data-end=\"74\">E-mail:<\/strong> <a class=\"cursor-pointer\" rel=\"noopener\" data-start=\"75\" data-end=\"103\">interacao.goiania@ifg.edu.br<\/a><br data-start=\"103\" data-end=\"106\" data-is-only-node=\"\" \/>\ud83d\udcde <strong data-start=\"109\" data-end=\"123\">Telefones:<\/strong> (62) 3227-2720 \/ 3227-2721<br \/><strong data-start=\"195\" data-end=\"216\"><img decoding=\"async\" class=\"emoji\" role=\"img\" src=\"https:\/\/s.w.org\/images\/core\/emoji\/15.0.3\/svg\/1f4f2.svg\" alt=\"\ud83d\udcf2\" \/>WhatsApp Business \u2013<\/strong>\u00a0<img decoding=\"async\" class=\"emoji\" role=\"img\" src=\"https:\/\/s.w.org\/images\/core\/emoji\/15.0.3\/svg\/1f517.svg\" alt=\"\ud83d\udd17\" \/>\u00a0<a href=\"https:\/\/chat.whatsapp.com\/LerkW904ayZIKzEetyI1vE\" target=\"_blank\" rel=\"noopener\"><strong data-start=\"374\" data-end=\"393\">E<\/strong><strong data-start=\"374\" data-end=\"393\">ntrar no grupo<\/strong><\/a><\/p>\n<p><strong><span style=\"color: revert;font-size: revert\">&#8212;&#8212;&#8212;&#8212;&#8212;&#8212;&#8212;&#8212;&#8212;&#8212;&#8212;&#8212;&#8212;&#8212;&#8212;&#8212;&#8212;&#8212;&#8212;&#8212;&#8212;&#8212;&#8212;&#8212;&#8212;&#8212;&#8212;&#8212;&#8212;&#8212;&#8212;&#8212;&#8211;<\/span><\/strong><\/p>\n<p><b style=\"font-size: revert;color: initial\"><strong>Para aumentar suas chances de obter um emprego, iniciar ou desenvolver sua vida profissional, visite a nossa se\u00e7\u00e3o de <\/strong><\/b><a style=\"font-size: revert\" href=\"http:\/\/extensao.ifg.edu.br\/estagioifggoiania\/parceiros\/\"><u><b><strong>PARCEIROS<\/strong><\/b><\/u><\/a><b style=\"font-size: revert;color: initial\"><strong>\u00a0e conhe\u00e7a mais dicas e oportunidades!!<\/strong><\/b><\/p>\n<p><strong>Ol\u00e1!<\/strong><strong>\u00a0<\/strong><b><strong>Nessa se\u00e7\u00e3o, s\u00e3o disponibilizadas vagas de\u00a0emprego ofertadas por empresas parceiras do C\u00e2mpus Goi\u00e2nia do IFG.As informa\u00e7\u00f5es sobre as vagas s\u00e3o de responsabilidade das institui\u00e7\u00f5es anunciantes.<\/strong><\/b><\/p>\n<p>____________________________________________<\/p>\n<p data-start=\"0\" data-end=\"32\"><strong data-start=\"0\" data-end=\"30\">\ud83d\udea8 Aten\u00e7\u00e3o, estudantes! \ud83d\udea8<\/strong><\/p>\n<p data-start=\"34\" data-end=\"222\">Para maior agilidade na divulga\u00e7\u00e3o das vagas de est\u00e1gio e trabalho empreendidas pela COSIE-E, agora estamos postando todas as oportunidades diretamente no nosso <strong data-start=\"195\" data-end=\"216\">WhatsApp Business<\/strong>! \ud83d\udcf2<\/p>\n<p data-start=\"224\" data-end=\"368\">\ud83d\udc49 Para ficar por dentro das vagas disponibilizadas pelos nossos parceiros, <strong data-start=\"300\" data-end=\"318\">entre no grupo<\/strong> atrav\u00e9s do link abaixo ou utilizando o QR Code:<\/p>\n<p data-start=\"370\" data-end=\"492\">\ud83d\udd17 <a href=\"https:\/\/chat.whatsapp.com\/LerkW904ayZIKzEetyI1vE\" target=\"_blank\" rel=\"noopener\"><strong data-start=\"374\" data-end=\"393\">E<\/strong><strong data-start=\"374\" data-end=\"393\">ntrar no grupo<\/strong><\/a><\/p>\n<p data-start=\"494\" data-end=\"547\" data-is-last-node=\"\" data-is-only-node=\"\">Fique atualizado e n\u00e3o perca nenhuma oportunidade! \ud83c\udf1f<\/p>\n<p style=\"text-align: center\"><img loading=\"lazy\" decoding=\"async\" class=\"alignnone size-medium wp-image-5030\" src=\"http:\/\/extensao.ifg.edu.br\/estagioifggoiania\/wp-content\/uploads\/sites\/9\/2026\/04\/POST-COSIE-E-200x300.jpeg\" alt=\"\" width=\"200\" height=\"300\" srcset=\"https:\/\/extensao.ifg.edu.br\/estagioifggoiania\/wp-content\/uploads\/sites\/9\/2026\/04\/POST-COSIE-E-200x300.jpeg 200w, https:\/\/extensao.ifg.edu.br\/estagioifggoiania\/wp-content\/uploads\/sites\/9\/2026\/04\/POST-COSIE-E-683x1024.jpeg 683w, https:\/\/extensao.ifg.edu.br\/estagioifggoiania\/wp-content\/uploads\/sites\/9\/2026\/04\/POST-COSIE-E-768x1152.jpeg 768w, https:\/\/extensao.ifg.edu.br\/estagioifggoiania\/wp-content\/uploads\/sites\/9\/2026\/04\/POST-COSIE-E.jpeg 1024w\" sizes=\"(max-width: 200px) 100vw, 200px\" \/><\/p>\n\n\n\n\n\n\n<figure class=\"wp-block-gallery has-nested-images columns-default is-cropped wp-block-gallery-1 is-layout-flex wp-block-gallery-is-layout-flex\"><\/figure>\n\n\n\n\n\n<figure class=\"wp-block-gallery has-nested-images columns-default is-cropped wp-block-gallery-2 is-layout-flex wp-block-gallery-is-layout-flex\"><\/figure>\n\n\n\n<figure class=\"wp-block-gallery has-nested-images columns-default is-cropped wp-block-gallery-3 is-layout-flex wp-block-gallery-is-layout-flex\"><\/figure>\n\n\n\n\n\n\n\n\n","protected":false},"excerpt":{"rendered":"<p>Hor\u00e1rios de Atendimento \u2013 COSIE-E O atendimento da COSIE-E \u00e9 realizado de segunda a sexta-feira, das 7h \u00e0s 19h. Para maior agilidade, o contato deve ser feito prioritariamente pelos seguintes canais: \ud83d\udce7 E-mail: interacao.goiania@ifg.edu.br\ud83d\udcde Telefones: (62) 3227-2720 \/ 3227-2721WhatsApp Business \u2013\u00a0\u00a0Entrar no grupo &#8212;&#8212;&#8212;&#8212;&#8212;&#8212;&#8212;&#8212;&#8212;&#8212;&#8212;&#8212;&#8212;&#8212;&#8212;&#8212;&#8212;&#8212;&#8212;&#8212;&#8212;&#8212;&#8212;&#8212;&#8212;&#8212;&#8212;&#8212;&#8212;&#8212;&#8212;&#8212;&#8211; Para aumentar suas chances de obter um emprego, iniciar ou desenvolver [&hellip;]<\/p>\n","protected":false},"author":30,"featured_media":0,"parent":0,"menu_order":2,"comment_status":"closed","ping_status":"closed","template":"","meta":{"_links_to":"","_links_to_type":0,"footnotes":""},"class_list":["post-4376","page","type-page","status-publish","hentry"],"_links":{"self":[{"href":"https:\/\/extensao.ifg.edu.br\/estagioifggoiania\/wp-json\/wp\/v2\/pages\/4376"}],"collection":[{"href":"https:\/\/extensao.ifg.edu.br\/estagioifggoiania\/wp-json\/wp\/v2\/pages"}],"about":[{"href":"https:\/\/extensao.ifg.edu.br\/estagioifggoiania\/wp-json\/wp\/v2\/types\/page"}],"author":[{"embeddable":true,"href":"https:\/\/extensao.ifg.edu.br\/estagioifggoiania\/wp-json\/wp\/v2\/users\/30"}],"replies":[{"embeddable":true,"href":"https:\/\/extensao.ifg.edu.br\/estagioifggoiania\/wp-json\/wp\/v2\/comments?post=4376"}],"version-history":[{"count":219,"href":"https:\/\/extensao.ifg.edu.br\/estagioifggoiania\/wp-json\/wp\/v2\/pages\/4376\/revisions"}],"predecessor-version":[{"id":5055,"href":"https:\/\/extensao.ifg.edu.br\/estagioifggoiania\/wp-json\/wp\/v2\/pages\/4376\/revisions\/5055"}],"wp:attachment":[{"href":"https:\/\/extensao.ifg.edu.br\/estagioifggoiania\/wp-json\/wp\/v2\/media?parent=4376"}],"curies":[{"name":"wp","href":"https:\/\/api.w.org\/{rel}","templated":true}]}}