{"id":394,"date":"2019-09-03T12:34:09","date_gmt":"2019-09-03T15:34:09","guid":{"rendered":"http:\/\/extensao.ifg.edu.br\/estagioifggoiania\/?page_id=394"},"modified":"2024-08-01T11:23:15","modified_gmt":"2024-08-01T14:23:15","slug":"parceiros","status":"publish","type":"page","link":"https:\/\/extensao.ifg.edu.br\/estagioifggoiania\/parceiros\/","title":{"rendered":"PARCEIROS"},"content":{"rendered":"<table class=\" aligncenter\" style=\"width: 513.5px;border-color: #000000;background-color: #f0e9e9\">\n<tbody>\n<tr>\n<td style=\"width: 463.5px;text-align: center\"><span style=\"color: #0000ff\"><strong>HOR\u00c1RIOS DE ATENDIMENTO DA COSIE-E<\/strong><strong>\u00a0\u00a0\u00a0<\/strong><strong>\u00a0<\/strong><\/span><\/p>\n<p><span style=\"color: #ff0000\"><strong>NOSSO ATENDIMENTO \u00c9 DE\u00a0SEGUNDA \u00c0 SEXTA\u00a0DAS 7H \u00c0S 19H<\/strong><\/span><\/p>\n<p><strong>SENDO PRIORITARIAMENTE PELOS CONTATOS:<\/strong><\/p>\n<p><strong>e-mail:<span style=\"color: #0000ff\">\u00a0interacao.goiania@ifg.edu.br<\/span><\/strong><\/p>\n<p><strong>Telefones:<span style=\"color: #0000ff\">(62) 3227-2720\/2721<\/span><\/strong><\/td>\n<\/tr>\n<\/tbody>\n<\/table>\n<p><strong>Para aumentar suas chances de obter um est\u00e1gio\/emprego, iniciar ou desenvolver sua vida profissional, recomendamos que fa\u00e7a seu cadastro junto aos principais parceiros do IFG atuantes no recrutamento e sele\u00e7\u00e3o de estagi\u00e1rios:<\/strong><\/p>\n<ul>\n<li>\u00a0Agiel &#8211; <a href=\"https:\/\/agiel.com.br\/site\/\" target=\"_blank\">www.agiel.com.br<\/a><\/li>\n<li>ABRH &#8211; <a href=\"https:\/\/www.abrhrs.org.br\/\" target=\"_blank\">www.abrhrs.org.br<\/a><\/li>\n<li>ACISI &#8211; <a href=\"http:\/\/www.acii.org.br\/Inicio.html\" target=\"_blank\">www.acii.or.br<\/a><\/li>\n<li>Bras\u00edlia Est\u00e1gios &#8211;\u00a0<a href=\"http:\/\/www.brasiliaestagios.com.br\" target=\"_blank\">www.brasiliaestagios.com.br<\/a><\/li>\n<li>BRED Est\u00e1gios &#8211; <a href=\"http:\/\/bred.com.br\/estagiosApp\/index.html?usuario_login\" target=\"_blank\">www.bred.com.br<\/a><\/li>\n<li>CEDEP &#8211; <a href=\"http:\/\/www.cedep.org.br\/home.html\" target=\"_blank\">www.cedep.org.br<\/a><\/li>\n<li>CIEE \u2013\u00a0<a href=\"http:\/\/www.ciee.org.br\/\" target=\"_blank\">www.ciee.org.br<\/a><\/li>\n<li>CIDE &#8211; <a href=\"https:\/\/www.ciderh.org.br\/\" target=\"_blank\">www.ciderh.org.br<\/a><\/li>\n<li>Funda\u00e7\u00e3o Ulbra &#8211; <a href=\"https:\/\/www.fulbra.org.br\/estagios\" target=\"_blank\">www.fulbra.org.br<\/a><\/li>\n<li>Global Est\u00e1gios &#8211; <a href=\"https:\/\/www.globalempregos.com.br\/\" target=\"_blank\">www.globalempregos.com.br<\/a><\/li>\n<li>IEL \u2013\u00a0<a href=\"http:\/\/sne.iel.org.br\/sne\/portal.xhtml\" target=\"_blank\">www.sitedoestagio.com.br<\/a><\/li>\n<li>IBP &#8211;<a href=\"http:\/\/www.institutopascal.org.br\/estagio\/\" target=\"_blank\"> www.institutopascal.org.br<\/a><\/li>\n<li>IEGE &#8211; <a href=\"http:\/\/www.estagio.uff.br\/\" target=\"_blank\">www.estagio.uff.br<\/a><\/li>\n<li>INOV &#8211; <a href=\"http:\/\/www.inov.org.br\/site\/\" target=\"_blank\">www.inov.org.br<\/a><\/li>\n<li>Iphac &#8211; Instituto Promover &#8211; <a href=\"https:\/\/iphac.org.br\/\" target=\"_blank\">ww.iphac.org.br<\/a><\/li>\n<li>Nube Est\u00e1gios &#8211;\u00a0<a href=\"https:\/\/www.nube.com.br\/\" target=\"_blank\">www.nube.com.br<\/a><\/li>\n<li>Planeje Est\u00e1gio ou Osc\u00e9ia &#8211;\u00a0<a href=\"http:\/\/www.planejeestagio.com.br\/\" target=\"_blank\">http:\/\/www.planejeestagio.com.br\/<\/a><\/li>\n<li>Portal do Est\u00e1gio &#8211;\u00a0<a href=\"https:\/\/portaldoestagio.com.br\/estudante\/\" target=\"_blank\">https:\/\/portaldoestagio.com.br\/estudante\/<\/a><\/li>\n<li>Start Profissional &#8211; <a href=\"http:\/\/www.startprofissional.com.br\/\" target=\"_blank\">www.startprofissional.com.br<\/a><\/li>\n<li>Super Est\u00e1gios &#8211; <a href=\"https:\/\/www.superestagios.com.br\/index\/\" target=\"_blank\">www.superestagios.com.br<\/a><\/li>\n<li>Usina de Talentos &#8211; <a href=\"http:\/\/www.usinadetalentos.com.br\/\" target=\"_blank\">www.usinadetalentos.com.br\u00a0<\/a><\/li>\n<li>Universidade Patativa do Assar\u00e9 (UPA)\u00a0 &#8211; <a href=\"http:\/\/universidadepatativa.com\/programas\/estagio\/\" target=\"_blank\">www.universidadepatativa.com\/programas\/estagio\/<\/a><\/li>\n<li>Universia Brasil S.A &#8211; <a href=\"https:\/\/www.universiaemprego.com.br\/\" target=\"_blank\">www.universiaemprego.oom.br\u00a0<\/a><\/li>\n<li>Via de Acesso &#8211; <a href=\"https:\/\/viadeacesso.org\/\" target=\"_blank\">www.viadeacesso.org<\/a><\/li>\n<\/ul>\n<p>&nbsp;<\/p>\n<p><strong>DICAS PARA UMA BOA<\/strong><strong> SELE<\/strong><strong>\u00c7\u00c3O<\/strong><\/p>\n<p>&nbsp;<\/p>\n<ul>\n<li>Conhe\u00e7a a empresa. Visite o site;<\/li>\n<li>Na data agendada comparecer em trajes formais;<\/li>\n<li>Mo\u00e7as: n\u00e3o usem saias curtas, decotes, cores fortes, maquiagem exagerada ou excesso de acess\u00f3rios;<\/li>\n<li>Rapazes: barbeiem-se e mantenham as unhas limpas;<\/li>\n<li>Verbaliza\u00e7\u00e3o \u00e9 essencial! N\u00e3o utilize g\u00edrias e n\u00e3o masque chiclete;<\/li>\n<li>Os amigos e parentes devem ficar em casa, portanto, n\u00e3o leve acompanhantes a entrevista;<\/li>\n<li>Mantenha o celular desligado;<\/li>\n<li>Verifique a sua postura corporal e gestos. Aperto de m\u00e3o firme denota confian\u00e7a e seguran\u00e7a ao selecionador;<\/li>\n<li>Memorize o nome do entrevistador;<\/li>\n<li>Olhe nos olhos das pessoas;<\/li>\n<li>N\u00e3o se precipite ao falar. Ou\u00e7a primeiro e depois tire suas d\u00favidas a respeito daquilo que n\u00e3o lhe pareceu claro;<\/li>\n<li>Procure chegar 15 a 20 minutos antes do hor\u00e1rio marcado, pois pontualidade \u00e9 muito importante;<\/li>\n<\/ul>\n<p>&nbsp;<\/p>\n<p>Quem busca um lugar ao sol no mercado de trabalho pode enfrentar muitos contratempos. \u00c0s vezes a dificuldade j\u00e1 come\u00e7a na hora de montar o t\u00e3o cobrado curr\u00edculo. Segundo pesquisa, 82% dos recrutadores procuram profissionais com a cultura da empresa e 26% observam as habilidades comportamentais.<\/p>\n<p>Os nossos parceiros\u00a0disponibilizam algumas mat\u00e9rias voltadas \u00e0 empregabilidade com dicas aos alunos de como ingressar e se manter no mercado de trabalho. Segue um link de uma mat\u00e9ria de um desses parceiros que publicou uma mat\u00e9rias, com o tema: <em>&#8220;Sabe escrever um bom curr\u00edculo?<\/em>&#8220;.\u00a0<b>Link:\u00a0<\/b><a href=\"https:\/\/vimeo.com\/344404984\" target=\"_blank\">https:\/\/vimeo.com\/344404984<\/a><\/p>\n","protected":false},"excerpt":{"rendered":"<p>HOR\u00c1RIOS DE ATENDIMENTO DA COSIE-E\u00a0\u00a0\u00a0\u00a0 NOSSO ATENDIMENTO \u00c9 DE\u00a0SEGUNDA \u00c0 SEXTA\u00a0DAS 7H \u00c0S 19H SENDO PRIORITARIAMENTE PELOS CONTATOS: e-mail:\u00a0interacao.goiania@ifg.edu.br Telefones:(62) 3227-2720\/2721 Para aumentar suas chances de obter um est\u00e1gio\/emprego, iniciar ou desenvolver sua vida profissional, recomendamos que fa\u00e7a seu cadastro junto aos principais parceiros do IFG atuantes no recrutamento e sele\u00e7\u00e3o de estagi\u00e1rios: \u00a0Agiel &#8211; [&hellip;]<\/p>\n","protected":false},"author":30,"featured_media":0,"parent":0,"menu_order":7,"comment_status":"closed","ping_status":"closed","template":"","meta":{"_links_to":"","_links_to_type":0,"footnotes":""},"class_list":["post-394","page","type-page","status-publish","hentry"],"_links":{"self":[{"href":"https:\/\/extensao.ifg.edu.br\/estagioifggoiania\/wp-json\/wp\/v2\/pages\/394"}],"collection":[{"href":"https:\/\/extensao.ifg.edu.br\/estagioifggoiania\/wp-json\/wp\/v2\/pages"}],"about":[{"href":"https:\/\/extensao.ifg.edu.br\/estagioifggoiania\/wp-json\/wp\/v2\/types\/page"}],"author":[{"embeddable":true,"href":"https:\/\/extensao.ifg.edu.br\/estagioifggoiania\/wp-json\/wp\/v2\/users\/30"}],"replies":[{"embeddable":true,"href":"https:\/\/extensao.ifg.edu.br\/estagioifggoiania\/wp-json\/wp\/v2\/comments?post=394"}],"version-history":[{"count":48,"href":"https:\/\/extensao.ifg.edu.br\/estagioifggoiania\/wp-json\/wp\/v2\/pages\/394\/revisions"}],"predecessor-version":[{"id":4709,"href":"https:\/\/extensao.ifg.edu.br\/estagioifggoiania\/wp-json\/wp\/v2\/pages\/394\/revisions\/4709"}],"wp:attachment":[{"href":"https:\/\/extensao.ifg.edu.br\/estagioifggoiania\/wp-json\/wp\/v2\/media?parent=394"}],"curies":[{"name":"wp","href":"https:\/\/api.w.org\/{rel}","templated":true}]}}