{"id":24,"date":"2018-04-02T11:29:02","date_gmt":"2018-04-02T14:29:02","guid":{"rendered":"http:\/\/extensao.ifg.edu.br\/estagioifggoiania\/?page_id=24"},"modified":"2026-04-13T12:50:50","modified_gmt":"2026-04-13T15:50:50","slug":"editais","status":"publish","type":"page","link":"https:\/\/extensao.ifg.edu.br\/estagioifggoiania\/editais\/","title":{"rendered":"EDITAIS"},"content":{"rendered":"<h2 data-start=\"126\" data-end=\"164\">Hor\u00e1rios de Atendimento \u2013 COSIE-E<\/h2>\n<p data-start=\"166\" data-end=\"253\">O atendimento da\u00a0<strong data-start=\"183\" data-end=\"194\">COSIE-E<\/strong>\u00a0\u00e9 realizado de\u00a0<strong data-start=\"210\" data-end=\"250\">segunda a sexta-feira, das 7h \u00e0s 19h<\/strong>.<\/p>\n<p data-start=\"255\" data-end=\"344\">Para maior agilidade, o contato deve ser feito prioritariamente pelos seguintes canais:<\/p>\n<p><img decoding=\"async\" class=\"emoji\" role=\"img\" src=\"https:\/\/s.w.org\/images\/core\/emoji\/15.0.3\/svg\/1f4e7.svg\" alt=\"\ud83d\udce7\" \/>\u00a0<strong data-start=\"63\" data-end=\"74\">E-mail:<\/strong>\u00a0<a class=\"cursor-pointer\" rel=\"noopener\" data-start=\"75\" data-end=\"103\">interacao.goiania@ifg.edu.br<\/a><br data-start=\"103\" data-end=\"106\" data-is-only-node=\"\" \/><img decoding=\"async\" class=\"emoji\" role=\"img\" src=\"https:\/\/s.w.org\/images\/core\/emoji\/15.0.3\/svg\/1f4de.svg\" alt=\"\ud83d\udcde\" \/>\u00a0<strong data-start=\"109\" data-end=\"123\">Telefones:<\/strong>\u00a0(62) 3227-2720 \/ 3227-2721<\/p>\n<p><strong data-start=\"195\" data-end=\"216\"><img decoding=\"async\" class=\"emoji\" role=\"img\" src=\"https:\/\/s.w.org\/images\/core\/emoji\/15.0.3\/svg\/1f4f2.svg\" alt=\"\ud83d\udcf2\" \/>WhatsApp Business \u2013<\/strong>\u00a0<img decoding=\"async\" class=\"emoji\" role=\"img\" src=\"https:\/\/s.w.org\/images\/core\/emoji\/15.0.3\/svg\/1f517.svg\" alt=\"\ud83d\udd17\" \/>\u00a0<a href=\"https:\/\/chat.whatsapp.com\/LerkW904ayZIKzEetyI1vE\" target=\"_blank\" rel=\"noopener\"><strong data-start=\"374\" data-end=\"393\">E<\/strong><strong data-start=\"374\" data-end=\"393\">ntrar no grupo<\/strong><\/a><\/p>\n<p>&#8212;&#8212;&#8212;&#8212;&#8212;&#8212;&#8212;&#8212;&#8212;&#8212;&#8212;&#8212;&#8212;&#8212;&#8212;&#8212;&#8212;&#8212;&#8212;&#8212;&#8212;&#8212;&#8212;&#8212;&#8212;&#8212;&#8212;&#8212;&#8212;&#8212;&#8212;&#8212;&#8212;&#8212;&#8212;&#8212;&#8212;&#8212;-<\/p>\n<p>Para conferir os editais vigentes para est\u00e1gio a ser realizado no C\u00e2mpus Goi\u00e2nia do IFG, clique no link Editais, no menu Extens\u00e3o, no site c\u00e2mpus:<a href=\"https:\/\/www.ifg.edu.br\/index.php\/component\/content\/article?id=1151\" target=\"_blank\" rel=\"noopener\">\u00a0<span style=\"color: #008000\">ifg.edu.br\/goiania\/campus\/extensao\/editais\/estagio<\/span><\/a><\/p>\n<p>______________________________________________________________<\/p>\n<table style=\"width: 405.5px\">\n<tbody>\n<tr>\n<td style=\"width: 355.5px;text-align: center\"><strong>EDITAL EM ABERTO &#8211;\u00a0 2025\/2<\/strong><\/td>\n<\/tr>\n<\/tbody>\n<\/table>\n<p data-start=\"115\" data-end=\"212\">\ud83d\udce2 <strong data-start=\"118\" data-end=\"169\">EDITAL DE EST\u00c1GIO \u2013 IFG C\u00c2MPUS GOI\u00c2NIA \u2013 2025\/1<\/strong><br data-start=\"169\" data-end=\"172\" \/><strong data-start=\"172\" data-end=\"212\">Est\u00e1gio Obrigat\u00f3rio \/ N\u00e3o Remunerado<\/strong><\/p>\n<p data-start=\"214\" data-end=\"368\">Est\u00e3o abertas as inscri\u00e7\u00f5es para o processo seletivo de est\u00e1gio obrigat\u00f3rio (n\u00e3o remunerado) para os cursos t\u00e9cnicos e superiores do IFG \u2013 C\u00e2mpus Goi\u00e2nia.<\/p>\n<p data-start=\"370\" data-end=\"395\">\ud83c\udf93 <strong data-start=\"373\" data-end=\"393\">Cursos T\u00e9cnicos:<\/strong><\/p>\n<ul data-start=\"396\" data-end=\"656\">\n<li data-start=\"396\" data-end=\"427\">\n<p data-start=\"398\" data-end=\"427\">Gastronomia \/ Cozinha \u2013 EJA<\/p>\n<\/li>\n<li data-start=\"461\" data-end=\"498\">\n<p data-start=\"463\" data-end=\"498\">Desenvolvimento de Sistemas \u2013 EJA<\/p>\n<\/li>\n<li data-start=\"499\" data-end=\"522\">\n<p data-start=\"501\" data-end=\"522\">Instrumento Musical<\/p>\n<\/li>\n<li data-start=\"577\" data-end=\"592\">\n<p data-start=\"579\" data-end=\"592\">Edifica\u00e7\u00f5es<\/p>\n<\/li>\n<li data-start=\"593\" data-end=\"607\">\n<p data-start=\"595\" data-end=\"607\">Eletr\u00f4nica<\/p>\n<\/li>\n<li data-start=\"608\" data-end=\"628\">\n<p data-start=\"610\" data-end=\"628\">Telecomunica\u00e7\u00f5es<\/p>\n<\/li>\n<li data-start=\"629\" data-end=\"656\">\n<p data-start=\"631\" data-end=\"656\">Subsequente em Mec\u00e2nica<\/p>\n<\/li>\n<\/ul>\n<p data-start=\"658\" data-end=\"685\">\ud83c\udf93 <strong data-start=\"661\" data-end=\"683\">Cursos Superiores:<\/strong><\/p>\n<ul data-start=\"686\" data-end=\"856\">\n<li data-start=\"686\" data-end=\"697\">\n<p data-start=\"688\" data-end=\"697\">Turismo<\/p>\n<\/li>\n<li data-start=\"686\" data-end=\"697\">\n<p data-start=\"688\" data-end=\"697\">Engenharia Ambiental e Sanit\u00e1ria<\/p>\n<\/li>\n<li data-start=\"698\" data-end=\"742\">Engenharia El\u00e9trica<\/li>\n<li data-start=\"794\" data-end=\"832\">\n<p data-start=\"796\" data-end=\"832\">Engenharia de Controle e Automa\u00e7\u00e3o<\/p>\n<\/li>\n<li data-start=\"833\" data-end=\"856\">\n<p data-start=\"835\" data-end=\"856\">Engenharia Mec\u00e2nica<\/p>\n<\/li>\n<\/ul>\n<p data-start=\"858\" data-end=\"942\">\u2705 <strong data-start=\"860\" data-end=\"879\">Total de Vagas:<\/strong> 52 vagas dispon\u00edveis para discentes regularmente matriculados.<\/p>\n<p data-start=\"944\" data-end=\"1057\">\ud83d\udcc5 <strong data-start=\"947\" data-end=\"966\">Inscri\u00e7\u00f5es at\u00e9:<\/strong> 12\/12\/2025<br data-start=\"977\" data-end=\"980\" \/>\ud83d\udd17 <strong data-start=\"983\" data-end=\"994\">Acesse:<\/strong> P\u00e1gina de <em data-start=\"1005\" data-end=\"1025\">Editais de Est\u00e1gio<\/em> no site do <a href=\"https:\/\/www.ifg.edu.br\/index.php\/component\/content\/article?id=1151\" target=\"_blank\" rel=\"noopener\">IFG \u2013 C\u00e2mpus Goi\u00e2nia<\/a><\/p>\n\n\n\n\n\n","protected":false},"excerpt":{"rendered":"<p>Hor\u00e1rios de Atendimento \u2013 COSIE-E O atendimento da\u00a0COSIE-E\u00a0\u00e9 realizado de\u00a0segunda a sexta-feira, das 7h \u00e0s 19h. Para maior agilidade, o contato deve ser feito prioritariamente pelos seguintes canais: \u00a0E-mail:\u00a0interacao.goiania@ifg.edu.br\u00a0Telefones:\u00a0(62) 3227-2720 \/ 3227-2721 WhatsApp Business \u2013\u00a0\u00a0Entrar no grupo &#8212;&#8212;&#8212;&#8212;&#8212;&#8212;&#8212;&#8212;&#8212;&#8212;&#8212;&#8212;&#8212;&#8212;&#8212;&#8212;&#8212;&#8212;&#8212;&#8212;&#8212;&#8212;&#8212;&#8212;&#8212;&#8212;&#8212;&#8212;&#8212;&#8212;&#8212;&#8212;&#8212;&#8212;&#8212;&#8212;&#8212;&#8212;- Para conferir os editais vigentes para est\u00e1gio a ser realizado no C\u00e2mpus Goi\u00e2nia do IFG, clique no [&hellip;]<\/p>\n","protected":false},"author":29,"featured_media":0,"parent":0,"menu_order":2,"comment_status":"closed","ping_status":"closed","template":"","meta":{"_links_to":"","_links_to_type":0,"footnotes":""},"class_list":["post-24","page","type-page","status-publish","hentry"],"_links":{"self":[{"href":"https:\/\/extensao.ifg.edu.br\/estagioifggoiania\/wp-json\/wp\/v2\/pages\/24"}],"collection":[{"href":"https:\/\/extensao.ifg.edu.br\/estagioifggoiania\/wp-json\/wp\/v2\/pages"}],"about":[{"href":"https:\/\/extensao.ifg.edu.br\/estagioifggoiania\/wp-json\/wp\/v2\/types\/page"}],"author":[{"embeddable":true,"href":"https:\/\/extensao.ifg.edu.br\/estagioifggoiania\/wp-json\/wp\/v2\/users\/29"}],"replies":[{"embeddable":true,"href":"https:\/\/extensao.ifg.edu.br\/estagioifggoiania\/wp-json\/wp\/v2\/comments?post=24"}],"version-history":[{"count":49,"href":"https:\/\/extensao.ifg.edu.br\/estagioifggoiania\/wp-json\/wp\/v2\/pages\/24\/revisions"}],"predecessor-version":[{"id":5054,"href":"https:\/\/extensao.ifg.edu.br\/estagioifggoiania\/wp-json\/wp\/v2\/pages\/24\/revisions\/5054"}],"wp:attachment":[{"href":"https:\/\/extensao.ifg.edu.br\/estagioifggoiania\/wp-json\/wp\/v2\/media?parent=24"}],"curies":[{"name":"wp","href":"https:\/\/api.w.org\/{rel}","templated":true}]}}