{"id":107,"date":"2018-06-07T12:51:04","date_gmt":"2018-06-07T15:51:04","guid":{"rendered":"http:\/\/extensao.ifg.edu.br\/estagioifggoiania\/?page_id=107"},"modified":"2026-04-13T12:59:54","modified_gmt":"2026-04-13T15:59:54","slug":"contato","status":"publish","type":"page","link":"https:\/\/extensao.ifg.edu.br\/estagioifggoiania\/contato\/","title":{"rendered":"CONTATO"},"content":{"rendered":"<p align=\"left\"><span style=\"color: #1416e3\"><strong><span style=\"font-family: Georgia, 'Bitstream Charter', serif\"><span style=\"font-size: medium\"><b>Coordena\u00e7\u00e3o de Intera\u00e7\u00e3o Escola-Empresa (Cosiee) do C\u00e2mpus Goi\u00e2nia do IFG<\/b><\/span><\/span><\/strong><b> <\/b><\/span><\/p>\n<p><strong>Equipe<\/strong><\/p>\n<p>Andreia Rezende de Oliveira (Coordenadora)<br \/>\nCidely Garcia Cardoso Lima<br \/>\nK\u00eania Silvia Oliveira<br \/>\nTatiane de S\u00e1 do Monte Lima<\/p>\n<p><strong>Telefones<\/strong>: atendimento (62) 3227-2720 | coordena\u00e7\u00e3o (62) 3227-2721<\/p>\n<p><strong>E-mail<\/strong>: interacao.goiania@ifg.edu.br<\/p>\n<p><strong>C\u00e2mpus Goi\u00e2nia do Instituto Federal de Goi\u00e1s (IFG)\u00a0<\/strong><\/p>\n<p><strong>Endere\u00e7o<\/strong>:\u00a0Rua 75, n\u00ba 46, Centro. CEP: 74055-110. Goi\u00e2nia, Goi\u00e1s.<\/p>\n<p>Site do C\u00e2mpus Goi\u00e2nia do IFG:<strong>\u00a0<a href=\"http:\/\/ifg.edu.br\/goiania\" target=\"_blank\" rel=\"noopener\">ifg.edu.br\/goiania<\/a><\/strong><\/p>\n<h4 style=\"text-align: center\" data-start=\"126\" data-end=\"164\"><strong>Hor\u00e1rios de Atendimento \u2013 COSIE-E<\/strong><\/h4>\n<p><img decoding=\"async\" class=\"an1\" src=\"https:\/\/fonts.gstatic.com\/s\/e\/notoemoji\/17.0\/1f4bb\/32.png\" alt=\"\ud83d\udcbb\" data-emoji=\"\ud83d\udcbb\" aria-label=\"\ud83d\udcbb\" \/>\u00a0<strong>Atendimento da COSIE-E \u2013 Preferencialmente Online<\/strong><\/p>\n<p><img decoding=\"async\" class=\"an1\" src=\"https:\/\/fonts.gstatic.com\/s\/e\/notoemoji\/17.0\/1f4c5\/32.png\" alt=\"\ud83d\udcc5\" data-emoji=\"\ud83d\udcc5\" aria-label=\"\ud83d\udcc5\" \/>\u00a0De segunda a sexta-feira<br \/>\n<img decoding=\"async\" class=\"an1\" src=\"https:\/\/fonts.gstatic.com\/s\/e\/notoemoji\/17.0\/23f0\/32.png\" alt=\"\u23f0\" data-emoji=\"\u23f0\" aria-label=\"\u23f0\" \/>\u00a0Das 7h \u00e0s 19h<\/p>\n<p><img decoding=\"async\" class=\"an1\" src=\"https:\/\/fonts.gstatic.com\/s\/e\/notoemoji\/17.0\/1f4e7\/32.png\" alt=\"\ud83d\udce7\" data-emoji=\"\ud83d\udce7\" aria-label=\"\ud83d\udce7\" \/>\u00a0<strong>E-mail:<\/strong><a href=\"mailto:interacao.goiania@ifg.edu.br\" target=\"_blank\" rel=\"noopener\"><b>\u00a0interacao.goiania@ifg.edu.br<\/b><\/a><\/p>\n<p><img decoding=\"async\" class=\"an1\" src=\"https:\/\/fonts.gstatic.com\/s\/e\/notoemoji\/17.0\/1f4f1\/32.png\" alt=\"\ud83d\udcf1\" data-emoji=\"\ud83d\udcf1\" aria-label=\"\ud83d\udcf1\" \/>\u00a0<strong>WhatsApp Business:<\/strong>\u00a0(62) 3227-2721<\/p>\n<p dir=\"ltr\">\n<p><img decoding=\"async\" class=\"an1\" src=\"https:\/\/fonts.gstatic.com\/s\/e\/notoemoji\/17.0\/23f3\/32.png\" alt=\"\u23f3\" data-emoji=\"\u23f3\" aria-label=\"\u23f3\" \/>\u00a0As mensagens recebidas ser\u00e3o respondidas em at\u00e9\u00a0<strong>48 horas<\/strong>, dentro do nosso hor\u00e1rio de funcionamento.<\/p>\n<p><b>Atendimento presencial na COSIE-E:<\/b><\/p>\n<ul>\n<li>De segunda, ter\u00e7a e quinta-feira, das 07h \u00e0s 18:30h<\/li>\n<li>Quarta-feira, das 07h \u00e0s 17h<\/li>\n<li>Sexta-feira, das 07h \u00e0s 13h<\/li>\n<\/ul>\n","protected":false},"excerpt":{"rendered":"<p>Coordena\u00e7\u00e3o de Intera\u00e7\u00e3o Escola-Empresa (Cosiee) do C\u00e2mpus Goi\u00e2nia do IFG Equipe Andreia Rezende de Oliveira (Coordenadora) Cidely Garcia Cardoso Lima K\u00eania Silvia Oliveira Tatiane de S\u00e1 do Monte Lima Telefones: atendimento (62) 3227-2720 | coordena\u00e7\u00e3o (62) 3227-2721 E-mail: interacao.goiania@ifg.edu.br C\u00e2mpus Goi\u00e2nia do Instituto Federal de Goi\u00e1s (IFG)\u00a0 Endere\u00e7o:\u00a0Rua 75, n\u00ba 46, Centro. CEP: 74055-110. Goi\u00e2nia, [&hellip;]<\/p>\n","protected":false},"author":29,"featured_media":0,"parent":0,"menu_order":8,"comment_status":"closed","ping_status":"closed","template":"","meta":{"_links_to":"","_links_to_type":0,"footnotes":""},"class_list":["post-107","page","type-page","status-publish","hentry"],"_links":{"self":[{"href":"https:\/\/extensao.ifg.edu.br\/estagioifggoiania\/wp-json\/wp\/v2\/pages\/107"}],"collection":[{"href":"https:\/\/extensao.ifg.edu.br\/estagioifggoiania\/wp-json\/wp\/v2\/pages"}],"about":[{"href":"https:\/\/extensao.ifg.edu.br\/estagioifggoiania\/wp-json\/wp\/v2\/types\/page"}],"author":[{"embeddable":true,"href":"https:\/\/extensao.ifg.edu.br\/estagioifggoiania\/wp-json\/wp\/v2\/users\/29"}],"replies":[{"embeddable":true,"href":"https:\/\/extensao.ifg.edu.br\/estagioifggoiania\/wp-json\/wp\/v2\/comments?post=107"}],"version-history":[{"count":35,"href":"https:\/\/extensao.ifg.edu.br\/estagioifggoiania\/wp-json\/wp\/v2\/pages\/107\/revisions"}],"predecessor-version":[{"id":5063,"href":"https:\/\/extensao.ifg.edu.br\/estagioifggoiania\/wp-json\/wp\/v2\/pages\/107\/revisions\/5063"}],"wp:attachment":[{"href":"https:\/\/extensao.ifg.edu.br\/estagioifggoiania\/wp-json\/wp\/v2\/media?parent=107"}],"curies":[{"name":"wp","href":"https:\/\/api.w.org\/{rel}","templated":true}]}}