{"id":872,"date":"2025-04-30T18:34:25","date_gmt":"2025-04-30T21:34:25","guid":{"rendered":"https:\/\/extensao.ifg.edu.br\/estagio-ifg-inhumas\/?page_id=872"},"modified":"2025-11-12T16:34:42","modified_gmt":"2025-11-12T19:34:42","slug":"editais","status":"publish","type":"page","link":"https:\/\/extensao.ifg.edu.br\/estagio-ifg-inhumas\/editais\/","title":{"rendered":"Editais"},"content":{"rendered":"\n<p><strong>Edital 02\/2025<\/strong><\/p>\n<p><img loading=\"lazy\" decoding=\"async\" class=\"alignnone size-medium wp-image-928\" src=\"http:\/\/extensao.ifg.edu.br\/estagio-ifg-inhumas\/wp-content\/uploads\/sites\/35\/2025\/10\/estagio_edital2025-300x300.jpg\" alt=\"\" width=\"300\" height=\"300\" srcset=\"https:\/\/extensao.ifg.edu.br\/estagio-ifg-inhumas\/wp-content\/uploads\/sites\/35\/2025\/10\/estagio_edital2025-300x300.jpg 300w, https:\/\/extensao.ifg.edu.br\/estagio-ifg-inhumas\/wp-content\/uploads\/sites\/35\/2025\/10\/estagio_edital2025-1024x1024.jpg 1024w, https:\/\/extensao.ifg.edu.br\/estagio-ifg-inhumas\/wp-content\/uploads\/sites\/35\/2025\/10\/estagio_edital2025-150x150.jpg 150w, https:\/\/extensao.ifg.edu.br\/estagio-ifg-inhumas\/wp-content\/uploads\/sites\/35\/2025\/10\/estagio_edital2025-768x768.jpg 768w, https:\/\/extensao.ifg.edu.br\/estagio-ifg-inhumas\/wp-content\/uploads\/sites\/35\/2025\/10\/estagio_edital2025-500x500.jpg 500w, https:\/\/extensao.ifg.edu.br\/estagio-ifg-inhumas\/wp-content\/uploads\/sites\/35\/2025\/10\/estagio_edital2025-400x400.jpg 400w, https:\/\/extensao.ifg.edu.br\/estagio-ifg-inhumas\/wp-content\/uploads\/sites\/35\/2025\/10\/estagio_edital2025-50x50.jpg 50w, https:\/\/extensao.ifg.edu.br\/estagio-ifg-inhumas\/wp-content\/uploads\/sites\/35\/2025\/10\/estagio_edital2025-80x80.jpg 80w, https:\/\/extensao.ifg.edu.br\/estagio-ifg-inhumas\/wp-content\/uploads\/sites\/35\/2025\/10\/estagio_edital2025.jpg 1080w\" sizes=\"(max-width: 300px) 100vw, 300px\" \/><\/p>\n<p><strong><a href=\"https:\/\/www.ifg.edu.br\/attachments\/article\/1349\/Resultado%20Final%20estagiarios%20-%20edital%2020_2025%20Inhumas.pdf\" rel=\"alternate\">RESULTADO\u00a0FINAL<\/a><\/strong><\/p>\n<p><a href=\"https:\/\/www.ifg.edu.br\/attachments\/article\/1349\/EDITAL%20N%C2%BA%2020_2025%20GEPEX_C%C3%82MPUS_INHUMAS-IFG%20Selecao%20Estagiarios%20Go%20Makers-%20RETIFICACAO%2001.pdf\" rel=\"alternate\">Edital n\u00b0 20\/2025 &#8211; (Cronograma Alterado &#8211; Retifica\u00e7\u00e3o N\u00ba 01 de 10 de novembro de 2025)<\/a><\/p>\n<p>ATEN\u00c7\u00c3O:\u00a0<a href=\"https:\/\/www.ifg.edu.br\/attachments\/article\/1349\/NOVO%20hor%C3%A1rio%20da%20banca%20de%20heteroidentifica%C3%A7%C3%A3o.%20Ed_20_2025.pdf\" rel=\"alternate\">REDEFINI\u00c7\u00c3O DE DATA E HOR\u00c1RIO PARA A BANCA DE HETEROIDENTIFICA\u00c7\u00c3O<\/a>:<strong>\u00a0<\/strong><\/p>\n<p><strong>Data:\u00a011\/11\/2025; Local:\u00a0SALA S-507; Hor\u00e1rio\u00a015h30<\/strong><\/p>\n<p><a href=\"https:\/\/www.ifg.edu.br\/attachments\/article\/1349\/Horario_banca_Heteroidentificacao_ed.20_2025_estagio_inhumas.pdf\" rel=\"alternate\">DIVULGA\u00c7\u00c3O DO HOR\u00c1RIO DA BANCA DE HETEROIDENTIFICA\u00c7\u00c3O<\/a><\/p>\n<p><strong><a href=\"https:\/\/www.ifg.edu.br\/attachments\/article\/1349\/Resultado%20parcial%20estagiarios%20-%20edital%2020_2025%20Inhumas.pdf\" rel=\"alternate\">Resultado\u00a0PARCIAL<\/a><\/strong><\/p>\n<p><a href=\"http:\/\/extensao.ifg.edu.br\/estagio-ifg-inhumas\/wp-content\/uploads\/sites\/35\/2025\/10\/edital-Laboratorio-IF-Maker.pdf\">Edital n\u00b0 02\/2025 &#8211; Acesse aqui<\/a><\/p>\n<p><a href=\"http:\/\/extensao.ifg.edu.br\/estagio-ifg-inhumas\/wp-content\/uploads\/sites\/35\/2025\/10\/Anexo-II-Declaracao-Disponibilidade-edital_20_2025_Gepex_Inh.docx\">ANEXO II &#8211; Declara\u00e7\u00e3o de Disponibilidade<\/a><\/p>\n<p><a href=\"https:\/\/www.ifg.edu.br\/attachments\/article\/1349\/Anexo%20III%20-%20edital_20_2025_Gepex_Inh.docx\" rel=\"alternate\">ANEXO III\u00a0&#8211; Ficha de Inscri\u00e7\u00e3o<\/a><\/p>\n<p><a href=\"http:\/\/extensao.ifg.edu.br\/estagio-ifg-inhumas\/wp-content\/uploads\/sites\/35\/2025\/10\/Anexo-IV-edital_20_2025_Gepex_Inh.docx\">ANEXO IV &#8211; Formul\u00e1rio de Recurso<\/a><\/p>\n<p><a href=\"http:\/\/extensao.ifg.edu.br\/estagio-ifg-inhumas\/wp-content\/uploads\/sites\/35\/2025\/10\/Anexo-V-edital_20_2025_Gepex_Inh.docx\">ANEXO V &#8211; Autodeclara\u00e7\u00e3o de Preto ou Pardo<\/a><\/p>\n<p><a href=\"http:\/\/extensao.ifg.edu.br\/estagio-ifg-inhumas\/wp-content\/uploads\/sites\/35\/2025\/10\/Anexo-VI-edital_20_2025_Gepex_Inh.docx\">ANEXO VI &#8211; Declara\u00e7\u00e3o para Est\u00e1gio Curricular<\/a><\/p>\n\n\n\n<p>\u00a0<\/p>\n<p><strong>Edital 01\/2025<\/strong><\/p>\n<p><img loading=\"lazy\" decoding=\"async\" class=\"alignnone size-medium wp-image-880\" src=\"http:\/\/extensao.ifg.edu.br\/estagio-ifg-inhumas\/wp-content\/uploads\/sites\/35\/2025\/04\/Edital-publicado-300x300.jpg\" alt=\"\" width=\"300\" height=\"300\" srcset=\"https:\/\/extensao.ifg.edu.br\/estagio-ifg-inhumas\/wp-content\/uploads\/sites\/35\/2025\/04\/Edital-publicado-300x300.jpg 300w, https:\/\/extensao.ifg.edu.br\/estagio-ifg-inhumas\/wp-content\/uploads\/sites\/35\/2025\/04\/Edital-publicado-1024x1024.jpg 1024w, https:\/\/extensao.ifg.edu.br\/estagio-ifg-inhumas\/wp-content\/uploads\/sites\/35\/2025\/04\/Edital-publicado-150x150.jpg 150w, https:\/\/extensao.ifg.edu.br\/estagio-ifg-inhumas\/wp-content\/uploads\/sites\/35\/2025\/04\/Edital-publicado-768x768.jpg 768w, https:\/\/extensao.ifg.edu.br\/estagio-ifg-inhumas\/wp-content\/uploads\/sites\/35\/2025\/04\/Edital-publicado-500x500.jpg 500w, https:\/\/extensao.ifg.edu.br\/estagio-ifg-inhumas\/wp-content\/uploads\/sites\/35\/2025\/04\/Edital-publicado-400x400.jpg 400w, https:\/\/extensao.ifg.edu.br\/estagio-ifg-inhumas\/wp-content\/uploads\/sites\/35\/2025\/04\/Edital-publicado-50x50.jpg 50w, https:\/\/extensao.ifg.edu.br\/estagio-ifg-inhumas\/wp-content\/uploads\/sites\/35\/2025\/04\/Edital-publicado-80x80.jpg 80w, https:\/\/extensao.ifg.edu.br\/estagio-ifg-inhumas\/wp-content\/uploads\/sites\/35\/2025\/04\/Edital-publicado.jpg 1080w\" sizes=\"(max-width: 300px) 100vw, 300px\" \/><\/p>\n<p><a href=\"http:\/\/extensao.ifg.edu.br\/estagio-ifg-inhumas\/wp-content\/uploads\/sites\/35\/2025\/04\/edital-de-estagio-01-2025.pdf\" rel=\"alternate\">Edital n\u00b0 01\/2025 &#8211; Acesse aqui<\/a><\/p>\n<p><a href=\"http:\/\/extensao.ifg.edu.br\/estagio-ifg-inhumas\/wp-content\/uploads\/sites\/35\/2025\/04\/Anexo-II-edital_01_2025_Gepex_Inh-1.docx\" rel=\"alternate\">ANEXO II\u00a0&#8211; Declara\u00e7\u00e3o de Disponibilidade<\/a><\/p>\n<p><a href=\"http:\/\/extensao.ifg.edu.br\/estagio-ifg-inhumas\/wp-content\/uploads\/sites\/35\/2025\/04\/Anexo-III-edital_01_2025_Gepex_Inh-1-2.docx\" rel=\"alternate\">ANEXO III\u00a0&#8211; Ficha de Inscri\u00e7\u00e3o<\/a><\/p>\n<p><a href=\"http:\/\/extensao.ifg.edu.br\/estagio-ifg-inhumas\/wp-content\/uploads\/sites\/35\/2025\/04\/Anexo-IV-edital_01_2025_Gepex_Inh-1.docx\" rel=\"alternate\">ANEXO IV &#8211; Formul\u00e1rio de Recurso<\/a><\/p>\n<p><a href=\"http:\/\/extensao.ifg.edu.br\/estagio-ifg-inhumas\/wp-content\/uploads\/sites\/35\/2025\/04\/Anexo-V-edital_01_2025_Gepex_Inh-1.docx\" rel=\"alternate\">ANEXO V &#8211; Autodeclara\u00e7\u00e3o de Preto ou Pardo<\/a><\/p>\n<p><a href=\"http:\/\/extensao.ifg.edu.br\/estagio-ifg-inhumas\/wp-content\/uploads\/sites\/35\/2025\/04\/Anexo-VI-edital_01_2025_Gepex_Inh-1.docx\" rel=\"alternate\">ANEXO VI &#8211; Declara\u00e7\u00e3o para Est\u00e1gio\u00a0<\/a><\/p>\n\n\n\n<p><a href=\"http:\/\/extensao.ifg.edu.br\/estagio-ifg-inhumas\/wp-content\/uploads\/sites\/35\/2025\/05\/Resultado-parcial-edital-01-2025.pdf\">Resultado Parcial<\/a>&nbsp;<\/p>\n\n\n\n<ul class=\"wp-block-list\">\n<li><\/li>\n<\/ul>\n\n\n\n<h5>Banca de Heteroidentifica\u00e7\u00e3o:&nbsp;<\/h5>\n<p><strong>Data:<\/strong> 12 de maio de 2025<\/p>\n<p><strong>Hor\u00e1rio:<\/strong> 09:00 horas<\/p>\n<p><strong>Local:<\/strong> Sala S-507<\/p>\n\n\n\n<p><a href=\"http:\/\/extensao.ifg.edu.br\/estagio-ifg-inhumas\/wp-content\/uploads\/sites\/35\/2025\/05\/resultado-final-edital-de-estagio-01-2025.pdf\">Resultado Final<\/a><\/p>\n\n\n\n\n","protected":false},"excerpt":{"rendered":"<p>Edital 02\/2025 RESULTADO\u00a0FINAL Edital n\u00b0 20\/2025 &#8211; (Cronograma Alterado &#8211; Retifica\u00e7\u00e3o N\u00ba 01 de 10 de novembro de 2025) ATEN\u00c7\u00c3O:\u00a0REDEFINI\u00c7\u00c3O DE DATA E HOR\u00c1RIO PARA A BANCA DE HETEROIDENTIFICA\u00c7\u00c3O:\u00a0 Data:\u00a011\/11\/2025; Local:\u00a0SALA S-507; Hor\u00e1rio\u00a015h30 DIVULGA\u00c7\u00c3O DO HOR\u00c1RIO DA BANCA DE HETEROIDENTIFICA\u00c7\u00c3O Resultado\u00a0PARCIAL Edital n\u00b0 02\/2025 &#8211; Acesse aqui ANEXO II &#8211; Declara\u00e7\u00e3o de Disponibilidade ANEXO III\u00a0&#8211; [&hellip;]<\/p>\n","protected":false},"author":118,"featured_media":0,"parent":0,"menu_order":6,"comment_status":"closed","ping_status":"closed","template":"","meta":{"_links_to":"","_links_to_type":0,"footnotes":""},"class_list":["post-872","page","type-page","status-publish","hentry"],"_links":{"self":[{"href":"https:\/\/extensao.ifg.edu.br\/estagio-ifg-inhumas\/wp-json\/wp\/v2\/pages\/872"}],"collection":[{"href":"https:\/\/extensao.ifg.edu.br\/estagio-ifg-inhumas\/wp-json\/wp\/v2\/pages"}],"about":[{"href":"https:\/\/extensao.ifg.edu.br\/estagio-ifg-inhumas\/wp-json\/wp\/v2\/types\/page"}],"author":[{"embeddable":true,"href":"https:\/\/extensao.ifg.edu.br\/estagio-ifg-inhumas\/wp-json\/wp\/v2\/users\/118"}],"replies":[{"embeddable":true,"href":"https:\/\/extensao.ifg.edu.br\/estagio-ifg-inhumas\/wp-json\/wp\/v2\/comments?post=872"}],"version-history":[{"count":21,"href":"https:\/\/extensao.ifg.edu.br\/estagio-ifg-inhumas\/wp-json\/wp\/v2\/pages\/872\/revisions"}],"predecessor-version":[{"id":947,"href":"https:\/\/extensao.ifg.edu.br\/estagio-ifg-inhumas\/wp-json\/wp\/v2\/pages\/872\/revisions\/947"}],"wp:attachment":[{"href":"https:\/\/extensao.ifg.edu.br\/estagio-ifg-inhumas\/wp-json\/wp\/v2\/media?parent=872"}],"curies":[{"name":"wp","href":"https:\/\/api.w.org\/{rel}","templated":true}]}}