{"id":303,"date":"2025-02-10T08:31:49","date_gmt":"2025-02-10T11:31:49","guid":{"rendered":"https:\/\/extensao.ifg.edu.br\/estagio-ifg-inhumas\/?page_id=303"},"modified":"2025-10-02T16:36:44","modified_gmt":"2025-10-02T19:36:44","slug":"empresas-parceiras","status":"publish","type":"page","link":"https:\/\/extensao.ifg.edu.br\/estagio-ifg-inhumas\/empresas-parceiras\/","title":{"rendered":"Empresas Parceiras"},"content":{"rendered":"\n<p>Empresas vinculadas ao IFG na oferta de campos de est\u00e1gio.<\/p>\n\n\n\n<p>Voc\u00ea pode encontrar um local (campo) de est\u00e1gio em uma das seguintes empresas e seus respectivos eixos.<\/p>\n\n\n\n<p class=\"has-background\" style=\"background-color:#bee6ff\">Se voc\u00ea representa uma empresa que ainda n\u00e3o \u00e9 parceira do IFG &#8211; C\u00e2mpus Inhumas, <a href=\"https:\/\/extensao.ifg.edu.br\/estagio-ifg-inhumas\/contato\/\" data-type=\"page\" data-id=\"559\"><strong>entre em contato conosco<\/strong><\/a> para realizar o cadastro da empresa como concedente de est\u00e1gio.<\/p>\n\n\n\n<div class=\"wp-block-group\"><div class=\"wp-block-group__inner-container is-layout-constrained wp-block-group-is-layout-constrained\">\n<div class=\"wp-block-columns is-layout-flex wp-container-core-columns-is-layout-2 wp-block-columns-is-layout-flex\">\n<div class=\"wp-block-column is-layout-flow wp-block-column-is-layout-flow\" style=\"flex-basis:90%\">\n<h5 class=\"wp-block-heading\"><strong>Eixos<\/strong><\/h5>\n\n\n\n<div class=\"wp-block-columns are-vertically-aligned-center is-not-stacked-on-mobile has-background is-layout-flex wp-container-core-columns-is-layout-1 wp-block-columns-is-layout-flex\" style=\"background-color:#f5f5f5\">\n<div class=\"wp-block-column is-vertically-aligned-center is-layout-flow wp-block-column-is-layout-flow\" style=\"flex-basis:100%\">\n<p><mark style=\"background-color:#007bff\" class=\"has-inline-color has-white-color\">Inform\u00e1tica<\/mark><\/p>\n\n\n\n<p>T\u00e9cnico Integrado em Inform\u00e1tica para Internet<\/p>\n\n\n\n<p>Bacharelado em Engenharia de Software<\/p>\n\n\n\n<div style=\"height:19px\" aria-hidden=\"true\" class=\"wp-block-spacer\"><\/div>\n\n\n\n<p><mark style=\"background-color:#28a745\" class=\"has-inline-color has-white-color\">Agro e Alimentos<\/mark><\/p>\n\n\n\n<p>T\u00e9cnico Integrado em Agroind\u00fastria<\/p>\n\n\n\n<p>Bacharelado em Ci\u00eancia e Tecnologia de Alimentos<\/p>\n\n\n\n<div style=\"height:19px\" aria-hidden=\"true\" class=\"wp-block-spacer\"><\/div>\n\n\n\n<p><mark style=\"background-color:#ff6900\" class=\"has-inline-color has-white-color\">Tec. Qu\u00edmica<\/mark><\/p>\n\n\n\n<p>T\u00e9cnico Integrado em Qu\u00edmica<\/p>\n\n\n\n<div style=\"height:19px\" aria-hidden=\"true\" class=\"wp-block-spacer\"><\/div>\n\n\n\n<p><mark style=\"background-color:#9b51e0\" class=\"has-inline-color has-white-color\">Lic. Qu\u00edmica<\/mark><\/p>\n\n\n\n<p>Licenciatura em Qu\u00edmica<\/p>\n<\/div>\n<\/div>\n\n\n\n<div style=\"height:46px\" aria-hidden=\"true\" class=\"wp-block-spacer\"><\/div>\n<\/div>\n<\/div>\n<\/div><\/div>\n\n\n\n<figure class=\"wp-block-table is-style-stripes\"><table class=\"has-fixed-layout\"><thead><tr><th class=\"has-text-align-left\" data-align=\"left\">Empresa<\/th><th class=\"has-text-align-left\" data-align=\"left\">Eixo<\/th><\/tr><\/thead><tbody><tr><td class=\"has-text-align-left\" data-align=\"left\"><a href=\"https:\/\/www.instagram.com\/gostinho_de_infancia\/\">Adriane Fernandes &#8211; Gostinho de Inf\u00e2ncia Suspiro<\/a><\/td><td class=\"has-text-align-left\" data-align=\"left\"><mark style=\"background-color:#28a745\" class=\"has-inline-color has-white-color\">Agro e Alimentos<\/mark><\/td><\/tr><tr><td class=\"has-text-align-left\" data-align=\"left\"><a href=\"https:\/\/www.aliancadaterra.org\/\">Alian\u00e7a da Terra<\/a><\/td><td class=\"has-text-align-left\" data-align=\"left\"><mark style=\"background-color:#28a745\" class=\"has-inline-color has-white-color\">Agro e Alimentos<\/mark><\/td><\/tr><tr><td class=\"has-text-align-left\" data-align=\"left\"><a href=\"https:\/\/ameixagoiana.com.br\/\">Ameixa Goiana<\/a><\/td><td class=\"has-text-align-left\" data-align=\"left\"><mark style=\"background-color:#28a745\" class=\"has-inline-color has-white-color\">Agro e Alimentos<\/mark><\/td><\/tr><tr><td class=\"has-text-align-left\" data-align=\"left\"><a href=\"https:\/\/www.instagram.com\/artefarmaceuticaoficial\/\">Arte Farmac\u00eautica<\/a><\/td><td class=\"has-text-align-left\" data-align=\"left\"><mark style=\"background-color:#ff6900\" class=\"has-inline-color has-white-color\">Tec. Qu\u00edmica<\/mark><\/td><\/tr><tr><td class=\"has-text-align-left\" data-align=\"left\"><a href=\"https:\/\/www.instagram.com\/beauvalletbrasil\/\">Beauvallet Frigor\u00edfico<\/a><\/td><td class=\"has-text-align-left\" data-align=\"left\"><mark style=\"background-color:#28a745\" class=\"has-inline-color has-white-color\">Agro e Alimentos<\/mark><\/td><\/tr><tr><td class=\"has-text-align-left\" data-align=\"left\"><a href=\"https:\/\/www.instagram.com\/benditoalfajordoceria\/\">Bendito Alfajor<\/a><\/td><td class=\"has-text-align-left\" data-align=\"left\"><mark style=\"background-color:#28a745\" class=\"has-inline-color has-white-color\">Agro e Alimentos<\/mark><\/td><\/tr><tr><td class=\"has-text-align-left\" data-align=\"left\"><a href=\"https:\/\/www.instagram.com\/bomsucessoalimentos\/\">Biscoitos Bom Sucesso<\/a><\/td><td class=\"has-text-align-left\" data-align=\"left\"><mark style=\"background-color:#28a745\" class=\"has-inline-color has-white-color\">Agro e Alimentos<\/mark><\/td><\/tr><tr><td class=\"has-text-align-left\" data-align=\"left\"><a href=\"https:\/\/www.instagram.com\/grupocanassa_\/\">Canassa<\/a><\/td><td class=\"has-text-align-left\" data-align=\"left\"><mark style=\"background-color:#007bff\" class=\"has-inline-color has-white-color\">Inform\u00e1tica<\/mark> e <br><mark style=\"background-color:#28a745\" class=\"has-inline-color has-white-color\">Agro e Alimentos<\/mark><\/td><\/tr><tr><td class=\"has-text-align-left\" data-align=\"left\"><a href=\"https:\/\/www.instagram.com\/casa_de_frios_uniao\/?locale=en\">Casa de Frios Uni\u00e3o<\/a><\/td><td class=\"has-text-align-left\" data-align=\"left\"><mark style=\"background-color:#28a745\" class=\"has-inline-color has-white-color\">Agro e Alimentos<\/mark><\/td><\/tr><tr><td class=\"has-text-align-left\" data-align=\"left\"><a href=\"https:\/\/www.celcoin.com.br\/\">Celcoin Pagamentos<\/a><\/td><td class=\"has-text-align-left\" data-align=\"left\"><mark style=\"background-color:#007bff\" class=\"has-inline-color has-white-color\">Inform\u00e1tica<\/mark><\/td><\/tr><tr><td class=\"has-text-align-left\" data-align=\"left\"><a href=\"https:\/\/www.novacana.com\/usinas\/centroalcoo\">Centro\u00e1lcool<\/a><\/td><td class=\"has-text-align-left\" data-align=\"left\"><mark style=\"background-color:#28a745\" class=\"has-inline-color has-white-color\">Agro e Alimentos<\/mark><\/td><\/tr><tr><td class=\"has-text-align-left\" data-align=\"left\">CM de Oliveira Eirelli<\/td><td class=\"has-text-align-left\" data-align=\"left\"><mark style=\"background-color:#28a745\" class=\"has-inline-color has-white-color\">Agro e Alimentos<\/mark><\/td><\/tr><tr><td class=\"has-text-align-left\" data-align=\"left\"><a href=\"http:\/\/produtosnero.com.br\">Comercial Alimentos Nero<\/a><\/td><td class=\"has-text-align-left\" data-align=\"left\"><mark style=\"background-color:#28a745\" class=\"has-inline-color has-white-color\">Agro e Alimentos<\/mark><\/td><\/tr><tr><td class=\"has-text-align-left\" data-align=\"left\"><a href=\"https:\/\/www.instagram.com\/coopvitoriaitaberai\/\">Cooperativa Vit\u00f3ria<\/a><\/td><td class=\"has-text-align-left\" data-align=\"left\"><mark style=\"background-color:#28a745\" class=\"has-inline-color has-white-color\">Agro e Alimentos<\/mark><\/td><\/tr><tr><td class=\"has-text-align-left\" data-align=\"left\"><a href=\"https:\/\/www.cpqd.com.br\/\">CPQD<\/a><\/td><td class=\"has-text-align-left\" data-align=\"left\"><mark style=\"background-color:#007bff\" class=\"has-inline-color has-white-color\">Inform\u00e1tica<\/mark><\/td><\/tr><tr><td class=\"has-text-align-left\" data-align=\"left\"><a href=\"https:\/\/maps.app.goo.gl\/3RHPs6nes7qnD1sy9\">D &amp; R Industria de Produtos de Limpeza LTDA<\/a><\/td><td class=\"has-text-align-left\" data-align=\"left\"><mark style=\"background-color:#ff6900\" class=\"has-inline-color has-white-color\">Tec. Qu\u00edmica<\/mark><\/td><\/tr><tr><td class=\"has-text-align-left\" data-align=\"left\"><a href=\"https:\/\/www.instagram.com\/deliceateliedesabores\/?hl=pt\">Delice Atelie de Sabores<\/a><\/td><td class=\"has-text-align-left\" data-align=\"left\"><mark style=\"background-color:#28a745\" class=\"has-inline-color has-white-color\">Agro e Alimentos<\/mark><\/td><\/tr><tr><td class=\"has-text-align-left\" data-align=\"left\"><a href=\"https:\/\/www.instagram.com\/enamoreuniformes\/\">Enamore Uniformes<\/a><\/td><td class=\"has-text-align-left\" data-align=\"left\"><mark style=\"background-color:#007bff\" class=\"has-inline-color has-white-color\">Inform\u00e1tica<\/mark><\/td><\/tr><tr><td class=\"has-text-align-left\" data-align=\"left\"><a href=\"https:\/\/www.instagram.com\/essencialpharma\/\">Essencial Pharma<\/a><\/td><td class=\"has-text-align-left\" data-align=\"left\"><mark style=\"background-color:#ff6900\" class=\"has-inline-color has-white-color\">Tec. Qu\u00edmica<\/mark><\/td><\/tr><tr><td class=\"has-text-align-left\" data-align=\"left\"><a href=\"https:\/\/faculdadesensu.edu.br\/\">Faculdade Sensu<\/a><\/td><td class=\"has-text-align-left\" data-align=\"left\"><mark style=\"background-color:#9b51e0\" class=\"has-inline-color has-white-color\">Lic. Qu\u00edmica<\/mark><\/td><\/tr><tr><td class=\"has-text-align-left\" data-align=\"left\"><a href=\"https:\/\/www.instagram.com\/artesanal.inhumas\/\">Farm\u00e1cia Artesanal<\/a><\/td><td class=\"has-text-align-left\" data-align=\"left\"><mark style=\"background-color:#ff6900\" class=\"has-inline-color has-white-color\">Tec. Qu\u00edmica<\/mark><\/td><\/tr><tr><td class=\"has-text-align-left\" data-align=\"left\"><a href=\"https:\/\/frutosdegoias.com.br\/\">Frutos de Goi\u00e1s Ind\u00fastria e Com\u00e9rcio de Sorvetes<\/a><\/td><td class=\"has-text-align-left\" data-align=\"left\"><mark style=\"background-color:#28a745\" class=\"has-inline-color has-white-color\">Agro e Alimentos<\/mark><\/td><\/tr><tr><td class=\"has-text-align-left\" data-align=\"left\"><a href=\"https:\/\/www.instagram.com\/gilvancalcados\/\">Gilvan Cal\u00e7ados<\/a><\/td><td class=\"has-text-align-left\" data-align=\"left\"><mark style=\"background-color:#007bff\" class=\"has-inline-color has-white-color\">Inform\u00e1tica<\/mark><\/td><\/tr><tr><td class=\"has-text-align-left\" data-align=\"left\"><a href=\"https:\/\/gpburguerr.menudino.com\/\">GP Burguer<\/a><\/td><td class=\"has-text-align-left\" data-align=\"left\"><mark style=\"background-color:#28a745\" class=\"has-inline-color has-white-color\">Agro e Alimentos<\/mark><\/td><\/tr><tr><td class=\"has-text-align-left\" data-align=\"left\"><a href=\"https:\/\/www.instagram.com\/goyaz.hospitalar\/\">Goyaz Hospitalar<\/a><\/td><td class=\"has-text-align-left\" data-align=\"left\"><mark style=\"background-color:#007bff\" class=\"has-inline-color has-white-color\">Inform\u00e1tica<\/mark><\/td><\/tr><tr><td class=\"has-text-align-left\" data-align=\"left\">Hannier Com\u00e9rcio<\/td><td class=\"has-text-align-left\" data-align=\"left\"><mark style=\"background-color:#007bff\" class=\"has-inline-color has-white-color\">Inform\u00e1tica<\/mark><\/td><\/tr><tr><td class=\"has-text-align-left\" data-align=\"left\"><a href=\"https:\/\/www.instagram.com\/hmotecnologia\/\">HMO Tecnologia<\/a><\/td><td class=\"has-text-align-left\" data-align=\"left\"><mark style=\"background-color:#007bff\" class=\"has-inline-color has-white-color\">Inform\u00e1tica<\/mark><\/td><\/tr><tr><td class=\"has-text-align-left\" data-align=\"left\"><a href=\"https:\/\/www.instagram.com\/iceshakeinhumas\/\">Ice Shake Sorvetes<\/a><\/td><td class=\"has-text-align-left\" data-align=\"left\"><mark style=\"background-color:#28a745\" class=\"has-inline-color has-white-color\">Agro e Alimentos<\/mark><\/td><\/tr><tr><td class=\"has-text-align-left\" data-align=\"left\">IDEEN Tecnologia<\/td><td class=\"has-text-align-left\" data-align=\"left\"><mark style=\"background-color:#007bff\" class=\"has-inline-color has-white-color\">Inform\u00e1tica<\/mark><\/td><\/tr><tr><td class=\"has-text-align-left\" data-align=\"left\"><a href=\"https:\/\/www.instagram.com\/imperflora\/\">Imperflora<\/a><\/td><td class=\"has-text-align-left\" data-align=\"left\"><mark style=\"background-color:#007bff\" class=\"has-inline-color has-white-color\">Inform\u00e1tica<\/mark><\/td><\/tr><tr><td class=\"has-text-align-left\" data-align=\"left\"><a href=\"https:\/\/www.instagram.com\/gruposaocristovaogo\/\">Latic\u00ednio S\u00e3o Cristov\u00e3o<\/a><\/td><td class=\"has-text-align-left\" data-align=\"left\"><mark style=\"background-color:#28a745\" class=\"has-inline-color has-white-color\">Agro e Alimentos<\/mark><\/td><\/tr><tr><td class=\"has-text-align-left\" data-align=\"left\"><a href=\"https:\/\/laticiniosformosa.com.br\/\">Latic\u00ednios Formosa<\/a><\/td><td class=\"has-text-align-left\" data-align=\"left\"><mark style=\"background-color:#28a745\" class=\"has-inline-color has-white-color\">Agro e Alimentos<\/mark><\/td><\/tr><tr><td class=\"has-text-align-left\" data-align=\"left\"><a href=\"https:\/\/www.instagram.com\/lgbrasil\/\">LG<\/a><\/td><td class=\"has-text-align-left\" data-align=\"left\"><mark style=\"background-color:#007bff\" class=\"has-inline-color has-white-color\">Inform\u00e1tica<\/mark><\/td><\/tr><tr><td class=\"has-text-align-left\" data-align=\"left\"><a href=\"https:\/\/lifeapps.com.br\/\">LifeApps<\/a><\/td><td class=\"has-text-align-left\" data-align=\"left\"><mark style=\"background-color:#007bff\" class=\"has-inline-color has-white-color\">Inform\u00e1tica<\/mark><\/td><\/tr><tr><td class=\"has-text-align-left\" data-align=\"left\">Mab Confec\u00e7\u00f5es<\/td><td class=\"has-text-align-left\" data-align=\"left\"><mark style=\"background-color:#007bff\" class=\"has-inline-color has-white-color\">Inform\u00e1tica<\/mark><\/td><\/tr><tr><td class=\"has-text-align-left\" data-align=\"left\"><a href=\"https:\/\/maximatech.com.br\/\">MAXIMA TECH<\/a><\/td><td class=\"has-text-align-left\" data-align=\"left\"><mark style=\"background-color:#007bff\" class=\"has-inline-color has-white-color\">Inform\u00e1tica<\/mark><\/td><\/tr><tr><td class=\"has-text-align-left\" data-align=\"left\"><a href=\"https:\/\/maps.app.goo.gl\/Eu7qhSbzNxhfqDra6\">Microtech<\/a><\/td><td class=\"has-text-align-left\" data-align=\"left\"><mark style=\"background-color:#007bff\" class=\"has-inline-color has-white-color\">Inform\u00e1tica<\/mark><\/td><\/tr><tr><td class=\"has-text-align-left\" data-align=\"left\"><a href=\"https:\/\/www.milhao.net\/\">Milh\u00e3o Ingredients<\/a><\/td><td class=\"has-text-align-left\" data-align=\"left\"><mark style=\"background-color:#007bff\" class=\"has-inline-color has-white-color\">Inform\u00e1tica<\/mark> e <br><mark style=\"background-color:#28a745\" class=\"has-inline-color has-white-color\">Agro e Alimentos<\/mark><\/td><\/tr><tr><td class=\"has-text-align-left\" data-align=\"left\">Net M\u00eddia Inform\u00e1tica<\/td><td class=\"has-text-align-left\" data-align=\"left\"><mark style=\"background-color:#007bff\" class=\"has-inline-color has-white-color\">Inform\u00e1tica<\/mark><\/td><\/tr><tr><td class=\"has-text-align-left\" data-align=\"left\"><a href=\"https:\/\/www.nestle.com.br\/\">Nestle<\/a><\/td><td class=\"has-text-align-left\" data-align=\"left\"><mark style=\"background-color:#28a745\" class=\"has-inline-color has-white-color\">Agro e Alimentos<\/mark><\/td><\/tr><tr><td class=\"has-text-align-left\" data-align=\"left\"><a href=\"https:\/\/www.instagram.com\/nexttec_\/\">Next Tecnologia<\/a><\/td><td class=\"has-text-align-left\" data-align=\"left\"><mark style=\"background-color:#007bff\" class=\"has-inline-color has-white-color\">Inform\u00e1tica<\/mark><\/td><\/tr><tr><td class=\"has-text-align-left\" data-align=\"left\"><a href=\"https:\/\/maps.app.goo.gl\/tBTdoYBkLPqBTC3V6\">Panificadora Nyllos<\/a><\/td><td class=\"has-text-align-left\" data-align=\"left\"><mark style=\"background-color:#28a745\" class=\"has-inline-color has-white-color\">Agro e Alimentos<\/mark><\/td><\/tr><tr><td class=\"has-text-align-left\" data-align=\"left\">Petr\u00f3polis Industrial<\/td><td class=\"has-text-align-left\" data-align=\"left\"><mark style=\"background-color:#ff6900\" class=\"has-inline-color has-white-color\">Tec. Qu\u00edmica<\/mark><\/td><\/tr><tr><td class=\"has-text-align-left\" data-align=\"left\"><a href=\"https:\/\/www.instagram.com\/portalsupermercadoinhumas\/\">Portal Supermercado<\/a><\/td><td class=\"has-text-align-left\" data-align=\"left\"><mark style=\"background-color:#28a745\" class=\"has-inline-color has-white-color\">Agro e Alimentos<\/mark><\/td><\/tr><tr><td class=\"has-text-align-left\" data-align=\"left\"><a href=\"https:\/\/maps.app.goo.gl\/71ySQwGf7NxCM5TPA\">PRS Servi\u00e7os Limitada &#8211; Pastarosa<\/a><\/td><td class=\"has-text-align-left\" data-align=\"left\"><mark style=\"background-color:#ff6900\" class=\"has-inline-color has-white-color\">Tec. Qu\u00edmica<\/mark><\/td><\/tr><tr><td class=\"has-text-align-left\" data-align=\"left\"><a href=\"https:\/\/www.produzindocerto.com\">Produzindo Certo<\/a><\/td><td class=\"has-text-align-left\" data-align=\"left\"><mark style=\"background-color:#007bff\" class=\"has-inline-color has-white-color\">Inform\u00e1tica<\/mark><\/td><\/tr><tr><td class=\"has-text-align-left\" data-align=\"left\"><a href=\"https:\/\/proeza.com.br\/\">Proeza Produtos de Limpeza<\/a><\/td><td class=\"has-text-align-left\" data-align=\"left\"><mark style=\"background-color:#ff6900\" class=\"has-inline-color has-white-color\">Tec. Qu\u00edmica<\/mark><\/td><\/tr><tr><td class=\"has-text-align-left\" data-align=\"left\">RDSystem<\/td><td class=\"has-text-align-left\" data-align=\"left\"><mark style=\"background-color:#007bff\" class=\"has-inline-color has-white-color\">Inform\u00e1tica<\/mark><\/td><\/tr><tr><td class=\"has-text-align-left\" data-align=\"left\"><a href=\"http:\/\/www.reidomilho.com.br\/\">Rei do Milho<\/a><\/td><td class=\"has-text-align-left\" data-align=\"left\"><mark style=\"background-color:#28a745\" class=\"has-inline-color has-white-color\">Agro e Alimentos<\/mark><\/td><\/tr><tr><td class=\"has-text-align-left\" data-align=\"left\"><a href=\"https:\/\/www.safrabrasil.com\/\">Safra Brasil Alimentos<\/a><\/td><td class=\"has-text-align-left\" data-align=\"left\"><mark style=\"background-color:#28a745\" class=\"has-inline-color has-white-color\">Agro e Alimentos<\/mark><\/td><\/tr><tr><td class=\"has-text-align-left\" data-align=\"left\"><a href=\"https:\/\/softcom.com.br\/\">SOFT COM<\/a><\/td><td class=\"has-text-align-left\" data-align=\"left\"><mark style=\"background-color:#007bff\" class=\"has-inline-color has-white-color\">Inform\u00e1tica<\/mark><\/td><\/tr><tr><td class=\"has-text-align-left\" data-align=\"left\"><a href=\"https:\/\/www.suasvendas.com\/\">SUASVENDAS<\/a><\/td><td class=\"has-text-align-left\" data-align=\"left\"><mark style=\"background-color:#007bff\" class=\"has-inline-color has-white-color\">Inform\u00e1tica<\/mark><\/td><\/tr><tr><td class=\"has-text-align-left\" data-align=\"left\"><a href=\"https:\/\/sunfoodsbrasil.com.br\/\">Sun Foods<\/a><\/td><td class=\"has-text-align-left\" data-align=\"left\"><mark style=\"background-color:#28a745\" class=\"has-inline-color has-white-color\">Agro e Alimentos<\/mark><\/td><\/tr><tr><td class=\"has-text-align-left\" data-align=\"left\"><a href=\"https:\/\/www.instagram.com\/smart_supermercado_inhumas\/\">Super Big Supermercado<\/a><\/td><td class=\"has-text-align-left\" data-align=\"left\"><mark style=\"background-color:#28a745\" class=\"has-inline-color has-white-color\">Agro e Alimentos<\/mark><\/td><\/tr><tr><td class=\"has-text-align-left\" data-align=\"left\">Super Premium Biof\u00f3rmula<\/td><td class=\"has-text-align-left\" data-align=\"left\"><mark style=\"background-color:#ff6900\" class=\"has-inline-color has-white-color\">Tec. Qu\u00edmica<\/mark><\/td><\/tr><tr><td class=\"has-text-align-left\" data-align=\"left\"><a href=\"https:\/\/maps.app.goo.gl\/BPXJyfrwC4BnoKsx8\">Supermercado Bas\u00edlio<\/a><\/td><td class=\"has-text-align-left\" data-align=\"left\"><mark style=\"background-color:#28a745\" class=\"has-inline-color has-white-color\">Agro e Alimentos<\/mark><\/td><\/tr><tr><td class=\"has-text-align-left\" data-align=\"left\"><a href=\"https:\/\/www.instagram.com\/boavistasupermercadoinhumas\/\">Supermercado Boa Vista<\/a><\/td><td class=\"has-text-align-left\" data-align=\"left\"><mark style=\"background-color:#28a745\" class=\"has-inline-color has-white-color\">Agro e Alimentos<\/mark><\/td><\/tr><tr><td class=\"has-text-align-left\" data-align=\"left\"><a href=\"https:\/\/www.trevolacteos.com.br\/\">Trevo Alimentos<\/a><\/td><td class=\"has-text-align-left\" data-align=\"left\"><mark style=\"background-color:#28a745\" class=\"has-inline-color has-white-color\">Agro e Alimentos<\/mark><\/td><\/tr><tr><td class=\"has-text-align-left\" data-align=\"left\"><a href=\"https:\/\/www.facmais.edu.br\/\">UNI MAIS<\/a><\/td><td class=\"has-text-align-left\" data-align=\"left\"><mark style=\"background-color:#007bff\" class=\"has-inline-color has-white-color\">Inform\u00e1tica<\/mark> e <br><mark style=\"background-color:#9b51e0\" class=\"has-inline-color has-white-color\">Lic. Qu\u00edmica<\/mark><\/td><\/tr><tr><td class=\"has-text-align-left\" data-align=\"left\"><a href=\"https:\/\/www.instagram.com\/vidarecosmeticos\/\">Vidare Cosm\u00e9ticos<\/a><\/td><td class=\"has-text-align-left\" data-align=\"left\"><mark style=\"background-color:#ff6900\" class=\"has-inline-color has-white-color\">Tec. Qu\u00edmica<\/mark><\/td><\/tr><\/tbody><\/table><\/figure>\n","protected":false},"excerpt":{"rendered":"<p>Empresas vinculadas ao IFG na oferta de campos de est\u00e1gio. Voc\u00ea pode encontrar um local (campo) de est\u00e1gio em uma das seguintes empresas e seus respectivos eixos. Se voc\u00ea representa uma empresa que ainda n\u00e3o \u00e9 parceira do IFG &#8211; C\u00e2mpus Inhumas, entre em contato conosco para realizar o cadastro da empresa como concedente de [&hellip;]<\/p>\n","protected":false},"author":120,"featured_media":0,"parent":0,"menu_order":4,"comment_status":"closed","ping_status":"closed","template":"","meta":{"_links_to":"","_links_to_type":0,"footnotes":""},"class_list":["post-303","page","type-page","status-publish","hentry"],"_links":{"self":[{"href":"https:\/\/extensao.ifg.edu.br\/estagio-ifg-inhumas\/wp-json\/wp\/v2\/pages\/303"}],"collection":[{"href":"https:\/\/extensao.ifg.edu.br\/estagio-ifg-inhumas\/wp-json\/wp\/v2\/pages"}],"about":[{"href":"https:\/\/extensao.ifg.edu.br\/estagio-ifg-inhumas\/wp-json\/wp\/v2\/types\/page"}],"author":[{"embeddable":true,"href":"https:\/\/extensao.ifg.edu.br\/estagio-ifg-inhumas\/wp-json\/wp\/v2\/users\/120"}],"replies":[{"embeddable":true,"href":"https:\/\/extensao.ifg.edu.br\/estagio-ifg-inhumas\/wp-json\/wp\/v2\/comments?post=303"}],"version-history":[{"count":150,"href":"https:\/\/extensao.ifg.edu.br\/estagio-ifg-inhumas\/wp-json\/wp\/v2\/pages\/303\/revisions"}],"predecessor-version":[{"id":918,"href":"https:\/\/extensao.ifg.edu.br\/estagio-ifg-inhumas\/wp-json\/wp\/v2\/pages\/303\/revisions\/918"}],"wp:attachment":[{"href":"https:\/\/extensao.ifg.edu.br\/estagio-ifg-inhumas\/wp-json\/wp\/v2\/media?parent=303"}],"curies":[{"name":"wp","href":"https:\/\/api.w.org\/{rel}","templated":true}]}}