{"id":30,"date":"2023-06-20T15:33:26","date_gmt":"2023-06-20T18:33:26","guid":{"rendered":"http:\/\/extensao.ifg.edu.br\/energifuruacu\/?page_id=30"},"modified":"2023-06-20T15:35:26","modified_gmt":"2023-06-20T18:35:26","slug":"projeto-pedagogico","status":"publish","type":"page","link":"https:\/\/extensao.ifg.edu.br\/energifuruacu\/projeto-pedagogico\/","title":{"rendered":"Projeto Pedag\u00f3gico"},"content":{"rendered":"<p style=\"text-align: justify\">O <strong>Projeto Pol\u00edtico e Pedag\u00f3gico (PPC)<\/strong> do curso \u00e9\u00a0o documento da institui\u00e7\u00e3o de ensino que fundamenta e sistematiza a organiza\u00e7\u00e3o do conhecimento no curr\u00edculo, expressa os fundamentos conceituais, metodol\u00f3gicos e avaliativos de cada disciplina\/componente curricular ou \u00e1rea do conhecimento, elencados na Matriz Curricular, assim como os conte\u00fados de ensino considerados como imprescind\u00edveis \u00e0 forma\u00e7\u00e3o e emancipa\u00e7\u00e3o dos estudantes. Tais conte\u00fados s\u00e3o selecionados e dispostos de acordo com a Base Nacional Comum Curricular (BNCC), as Diretrizes Curriculares Orientadoras da Educa\u00e7\u00e3o B\u00e1sica para a Rede Estadual de Ensino, o Caderno de Expectativas de Aprendizagem e legisla\u00e7\u00f5es vigentes.<br \/>\nAssim, a base para a elabora\u00e7\u00e3o da PPC \u00e9 a Matriz Curricular, com sua parte de Base Nacional Comum e de Parte Diversificada e\/ou Flex\u00edvel. Quando na institui\u00e7\u00e3o h\u00e1 mais de uma Matriz Curricular, estas formam partes distintas da mesma PPC, por\u00e9m articuladas pelos par\u00e2metros gerais expressos no PPP.<\/p>\n<p>&nbsp;<\/p>\n<p><a href=\"http:\/\/extensao.ifg.edu.br\/energifuruacu\/wp-content\/uploads\/sites\/27\/2023\/06\/PPC-EnergIF.pdf\">Para acessar a PPC do curso EnergIF &#8211; clique aqui<\/a><\/p>\n","protected":false},"excerpt":{"rendered":"<p>O Projeto Pol\u00edtico e Pedag\u00f3gico (PPC) do curso \u00e9\u00a0o documento da institui\u00e7\u00e3o de ensino que fundamenta e sistematiza a organiza\u00e7\u00e3o do conhecimento no curr\u00edculo, expressa os fundamentos conceituais, metodol\u00f3gicos e avaliativos de cada disciplina\/componente curricular ou \u00e1rea do conhecimento, elencados na Matriz Curricular, assim como os conte\u00fados de ensino considerados como imprescind\u00edveis \u00e0 forma\u00e7\u00e3o e [&hellip;]<\/p>\n","protected":false},"author":106,"featured_media":0,"parent":0,"menu_order":0,"comment_status":"closed","ping_status":"closed","template":"","meta":{"_links_to":"","_links_to_type":0,"footnotes":""},"class_list":["post-30","page","type-page","status-publish","hentry"],"_links":{"self":[{"href":"https:\/\/extensao.ifg.edu.br\/energifuruacu\/wp-json\/wp\/v2\/pages\/30"}],"collection":[{"href":"https:\/\/extensao.ifg.edu.br\/energifuruacu\/wp-json\/wp\/v2\/pages"}],"about":[{"href":"https:\/\/extensao.ifg.edu.br\/energifuruacu\/wp-json\/wp\/v2\/types\/page"}],"author":[{"embeddable":true,"href":"https:\/\/extensao.ifg.edu.br\/energifuruacu\/wp-json\/wp\/v2\/users\/106"}],"replies":[{"embeddable":true,"href":"https:\/\/extensao.ifg.edu.br\/energifuruacu\/wp-json\/wp\/v2\/comments?post=30"}],"version-history":[{"count":3,"href":"https:\/\/extensao.ifg.edu.br\/energifuruacu\/wp-json\/wp\/v2\/pages\/30\/revisions"}],"predecessor-version":[{"id":34,"href":"https:\/\/extensao.ifg.edu.br\/energifuruacu\/wp-json\/wp\/v2\/pages\/30\/revisions\/34"}],"wp:attachment":[{"href":"https:\/\/extensao.ifg.edu.br\/energifuruacu\/wp-json\/wp\/v2\/media?parent=30"}],"curies":[{"name":"wp","href":"https:\/\/api.w.org\/{rel}","templated":true}]}}