{"id":350,"date":"2022-03-06T21:06:32","date_gmt":"2022-03-07T00:06:32","guid":{"rendered":"http:\/\/extensao.ifg.edu.br\/copascratch\/?page_id=350"},"modified":"2022-03-09T14:03:53","modified_gmt":"2022-03-09T17:03:53","slug":"oprojeto-copa-scratch","status":"publish","type":"page","link":"https:\/\/extensao.ifg.edu.br\/copascratch\/oprojeto-copa-scratch\/","title":{"rendered":"Projeto Copa Scratch"},"content":{"rendered":"<p><img loading=\"lazy\" decoding=\"async\" class=\" wp-image-20 aligncenter\" src=\"http:\/\/extensao.ifg.edu.br\/copascratch\/wp-content\/uploads\/sites\/20\/2022\/02\/logo-Scratch-512x.png\" alt=\"Logo Copa Scratch\" width=\"435\" height=\"434\" \/><\/p>\n<h1 style=\"text-align: center\"><strong>Apresenta\u00e7\u00e3o do projeto!<\/strong><\/h1>\n<h3 style=\"text-align: justify\">Ol\u00e1! Bem vindos ao nosso projeto Copa Scratch!<\/h3>\n<h3 style=\"text-align: justify\">Neste projeto vamos desenvolver jogos, anima\u00e7\u00f5es e muito mais utilizando o aplicativo gratuito da MIT, o\u00a0<a href=\"https:\/\/scratch.mit.edu\">Scratch<\/a>.<\/h3>\n<h3 style=\"text-align: justify\"><img loading=\"lazy\" decoding=\"async\" class=\"alignnone size-full wp-image-126\" src=\"http:\/\/extensao.ifg.edu.br\/copascratch\/wp-content\/uploads\/sites\/20\/2022\/02\/img-1.png\" alt=\"img 1\" width=\"1920\" height=\"929\" \/><\/h3>\n<h3 style=\"text-align: justify\"><\/h3>\n<h3 style=\"text-align: justify\">Nossas oficinas ir\u00e3o acontecer 4 vezes por semana no per\u00edodo vespertino no Ambiente Informatizado da sua escola. Ser\u00e3o, ao todo, 8 encontros presenciais onde voc\u00eas v\u00e3o aprender sobre as variadas funcionalidades do Scratch e como podem ser implementadas no mundo profissional.<\/h3>\n<h3 style=\"text-align: justify\">Assista o nosso v\u00eddeo de apresenta\u00e7\u00e3o do projeto:<\/h3>\n<p><a href=\"https:\/\/www.youtube.com\/watch?v=WY7QZrybOTk&amp;list=PLVI1jeuF-0G6uHvflerdLYOFjSSnjkCG2&amp;index=3\">\n\t\t\t<div id=\"image_gallery_393\" class=\"row all-images\">\n\t\t\t\t\t\t\t\t<div\n\t\t\t\t\t\tclass=\"single-image col-lg-12 col-md-3 col-sm-4 col-xs-6\">\n\t\t\t\t\t\t<figure>\n\t\t\t\t\t\t\t<div class=\"video-gal-icon\">\n\t\t\t\t\t\t\t\t<img class=\"img-thumbnail vid-393\"\n\t\t\t\t\t\t\t\t\tsrc=\"https:\/\/extensao.ifg.edu.br\/copascratch\/wp-content\/uploads\/sites\/20\/2022\/02\/Bem-vidos-ao-Scratch.png\" alt=\"Bem vindos ao Scratch!\"\n\t\t\t\t\t\t\t\t\tdata-video-id=\"y-https:\/\/www.youtube.com\/watch?v=sroQjVoq6N8&amp;list=PLVI1jeuF-0G6uHvflerdLYOFjSSnjkCG2&amp;index=2\">\n\t\t\t\t\t\t\t\t\t\t\t\t\t\t\t\t\t<i class=\"video_icon_393\">\n\t\t\t\t\t\t\t\t\t\t<img decoding=\"async\" src=\"https:\/\/extensao.ifg.edu.br\/copascratch\/wp-content\/plugins\/new-video-gallery\/assets\/img\/p-youtube.png\">\n\t\t\t\t\t\t\t\t\t<\/i>\n\t\t\t\t\t\t\t\t\t\t\t\t\t\t\t<\/div>\n\t\t\t\t\t\t\t<div>\n\t\t\t\t\t\t\t\t\t\t\t\t\t\t\t\t\t<div class=\"vg-title\">\n\t\t\t\t\t\t\t\t\t\tBem vindos ao Scratch!\t\t\t\t\t\t\t\t\t<\/div>\n\t\t\t\t\t\t\t\t\t\t\t\t\t\t\t\t\t\t\t\t\t\t\t<\/div>\n\t\t\t\t\t\t<\/figure>\n\t\t\t\t\t<\/div>\n\t\t\t\t\t\t\t<\/div>\n\t<style>\n\t\t.single-image .vg-title {\n\t\tfont-size: 25px;\n\t\tfont-weight: bold;\n\t\ttext-align: center;\n\t\tpadding: 5px;\n\t\tline-height: 1.3;\n\t\tword-wrap: break-word;\n\t\toverflow-wrap: break-word;\n\t}\n\n\t.single-image .vg-desc {\n\t\tfont-size: 15px;\n\t\tpadding: 5px;\n\t}\n\n\t.single-image {\n\t\tpadding-top: 20px;\n\t\toverflow: visible !important;\n\t}\n\n\t<\/style>\n<script>\n\tjQuery(document).ready(function () {\n\t\t\/\/ isotope effect function\n\t\t\/\/ Method 1 - Initialize Isotope, then trigger layout after each image loads.\n\t\tvar $grid = jQuery('.all-images').isotope({\n\t\t\t\/\/ options...\n\t\t\titemSelector: '.single-image',\n\t\t});\n\t\t\/\/ layout Isotope after each image loads\n\t\t$grid.imagesLoaded().progress(function () {\n\t\t\t$grid.isotope('layout');\n\t\t});\n\t\t\/\/ Re-layout after fonts load AND text reflow so container height is correct\n\t\tdocument.fonts.ready.then(function () {\n\t\t\trequestAnimationFrame(function () {\n\t\t\t\t$grid.isotope('layout');\n\t\t\t});\n\t\t});\n\t\t\/\/ Ultimate fallback: re-layout after everything is fully loaded\n\t\tjQuery(window).on('load', function () {\n\t\t\t$grid.isotope('layout');\n\t\t});\n\n\t\t\/\/video lighting js\n\t\tvideoLightning({\n\t\t\telements: [\n\t\t\t\t{\n\t\t\t\t\t\".vid-393\": {\n\t\t\t\t\t\twidth: '700',\n\t\t\t\t\t\theight: '480',\n\t\t\t\t\t\tautoplay: true,\n\t\t\t\t\t\tautoclose: true,\n\t\t\t\t\t\tzindex: '999999',\n\t\t\t\t\t\tautohide: 2,\n\t\t\t\t\t}\n\t\t\t\t}\n\t\t\t]\n\t\t});\n\n\t\t\/\/ Move video lightbox wrappers to <body> to escape\n\t\t\/\/ the post content stacking context (fixes sidebar\/header overlap)\n\t\tsetTimeout(function () {\n\t\t\tjQuery('.video-wrapper').each(function () {\n\t\t\t\tvar $wrapper = jQuery(this);\n\t\t\t\t\/\/ Save reference to the original target before moving\n\t\t\t\tvar target = $wrapper.closest('.video-target')[0];\n\t\t\t\t$wrapper.appendTo('body');\n\n\t\t\t\t\/\/ Proxy close button \/ backdrop clicks back to the original target\n\t\t\t\t\/\/ so VideoLightning's internal close handler still fires\n\t\t\t\t$wrapper.on('mouseup', function (e) {\n\t\t\t\t\tvar $clicked = jQuery(e.target);\n\t\t\t\t\tif ($clicked.hasClass('video-close') || $clicked.hasClass('video-wrapper')) {\n\t\t\t\t\t\tif (target) {\n\t\t\t\t\t\t\ttarget.dispatchEvent(new MouseEvent('mouseup', {\n\t\t\t\t\t\t\t\tbubbles: true, button: 0, which: 1\n\t\t\t\t\t\t\t}));\n\t\t\t\t\t\t}\n\t\t\t\t\t}\n\t\t\t\t});\n\t\t\t});\n\t\t}, 100);\n\t});\n<\/script><\/a><\/p>\n<h3 style=\"text-align: justify\">Ah! J\u00e1 estava me esquecendo! O projeto Copa Scratch tamb\u00e9m \u00e9 uma competi\u00e7\u00e3o com premia\u00e7\u00e3o, ent\u00e3o se esforcem e usem a criatividade para ganhar um maravilhoso pr\u00eamio SURPRESA!<\/h3>\n<h3 style=\"text-align: justify\">At\u00e9 mais!<\/h3>\n","protected":false},"excerpt":{"rendered":"<p>Apresenta\u00e7\u00e3o do projeto! Ol\u00e1! Bem vindos ao nosso projeto Copa Scratch! Neste projeto vamos desenvolver jogos, anima\u00e7\u00f5es e muito mais utilizando o aplicativo gratuito da MIT, o\u00a0Scratch. Nossas oficinas ir\u00e3o acontecer 4 vezes por semana no per\u00edodo vespertino no Ambiente Informatizado da sua escola. Ser\u00e3o, ao todo, 8 encontros presenciais onde voc\u00eas v\u00e3o aprender sobre [&hellip;]<\/p>\n","protected":false},"author":79,"featured_media":0,"parent":0,"menu_order":0,"comment_status":"closed","ping_status":"closed","template":"","meta":{"_links_to":"","_links_to_type":0,"footnotes":""},"class_list":["post-350","page","type-page","status-publish","hentry"],"_links":{"self":[{"href":"https:\/\/extensao.ifg.edu.br\/copascratch\/wp-json\/wp\/v2\/pages\/350"}],"collection":[{"href":"https:\/\/extensao.ifg.edu.br\/copascratch\/wp-json\/wp\/v2\/pages"}],"about":[{"href":"https:\/\/extensao.ifg.edu.br\/copascratch\/wp-json\/wp\/v2\/types\/page"}],"author":[{"embeddable":true,"href":"https:\/\/extensao.ifg.edu.br\/copascratch\/wp-json\/wp\/v2\/users\/79"}],"replies":[{"embeddable":true,"href":"https:\/\/extensao.ifg.edu.br\/copascratch\/wp-json\/wp\/v2\/comments?post=350"}],"version-history":[{"count":4,"href":"https:\/\/extensao.ifg.edu.br\/copascratch\/wp-json\/wp\/v2\/pages\/350\/revisions"}],"predecessor-version":[{"id":398,"href":"https:\/\/extensao.ifg.edu.br\/copascratch\/wp-json\/wp\/v2\/pages\/350\/revisions\/398"}],"wp:attachment":[{"href":"https:\/\/extensao.ifg.edu.br\/copascratch\/wp-json\/wp\/v2\/media?parent=350"}],"curies":[{"name":"wp","href":"https:\/\/api.w.org\/{rel}","templated":true}]}}