{"id":344,"date":"2022-03-06T21:03:19","date_gmt":"2022-03-07T00:03:19","guid":{"rendered":"http:\/\/extensao.ifg.edu.br\/copascratch\/?page_id=344"},"modified":"2022-03-09T14:02:18","modified_gmt":"2022-03-09T17:02:18","slug":"loguin-no-scratch","status":"publish","type":"page","link":"https:\/\/extensao.ifg.edu.br\/copascratch\/loguin-no-scratch\/","title":{"rendered":"Loguin no Scratch"},"content":{"rendered":"<h1 style=\"text-align: center\"><strong>Login no Scratch<\/strong><\/h1>\n<h3 style=\"text-align: justify\">Para que voc\u00ea possa ter acesso \u00e0 v\u00e1rios projetos feitos por outras pessoas pelo mundo todo, ou criar seus projetos no\u00a0Scratch usando a sua internet, \u00e9 necess\u00e1rio criar uma conta \u00fanica de acesso a essa plataforma.<\/h3>\n<p><img loading=\"lazy\" decoding=\"async\" class=\"wp-image-205 aligncenter\" src=\"http:\/\/extensao.ifg.edu.br\/copascratch\/wp-content\/uploads\/sites\/20\/2022\/02\/img-1-login.png\" alt=\"img 1 - login\" width=\"641\" height=\"312\" \/><\/p>\n<h3 style=\"text-align: justify\">Dentro do site, \u00e9 poss\u00edvel criar uma conta, ou acessar o site usando uma conta j\u00e1 existente. Entrando com sua conta no site, voc\u00ea ter\u00e1 acesso a projetos diferentes, sejam grandes projetos de anima\u00e7\u00f5es bem divertidas, ou at\u00e9 de recria\u00e7\u00e3o de jogos j\u00e1 existentes, e outros que usam at\u00e9 conex\u00e3o em nuvem, isso mesmo, jogos online!<\/h3>\n<p><img loading=\"lazy\" decoding=\"async\" class=\"wp-image-206 aligncenter\" src=\"http:\/\/extensao.ifg.edu.br\/copascratch\/wp-content\/uploads\/sites\/20\/2022\/02\/img-2-login.png\" alt=\"img 2 - login\" width=\"634\" height=\"594\" \/><\/p>\n<h3>Aqui est\u00e1 um exemplo de releitura de jogo no Scratch:<\/h3>\n<p><a href=\"https:\/\/scratch.mit.edu\/projects\/389464290\/\"><img loading=\"lazy\" decoding=\"async\" class=\"size-full wp-image-257 aligncenter\" src=\"http:\/\/extensao.ifg.edu.br\/copascratch\/wp-content\/uploads\/sites\/20\/2022\/02\/geting.png\" alt=\"geting\" width=\"1076\" height=\"794\" \/><\/a><\/p>\n<h3 style=\"text-align: justify\">Separamos um v\u00eddeo logo abaixo para voc\u00eas, feito pelo nosso monitor Danilo, explicando detalhadamente o acesso no site do Scratch!<\/h3>\n<p><a href=\"https:\/\/www.youtube.com\/watch?v=WY7QZrybOTk&amp;list=PLVI1jeuF-0G6uHvflerdLYOFjSSnjkCG2&amp;index=3\">\n\t\t\t<div id=\"image_gallery_382\" class=\"row all-images\">\n\t\t\t\t\t\t\t\t<div\n\t\t\t\t\t\tclass=\"single-image col-lg-12 col-md-3 col-sm-4 col-xs-6\">\n\t\t\t\t\t\t<figure>\n\t\t\t\t\t\t\t<div class=\"video-gal-icon\">\n\t\t\t\t\t\t\t\t<img class=\"img-thumbnail vid-382\"\n\t\t\t\t\t\t\t\t\tsrc=\"https:\/\/extensao.ifg.edu.br\/copascratch\/wp-content\/uploads\/sites\/20\/2022\/02\/Anima\u00e7\u00f5es-2.png\" alt=\"Ambienta\u00e7\u00e3o\"\n\t\t\t\t\t\t\t\t\tdata-video-id=\"y-https:\/\/www.youtube.com\/watch?v=WY7QZrybOTk&amp;list=PLVI1jeuF-0G6uHvflerdLYOFjSSnjkCG2&amp;index=3\">\n\t\t\t\t\t\t\t\t\t\t\t\t\t\t\t\t\t<i class=\"video_icon_382\">\n\t\t\t\t\t\t\t\t\t\t<img decoding=\"async\" src=\"https:\/\/extensao.ifg.edu.br\/copascratch\/wp-content\/plugins\/new-video-gallery\/assets\/img\/p-youtube.png\">\n\t\t\t\t\t\t\t\t\t<\/i>\n\t\t\t\t\t\t\t\t\t\t\t\t\t\t\t<\/div>\n\t\t\t\t\t\t\t<div>\n\t\t\t\t\t\t\t\t\t\t\t\t\t\t\t\t\t<div class=\"vg-title\">\n\t\t\t\t\t\t\t\t\t\tAmbienta\u00e7\u00e3o\t\t\t\t\t\t\t\t\t<\/div>\n\t\t\t\t\t\t\t\t\t\t\t\t\t\t\t\t\t\t\t\t\t\t\t<\/div>\n\t\t\t\t\t\t<\/figure>\n\t\t\t\t\t<\/div>\n\t\t\t\t\t\t\t<\/div>\n\t<style>\n\t\t.single-image .vg-title {\n\t\tfont-size: 25px;\n\t\tfont-weight: bold;\n\t\ttext-align: center;\n\t\tpadding: 5px;\n\t\tline-height: 1.3;\n\t\tword-wrap: break-word;\n\t\toverflow-wrap: break-word;\n\t}\n\n\t.single-image .vg-desc {\n\t\tfont-size: 15px;\n\t\tpadding: 5px;\n\t}\n\n\t.single-image {\n\t\tpadding-top: 20px;\n\t\toverflow: visible !important;\n\t}\n\n\t<\/style>\n<script>\n\tjQuery(document).ready(function () {\n\t\t\/\/ isotope effect function\n\t\t\/\/ Method 1 - Initialize Isotope, then trigger layout after each image loads.\n\t\tvar $grid = jQuery('.all-images').isotope({\n\t\t\t\/\/ options...\n\t\t\titemSelector: '.single-image',\n\t\t});\n\t\t\/\/ layout Isotope after each image loads\n\t\t$grid.imagesLoaded().progress(function () {\n\t\t\t$grid.isotope('layout');\n\t\t});\n\t\t\/\/ Re-layout after fonts load AND text reflow so container height is correct\n\t\tdocument.fonts.ready.then(function () {\n\t\t\trequestAnimationFrame(function () {\n\t\t\t\t$grid.isotope('layout');\n\t\t\t});\n\t\t});\n\t\t\/\/ Ultimate fallback: re-layout after everything is fully loaded\n\t\tjQuery(window).on('load', function () {\n\t\t\t$grid.isotope('layout');\n\t\t});\n\n\t\t\/\/video lighting js\n\t\tvideoLightning({\n\t\t\telements: [\n\t\t\t\t{\n\t\t\t\t\t\".vid-382\": {\n\t\t\t\t\t\twidth: '700',\n\t\t\t\t\t\theight: '480',\n\t\t\t\t\t\tautoplay: true,\n\t\t\t\t\t\tautoclose: true,\n\t\t\t\t\t\tzindex: '999999',\n\t\t\t\t\t\tautohide: 2,\n\t\t\t\t\t}\n\t\t\t\t}\n\t\t\t]\n\t\t});\n\n\t\t\/\/ Move video lightbox wrappers to <body> to escape\n\t\t\/\/ the post content stacking context (fixes sidebar\/header overlap)\n\t\tsetTimeout(function () {\n\t\t\tjQuery('.video-wrapper').each(function () {\n\t\t\t\tvar $wrapper = jQuery(this);\n\t\t\t\t\/\/ Save reference to the original target before moving\n\t\t\t\tvar target = $wrapper.closest('.video-target')[0];\n\t\t\t\t$wrapper.appendTo('body');\n\n\t\t\t\t\/\/ Proxy close button \/ backdrop clicks back to the original target\n\t\t\t\t\/\/ so VideoLightning's internal close handler still fires\n\t\t\t\t$wrapper.on('mouseup', function (e) {\n\t\t\t\t\tvar $clicked = jQuery(e.target);\n\t\t\t\t\tif ($clicked.hasClass('video-close') || $clicked.hasClass('video-wrapper')) {\n\t\t\t\t\t\tif (target) {\n\t\t\t\t\t\t\ttarget.dispatchEvent(new MouseEvent('mouseup', {\n\t\t\t\t\t\t\t\tbubbles: true, button: 0, which: 1\n\t\t\t\t\t\t\t}));\n\t\t\t\t\t\t}\n\t\t\t\t\t}\n\t\t\t\t});\n\t\t\t});\n\t\t}, 100);\n\t});\n<\/script><\/a><\/p>\n","protected":false},"excerpt":{"rendered":"<p>Login no Scratch Para que voc\u00ea possa ter acesso \u00e0 v\u00e1rios projetos feitos por outras pessoas pelo mundo todo, ou criar seus projetos no\u00a0Scratch usando a sua internet, \u00e9 necess\u00e1rio criar uma conta \u00fanica de acesso a essa plataforma. Dentro do site, \u00e9 poss\u00edvel criar uma conta, ou acessar o site usando uma conta j\u00e1 [&hellip;]<\/p>\n","protected":false},"author":79,"featured_media":0,"parent":0,"menu_order":0,"comment_status":"closed","ping_status":"closed","template":"","meta":{"_links_to":"","_links_to_type":0,"footnotes":""},"class_list":["post-344","page","type-page","status-publish","hentry"],"_links":{"self":[{"href":"https:\/\/extensao.ifg.edu.br\/copascratch\/wp-json\/wp\/v2\/pages\/344"}],"collection":[{"href":"https:\/\/extensao.ifg.edu.br\/copascratch\/wp-json\/wp\/v2\/pages"}],"about":[{"href":"https:\/\/extensao.ifg.edu.br\/copascratch\/wp-json\/wp\/v2\/types\/page"}],"author":[{"embeddable":true,"href":"https:\/\/extensao.ifg.edu.br\/copascratch\/wp-json\/wp\/v2\/users\/79"}],"replies":[{"embeddable":true,"href":"https:\/\/extensao.ifg.edu.br\/copascratch\/wp-json\/wp\/v2\/comments?post=344"}],"version-history":[{"count":6,"href":"https:\/\/extensao.ifg.edu.br\/copascratch\/wp-json\/wp\/v2\/pages\/344\/revisions"}],"predecessor-version":[{"id":396,"href":"https:\/\/extensao.ifg.edu.br\/copascratch\/wp-json\/wp\/v2\/pages\/344\/revisions\/396"}],"wp:attachment":[{"href":"https:\/\/extensao.ifg.edu.br\/copascratch\/wp-json\/wp\/v2\/media?parent=344"}],"curies":[{"name":"wp","href":"https:\/\/api.w.org\/{rel}","templated":true}]}}