{"id":341,"date":"2022-03-06T21:01:03","date_gmt":"2022-03-07T00:01:03","guid":{"rendered":"http:\/\/extensao.ifg.edu.br\/copascratch\/?page_id=341"},"modified":"2022-03-09T14:42:55","modified_gmt":"2022-03-09T17:42:55","slug":"pontuacao-das-equipes","status":"publish","type":"page","link":"https:\/\/extensao.ifg.edu.br\/copascratch\/pontuacao-das-equipes\/","title":{"rendered":"Pontua\u00e7\u00e3o das Equipes"},"content":{"rendered":"<h2 style=\"text-align: justify\">Oiii pessoal, tudo bem?<\/h2>\n<h2 style=\"text-align: justify\">Definimos que os Quizzes realizados em sala de aula\u00a0<img loading=\"lazy\" decoding=\"async\" class=\"wp-image-280 alignright\" src=\"http:\/\/extensao.ifg.edu.br\/copascratch\/wp-content\/uploads\/sites\/20\/2022\/02\/Design-sem-nome-depositphotos-bgremover.png\" alt=\"Design sem nome-depositphotos-bgremover\" width=\"350\" height=\"197\" \/>seriam\u00a0contabilizados na avalia\u00e7\u00e3o do projeto, certo? Ent\u00e3o, nesta p\u00e1gina vamos atualizar a pontua\u00e7\u00e3o da equipe ok?<\/h2>\n<h2 style=\"text-align: justify\">Venham comigo conhecer nossas equipes&#8230;<\/h2>\n<p><img loading=\"lazy\" decoding=\"async\" class=\"alignnone  wp-image-401\" src=\"http:\/\/extensao.ifg.edu.br\/copascratch\/wp-content\/uploads\/sites\/20\/2022\/03\/Alice-Coutinho-Nomes-das-Equipes.png\" alt=\"Alice Coutinho - Nomes das Equipes\" width=\"695\" height=\"552\" \/><\/p>\n<table class=\"aligncenter\" style=\"width: 760px;border-color: #2626ed;background-color: #89d9d2;height: 537px\" border=\"3000\" cellspacing=\"1\" cellpadding=\"50\">\n<tbody>\n<tr style=\"height: 17px\">\n<td style=\"width: 709.792px;text-align: center;height: 17px\" colspan=\"2\">\n<h3><span style=\"color: #000000\">Equipes &#8211; Escola Municipal Dalisia Dolles<\/span><\/h3>\n<\/td>\n<\/tr>\n<tr style=\"height: 17px\">\n<td style=\"width: 286.615px;height: 17px;text-align: left\">\n<h5 style=\"text-align: center\">Revoada<\/h5>\n<\/td>\n<td style=\"width: 375.191px;height: 17px\">\n<h5><span style=\"color: #000000\">Maria Eduarda Prado, Luane Souza<\/span><\/h5>\n<\/td>\n<\/tr>\n<tr style=\"height: 48.0966px\">\n<td style=\"width: 286.615px;height: 48.0966px;text-align: left\">\n<h5 style=\"text-align: center\">Abacate Curioso<\/h5>\n<\/td>\n<td style=\"width: 375.191px;text-align: justify;height: 48.0966px\">\n<h5><span style=\"color: #000000\">Beatriz Pires, Anna Lara<\/span><\/h5>\n<\/td>\n<\/tr>\n<tr style=\"height: 48px\">\n<td style=\"width: 286.615px;height: 48px;text-align: left\">\n<h5 style=\"text-align: center\"><span style=\"color: #000000\">Pequi<\/span><\/h5>\n<\/td>\n<td style=\"width: 375.191px;text-align: justify;height: 48px\">\n<h5><span style=\"color: #000000\">Izadora Gomes, Jo\u00e3o Teixeira<\/span><\/h5>\n<\/td>\n<\/tr>\n<tr style=\"height: 48px\">\n<td style=\"width: 286.615px;height: 48px;text-align: left\">\n<h5 style=\"text-align: center\"><span style=\"color: #000000\">Stay<\/span><\/h5>\n<\/td>\n<td style=\"width: 375.191px;text-align: justify;height: 48px\">\n<h5><span style=\"color: #000000\">Irislene Gomes, Eduarda Calandrini, Bruna Micaelly<\/span><\/h5>\n<\/td>\n<\/tr>\n<tr style=\"height: 72px\">\n<td style=\"width: 286.615px;height: 72px;text-align: left\">\n<h5 style=\"text-align: center\"><span style=\"color: #000000\">Chocolate sem h<\/span><\/h5>\n<\/td>\n<td style=\"width: 375.191px;text-align: justify;height: 72px\">\n<h5><span style=\"color: #000000\">Maria Fernanda, Ana Laura<\/span><\/h5>\n<\/td>\n<\/tr>\n<tr style=\"height: 48px\">\n<td style=\"width: 286.615px;height: 48px;text-align: left\">\n<h5 style=\"text-align: center\"><span style=\"color: #000000\">Jack&amp;Lu<\/span><\/h5>\n<\/td>\n<td style=\"width: 375.191px;text-align: justify;height: 48px\">\n<h5><span style=\"color: #000000\">Jaquelane Lima, Luiza Sophia<\/span><\/h5>\n<\/td>\n<\/tr>\n<\/tbody>\n<\/table>\n<h2 style=\"text-align: justify\"><\/h2>\n","protected":false},"excerpt":{"rendered":"<p>Oiii pessoal, tudo bem? Definimos que os Quizzes realizados em sala de aula\u00a0seriam\u00a0contabilizados na avalia\u00e7\u00e3o do projeto, certo? Ent\u00e3o, nesta p\u00e1gina vamos atualizar a pontua\u00e7\u00e3o da equipe ok? Venham comigo conhecer nossas equipes&#8230; Equipes &#8211; Escola Municipal Dalisia Dolles Revoada Maria Eduarda Prado, Luane Souza Abacate Curioso Beatriz Pires, Anna Lara Pequi Izadora Gomes, Jo\u00e3o [&hellip;]<\/p>\n","protected":false},"author":79,"featured_media":0,"parent":0,"menu_order":0,"comment_status":"closed","ping_status":"closed","template":"","meta":{"_links_to":"","_links_to_type":0,"footnotes":""},"class_list":["post-341","page","type-page","status-publish","hentry"],"_links":{"self":[{"href":"https:\/\/extensao.ifg.edu.br\/copascratch\/wp-json\/wp\/v2\/pages\/341"}],"collection":[{"href":"https:\/\/extensao.ifg.edu.br\/copascratch\/wp-json\/wp\/v2\/pages"}],"about":[{"href":"https:\/\/extensao.ifg.edu.br\/copascratch\/wp-json\/wp\/v2\/types\/page"}],"author":[{"embeddable":true,"href":"https:\/\/extensao.ifg.edu.br\/copascratch\/wp-json\/wp\/v2\/users\/79"}],"replies":[{"embeddable":true,"href":"https:\/\/extensao.ifg.edu.br\/copascratch\/wp-json\/wp\/v2\/comments?post=341"}],"version-history":[{"count":9,"href":"https:\/\/extensao.ifg.edu.br\/copascratch\/wp-json\/wp\/v2\/pages\/341\/revisions"}],"predecessor-version":[{"id":402,"href":"https:\/\/extensao.ifg.edu.br\/copascratch\/wp-json\/wp\/v2\/pages\/341\/revisions\/402"}],"wp:attachment":[{"href":"https:\/\/extensao.ifg.edu.br\/copascratch\/wp-json\/wp\/v2\/media?parent=341"}],"curies":[{"name":"wp","href":"https:\/\/api.w.org\/{rel}","templated":true}]}}